{"id":10012,"date":"2022-07-14T16:17:16","date_gmt":"2022-07-14T15:17:16","guid":{"rendered":"https:\/\/www.quetzalma.org\/?page_id=10012"},"modified":"2022-07-14T16:20:24","modified_gmt":"2022-07-14T15:20:24","slug":"6eme-grande-nuit-du-terroir-et-de-lartisanat-hocheflden-1er-juillet-2022","status":"publish","type":"page","link":"https:\/\/www.quetzalma.org\/?page_id=10012","title":{"rendered":"6\u00e8me Grande Nuit du Terroir et de l\u2019Artisanat \u2013 Hochfelden Vendredi 1er Juillet 2022"},"content":{"rendered":"<div class=\"pdfprnt-buttons pdfprnt-buttons-page pdfprnt-top-right\"><a href=\"https:\/\/www.quetzalma.org\/index.php?rest_route=%2Fwp%2Fv2%2Fpages%2F10012&print=pdf\" class=\"pdfprnt-button pdfprnt-button-pdf\" target=\"_blank\" ><img decoding=\"async\" src=\"https:\/\/www.quetzalma.org\/wp-content\/plugins\/pdf-print\/images\/pdf.png\" alt=\"image_pdf\" title=\"Afficher le PDF\" \/><\/a><a href=\"https:\/\/www.quetzalma.org\/index.php?rest_route=%2Fwp%2Fv2%2Fpages%2F10012&print=print\" class=\"pdfprnt-button pdfprnt-button-print\" target=\"_blank\" ><img decoding=\"async\" src=\"https:\/\/www.quetzalma.org\/wp-content\/plugins\/pdf-print\/images\/print.png\" alt=\"image_print\" title=\"Contenu imprim\u00e9\" \/><\/a><\/div><div class=\"pdfprnt-buttons pdfprnt-buttons-post pdfprnt-top-right\"><\/div>\n<div class=\"entry-content\">\n<div class=\"partager_2\">\n<div class=\"regie_17\">\n<div class=\"kvgmc6g5 cxmmr5t8 oygrvhab hcukyx3x c1et5uql ii04i59q\"><a href=\"https:\/\/www.quetzalma.org\/?attachment_id=9802\" rel=\"attachment wp-att-9802\"><img loading=\"lazy\" decoding=\"async\" class=\"alignleft size-medium wp-image-9802\" src=\"https:\/\/www.quetzalma.org\/wp-content\/uploads\/2022\/06\/OK-Affiche-WINCKEL-207x300.jpg\" sizes=\"auto, (max-width: 207px) 100vw, 207px\" srcset=\"https:\/\/www.quetzalma.org\/wp-content\/uploads\/2022\/06\/OK-Affiche-WINCKEL-207x300.jpg 207w, https:\/\/www.quetzalma.org\/wp-content\/uploads\/2022\/06\/OK-Affiche-WINCKEL-705x1024.jpg 705w, https:\/\/www.quetzalma.org\/wp-content\/uploads\/2022\/06\/OK-Affiche-WINCKEL-768x1115.jpg 768w, https:\/\/www.quetzalma.org\/wp-content\/uploads\/2022\/06\/OK-Affiche-WINCKEL-1058x1536.jpg 1058w, https:\/\/www.quetzalma.org\/wp-content\/uploads\/2022\/06\/OK-Affiche-WINCKEL-1411x2048.jpg 1411w, https:\/\/www.quetzalma.org\/wp-content\/uploads\/2022\/06\/OK-Affiche-WINCKEL-103x150.jpg 103w, https:\/\/www.quetzalma.org\/wp-content\/uploads\/2022\/06\/OK-Affiche-WINCKEL-scaled.jpg 1763w\" alt=\"\" width=\"207\" height=\"300\" \/><\/a><\/div>\n<div class=\"cxmmr5t8 oygrvhab hcukyx3x c1et5uql o9v6fnle ii04i59q\">\n<div dir=\"auto\"><\/div>\n<\/div>\n<div class=\"cxmmr5t8 oygrvhab hcukyx3x c1et5uql o9v6fnle ii04i59q\">\n<div dir=\"auto\">\n<p><strong>Le retour de la grande nuit du terroir et de l\u2019artisanat<\/strong><\/p>\n<p>Comme de nombreuses autres animations r\u00e9unissant du public, la grande nuit du terroir avait \u00e9t\u00e9 annul\u00e9e pendant la pand\u00e9mie.<\/p>\n<p>Le pr\u00e9sident de l\u2019association fruiti\u00e8re de Hochfelden et environs, Jean-Marc Winckel, se r\u00e9jouit d\u2019autant plus de son retour ce 1<sup>er<\/sup>\u00a0juillet 2022.<\/p>\n<p>Les arboriculteurs de Hochfelden et le comit\u00e9 des f\u00eates de la commune r\u00e9unissent une cinquantaine d\u2019exposants qui proposeront leurs produits du terroir et de l\u2019artisanat durant toute la soir\u00e9e..<\/p>\n<p>Animations de rue avec musique.<\/p>\n<p>Restauration sur place avec grillades et tartes flamb\u00e9es d\u00e8s 17h .<\/p>\n<p><strong>Horaire\u00a0:\u00a0<\/strong>17h00 \u00e0 23:59<\/p>\n<p><strong>Lieu<\/strong>\u00a0: Avenue du G\u00e9n\u00e9ral de Gaulle 67270 Hochfelden<\/p>\n<p><strong>Stationnement pour v\u00e9hicules<\/strong>\u00a0: \u00e0 moins de 200 m d\u2019un parking public gratuit, Parking priv\u00e9 pour voitures<\/p>\n<p><strong>Tarifs<\/strong>\u00a0: Gratuit<\/p>\n<\/div>\n<\/div>\n<\/div>\n<ul>\n<li><em>Venez \u00e0 la rencontre des exposants, artisans et autres pour profiter d\u2019une jolie soir\u00e9e sous le th\u00e8me du savoir-faire avec animation musicale et restauration sur place.<\/em><\/li>\n<\/ul>\n<div class=\"regie_17\">\n<div class=\"cxmmr5t8 oygrvhab hcukyx3x c1et5uql o9v6fnle ii04i59q\">\n<div dir=\"auto\">\n<p>&nbsp;<\/p>\n<\/div>\n<\/div>\n<\/div>\n<\/div>\n<\/div>\n","protected":false},"excerpt":{"rendered":"<p>Le retour de la grande nuit du terroir et de l\u2019artisanat Comme de nombreuses autres animations r\u00e9unissant du public, la grande nuit du terroir avait\u2026<\/p>\n<p class=\"continue-reading-button\"> <a class=\"continue-reading-link\" href=\"https:\/\/www.quetzalma.org\/?page_id=10012\">Lire la suite<i class=\"crycon-right-dir\"><\/i><\/a><\/p>\n","protected":false},"author":1,"featured_media":0,"parent":8401,"menu_order":2,"comment_status":"closed","ping_status":"closed","template":"","meta":{"footnotes":""},"class_list":["post-10012","page","type-page","status-publish","hentry"],"_links":{"self":[{"href":"https:\/\/www.quetzalma.org\/index.php?rest_route=\/wp\/v2\/pages\/10012","targetHints":{"allow":["GET"]}}],"collection":[{"href":"https:\/\/www.quetzalma.org\/index.php?rest_route=\/wp\/v2\/pages"}],"about":[{"href":"https:\/\/www.quetzalma.org\/index.php?rest_route=\/wp\/v2\/types\/page"}],"author":[{"embeddable":true,"href":"https:\/\/www.quetzalma.org\/index.php?rest_route=\/wp\/v2\/users\/1"}],"replies":[{"embeddable":true,"href":"https:\/\/www.quetzalma.org\/index.php?rest_route=%2Fwp%2Fv2%2Fcomments&post=10012"}],"version-history":[{"count":4,"href":"https:\/\/www.quetzalma.org\/index.php?rest_route=\/wp\/v2\/pages\/10012\/revisions"}],"predecessor-version":[{"id":10016,"href":"https:\/\/www.quetzalma.org\/index.php?rest_route=\/wp\/v2\/pages\/10012\/revisions\/10016"}],"up":[{"embeddable":true,"href":"https:\/\/www.quetzalma.org\/index.php?rest_route=\/wp\/v2\/pages\/8401"}],"wp:attachment":[{"href":"https:\/\/www.quetzalma.org\/index.php?rest_route=%2Fwp%2Fv2%2Fmedia&parent=10012"}],"curies":[{"name":"wp","href":"https:\/\/api.w.org\/{rel}","templated":true}]}}