{"id":10189,"date":"2022-07-27T18:57:43","date_gmt":"2022-07-27T17:57:43","guid":{"rendered":"https:\/\/www.quetzalma.org\/?p=10189"},"modified":"2022-09-06T10:39:07","modified_gmt":"2022-09-06T09:39:07","slug":"fete-du-roi-dagobert-kirchheim-dimanche-24-juillet-2022","status":"publish","type":"page","link":"https:\/\/www.quetzalma.org\/?page_id=10189","title":{"rendered":"F\u00eate du Roi Dagobert Kirchheim dimanche 24 juillet 2022"},"content":{"rendered":"<div class=\"pdfprnt-buttons pdfprnt-buttons-page pdfprnt-top-right\"><a href=\"https:\/\/www.quetzalma.org\/index.php?rest_route=%2Fwp%2Fv2%2Fpages%2F10189&print=pdf\" class=\"pdfprnt-button pdfprnt-button-pdf\" target=\"_blank\" ><img decoding=\"async\" src=\"https:\/\/www.quetzalma.org\/wp-content\/plugins\/pdf-print\/images\/pdf.png\" alt=\"image_pdf\" title=\"Afficher le PDF\" \/><\/a><a href=\"https:\/\/www.quetzalma.org\/index.php?rest_route=%2Fwp%2Fv2%2Fpages%2F10189&print=print\" class=\"pdfprnt-button pdfprnt-button-print\" target=\"_blank\" ><img decoding=\"async\" src=\"https:\/\/www.quetzalma.org\/wp-content\/plugins\/pdf-print\/images\/print.png\" alt=\"image_print\" title=\"Contenu imprim\u00e9\" \/><\/a><\/div><div dir=\"auto\">Ce fut une journ\u00e9e plus qu\u2019ensoleill\u00e9e, remplie de festivit\u00e9s.<\/div>\n<div dir=\"auto\"><\/div>\n<div dir=\"auto\"><\/div>\n<div dir=\"auto\"><a href=\"https:\/\/www.quetzalma.org\/?attachment_id=10190\" rel=\"attachment wp-att-10190\">\u00a0<\/a><a href=\"https:\/\/www.quetzalma.org\/?attachment_id=10190\" rel=\"attachment wp-att-10190\"><img loading=\"lazy\" decoding=\"async\" class=\"alignnone wp-image-10190\" src=\"https:\/\/www.quetzalma.org\/wp-content\/uploads\/2022\/07\/Roland-300x241.jpg\" alt=\"\" width=\"315\" height=\"253\" srcset=\"https:\/\/www.quetzalma.org\/wp-content\/uploads\/2022\/07\/Roland-300x241.jpg 300w, https:\/\/www.quetzalma.org\/wp-content\/uploads\/2022\/07\/Roland-1024x821.jpg 1024w, https:\/\/www.quetzalma.org\/wp-content\/uploads\/2022\/07\/Roland-768x616.jpg 768w, https:\/\/www.quetzalma.org\/wp-content\/uploads\/2022\/07\/Roland-1536x1232.jpg 1536w, https:\/\/www.quetzalma.org\/wp-content\/uploads\/2022\/07\/Roland-150x120.jpg 150w, https:\/\/www.quetzalma.org\/wp-content\/uploads\/2022\/07\/Roland.jpg 2048w\" sizes=\"auto, (max-width: 315px) 100vw, 315px\" \/><\/a> \u00a0 <a href=\"https:\/\/www.quetzalma.org\/?attachment_id=10191\" rel=\"attachment wp-att-10191\"><img loading=\"lazy\" decoding=\"async\" class=\"alignnone wp-image-10191\" src=\"https:\/\/www.quetzalma.org\/wp-content\/uploads\/2022\/07\/Marlene-300x225.jpg\" alt=\"\" width=\"334\" height=\"251\" srcset=\"https:\/\/www.quetzalma.org\/wp-content\/uploads\/2022\/07\/Marlene-300x225.jpg 300w, https:\/\/www.quetzalma.org\/wp-content\/uploads\/2022\/07\/Marlene-1024x768.jpg 1024w, https:\/\/www.quetzalma.org\/wp-content\/uploads\/2022\/07\/Marlene-768x576.jpg 768w, https:\/\/www.quetzalma.org\/wp-content\/uploads\/2022\/07\/Marlene-1536x1152.jpg 1536w, https:\/\/www.quetzalma.org\/wp-content\/uploads\/2022\/07\/Marlene-150x113.jpg 150w, https:\/\/www.quetzalma.org\/wp-content\/uploads\/2022\/07\/Marlene.jpg 2048w\" sizes=\"auto, (max-width: 334px) 100vw, 334px\" \/><\/a><\/div>\n<p>&nbsp;<\/p>\n<div class=\"cxmmr5t8 oygrvhab hcukyx3x c1et5uql o9v6fnle ii04i59q\">\n<div dir=\"auto\"><\/div>\n<div dir=\"auto\"><a style=\"color: #00b200;\" href=\"https:\/\/www.quetzalma.org\/?attachment_id=10192\" rel=\"attachment wp-att-10192\"><img loading=\"lazy\" decoding=\"async\" class=\"wp-image-10192 aligncenter\" src=\"https:\/\/www.quetzalma.org\/wp-content\/uploads\/2022\/07\/Lama-225x300.jpg\" alt=\"\" width=\"241\" height=\"321\" srcset=\"https:\/\/www.quetzalma.org\/wp-content\/uploads\/2022\/07\/Lama-225x300.jpg 225w, https:\/\/www.quetzalma.org\/wp-content\/uploads\/2022\/07\/Lama-768x1024.jpg 768w, https:\/\/www.quetzalma.org\/wp-content\/uploads\/2022\/07\/Lama-1152x1536.jpg 1152w, https:\/\/www.quetzalma.org\/wp-content\/uploads\/2022\/07\/Lama-113x150.jpg 113w, https:\/\/www.quetzalma.org\/wp-content\/uploads\/2022\/07\/Lama.jpg 1536w\" sizes=\"auto, (max-width: 241px) 100vw, 241px\" \/><\/a><\/div>\n<div dir=\"auto\"><\/div>\n<div dir=\"auto\"><\/div>\n<div dir=\"auto\"><\/div>\n<div dir=\"auto\">De chouettes animations musicales avec folklore<\/div>\n<\/div>\n<div dir=\"auto\">\n<div dir=\"auto\"><\/div>\n<div dir=\"auto\">Des visiteurs sympathiques \u00e0 notre stand et des petits curieux : \u00ab\u00a0oh <span class=\"pq6dq46d tbxw36s4 knj5qynh kvgmc6g5 ditlmg2l oygrvhab nvdbi5me sf5mxxl7 gl3lb2sf hhz5lgdu\"><img loading=\"lazy\" decoding=\"async\" src=\"https:\/\/static.xx.fbcdn.net\/images\/emoji.php\/v9\/t12\/1\/16\/1f626.png\" alt=\"&#x1f626;\" width=\"16\" height=\"16\" \/><\/span> le lama et la cigogne\u00a0\u00bb<\/div>\n<\/div>\n<div class=\"cxmmr5t8 oygrvhab hcukyx3x c1et5uql o9v6fnle ii04i59q\">\n<div dir=\"auto\"><\/div>\n<div dir=\"auto\"><\/div>\n<div dir=\"auto\"><\/div>\n<div dir=\"auto\"><img loading=\"lazy\" decoding=\"async\" class=\" wp-image-10199 alignnone\" src=\"https:\/\/www.quetzalma.org\/wp-content\/uploads\/2022\/07\/Dagobert2-1-225x300.jpg\" alt=\"\" width=\"217\" height=\"289\" srcset=\"https:\/\/www.quetzalma.org\/wp-content\/uploads\/2022\/07\/Dagobert2-1-225x300.jpg 225w, https:\/\/www.quetzalma.org\/wp-content\/uploads\/2022\/07\/Dagobert2-1-768x1024.jpg 768w, https:\/\/www.quetzalma.org\/wp-content\/uploads\/2022\/07\/Dagobert2-1-1152x1536.jpg 1152w, https:\/\/www.quetzalma.org\/wp-content\/uploads\/2022\/07\/Dagobert2-1-113x150.jpg 113w, https:\/\/www.quetzalma.org\/wp-content\/uploads\/2022\/07\/Dagobert2-1.jpg 1536w\" sizes=\"auto, (max-width: 217px) 100vw, 217px\" \/>\u00a0<a href=\"https:\/\/www.quetzalma.org\/?attachment_id=10200\" rel=\"attachment wp-att-10200\"><img loading=\"lazy\" decoding=\"async\" class=\" wp-image-10200 alignnone\" src=\"https:\/\/www.quetzalma.org\/wp-content\/uploads\/2022\/07\/Dagobert1-1-265x300.jpg\" alt=\"\" width=\"253\" height=\"286\" srcset=\"https:\/\/www.quetzalma.org\/wp-content\/uploads\/2022\/07\/Dagobert1-1-265x300.jpg 265w, https:\/\/www.quetzalma.org\/wp-content\/uploads\/2022\/07\/Dagobert1-1-905x1024.jpg 905w, https:\/\/www.quetzalma.org\/wp-content\/uploads\/2022\/07\/Dagobert1-1-768x869.jpg 768w, https:\/\/www.quetzalma.org\/wp-content\/uploads\/2022\/07\/Dagobert1-1-1358x1536.jpg 1358w, https:\/\/www.quetzalma.org\/wp-content\/uploads\/2022\/07\/Dagobert1-1-133x150.jpg 133w, https:\/\/www.quetzalma.org\/wp-content\/uploads\/2022\/07\/Dagobert1-1.jpg 1810w\" sizes=\"auto, (max-width: 253px) 100vw, 253px\" \/><\/a> <a href=\"https:\/\/www.quetzalma.org\/?attachment_id=10201\" rel=\"attachment wp-att-10201\"><img loading=\"lazy\" decoding=\"async\" class=\"wp-image-10201 alignnone\" src=\"https:\/\/www.quetzalma.org\/wp-content\/uploads\/2022\/07\/Dagobert3-1-300x290.jpg\" alt=\"\" width=\"293\" height=\"283\" srcset=\"https:\/\/www.quetzalma.org\/wp-content\/uploads\/2022\/07\/Dagobert3-1-300x290.jpg 300w, https:\/\/www.quetzalma.org\/wp-content\/uploads\/2022\/07\/Dagobert3-1-1024x989.jpg 1024w, https:\/\/www.quetzalma.org\/wp-content\/uploads\/2022\/07\/Dagobert3-1-768x742.jpg 768w, https:\/\/www.quetzalma.org\/wp-content\/uploads\/2022\/07\/Dagobert3-1-1536x1484.jpg 1536w, https:\/\/www.quetzalma.org\/wp-content\/uploads\/2022\/07\/Dagobert3-1-150x145.jpg 150w, https:\/\/www.quetzalma.org\/wp-content\/uploads\/2022\/07\/Dagobert3-1.jpg 2048w\" sizes=\"auto, (max-width: 293px) 100vw, 293px\" \/><\/a><\/div>\n<div dir=\"auto\"><\/div>\n<div dir=\"auto\"><\/div>\n<div dir=\"auto\">\u00a0 \u00a0 \u00a0 \u00a0 \u00a0 \u00a0 \u00a0 \u00a0 \u00a0 \u00a0 \u00a0 \u00a0 \u00a0 <img loading=\"lazy\" decoding=\"async\" class=\"size-medium wp-image-10202 alignnone\" src=\"https:\/\/www.quetzalma.org\/wp-content\/uploads\/2022\/07\/Dagobert4-1-300x255.jpg\" alt=\"\" width=\"300\" height=\"255\" srcset=\"https:\/\/www.quetzalma.org\/wp-content\/uploads\/2022\/07\/Dagobert4-1-300x255.jpg 300w, https:\/\/www.quetzalma.org\/wp-content\/uploads\/2022\/07\/Dagobert4-1-1024x872.jpg 1024w, https:\/\/www.quetzalma.org\/wp-content\/uploads\/2022\/07\/Dagobert4-1-768x654.jpg 768w, https:\/\/www.quetzalma.org\/wp-content\/uploads\/2022\/07\/Dagobert4-1-1536x1308.jpg 1536w, https:\/\/www.quetzalma.org\/wp-content\/uploads\/2022\/07\/Dagobert4-1-150x128.jpg 150w, https:\/\/www.quetzalma.org\/wp-content\/uploads\/2022\/07\/Dagobert4-1.jpg 2048w\" sizes=\"auto, (max-width: 300px) 100vw, 300px\" \/>\u00a0 \u00a0 <a href=\"https:\/\/www.quetzalma.org\/?attachment_id=10203\" rel=\"attachment wp-att-10203\"><img loading=\"lazy\" decoding=\"async\" class=\"wp-image-10203 alignnone\" src=\"https:\/\/www.quetzalma.org\/wp-content\/uploads\/2022\/07\/Dagobert5-1-300x256.jpg\" alt=\"\" width=\"298\" height=\"254\" srcset=\"https:\/\/www.quetzalma.org\/wp-content\/uploads\/2022\/07\/Dagobert5-1-300x256.jpg 300w, https:\/\/www.quetzalma.org\/wp-content\/uploads\/2022\/07\/Dagobert5-1-1024x873.jpg 1024w, https:\/\/www.quetzalma.org\/wp-content\/uploads\/2022\/07\/Dagobert5-1-768x655.jpg 768w, https:\/\/www.quetzalma.org\/wp-content\/uploads\/2022\/07\/Dagobert5-1-1536x1310.jpg 1536w, https:\/\/www.quetzalma.org\/wp-content\/uploads\/2022\/07\/Dagobert5-1-150x128.jpg 150w, https:\/\/www.quetzalma.org\/wp-content\/uploads\/2022\/07\/Dagobert5-1.jpg 2048w\" sizes=\"auto, (max-width: 298px) 100vw, 298px\" \/><\/a><\/div>\n<\/div>\n<div dir=\"auto\"><\/div>\n<div dir=\"auto\"><\/div>\n<div dir=\"auto\"><\/div>\n<div dir=\"auto\"><\/div>\n<div dir=\"auto\">Le Bon Roi Dagobert a mis sa culotte \u00e0 l&rsquo;envers &#8230;<\/div>\n<div dir=\"auto\"><a href=\"https:\/\/photos.app.goo.gl\/ghRY9XzByDLNAQJ6A\">https:\/\/photos.app.goo.gl\/ghRY9XzByDLNAQJ6A<\/a><\/div>\n<div dir=\"auto\"><\/div>\n<div dir=\"auto\"><\/div>\n<div dir=\"auto\"><\/div>\n<div dir=\"auto\">Floklore &#8230;<\/div>\n<div dir=\"auto\"><a href=\"https:\/\/photos.app.goo.gl\/JAiGHXwVCfH63zFz8\">https:\/\/photos.app.goo.gl\/JAiGHXwVCfH63zFz8<\/a><\/div>\n<div dir=\"auto\"><\/div>\n<div dir=\"auto\"><\/div>\n<div dir=\"auto\"><\/div>\n<div dir=\"auto\">\n<div dir=\"auto\"><\/div>\n<div dir=\"auto\">Un b\u0153uf \u00e0 la broche d\u00e9licieux <span class=\"pq6dq46d tbxw36s4 knj5qynh kvgmc6g5 ditlmg2l oygrvhab nvdbi5me sf5mxxl7 gl3lb2sf hhz5lgdu\"><img loading=\"lazy\" decoding=\"async\" src=\"https:\/\/static.xx.fbcdn.net\/images\/emoji.php\/v9\/t0\/1\/16\/1f60b.png\" alt=\"&#x1f60b;\" width=\"16\" height=\"16\" \/><\/span><\/div>\n<\/div>\n<div dir=\"auto\"><\/div>\n<div dir=\"auto\">\n<div style=\"width: 480px;\" class=\"wp-video\"><!--[if lt IE 9]><script>document.createElement('video');<\/script><![endif]-->\n<video class=\"wp-video-shortcode\" id=\"video-10189-1\" width=\"480\" height=\"848\" preload=\"metadata\" controls=\"controls\"><source type=\"video\/mp4\" src=\"https:\/\/www.quetzalma.org\/wp-content\/uploads\/2022\/07\/boeuf-a-la-broche.mp4?_=1\" \/><a href=\"https:\/\/www.quetzalma.org\/wp-content\/uploads\/2022\/07\/boeuf-a-la-broche.mp4\">https:\/\/www.quetzalma.org\/wp-content\/uploads\/2022\/07\/boeuf-a-la-broche.mp4<\/a><\/video><\/div>\n<\/div>\n<div dir=\"auto\"><\/div>\n<div dir=\"auto\"><\/div>\n","protected":false},"excerpt":{"rendered":"<p>Ce fut une journ\u00e9e plus qu\u2019ensoleill\u00e9e, remplie de festivit\u00e9s. \u00a0 \u00a0 &nbsp; De chouettes animations musicales avec folklore Des visiteurs sympathiques \u00e0 notre stand et\u2026<\/p>\n<p class=\"continue-reading-button\"> <a class=\"continue-reading-link\" href=\"https:\/\/www.quetzalma.org\/?page_id=10189\">Lire la suite<i class=\"crycon-right-dir\"><\/i><\/a><\/p>\n","protected":false},"author":1,"featured_media":10202,"parent":8401,"menu_order":4,"comment_status":"closed","ping_status":"open","template":"","meta":{"footnotes":""},"class_list":["post-10189","page","type-page","status-publish","has-post-thumbnail","hentry"],"_links":{"self":[{"href":"https:\/\/www.quetzalma.org\/index.php?rest_route=\/wp\/v2\/pages\/10189","targetHints":{"allow":["GET"]}}],"collection":[{"href":"https:\/\/www.quetzalma.org\/index.php?rest_route=\/wp\/v2\/pages"}],"about":[{"href":"https:\/\/www.quetzalma.org\/index.php?rest_route=\/wp\/v2\/types\/page"}],"author":[{"embeddable":true,"href":"https:\/\/www.quetzalma.org\/index.php?rest_route=\/wp\/v2\/users\/1"}],"replies":[{"embeddable":true,"href":"https:\/\/www.quetzalma.org\/index.php?rest_route=%2Fwp%2Fv2%2Fcomments&post=10189"}],"version-history":[{"count":5,"href":"https:\/\/www.quetzalma.org\/index.php?rest_route=\/wp\/v2\/pages\/10189\/revisions"}],"predecessor-version":[{"id":10214,"href":"https:\/\/www.quetzalma.org\/index.php?rest_route=\/wp\/v2\/pages\/10189\/revisions\/10214"}],"up":[{"embeddable":true,"href":"https:\/\/www.quetzalma.org\/index.php?rest_route=\/wp\/v2\/pages\/8401"}],"wp:featuredmedia":[{"embeddable":true,"href":"https:\/\/www.quetzalma.org\/index.php?rest_route=\/wp\/v2\/media\/10202"}],"wp:attachment":[{"href":"https:\/\/www.quetzalma.org\/index.php?rest_route=%2Fwp%2Fv2%2Fmedia&parent=10189"}],"curies":[{"name":"wp","href":"https:\/\/api.w.org\/{rel}","templated":true}]}}