{"id":1083,"date":"2016-01-14T13:57:30","date_gmt":"2016-01-14T12:57:30","guid":{"rendered":"http:\/\/www.quetzalma.org\/?page_id=1083"},"modified":"2019-12-22T12:06:27","modified_gmt":"2019-12-22T11:06:27","slug":"annee-2016","status":"publish","type":"page","link":"https:\/\/www.quetzalma.org\/?page_id=1083","title":{"rendered":"Ann\u00e9e 2016"},"content":{"rendered":"<div class=\"pdfprnt-buttons pdfprnt-buttons-page pdfprnt-top-right\"><a href=\"https:\/\/www.quetzalma.org\/index.php?rest_route=%2Fwp%2Fv2%2Fpages%2F1083&print=pdf\" class=\"pdfprnt-button pdfprnt-button-pdf\" target=\"_blank\" ><img decoding=\"async\" src=\"https:\/\/www.quetzalma.org\/wp-content\/plugins\/pdf-print\/images\/pdf.png\" alt=\"image_pdf\" title=\"Afficher le PDF\" \/><\/a><a href=\"https:\/\/www.quetzalma.org\/index.php?rest_route=%2Fwp%2Fv2%2Fpages%2F1083&print=print\" class=\"pdfprnt-button pdfprnt-button-print\" target=\"_blank\" ><img decoding=\"async\" src=\"https:\/\/www.quetzalma.org\/wp-content\/plugins\/pdf-print\/images\/print.png\" alt=\"image_print\" title=\"Contenu imprim\u00e9\" \/><\/a><\/div><p>Voici toutes les manifestations de l&rsquo;ann\u00e9e 2016 :<\/p>\n<ul>\n<li><span style=\"color: #0000ff;\"><a style=\"color: #0000ff;\" href=\"https:\/\/www.quetzalma.org\/?page_id=1237\">F\u00eate du Pissenlit (Friejohr Marik) \u00e0 Fortschwihr 20 mars 2016<\/a><\/span><\/li>\n<li><span style=\"color: #ff00ff;\"><a style=\"color: #ff00ff;\" href=\"https:\/\/www.quetzalma.org\/?page_id=1273\">March\u00e9 de P\u00e2ques de Benfeld 28 mars 2016<\/a><\/span><\/li>\n<li><span style=\"color: #0000ff;\">March\u00e9 de Lutzelhouse 15 mail 2016<\/span><\/li>\n<li><span style=\"color: #ff00ff;\">March\u00e9 de Krautergersheim 22 mai 2016<\/span><\/li>\n<li><span style=\"color: #0000ff;\">March\u00e9 de Gresswiller 5 juin 2016<\/span><\/li>\n<li><span style=\"color: #ff00ff;\">F\u00eate du Cheval Triembach Au Val 6 juillet 2016<\/span><\/li>\n<li><span style=\"color: #0000ff;\">March\u00e9 d&rsquo;Et\u00e9 Marckolsheim 10 juillet 2016<\/span><\/li>\n<li><span style=\"color: #ff00ff;\">March\u00e9 des Cr\u00e9ateurs de Vill\u00e9 16 juillet 2016<\/span><\/li>\n<li><span style=\"color: #0000ff;\">March\u00e9 \u00a0nocturne Wasselonne 29 juillet 2016<\/span><\/li>\n<li><span style=\"color: #ff00ff; background-color: #ffffff;\">March\u00e9 Aux Puces de l&rsquo;\u00c2ne de Dinsheim Sur Bruche 31 juillet 2016<\/span><\/li>\n<li><span style=\"color: #0000ff;\">Mommenheim en f\u00eate Mommenheim 07 ao\u00fbt 2016<\/span><\/li>\n<li><span style=\"color: #ff00ff;\">Mariage Ami Fritz Marlenheim 14+15 ao\u00fbt 2016<\/span><\/li>\n<li><span style=\"color: #0000ff;\">F\u00eate du Houbon Ohlungen 28 ao\u00fbt 2016<\/span><\/li>\n<li><span style=\"color: #ff00ff;\">F\u00eate des R\u00e9coltes d&rsquo;Antan Hindisheim 04 septembre 2016<\/span><\/li>\n<li><span style=\"color: #0000ff;\">F\u00eate de la Choucroute Meistratzheim 11 septembre 2016<\/span><\/li>\n<li><span style=\"color: #ff00ff;\">March\u00e9 Produits du Terroir Artisanat Lipsheim 18 septembre 2016<\/span><\/li>\n<li><span style=\"color: #0000ff;\">RDA Strasbourg 24+25 septembre 2016<\/span><\/li>\n<li><span style=\"color: #ff00ff;\">F\u00eate du Cheval en fanfare Mackenheim 25 septembre 2016<\/span><\/li>\n<li><span style=\"color: #0000ff;\">March\u00e9 d&rsquo;Automne du Grand Ried 02 octobre 2016\u00a0<\/span><\/li>\n<li><span style=\"color: #ff00ff;\">March\u00e9 de No\u00ebl Eschau \u00a020 Novembre 2016<\/span><\/li>\n<li><span style=\"color: #0000ff;\">March\u00e9 de No\u00ebl Woerth 27 novembre 2016\u00a0<\/span><\/li>\n<li><span style=\"color: #ff00ff;\">March\u00e9 de No\u00ebl Plobsheim 4 d\u00e9cembre 2016<\/span><\/li>\n<li><span style=\"color: #0000ff;\">March\u00e9 de No\u00ebl Village du Partage Strasbourg 6-9-10-14-15 et 20 d\u00e9cembre 2016\u00a0<\/span><\/li>\n<li><span style=\"color: #ff00ff;\">March\u00e9 de No\u00ebl Obernai du 17 au 24 d\u00e9cembre 2016<\/span><\/li>\n<\/ul>\n<div id=\"wrapper\" class=\"hfeed\"><\/div>\n<p>&nbsp;<\/p>\n<p>&nbsp;<\/p>\n<p>&nbsp;<\/p>\n<p>&nbsp;<\/p>\n<p>&nbsp;<\/p>\n","protected":false},"excerpt":{"rendered":"<p>Voici toutes les manifestations de l&rsquo;ann\u00e9e 2016 : F\u00eate du Pissenlit (Friejohr Marik) \u00e0 Fortschwihr 20 mars 2016 March\u00e9 de P\u00e2ques de Benfeld 28 mars\u2026<\/p>\n<p class=\"continue-reading-button\"> <a class=\"continue-reading-link\" href=\"https:\/\/www.quetzalma.org\/?page_id=1083\">Lire la suite<i class=\"crycon-right-dir\"><\/i><\/a><\/p>\n","protected":false},"author":1,"featured_media":0,"parent":309,"menu_order":2,"comment_status":"closed","ping_status":"closed","template":"","meta":{"footnotes":""},"class_list":["post-1083","page","type-page","status-publish","hentry"],"_links":{"self":[{"href":"https:\/\/www.quetzalma.org\/index.php?rest_route=\/wp\/v2\/pages\/1083","targetHints":{"allow":["GET"]}}],"collection":[{"href":"https:\/\/www.quetzalma.org\/index.php?rest_route=\/wp\/v2\/pages"}],"about":[{"href":"https:\/\/www.quetzalma.org\/index.php?rest_route=\/wp\/v2\/types\/page"}],"author":[{"embeddable":true,"href":"https:\/\/www.quetzalma.org\/index.php?rest_route=\/wp\/v2\/users\/1"}],"replies":[{"embeddable":true,"href":"https:\/\/www.quetzalma.org\/index.php?rest_route=%2Fwp%2Fv2%2Fcomments&post=1083"}],"version-history":[{"count":5,"href":"https:\/\/www.quetzalma.org\/index.php?rest_route=\/wp\/v2\/pages\/1083\/revisions"}],"predecessor-version":[{"id":3174,"href":"https:\/\/www.quetzalma.org\/index.php?rest_route=\/wp\/v2\/pages\/1083\/revisions\/3174"}],"up":[{"embeddable":true,"href":"https:\/\/www.quetzalma.org\/index.php?rest_route=\/wp\/v2\/pages\/309"}],"wp:attachment":[{"href":"https:\/\/www.quetzalma.org\/index.php?rest_route=%2Fwp%2Fv2%2Fmedia&parent=1083"}],"curies":[{"name":"wp","href":"https:\/\/api.w.org\/{rel}","templated":true}]}}