{"id":12519,"date":"2023-04-08T11:18:18","date_gmt":"2023-04-08T10:18:18","guid":{"rendered":"https:\/\/www.quetzalma.org\/?p=12519"},"modified":"2023-04-08T11:21:24","modified_gmt":"2023-04-08T10:21:24","slug":"marche-de-paques-bouzonville-vendredi-7-avril-2023","status":"publish","type":"page","link":"https:\/\/www.quetzalma.org\/?page_id=12519","title":{"rendered":"March\u00e9 de P\u00e2ques Braderie \u00e0 Bouzonville &#8211; Vendredi Saint 7 avril 2023"},"content":{"rendered":"<div class=\"pdfprnt-buttons pdfprnt-buttons-page pdfprnt-top-right\"><a href=\"https:\/\/www.quetzalma.org\/index.php?rest_route=%2Fwp%2Fv2%2Fpages%2F12519&print=pdf\" class=\"pdfprnt-button pdfprnt-button-pdf\" target=\"_blank\" ><img decoding=\"async\" src=\"https:\/\/www.quetzalma.org\/wp-content\/plugins\/pdf-print\/images\/pdf.png\" alt=\"image_pdf\" title=\"Afficher le PDF\" \/><\/a><a href=\"https:\/\/www.quetzalma.org\/index.php?rest_route=%2Fwp%2Fv2%2Fpages%2F12519&print=print\" class=\"pdfprnt-button pdfprnt-button-print\" target=\"_blank\" ><img decoding=\"async\" src=\"https:\/\/www.quetzalma.org\/wp-content\/plugins\/pdf-print\/images\/print.png\" alt=\"image_print\" title=\"Contenu imprim\u00e9\" \/><\/a><\/div><p><strong>March\u00e9 de P\u00e2ques\u00a0 Braderie \u00e0 Bouzonville<\/strong><\/p>\n<p>La\u00a0ville de Bouzonville\u00a0accueille comme chaque ann\u00e9e son traditionnel\u00a0<strong>Grand March\u00e9 du Vendredi Saint<\/strong>.<\/p>\n<p>On ne sait dire jusqu\u2019\u00e0 quand remonte la tradition de ce grand march\u00e9 dont les premi\u00e8res \u00e9ditions r\u00e9f\u00e9renc\u00e9s remontent au Moyen-\u00c2ge.\u00a0Il s&rsquo;agit d&rsquo;une \u00e9norme braderie\u00a0qui trouve son origine dans un ancien p\u00e8lerinage religieux marquant le retour de la relique de la croix du Christ. C&rsquo;\u00e9tait l&rsquo;occasion pour les marchands de l&rsquo;\u00e9poque de vendre des objets de d\u00e9votion notamment.<\/p>\n<p>Cette ann\u00e9e, rendez-vous\u00a0<strong>toute la journ\u00e9e du 7 avril en plein centre-ville<\/strong>\u00a0avec \u00e0 retrouver sur place\u00a0:<\/p>\n<ul>\n<li>Stands avec les produits du terroir, de l&rsquo;artisanat<\/li>\n<li>Divers stands : d\u00e9corations, jeux, sport, v\u00eatements &#8230;<\/li>\n<\/ul>\n<p>Quel que soit le tr\u00e9sor que venez chercher, il y a fort \u00e0 parier que vous allez le trouver !<\/p>\n<p><a href=\"https:\/\/www.quetzalma.org\/?attachment_id=12522\" rel=\"attachment wp-att-12522\"><img loading=\"lazy\" decoding=\"async\" class=\"aligncenter size-medium wp-image-12522\" src=\"https:\/\/www.quetzalma.org\/wp-content\/uploads\/2023\/04\/grand-marche-du-vendredi-saint-a-bouzonville-228194-640-0-212x300.jpg\" alt=\"\" width=\"212\" height=\"300\" srcset=\"https:\/\/www.quetzalma.org\/wp-content\/uploads\/2023\/04\/grand-marche-du-vendredi-saint-a-bouzonville-228194-640-0-212x300.jpg 212w, https:\/\/www.quetzalma.org\/wp-content\/uploads\/2023\/04\/grand-marche-du-vendredi-saint-a-bouzonville-228194-640-0-106x150.jpg 106w, https:\/\/www.quetzalma.org\/wp-content\/uploads\/2023\/04\/grand-marche-du-vendredi-saint-a-bouzonville-228194-640-0.jpg 640w\" sizes=\"auto, (max-width: 212px) 100vw, 212px\" \/><\/a><\/p>\n","protected":false},"excerpt":{"rendered":"<p>March\u00e9 de P\u00e2ques\u00a0 Braderie \u00e0 Bouzonville La\u00a0ville de Bouzonville\u00a0accueille comme chaque ann\u00e9e son traditionnel\u00a0Grand March\u00e9 du Vendredi Saint. On ne sait dire jusqu\u2019\u00e0 quand remonte\u2026<\/p>\n<p class=\"continue-reading-button\"> <a class=\"continue-reading-link\" href=\"https:\/\/www.quetzalma.org\/?page_id=12519\">Lire la suite<i class=\"crycon-right-dir\"><\/i><\/a><\/p>\n","protected":false},"author":1,"featured_media":0,"parent":12416,"menu_order":2,"comment_status":"closed","ping_status":"open","template":"","meta":{"footnotes":""},"class_list":["post-12519","page","type-page","status-publish","hentry"],"_links":{"self":[{"href":"https:\/\/www.quetzalma.org\/index.php?rest_route=\/wp\/v2\/pages\/12519","targetHints":{"allow":["GET"]}}],"collection":[{"href":"https:\/\/www.quetzalma.org\/index.php?rest_route=\/wp\/v2\/pages"}],"about":[{"href":"https:\/\/www.quetzalma.org\/index.php?rest_route=\/wp\/v2\/types\/page"}],"author":[{"embeddable":true,"href":"https:\/\/www.quetzalma.org\/index.php?rest_route=\/wp\/v2\/users\/1"}],"replies":[{"embeddable":true,"href":"https:\/\/www.quetzalma.org\/index.php?rest_route=%2Fwp%2Fv2%2Fcomments&post=12519"}],"version-history":[{"count":3,"href":"https:\/\/www.quetzalma.org\/index.php?rest_route=\/wp\/v2\/pages\/12519\/revisions"}],"predecessor-version":[{"id":12523,"href":"https:\/\/www.quetzalma.org\/index.php?rest_route=\/wp\/v2\/pages\/12519\/revisions\/12523"}],"up":[{"embeddable":true,"href":"https:\/\/www.quetzalma.org\/index.php?rest_route=\/wp\/v2\/pages\/12416"}],"wp:attachment":[{"href":"https:\/\/www.quetzalma.org\/index.php?rest_route=%2Fwp%2Fv2%2Fmedia&parent=12519"}],"curies":[{"name":"wp","href":"https:\/\/api.w.org\/{rel}","templated":true}]}}