{"id":12784,"date":"2023-09-11T10:19:19","date_gmt":"2023-09-11T09:19:19","guid":{"rendered":"https:\/\/www.quetzalma.org\/?p=12784"},"modified":"2023-11-12T22:16:11","modified_gmt":"2023-11-12T21:16:11","slug":"fete-de-la-choucroute-de-geispolsheim-dimanche-27-aout-2023","status":"publish","type":"page","link":"https:\/\/www.quetzalma.org\/?page_id=12784","title":{"rendered":"F\u00eate de la Choucroute de Geispolsheim dimanche 27 ao\u00fbt 2023"},"content":{"rendered":"<div class=\"pdfprnt-buttons pdfprnt-buttons-page pdfprnt-top-right\"><a href=\"https:\/\/www.quetzalma.org\/index.php?rest_route=%2Fwp%2Fv2%2Fpages%2F12784&print=pdf\" class=\"pdfprnt-button pdfprnt-button-pdf\" target=\"_blank\" ><img decoding=\"async\" src=\"https:\/\/www.quetzalma.org\/wp-content\/plugins\/pdf-print\/images\/pdf.png\" alt=\"image_pdf\" title=\"Afficher le PDF\" \/><\/a><a href=\"https:\/\/www.quetzalma.org\/index.php?rest_route=%2Fwp%2Fv2%2Fpages%2F12784&print=print\" class=\"pdfprnt-button pdfprnt-button-print\" target=\"_blank\" ><img decoding=\"async\" src=\"https:\/\/www.quetzalma.org\/wp-content\/plugins\/pdf-print\/images\/print.png\" alt=\"image_print\" title=\"Contenu imprim\u00e9\" \/><\/a><\/div><p>&nbsp;<\/p>\n<p>Nous avons profit\u00e9 d\u2019une belle journ\u00e9e autour des traditions de notre Alsace et de notre village.<\/p>\n<p>&#8211; March\u00e9 des artisans et producteurs<\/p>\n<p>&#8211; D\u00e9gustation de notre traditionnelle choucroute<\/p>\n<p><a href=\"https:\/\/www.quetzalma.org\/?attachment_id=12785\" rel=\"attachment wp-att-12785\"><img loading=\"lazy\" decoding=\"async\" class=\"aligncenter size-medium wp-image-12785\" src=\"https:\/\/www.quetzalma.org\/wp-content\/uploads\/2023\/09\/assiette-choucroute-300x227.jpg\" alt=\"\" width=\"300\" height=\"227\" srcset=\"https:\/\/www.quetzalma.org\/wp-content\/uploads\/2023\/09\/assiette-choucroute-300x227.jpg 300w, https:\/\/www.quetzalma.org\/wp-content\/uploads\/2023\/09\/assiette-choucroute-150x114.jpg 150w, https:\/\/www.quetzalma.org\/wp-content\/uploads\/2023\/09\/assiette-choucroute.jpg 745w\" sizes=\"auto, (max-width: 300px) 100vw, 300px\" \/><\/a><\/p>\n<p>&#8211; Cort\u00e8ge sur le th\u00e8me \u00ab\u00a0loisirs d&rsquo;autrefois\u00a0\u00bb au c\u0153ur de village avec les magnifiques chars et tenues traditionnelles alsaciennes ainsi que nos musiciens et orchestres.<\/p>\n<p>&nbsp;<\/p>\n<p><a href=\"https:\/\/www.quetzalma.org\/?attachment_id=12795\" rel=\"attachment wp-att-12795\"><img loading=\"lazy\" decoding=\"async\" class=\"size-medium wp-image-12795 alignnone\" src=\"https:\/\/www.quetzalma.org\/wp-content\/uploads\/2023\/09\/Geispo-2-225x300.jpg\" alt=\"\" width=\"225\" height=\"300\" srcset=\"https:\/\/www.quetzalma.org\/wp-content\/uploads\/2023\/09\/Geispo-2-225x300.jpg 225w, https:\/\/www.quetzalma.org\/wp-content\/uploads\/2023\/09\/Geispo-2-768x1024.jpg 768w, https:\/\/www.quetzalma.org\/wp-content\/uploads\/2023\/09\/Geispo-2-1152x1536.jpg 1152w, https:\/\/www.quetzalma.org\/wp-content\/uploads\/2023\/09\/Geispo-2-1536x2048.jpg 1536w, https:\/\/www.quetzalma.org\/wp-content\/uploads\/2023\/09\/Geispo-2-113x150.jpg 113w, https:\/\/www.quetzalma.org\/wp-content\/uploads\/2023\/09\/Geispo-2-scaled.jpg 1920w\" sizes=\"auto, (max-width: 225px) 100vw, 225px\" \/>\u00a0<\/a>\u00a0 \u00a0 \u00a0\u00a0\u00a0<a href=\"https:\/\/www.quetzalma.org\/?attachment_id=12786\" rel=\"attachment wp-att-12786\"><img loading=\"lazy\" decoding=\"async\" class=\"size-medium wp-image-12786 alignnone\" src=\"https:\/\/www.quetzalma.org\/wp-content\/uploads\/2023\/09\/Geispo-1-209x300.jpg\" alt=\"\" width=\"209\" height=\"300\" srcset=\"https:\/\/www.quetzalma.org\/wp-content\/uploads\/2023\/09\/Geispo-1-209x300.jpg 209w, https:\/\/www.quetzalma.org\/wp-content\/uploads\/2023\/09\/Geispo-1-715x1024.jpg 715w, https:\/\/www.quetzalma.org\/wp-content\/uploads\/2023\/09\/Geispo-1-768x1100.jpg 768w, https:\/\/www.quetzalma.org\/wp-content\/uploads\/2023\/09\/Geispo-1-1072x1536.jpg 1072w, https:\/\/www.quetzalma.org\/wp-content\/uploads\/2023\/09\/Geispo-1-1429x2048.jpg 1429w, https:\/\/www.quetzalma.org\/wp-content\/uploads\/2023\/09\/Geispo-1-105x150.jpg 105w, https:\/\/www.quetzalma.org\/wp-content\/uploads\/2023\/09\/Geispo-1-scaled.jpg 1787w\" sizes=\"auto, (max-width: 209px) 100vw, 209px\" \/>\u00a0 \u00a0<\/a><a href=\"https:\/\/www.quetzalma.org\/?attachment_id=12795\" rel=\"attachment wp-att-12795\">\u00a0\u00a0<\/a><a href=\"https:\/\/www.quetzalma.org\/?attachment_id=12794\" rel=\"attachment wp-att-12794\"><img loading=\"lazy\" decoding=\"async\" class=\"size-medium wp-image-12794 alignnone\" src=\"https:\/\/www.quetzalma.org\/wp-content\/uploads\/2023\/09\/Geispo-6-241x300.jpg\" alt=\"\" width=\"241\" height=\"300\" srcset=\"https:\/\/www.quetzalma.org\/wp-content\/uploads\/2023\/09\/Geispo-6-241x300.jpg 241w, https:\/\/www.quetzalma.org\/wp-content\/uploads\/2023\/09\/Geispo-6-822x1024.jpg 822w, https:\/\/www.quetzalma.org\/wp-content\/uploads\/2023\/09\/Geispo-6-768x957.jpg 768w, https:\/\/www.quetzalma.org\/wp-content\/uploads\/2023\/09\/Geispo-6-1233x1536.jpg 1233w, https:\/\/www.quetzalma.org\/wp-content\/uploads\/2023\/09\/Geispo-6-1644x2048.jpg 1644w, https:\/\/www.quetzalma.org\/wp-content\/uploads\/2023\/09\/Geispo-6-120x150.jpg 120w\" sizes=\"auto, (max-width: 241px) 100vw, 241px\" \/><\/a><a href=\"https:\/\/www.quetzalma.org\/?attachment_id=12798\" rel=\"attachment wp-att-12798\"> \u00a0<\/a><\/p>\n<p>&nbsp;<\/p>\n<p><a href=\"https:\/\/www.quetzalma.org\/?attachment_id=12799\" rel=\"attachment wp-att-12799\"><img loading=\"lazy\" decoding=\"async\" class=\"wp-image-12799 alignnone\" src=\"https:\/\/www.quetzalma.org\/wp-content\/uploads\/2023\/09\/Geispo-4-225x300.jpg\" alt=\"\" width=\"225\" height=\"300\" srcset=\"https:\/\/www.quetzalma.org\/wp-content\/uploads\/2023\/09\/Geispo-4-225x300.jpg 225w, https:\/\/www.quetzalma.org\/wp-content\/uploads\/2023\/09\/Geispo-4-768x1024.jpg 768w, https:\/\/www.quetzalma.org\/wp-content\/uploads\/2023\/09\/Geispo-4-1152x1536.jpg 1152w, https:\/\/www.quetzalma.org\/wp-content\/uploads\/2023\/09\/Geispo-4-1536x2048.jpg 1536w, https:\/\/www.quetzalma.org\/wp-content\/uploads\/2023\/09\/Geispo-4-113x150.jpg 113w, https:\/\/www.quetzalma.org\/wp-content\/uploads\/2023\/09\/Geispo-4-scaled.jpg 1920w\" sizes=\"auto, (max-width: 225px) 100vw, 225px\" \/><\/a>\u00a0 \u00a0 \u00a0 <a href=\"https:\/\/www.quetzalma.org\/?attachment_id=12798\" rel=\"attachment wp-att-12798\"><img loading=\"lazy\" decoding=\"async\" class=\"wp-image-12798 alignnone\" src=\"https:\/\/www.quetzalma.org\/wp-content\/uploads\/2023\/09\/Geispo-3-225x300.jpg\" alt=\"\" width=\"225\" height=\"300\" srcset=\"https:\/\/www.quetzalma.org\/wp-content\/uploads\/2023\/09\/Geispo-3-225x300.jpg 225w, https:\/\/www.quetzalma.org\/wp-content\/uploads\/2023\/09\/Geispo-3-768x1024.jpg 768w, https:\/\/www.quetzalma.org\/wp-content\/uploads\/2023\/09\/Geispo-3-1152x1536.jpg 1152w, https:\/\/www.quetzalma.org\/wp-content\/uploads\/2023\/09\/Geispo-3-1536x2048.jpg 1536w, https:\/\/www.quetzalma.org\/wp-content\/uploads\/2023\/09\/Geispo-3-113x150.jpg 113w, https:\/\/www.quetzalma.org\/wp-content\/uploads\/2023\/09\/Geispo-3-scaled.jpg 1920w\" sizes=\"auto, (max-width: 225px) 100vw, 225px\" \/>\u00a0 \u00a0 \u00a0 <\/a><a href=\"https:\/\/www.quetzalma.org\/?attachment_id=12800\" rel=\"attachment wp-att-12800\"><img loading=\"lazy\" decoding=\"async\" class=\"size-medium wp-image-12800 alignnone\" src=\"https:\/\/www.quetzalma.org\/wp-content\/uploads\/2023\/09\/Geispo-5-225x300.jpg\" alt=\"\" width=\"225\" height=\"300\" srcset=\"https:\/\/www.quetzalma.org\/wp-content\/uploads\/2023\/09\/Geispo-5-225x300.jpg 225w, https:\/\/www.quetzalma.org\/wp-content\/uploads\/2023\/09\/Geispo-5-768x1024.jpg 768w, https:\/\/www.quetzalma.org\/wp-content\/uploads\/2023\/09\/Geispo-5-1152x1536.jpg 1152w, https:\/\/www.quetzalma.org\/wp-content\/uploads\/2023\/09\/Geispo-5-1536x2048.jpg 1536w, https:\/\/www.quetzalma.org\/wp-content\/uploads\/2023\/09\/Geispo-5-113x150.jpg 113w, https:\/\/www.quetzalma.org\/wp-content\/uploads\/2023\/09\/Geispo-5-scaled.jpg 1920w\" sizes=\"auto, (max-width: 225px) 100vw, 225px\" \/><\/a><\/p>\n<p>&nbsp;<\/p>\n<p><a href=\"https:\/\/www.quetzalma.org\/?attachment_id=12800\" rel=\"attachment wp-att-12800\">\u00a0 \u00a0<\/a><a href=\"https:\/\/www.quetzalma.org\/?attachment_id=12794\" rel=\"attachment wp-att-12794\">\u00a0 \u00a0<\/a><a href=\"https:\/\/www.quetzalma.org\/?attachment_id=12804\" rel=\"attachment wp-att-12804\"><img loading=\"lazy\" decoding=\"async\" class=\"size-medium wp-image-12804 alignnone\" src=\"https:\/\/www.quetzalma.org\/wp-content\/uploads\/2023\/09\/Geispo7-225x300.jpg\" alt=\"\" width=\"225\" height=\"300\" srcset=\"https:\/\/www.quetzalma.org\/wp-content\/uploads\/2023\/09\/Geispo7-225x300.jpg 225w, https:\/\/www.quetzalma.org\/wp-content\/uploads\/2023\/09\/Geispo7-768x1024.jpg 768w, https:\/\/www.quetzalma.org\/wp-content\/uploads\/2023\/09\/Geispo7-1152x1536.jpg 1152w, https:\/\/www.quetzalma.org\/wp-content\/uploads\/2023\/09\/Geispo7-1536x2048.jpg 1536w, https:\/\/www.quetzalma.org\/wp-content\/uploads\/2023\/09\/Geispo7-113x150.jpg 113w, https:\/\/www.quetzalma.org\/wp-content\/uploads\/2023\/09\/Geispo7-scaled.jpg 1920w\" sizes=\"auto, (max-width: 225px) 100vw, 225px\" \/>\u00a0 \u00a0 \u00a0 \u00a0 \u00a0 \u00a0 \u00a0 \u00a0 \u00a0 \u00a0 \u00a0 \u00a0 \u00a0 \u00a0 \u00a0 \u00a0 \u00a0 \u00a0<\/a><a href=\"https:\/\/www.quetzalma.org\/?attachment_id=12803\" rel=\"attachment wp-att-12803\"><img loading=\"lazy\" decoding=\"async\" class=\"size-medium wp-image-12803 alignnone\" src=\"https:\/\/www.quetzalma.org\/wp-content\/uploads\/2023\/09\/Geispo-8-245x300.jpg\" alt=\"\" width=\"245\" height=\"300\" srcset=\"https:\/\/www.quetzalma.org\/wp-content\/uploads\/2023\/09\/Geispo-8-245x300.jpg 245w, https:\/\/www.quetzalma.org\/wp-content\/uploads\/2023\/09\/Geispo-8-838x1024.jpg 838w, https:\/\/www.quetzalma.org\/wp-content\/uploads\/2023\/09\/Geispo-8-768x939.jpg 768w, https:\/\/www.quetzalma.org\/wp-content\/uploads\/2023\/09\/Geispo-8-1256x1536.jpg 1256w, https:\/\/www.quetzalma.org\/wp-content\/uploads\/2023\/09\/Geispo-8-1675x2048.jpg 1675w, https:\/\/www.quetzalma.org\/wp-content\/uploads\/2023\/09\/Geispo-8-123x150.jpg 123w\" sizes=\"auto, (max-width: 245px) 100vw, 245px\" \/><\/a><\/p>\n<p>&nbsp;<\/p>\n<p><a href=\"https:\/\/www.facebook.com\/100000009344571\/videos\/634404868822771\/\">https:\/\/www.facebook.com\/100000009344571\/videos\/634404868822771\/<\/a><\/p>\n<p><a href=\"https:\/\/www.facebook.com\/100000009344571\/videos\/621067866810637\/\">https:\/\/www.facebook.com\/100000009344571\/videos\/621067866810637\/<\/a><\/p>\n<p><a href=\"https:\/\/www.facebook.com\/100000009344571\/videos\/804759677931850\/\">https:\/\/www.facebook.com\/100000009344571\/videos\/804759677931850\/<\/a><\/p>\n<p><a href=\"https:\/\/www.facebook.com\/100000009344571\/videos\/227641599941340\/\">https:\/\/www.facebook.com\/100000009344571\/videos\/227641599941340\/<\/a><\/p>\n","protected":false},"excerpt":{"rendered":"<p>&nbsp; Nous avons profit\u00e9 d\u2019une belle journ\u00e9e autour des traditions de notre Alsace et de notre village. &#8211; March\u00e9 des artisans et producteurs &#8211; D\u00e9gustation\u2026<\/p>\n<p class=\"continue-reading-button\"> <a class=\"continue-reading-link\" href=\"https:\/\/www.quetzalma.org\/?page_id=12784\">Lire la suite<i class=\"crycon-right-dir\"><\/i><\/a><\/p>\n","protected":false},"author":1,"featured_media":12785,"parent":12416,"menu_order":5,"comment_status":"closed","ping_status":"open","template":"","meta":{"footnotes":""},"class_list":["post-12784","page","type-page","status-publish","has-post-thumbnail","hentry"],"_links":{"self":[{"href":"https:\/\/www.quetzalma.org\/index.php?rest_route=\/wp\/v2\/pages\/12784","targetHints":{"allow":["GET"]}}],"collection":[{"href":"https:\/\/www.quetzalma.org\/index.php?rest_route=\/wp\/v2\/pages"}],"about":[{"href":"https:\/\/www.quetzalma.org\/index.php?rest_route=\/wp\/v2\/types\/page"}],"author":[{"embeddable":true,"href":"https:\/\/www.quetzalma.org\/index.php?rest_route=\/wp\/v2\/users\/1"}],"replies":[{"embeddable":true,"href":"https:\/\/www.quetzalma.org\/index.php?rest_route=%2Fwp%2Fv2%2Fcomments&post=12784"}],"version-history":[{"count":3,"href":"https:\/\/www.quetzalma.org\/index.php?rest_route=\/wp\/v2\/pages\/12784\/revisions"}],"predecessor-version":[{"id":12817,"href":"https:\/\/www.quetzalma.org\/index.php?rest_route=\/wp\/v2\/pages\/12784\/revisions\/12817"}],"up":[{"embeddable":true,"href":"https:\/\/www.quetzalma.org\/index.php?rest_route=\/wp\/v2\/pages\/12416"}],"wp:featuredmedia":[{"embeddable":true,"href":"https:\/\/www.quetzalma.org\/index.php?rest_route=\/wp\/v2\/media\/12785"}],"wp:attachment":[{"href":"https:\/\/www.quetzalma.org\/index.php?rest_route=%2Fwp%2Fv2%2Fmedia&parent=12784"}],"curies":[{"name":"wp","href":"https:\/\/api.w.org\/{rel}","templated":true}]}}