{"id":13005,"date":"2023-12-06T19:23:51","date_gmt":"2023-12-06T18:23:51","guid":{"rendered":"https:\/\/www.quetzalma.org\/?p=13005"},"modified":"2024-02-14T14:16:36","modified_gmt":"2024-02-14T13:16:36","slug":"marche-de-noel-ce-dimanche-3-decembre-2023-a-la-salle-des-fetes-de-plobsheim","status":"publish","type":"page","link":"https:\/\/www.quetzalma.org\/?page_id=13005","title":{"rendered":"March\u00e9 de No\u00ebl ce dimanche 3 d\u00e9cembre 2023 \u00e0 la salle des f\u00eates de Plobsheim."},"content":{"rendered":"<div class=\"pdfprnt-buttons pdfprnt-buttons-page pdfprnt-top-right\"><a href=\"https:\/\/www.quetzalma.org\/index.php?rest_route=%2Fwp%2Fv2%2Fpages%2F13005&print=pdf\" class=\"pdfprnt-button pdfprnt-button-pdf\" target=\"_blank\" ><img decoding=\"async\" src=\"https:\/\/www.quetzalma.org\/wp-content\/plugins\/pdf-print\/images\/pdf.png\" alt=\"image_pdf\" title=\"Afficher le PDF\" \/><\/a><a href=\"https:\/\/www.quetzalma.org\/index.php?rest_route=%2Fwp%2Fv2%2Fpages%2F13005&print=print\" class=\"pdfprnt-button pdfprnt-button-print\" target=\"_blank\" ><img decoding=\"async\" src=\"https:\/\/www.quetzalma.org\/wp-content\/plugins\/pdf-print\/images\/print.png\" alt=\"image_print\" title=\"Contenu imprim\u00e9\" \/><\/a><\/div><div dir=\"auto\"><\/div>\n<div dir=\"auto\"><a href=\"https:\/\/www.quetzalma.org\/?attachment_id=13007\" rel=\"attachment wp-att-13007\"><img loading=\"lazy\" decoding=\"async\" class=\"size-medium wp-image-13007 alignnone\" src=\"https:\/\/www.quetzalma.org\/wp-content\/uploads\/2023\/12\/mairie-300x225.jpg\" alt=\"\" width=\"300\" height=\"225\" srcset=\"https:\/\/www.quetzalma.org\/wp-content\/uploads\/2023\/12\/mairie-300x225.jpg 300w, https:\/\/www.quetzalma.org\/wp-content\/uploads\/2023\/12\/mairie-1024x768.jpg 1024w, https:\/\/www.quetzalma.org\/wp-content\/uploads\/2023\/12\/mairie-768x576.jpg 768w, https:\/\/www.quetzalma.org\/wp-content\/uploads\/2023\/12\/mairie-1536x1152.jpg 1536w, https:\/\/www.quetzalma.org\/wp-content\/uploads\/2023\/12\/mairie-150x113.jpg 150w, https:\/\/www.quetzalma.org\/wp-content\/uploads\/2023\/12\/mairie.jpg 2048w\" sizes=\"auto, (max-width: 300px) 100vw, 300px\" \/>\u00a0 <\/a><a href=\"https:\/\/www.quetzalma.org\/?attachment_id=13006\" rel=\"attachment wp-att-13006\">\u00a0\u00a0<\/a><a href=\"https:\/\/www.quetzalma.org\/?attachment_id=13008\" rel=\"attachment wp-att-13008\"><img loading=\"lazy\" decoding=\"async\" class=\"size-medium wp-image-13008 alignnone\" src=\"https:\/\/www.quetzalma.org\/wp-content\/uploads\/2023\/12\/au-fil-de-leau-300x225.jpg\" alt=\"\" width=\"300\" height=\"225\" srcset=\"https:\/\/www.quetzalma.org\/wp-content\/uploads\/2023\/12\/au-fil-de-leau-300x225.jpg 300w, https:\/\/www.quetzalma.org\/wp-content\/uploads\/2023\/12\/au-fil-de-leau-1024x768.jpg 1024w, https:\/\/www.quetzalma.org\/wp-content\/uploads\/2023\/12\/au-fil-de-leau-768x576.jpg 768w, https:\/\/www.quetzalma.org\/wp-content\/uploads\/2023\/12\/au-fil-de-leau-1536x1152.jpg 1536w, https:\/\/www.quetzalma.org\/wp-content\/uploads\/2023\/12\/au-fil-de-leau-150x113.jpg 150w, https:\/\/www.quetzalma.org\/wp-content\/uploads\/2023\/12\/au-fil-de-leau.jpg 2048w\" sizes=\"auto, (max-width: 300px) 100vw, 300px\" \/>\u00a0\u00a0<\/a><\/div>\n<div dir=\"auto\"><\/div>\n<div dir=\"auto\"><a href=\"https:\/\/www.quetzalma.org\/?attachment_id=13006\" rel=\"attachment wp-att-13006\"><img loading=\"lazy\" decoding=\"async\" class=\" wp-image-13006 alignright\" src=\"https:\/\/www.quetzalma.org\/wp-content\/uploads\/2023\/12\/Lancement-des-illuminations--235x300.png\" alt=\"\" width=\"329\" height=\"420\" srcset=\"https:\/\/www.quetzalma.org\/wp-content\/uploads\/2023\/12\/Lancement-des-illuminations--235x300.png 235w, https:\/\/www.quetzalma.org\/wp-content\/uploads\/2023\/12\/Lancement-des-illuminations--117x150.png 117w, https:\/\/www.quetzalma.org\/wp-content\/uploads\/2023\/12\/Lancement-des-illuminations-.png 451w\" sizes=\"auto, (max-width: 329px) 100vw, 329px\" \/><\/a><\/div>\n<p dir=\"auto\" style=\"padding-left: 40px;\"><span style=\"font-size: 12pt;\">A l&rsquo;ext\u00e9rieur dans les chalets en bois et \u00e0 l&rsquo;int\u00e9rieur de la salle, on a trouv\u00e9 de l&rsquo;artisanat, des bredeles, du vin ou encore des paniers garnis.<\/span><\/p>\n<p dir=\"auto\" style=\"padding-left: 40px;\"><span style=\"font-size: 12pt;\">On s&rsquo;est retrouv\u00e9 au stand ou autour d\u2019une table, on a favoris\u00e9 ces moments de rencontre et de convivialit\u00e9 pour garder le lien, les traditions et le bien-vivre ensemble.<\/span><\/p>\n<p dir=\"auto\" style=\"padding-left: 40px;\"><span style=\"font-size: 12pt;\">La restauration sur place: le menu du jour B\u0153uf bourguignon, frites ou spaetzles a \u00e9t\u00e9 un r\u00e9gal sans oublier le dessert accompagn\u00e9 d\u2019un bon caf\u00e9 le tout servi par de charmantes personnes du comit\u00e9 des f\u00eates.<\/span><\/p>\n<p dir=\"auto\" style=\"padding-left: 40px;\"><span style=\"font-size: 12pt;\">Nous avons pass\u00e9 une agr\u00e9able journ\u00e9e bien au chaud, eh oui dehors il faisait froid, l\u2019hiver approche.<\/span><\/p>\n<div dir=\"auto\"><\/div>\n<div dir=\"auto\"><\/div>\n<div dir=\"auto\"><a href=\"https:\/\/www.quetzalma.org\/?attachment_id=13011\" rel=\"attachment wp-att-13011\">\u00a0 \u00a0<\/a><a href=\"https:\/\/www.quetzalma.org\/?attachment_id=13010\" rel=\"attachment wp-att-13010\"><img loading=\"lazy\" decoding=\"async\" class=\"size-medium wp-image-13010 alignnone\" src=\"https:\/\/www.quetzalma.org\/wp-content\/uploads\/2023\/12\/Nadine-Martine-Marlene-300x169.jpg\" alt=\"\" width=\"300\" height=\"169\" srcset=\"https:\/\/www.quetzalma.org\/wp-content\/uploads\/2023\/12\/Nadine-Martine-Marlene-300x169.jpg 300w, https:\/\/www.quetzalma.org\/wp-content\/uploads\/2023\/12\/Nadine-Martine-Marlene-1024x576.jpg 1024w, https:\/\/www.quetzalma.org\/wp-content\/uploads\/2023\/12\/Nadine-Martine-Marlene-768x432.jpg 768w, https:\/\/www.quetzalma.org\/wp-content\/uploads\/2023\/12\/Nadine-Martine-Marlene-1536x864.jpg 1536w, https:\/\/www.quetzalma.org\/wp-content\/uploads\/2023\/12\/Nadine-Martine-Marlene-150x84.jpg 150w, https:\/\/www.quetzalma.org\/wp-content\/uploads\/2023\/12\/Nadine-Martine-Marlene-1250x710.jpg 1250w, https:\/\/www.quetzalma.org\/wp-content\/uploads\/2023\/12\/Nadine-Martine-Marlene.jpg 1600w\" sizes=\"auto, (max-width: 300px) 100vw, 300px\" \/><\/a> <a href=\"https:\/\/www.quetzalma.org\/?attachment_id=13012\" rel=\"attachment wp-att-13012\"><img loading=\"lazy\" decoding=\"async\" class=\"size-medium wp-image-13012 alignnone\" src=\"https:\/\/www.quetzalma.org\/wp-content\/uploads\/2023\/12\/Roland-Franklin-300x169.jpg\" alt=\"\" width=\"300\" height=\"169\" srcset=\"https:\/\/www.quetzalma.org\/wp-content\/uploads\/2023\/12\/Roland-Franklin-300x169.jpg 300w, https:\/\/www.quetzalma.org\/wp-content\/uploads\/2023\/12\/Roland-Franklin-1024x576.jpg 1024w, https:\/\/www.quetzalma.org\/wp-content\/uploads\/2023\/12\/Roland-Franklin-768x432.jpg 768w, https:\/\/www.quetzalma.org\/wp-content\/uploads\/2023\/12\/Roland-Franklin-1536x864.jpg 1536w, https:\/\/www.quetzalma.org\/wp-content\/uploads\/2023\/12\/Roland-Franklin-150x84.jpg 150w, https:\/\/www.quetzalma.org\/wp-content\/uploads\/2023\/12\/Roland-Franklin-1250x710.jpg 1250w, https:\/\/www.quetzalma.org\/wp-content\/uploads\/2023\/12\/Roland-Franklin.jpg 1600w\" sizes=\"auto, (max-width: 300px) 100vw, 300px\" \/><\/a><\/div>\n<div dir=\"auto\"><\/div>\n<div dir=\"auto\"><a href=\"https:\/\/www.quetzalma.org\/?attachment_id=13011\" rel=\"attachment wp-att-13011\">\u00a0 \u00a0 \u00a0 \u00a0 \u00a0 \u00a0 \u00a0 \u00a0 \u00a0 \u00a0 \u00a0 \u00a0 \u00a0 \u00a0 \u00a0 \u00a0 \u00a0 \u00a0 \u00a0 \u00a0 \u00a0 \u00a0 \u00a0 <img loading=\"lazy\" decoding=\"async\" class=\"wp-image-13011 alignnone\" src=\"https:\/\/www.quetzalma.org\/wp-content\/uploads\/2023\/12\/Nadine-Martine-Roland-300x225.jpg\" alt=\"\" width=\"300\" height=\"225\" srcset=\"https:\/\/www.quetzalma.org\/wp-content\/uploads\/2023\/12\/Nadine-Martine-Roland-300x225.jpg 300w, https:\/\/www.quetzalma.org\/wp-content\/uploads\/2023\/12\/Nadine-Martine-Roland-1024x768.jpg 1024w, https:\/\/www.quetzalma.org\/wp-content\/uploads\/2023\/12\/Nadine-Martine-Roland-768x576.jpg 768w, https:\/\/www.quetzalma.org\/wp-content\/uploads\/2023\/12\/Nadine-Martine-Roland-1536x1152.jpg 1536w, https:\/\/www.quetzalma.org\/wp-content\/uploads\/2023\/12\/Nadine-Martine-Roland-2048x1536.jpg 2048w, https:\/\/www.quetzalma.org\/wp-content\/uploads\/2023\/12\/Nadine-Martine-Roland-150x113.jpg 150w\" sizes=\"auto, (max-width: 300px) 100vw, 300px\" \/><\/a><\/div>\n<div dir=\"auto\"><\/div>\n<div dir=\"auto\"><\/div>\n","protected":false},"excerpt":{"rendered":"<p>\u00a0 \u00a0\u00a0\u00a0\u00a0 A l&rsquo;ext\u00e9rieur dans les chalets en bois et \u00e0 l&rsquo;int\u00e9rieur de la salle, on a trouv\u00e9 de l&rsquo;artisanat, des bredeles, du vin ou\u2026<\/p>\n<p class=\"continue-reading-button\"> <a class=\"continue-reading-link\" href=\"https:\/\/www.quetzalma.org\/?page_id=13005\">Lire la suite<i class=\"crycon-right-dir\"><\/i><\/a><\/p>\n","protected":false},"author":1,"featured_media":13011,"parent":12416,"menu_order":8,"comment_status":"closed","ping_status":"open","template":"","meta":{"footnotes":""},"class_list":["post-13005","page","type-page","status-publish","has-post-thumbnail","hentry"],"_links":{"self":[{"href":"https:\/\/www.quetzalma.org\/index.php?rest_route=\/wp\/v2\/pages\/13005","targetHints":{"allow":["GET"]}}],"collection":[{"href":"https:\/\/www.quetzalma.org\/index.php?rest_route=\/wp\/v2\/pages"}],"about":[{"href":"https:\/\/www.quetzalma.org\/index.php?rest_route=\/wp\/v2\/types\/page"}],"author":[{"embeddable":true,"href":"https:\/\/www.quetzalma.org\/index.php?rest_route=\/wp\/v2\/users\/1"}],"replies":[{"embeddable":true,"href":"https:\/\/www.quetzalma.org\/index.php?rest_route=%2Fwp%2Fv2%2Fcomments&post=13005"}],"version-history":[{"count":7,"href":"https:\/\/www.quetzalma.org\/index.php?rest_route=\/wp\/v2\/pages\/13005\/revisions"}],"predecessor-version":[{"id":13279,"href":"https:\/\/www.quetzalma.org\/index.php?rest_route=\/wp\/v2\/pages\/13005\/revisions\/13279"}],"up":[{"embeddable":true,"href":"https:\/\/www.quetzalma.org\/index.php?rest_route=\/wp\/v2\/pages\/12416"}],"wp:featuredmedia":[{"embeddable":true,"href":"https:\/\/www.quetzalma.org\/index.php?rest_route=\/wp\/v2\/media\/13011"}],"wp:attachment":[{"href":"https:\/\/www.quetzalma.org\/index.php?rest_route=%2Fwp%2Fv2%2Fmedia&parent=13005"}],"curies":[{"name":"wp","href":"https:\/\/api.w.org\/{rel}","templated":true}]}}