{"id":13282,"date":"2024-02-14T15:39:58","date_gmt":"2024-02-14T14:39:58","guid":{"rendered":"https:\/\/www.quetzalma.org\/?p=13282"},"modified":"2024-03-15T16:53:05","modified_gmt":"2024-03-15T15:53:05","slug":"noel-la-bas-dans-les-montagnes-avec-elith-et-son-equipe","status":"publish","type":"page","link":"https:\/\/www.quetzalma.org\/?page_id=13282","title":{"rendered":"NO\u00cbL l\u00e0-bas dans les montagnes avec Elith et son \u00e9quipe"},"content":{"rendered":"<div class=\"pdfprnt-buttons pdfprnt-buttons-page pdfprnt-top-right\"><a href=\"https:\/\/www.quetzalma.org\/index.php?rest_route=%2Fwp%2Fv2%2Fpages%2F13282&print=pdf\" class=\"pdfprnt-button pdfprnt-button-pdf\" target=\"_blank\" ><img decoding=\"async\" src=\"https:\/\/www.quetzalma.org\/wp-content\/plugins\/pdf-print\/images\/pdf.png\" alt=\"image_pdf\" title=\"Afficher le PDF\" \/><\/a><a href=\"https:\/\/www.quetzalma.org\/index.php?rest_route=%2Fwp%2Fv2%2Fpages%2F13282&print=print\" class=\"pdfprnt-button pdfprnt-button-print\" target=\"_blank\" ><img decoding=\"async\" src=\"https:\/\/www.quetzalma.org\/wp-content\/plugins\/pdf-print\/images\/print.png\" alt=\"image_print\" title=\"Contenu imprim\u00e9\" \/><\/a><\/div><div class=\"xdj266r x11i5rnm xat24cr x1mh8g0r x1vvkbs x126k92a\">\n<div dir=\"auto\">Un moment important que nous aimons particuli\u00e8rement partager.<\/div>\n<div dir=\"auto\"><\/div>\n<div dir=\"auto\">\n<p dir=\"auto\"><span style=\"font-family: Georgia, 'Times New Roman', Times, serif;\">Une main ouverte pour soutenir le plus d\u00e9favoris\u00e9, du temps offert pour combler une solitude, une attention qui ne faiblit pas pour venir en aide, une \u00e9coute vigilante pour maintenir vivante une relation, une parole ajust\u00e9e et accompagnante\u2026 <\/span><\/p>\n<p><span style=\"font-family: Georgia, 'Times New Roman', Times, serif;\">Quelle belle forme de spiritualit\u00e9 !!<\/span><\/p>\n<\/div>\n<p dir=\"auto\">Le respect sans faille pour les croyances de chacun, qu\u2019elles soient religieuses ou non, permettrait de cre\u0301er des ponts d\u2019entente et d\u2019avancer ensemble; le bonheur des e\u0302tres humains serait au c\u0153ur de toutes les pre\u0301occupations.<\/p>\n<p><a href=\"https:\/\/www.quetzalma.org\/?attachment_id=13030\" rel=\"attachment wp-att-13030\">Et me\u0302me s\u2019il est vrai que toute re\u0301alisation demande a\u0300 e\u0302tre accompagne\u0301e de sagesse, de bon sens, de courage, de perse\u0301ve\u0301rance et d\u2019actions concre\u0300tes, il est e\u0301galement essentiel d\u2019accepter certains phe\u0301nome\u0300nes qui nous de\u0301passent.<\/a><\/p>\n<\/div>\n<div dir=\"auto\"><\/div>\n<div dir=\"auto\"><\/div>\n<div class=\"xdj266r x11i5rnm xat24cr x1mh8g0r x1vvkbs x126k92a\">\n<div dir=\"auto\">\u00a0 \u00a0\u00a0 \u00a0\u00a0 \u00a0\u00a0 \u00a0<a href=\"https:\/\/www.quetzalma.org\/?attachment_id=13030\" rel=\"attachment wp-att-13030\">\u00a0 \u00a0<\/a><a href=\"https:\/\/www.quetzalma.org\/?attachment_id=13296\" rel=\"attachment wp-att-13296\"><img loading=\"lazy\" decoding=\"async\" class=\"wp-image-13296 alignnone\" src=\"https:\/\/www.quetzalma.org\/wp-content\/uploads\/2024\/02\/a3f59c3f-8df7-41ae-a312-c39cff76491f-300x300.jpg\" alt=\"\" width=\"207\" height=\"207\" srcset=\"https:\/\/www.quetzalma.org\/wp-content\/uploads\/2024\/02\/a3f59c3f-8df7-41ae-a312-c39cff76491f-300x300.jpg 300w, https:\/\/www.quetzalma.org\/wp-content\/uploads\/2024\/02\/a3f59c3f-8df7-41ae-a312-c39cff76491f-1024x1020.jpg 1024w, https:\/\/www.quetzalma.org\/wp-content\/uploads\/2024\/02\/a3f59c3f-8df7-41ae-a312-c39cff76491f-150x150.jpg 150w, https:\/\/www.quetzalma.org\/wp-content\/uploads\/2024\/02\/a3f59c3f-8df7-41ae-a312-c39cff76491f-768x765.jpg 768w, https:\/\/www.quetzalma.org\/wp-content\/uploads\/2024\/02\/a3f59c3f-8df7-41ae-a312-c39cff76491f-1536x1530.jpg 1536w, https:\/\/www.quetzalma.org\/wp-content\/uploads\/2024\/02\/a3f59c3f-8df7-41ae-a312-c39cff76491f.jpg 1600w\" sizes=\"auto, (max-width: 207px) 100vw, 207px\" \/><\/a><a href=\"https:\/\/www.quetzalma.org\/?attachment_id=13030\" rel=\"attachment wp-att-13030\">\u00a0 \u00a0 \u00a0 \u00a0 \u00a0 \u00a0 \u00a0 \u00a0 \u00a0 <img loading=\"lazy\" decoding=\"async\" class=\"size-medium wp-image-13030 alignnone\" src=\"https:\/\/www.quetzalma.org\/wp-content\/uploads\/2023\/12\/409937774_7319681861375386_6387741668073243009_n-300x213.jpg\" alt=\"\" width=\"300\" height=\"213\" srcset=\"https:\/\/www.quetzalma.org\/wp-content\/uploads\/2023\/12\/409937774_7319681861375386_6387741668073243009_n-300x213.jpg 300w, https:\/\/www.quetzalma.org\/wp-content\/uploads\/2023\/12\/409937774_7319681861375386_6387741668073243009_n-1024x726.jpg 1024w, https:\/\/www.quetzalma.org\/wp-content\/uploads\/2023\/12\/409937774_7319681861375386_6387741668073243009_n-768x544.jpg 768w, https:\/\/www.quetzalma.org\/wp-content\/uploads\/2023\/12\/409937774_7319681861375386_6387741668073243009_n-1536x1089.jpg 1536w, https:\/\/www.quetzalma.org\/wp-content\/uploads\/2023\/12\/409937774_7319681861375386_6387741668073243009_n-150x106.jpg 150w, https:\/\/www.quetzalma.org\/wp-content\/uploads\/2023\/12\/409937774_7319681861375386_6387741668073243009_n.jpg 1600w\" sizes=\"auto, (max-width: 300px) 100vw, 300px\" \/><\/a><\/div>\n<\/div>\n<div dir=\"auto\"><\/div>\n<div dir=\"auto\"><\/div>\n<div dir=\"auto\">\n<p><a href=\"https:\/\/www.quetzalma.org\/?attachment_id=13283\" rel=\"attachment wp-att-13283\">\u00a0 \u00a0 \u00a0 \u00a0 \u00a0 \u00a0 \u00a0 \u00a0 \u00a0 \u00a0<img loading=\"lazy\" decoding=\"async\" class=\"size-medium wp-image-13283 alignnone\" src=\"https:\/\/www.quetzalma.org\/wp-content\/uploads\/2024\/02\/PHOTO-2023-12-01-225x300.jpg\" alt=\"\" width=\"225\" height=\"300\" srcset=\"https:\/\/www.quetzalma.org\/wp-content\/uploads\/2024\/02\/PHOTO-2023-12-01-225x300.jpg 225w, https:\/\/www.quetzalma.org\/wp-content\/uploads\/2024\/02\/PHOTO-2023-12-01-768x1024.jpg 768w, https:\/\/www.quetzalma.org\/wp-content\/uploads\/2024\/02\/PHOTO-2023-12-01-1152x1536.jpg 1152w, https:\/\/www.quetzalma.org\/wp-content\/uploads\/2024\/02\/PHOTO-2023-12-01-113x150.jpg 113w, https:\/\/www.quetzalma.org\/wp-content\/uploads\/2024\/02\/PHOTO-2023-12-01.jpg 1200w\" sizes=\"auto, (max-width: 225px) 100vw, 225px\" \/>\u00a0 \u00a0 \u00a0 \u00a0 \u00a0 \u00a0 \u00a0 \u00a0\u00a0<\/a> <img loading=\"lazy\" decoding=\"async\" class=\"size-medium wp-image-13284 alignnone\" src=\"https:\/\/www.quetzalma.org\/wp-content\/uploads\/2024\/02\/PHOTO-2023-12-2-268x300.jpg\" alt=\"\" width=\"268\" height=\"300\" srcset=\"https:\/\/www.quetzalma.org\/wp-content\/uploads\/2024\/02\/PHOTO-2023-12-2-268x300.jpg 268w, https:\/\/www.quetzalma.org\/wp-content\/uploads\/2024\/02\/PHOTO-2023-12-2-916x1024.jpg 916w, https:\/\/www.quetzalma.org\/wp-content\/uploads\/2024\/02\/PHOTO-2023-12-2-768x859.jpg 768w, https:\/\/www.quetzalma.org\/wp-content\/uploads\/2024\/02\/PHOTO-2023-12-2-1374x1536.jpg 1374w, https:\/\/www.quetzalma.org\/wp-content\/uploads\/2024\/02\/PHOTO-2023-12-2-134x150.jpg 134w, https:\/\/www.quetzalma.org\/wp-content\/uploads\/2024\/02\/PHOTO-2023-12-2.jpg 1431w\" sizes=\"auto, (max-width: 268px) 100vw, 268px\" \/><\/p>\n<p>&nbsp;<\/p>\n<p>&nbsp;<\/p>\n<p><a href=\"https:\/\/www.quetzalma.org\/?attachment_id=13286\" rel=\"attachment wp-att-13286\"> <img loading=\"lazy\" decoding=\"async\" class=\"wp-image-13286 alignnone\" src=\"https:\/\/www.quetzalma.org\/wp-content\/uploads\/2024\/02\/PHOTO-2023-12-4-300x294.jpg\" alt=\"\" width=\"240\" height=\"235\" srcset=\"https:\/\/www.quetzalma.org\/wp-content\/uploads\/2024\/02\/PHOTO-2023-12-4-300x294.jpg 300w, https:\/\/www.quetzalma.org\/wp-content\/uploads\/2024\/02\/PHOTO-2023-12-4-1024x1002.jpg 1024w, https:\/\/www.quetzalma.org\/wp-content\/uploads\/2024\/02\/PHOTO-2023-12-4-768x752.jpg 768w, https:\/\/www.quetzalma.org\/wp-content\/uploads\/2024\/02\/PHOTO-2023-12-4-150x147.jpg 150w, https:\/\/www.quetzalma.org\/wp-content\/uploads\/2024\/02\/PHOTO-2023-12-4.jpg 1359w\" sizes=\"auto, (max-width: 240px) 100vw, 240px\" \/><\/a><a href=\"https:\/\/www.quetzalma.org\/?attachment_id=13285\" rel=\"attachment wp-att-13285\"><img loading=\"lazy\" decoding=\"async\" class=\"wp-image-13285 alignleft\" src=\"https:\/\/www.quetzalma.org\/wp-content\/uploads\/2024\/02\/PHOTO-2023-12-3-300x169.jpg\" alt=\"\" width=\"412\" height=\"232\" srcset=\"https:\/\/www.quetzalma.org\/wp-content\/uploads\/2024\/02\/PHOTO-2023-12-3-300x169.jpg 300w, https:\/\/www.quetzalma.org\/wp-content\/uploads\/2024\/02\/PHOTO-2023-12-3-1024x576.jpg 1024w, https:\/\/www.quetzalma.org\/wp-content\/uploads\/2024\/02\/PHOTO-2023-12-3-768x432.jpg 768w, https:\/\/www.quetzalma.org\/wp-content\/uploads\/2024\/02\/PHOTO-2023-12-3-150x84.jpg 150w, https:\/\/www.quetzalma.org\/wp-content\/uploads\/2024\/02\/PHOTO-2023-12-3.jpg 1280w\" sizes=\"auto, (max-width: 412px) 100vw, 412px\" \/><\/a><\/p>\n<p>&nbsp;<\/p>\n<p><img loading=\"lazy\" decoding=\"async\" class=\"size-medium wp-image-13287 alignnone\" src=\"https:\/\/www.quetzalma.org\/wp-content\/uploads\/2024\/02\/PHOTO-2024-01-5-226x300.jpg\" alt=\"\" width=\"226\" height=\"300\" srcset=\"https:\/\/www.quetzalma.org\/wp-content\/uploads\/2024\/02\/PHOTO-2024-01-5-226x300.jpg 226w, https:\/\/www.quetzalma.org\/wp-content\/uploads\/2024\/02\/PHOTO-2024-01-5-113x150.jpg 113w, https:\/\/www.quetzalma.org\/wp-content\/uploads\/2024\/02\/PHOTO-2024-01-5.jpg 768w\" sizes=\"auto, (max-width: 226px) 100vw, 226px\" \/>\u00a0 \u00a0 \u00a0 \u00a0<a href=\"https:\/\/www.quetzalma.org\/?attachment_id=13288\" rel=\"attachment wp-att-13288\"><img loading=\"lazy\" decoding=\"async\" class=\"size-medium wp-image-13288 alignnone\" src=\"https:\/\/www.quetzalma.org\/wp-content\/uploads\/2024\/02\/PHOTO-2024-01-6-226x300.jpg\" alt=\"\" width=\"226\" height=\"300\" srcset=\"https:\/\/www.quetzalma.org\/wp-content\/uploads\/2024\/02\/PHOTO-2024-01-6-226x300.jpg 226w, https:\/\/www.quetzalma.org\/wp-content\/uploads\/2024\/02\/PHOTO-2024-01-6-113x150.jpg 113w, https:\/\/www.quetzalma.org\/wp-content\/uploads\/2024\/02\/PHOTO-2024-01-6.jpg 768w\" sizes=\"auto, (max-width: 226px) 100vw, 226px\" \/>\u00a0\u00a0\u00a0\u00a0\u00a0\u00a0<\/a> <a href=\"https:\/\/www.quetzalma.org\/?attachment_id=13289\" rel=\"attachment wp-att-13289\"><img loading=\"lazy\" decoding=\"async\" class=\"size-medium wp-image-13289 alignnone\" src=\"https:\/\/www.quetzalma.org\/wp-content\/uploads\/2024\/02\/PHOTO-2024-01-7-226x300.jpg\" alt=\"\" width=\"226\" height=\"300\" srcset=\"https:\/\/www.quetzalma.org\/wp-content\/uploads\/2024\/02\/PHOTO-2024-01-7-226x300.jpg 226w, https:\/\/www.quetzalma.org\/wp-content\/uploads\/2024\/02\/PHOTO-2024-01-7-771x1024.jpg 771w, https:\/\/www.quetzalma.org\/wp-content\/uploads\/2024\/02\/PHOTO-2024-01-7-768x1021.jpg 768w, https:\/\/www.quetzalma.org\/wp-content\/uploads\/2024\/02\/PHOTO-2024-01-7-1156x1536.jpg 1156w, https:\/\/www.quetzalma.org\/wp-content\/uploads\/2024\/02\/PHOTO-2024-01-7-113x150.jpg 113w, https:\/\/www.quetzalma.org\/wp-content\/uploads\/2024\/02\/PHOTO-2024-01-7.jpg 1204w\" sizes=\"auto, (max-width: 226px) 100vw, 226px\" \/><\/a><\/p>\n<p><a href=\"https:\/\/www.quetzalma.org\/?attachment_id=13290\" rel=\"attachment wp-att-13290\"><img loading=\"lazy\" decoding=\"async\" class=\"size-medium wp-image-13290 alignleft\" src=\"https:\/\/www.quetzalma.org\/wp-content\/uploads\/2024\/02\/PHOTO-2024-01-8-226x300.jpg\" alt=\"\" width=\"226\" height=\"300\" srcset=\"https:\/\/www.quetzalma.org\/wp-content\/uploads\/2024\/02\/PHOTO-2024-01-8-226x300.jpg 226w, https:\/\/www.quetzalma.org\/wp-content\/uploads\/2024\/02\/PHOTO-2024-01-8-113x150.jpg 113w, https:\/\/www.quetzalma.org\/wp-content\/uploads\/2024\/02\/PHOTO-2024-01-8.jpg 768w\" sizes=\"auto, (max-width: 226px) 100vw, 226px\" \/><\/a> <a href=\"https:\/\/www.quetzalma.org\/?attachment_id=13291\" rel=\"attachment wp-att-13291\"><img loading=\"lazy\" decoding=\"async\" class=\"size-medium wp-image-13291 alignnone\" src=\"https:\/\/www.quetzalma.org\/wp-content\/uploads\/2024\/02\/PHOTO-2024-01-9-226x300.jpg\" alt=\"\" width=\"226\" height=\"300\" srcset=\"https:\/\/www.quetzalma.org\/wp-content\/uploads\/2024\/02\/PHOTO-2024-01-9-226x300.jpg 226w, https:\/\/www.quetzalma.org\/wp-content\/uploads\/2024\/02\/PHOTO-2024-01-9-771x1024.jpg 771w, https:\/\/www.quetzalma.org\/wp-content\/uploads\/2024\/02\/PHOTO-2024-01-9-768x1021.jpg 768w, https:\/\/www.quetzalma.org\/wp-content\/uploads\/2024\/02\/PHOTO-2024-01-9-1156x1536.jpg 1156w, https:\/\/www.quetzalma.org\/wp-content\/uploads\/2024\/02\/PHOTO-2024-01-9-113x150.jpg 113w, https:\/\/www.quetzalma.org\/wp-content\/uploads\/2024\/02\/PHOTO-2024-01-9.jpg 1204w\" sizes=\"auto, (max-width: 226px) 100vw, 226px\" \/>\u00a0\u00a0\u00a0\u00a0\u00a0\u00a0<\/a> <a href=\"https:\/\/www.quetzalma.org\/?attachment_id=13292\" rel=\"attachment wp-att-13292\"><img loading=\"lazy\" decoding=\"async\" class=\"size-medium wp-image-13292 alignnone\" src=\"https:\/\/www.quetzalma.org\/wp-content\/uploads\/2024\/02\/PHOTO-2024-01-10-226x300.jpg\" alt=\"\" width=\"226\" height=\"300\" srcset=\"https:\/\/www.quetzalma.org\/wp-content\/uploads\/2024\/02\/PHOTO-2024-01-10-226x300.jpg 226w, https:\/\/www.quetzalma.org\/wp-content\/uploads\/2024\/02\/PHOTO-2024-01-10-771x1024.jpg 771w, https:\/\/www.quetzalma.org\/wp-content\/uploads\/2024\/02\/PHOTO-2024-01-10-768x1021.jpg 768w, https:\/\/www.quetzalma.org\/wp-content\/uploads\/2024\/02\/PHOTO-2024-01-10-1156x1536.jpg 1156w, https:\/\/www.quetzalma.org\/wp-content\/uploads\/2024\/02\/PHOTO-2024-01-10-113x150.jpg 113w, https:\/\/www.quetzalma.org\/wp-content\/uploads\/2024\/02\/PHOTO-2024-01-10.jpg 1204w\" sizes=\"auto, (max-width: 226px) 100vw, 226px\" \/><\/a><\/p>\n<p><a href=\"https:\/\/www.quetzalma.org\/?attachment_id=13293\" rel=\"attachment wp-att-13293\"><img loading=\"lazy\" decoding=\"async\" class=\"size-medium wp-image-13293 alignleft\" src=\"https:\/\/www.quetzalma.org\/wp-content\/uploads\/2024\/02\/PHOTO-2024-01-11-226x300.jpg\" alt=\"\" width=\"226\" height=\"300\" srcset=\"https:\/\/www.quetzalma.org\/wp-content\/uploads\/2024\/02\/PHOTO-2024-01-11-226x300.jpg 226w, https:\/\/www.quetzalma.org\/wp-content\/uploads\/2024\/02\/PHOTO-2024-01-11-771x1024.jpg 771w, https:\/\/www.quetzalma.org\/wp-content\/uploads\/2024\/02\/PHOTO-2024-01-11-768x1021.jpg 768w, https:\/\/www.quetzalma.org\/wp-content\/uploads\/2024\/02\/PHOTO-2024-01-11-1156x1536.jpg 1156w, https:\/\/www.quetzalma.org\/wp-content\/uploads\/2024\/02\/PHOTO-2024-01-11-113x150.jpg 113w, https:\/\/www.quetzalma.org\/wp-content\/uploads\/2024\/02\/PHOTO-2024-01-11.jpg 1204w\" sizes=\"auto, (max-width: 226px) 100vw, 226px\" \/><\/a> <a href=\"https:\/\/www.quetzalma.org\/?attachment_id=13294\" rel=\"attachment wp-att-13294\"><img loading=\"lazy\" decoding=\"async\" class=\"size-medium wp-image-13294 alignnone\" src=\"https:\/\/www.quetzalma.org\/wp-content\/uploads\/2024\/02\/PHOTO-2024-01-12-226x300.jpg\" alt=\"\" width=\"226\" height=\"300\" srcset=\"https:\/\/www.quetzalma.org\/wp-content\/uploads\/2024\/02\/PHOTO-2024-01-12-226x300.jpg 226w, https:\/\/www.quetzalma.org\/wp-content\/uploads\/2024\/02\/PHOTO-2024-01-12-771x1024.jpg 771w, https:\/\/www.quetzalma.org\/wp-content\/uploads\/2024\/02\/PHOTO-2024-01-12-768x1021.jpg 768w, https:\/\/www.quetzalma.org\/wp-content\/uploads\/2024\/02\/PHOTO-2024-01-12-1156x1536.jpg 1156w, https:\/\/www.quetzalma.org\/wp-content\/uploads\/2024\/02\/PHOTO-2024-01-12-113x150.jpg 113w, https:\/\/www.quetzalma.org\/wp-content\/uploads\/2024\/02\/PHOTO-2024-01-12.jpg 1204w\" sizes=\"auto, (max-width: 226px) 100vw, 226px\" \/>\u00a0\u00a0\u00a0\u00a0\u00a0\u00a0<\/a> <a href=\"https:\/\/www.quetzalma.org\/?attachment_id=13295\" rel=\"attachment wp-att-13295\"><img loading=\"lazy\" decoding=\"async\" class=\"size-medium wp-image-13295 alignnone\" src=\"https:\/\/www.quetzalma.org\/wp-content\/uploads\/2024\/02\/PHOTO-2024-01-13-226x300.jpg\" alt=\"\" width=\"226\" height=\"300\" srcset=\"https:\/\/www.quetzalma.org\/wp-content\/uploads\/2024\/02\/PHOTO-2024-01-13-226x300.jpg 226w, https:\/\/www.quetzalma.org\/wp-content\/uploads\/2024\/02\/PHOTO-2024-01-13-771x1024.jpg 771w, https:\/\/www.quetzalma.org\/wp-content\/uploads\/2024\/02\/PHOTO-2024-01-13-768x1021.jpg 768w, https:\/\/www.quetzalma.org\/wp-content\/uploads\/2024\/02\/PHOTO-2024-01-13-1156x1536.jpg 1156w, https:\/\/www.quetzalma.org\/wp-content\/uploads\/2024\/02\/PHOTO-2024-01-13-113x150.jpg 113w, https:\/\/www.quetzalma.org\/wp-content\/uploads\/2024\/02\/PHOTO-2024-01-13.jpg 1204w\" sizes=\"auto, (max-width: 226px) 100vw, 226px\" \/><\/a><\/p>\n<p>&nbsp;<\/p>\n<\/div>\n<div class=\"x11i5rnm xat24cr x1mh8g0r x1vvkbs xtlvy1s x126k92a\">\n<div dir=\"auto\"><span style=\"color: #ff00ff;\">MILLE MERCIS A NOS SYMTAHISANTS, A TOUS CEUX QUI NOUS SOUTIENNENT TOUT AU LONG DE L&rsquo;ANNEE !<\/span><\/div>\n<div dir=\"auto\">\u00a0 \u00a0 \u00a0 \u00a0 \u00a0 \u00a0 \u00a0 \u00a0 \u00a0 \u00a0 \u00a0 \u00a0 \u00a0 \u00a0 \u00a0 \u00a0 \u00a0 \u00a0 \u00a0 \u00a0 \u00a0 \u00a0 \u00a0 \u00a0 \u00a0 \u00a0 \u00a0 \u00a0 \u00a0 \u00a0 \u00a0 \u00a0 \u00a0 \u00a0 \u00a0 \u00a0 \u00a0 \u00a0 \u00a0 SANS VOUS RIEN NE SERAIT POSSIBLE<\/div>\n<div dir=\"auto\"><\/div>\n<div dir=\"auto\"><span style=\"color: #ff00ff;\"><a href=\"https:\/\/www.quetzalma.org\/?attachment_id=7804\" rel=\"attachment wp-att-7804\">\u00a0 \u00a0 \u00a0 \u00a0 \u00a0 \u00a0 \u00a0 \u00a0 \u00a0 \u00a0 \u00a0 \u00a0 \u00a0 \u00a0 \u00a0 \u00a0 \u00a0 \u00a0 \u00a0 \u00a0 \u00a0 \u00a0 \u00a0 \u00a0 \u00a0 \u00a0 \u00a0 \u00a0 \u00a0 \u00a0 \u00a0 \u00a0 \u00a0 \u00a0 \u00a0 \u00a0 \u00a0<img loading=\"lazy\" decoding=\"async\" class=\"size-medium wp-image-7804 alignnone\" src=\"https:\/\/www.quetzalma.org\/wp-content\/uploads\/2020\/09\/dce87d7a9ba039a4200a546a68e5e4d0-300x296.jpg\" alt=\"\" width=\"300\" height=\"296\" srcset=\"https:\/\/www.quetzalma.org\/wp-content\/uploads\/2020\/09\/dce87d7a9ba039a4200a546a68e5e4d0-300x296.jpg 300w, https:\/\/www.quetzalma.org\/wp-content\/uploads\/2020\/09\/dce87d7a9ba039a4200a546a68e5e4d0-150x148.jpg 150w, https:\/\/www.quetzalma.org\/wp-content\/uploads\/2020\/09\/dce87d7a9ba039a4200a546a68e5e4d0.jpg 480w\" sizes=\"auto, (max-width: 300px) 100vw, 300px\" \/><\/a><\/span><\/div>\n<\/div>\n<div class=\"x11i5rnm xat24cr x1mh8g0r x1vvkbs xtlvy1s x126k92a\">\n<div dir=\"auto\">\n<p>&nbsp;<\/p>\n<\/div>\n<\/div>\n","protected":false},"excerpt":{"rendered":"<p>Un moment important que nous aimons particuli\u00e8rement partager. Une main ouverte pour soutenir le plus d\u00e9favoris\u00e9, du temps offert pour combler une solitude, une attention\u2026<\/p>\n<p class=\"continue-reading-button\"> <a class=\"continue-reading-link\" href=\"https:\/\/www.quetzalma.org\/?page_id=13282\">Lire la suite<i class=\"crycon-right-dir\"><\/i><\/a><\/p>\n","protected":false},"author":1,"featured_media":13284,"parent":12419,"menu_order":6,"comment_status":"closed","ping_status":"open","template":"","meta":{"footnotes":""},"class_list":["post-13282","page","type-page","status-publish","has-post-thumbnail","hentry"],"_links":{"self":[{"href":"https:\/\/www.quetzalma.org\/index.php?rest_route=\/wp\/v2\/pages\/13282","targetHints":{"allow":["GET"]}}],"collection":[{"href":"https:\/\/www.quetzalma.org\/index.php?rest_route=\/wp\/v2\/pages"}],"about":[{"href":"https:\/\/www.quetzalma.org\/index.php?rest_route=\/wp\/v2\/types\/page"}],"author":[{"embeddable":true,"href":"https:\/\/www.quetzalma.org\/index.php?rest_route=\/wp\/v2\/users\/1"}],"replies":[{"embeddable":true,"href":"https:\/\/www.quetzalma.org\/index.php?rest_route=%2Fwp%2Fv2%2Fcomments&post=13282"}],"version-history":[{"count":5,"href":"https:\/\/www.quetzalma.org\/index.php?rest_route=\/wp\/v2\/pages\/13282\/revisions"}],"predecessor-version":[{"id":13301,"href":"https:\/\/www.quetzalma.org\/index.php?rest_route=\/wp\/v2\/pages\/13282\/revisions\/13301"}],"up":[{"embeddable":true,"href":"https:\/\/www.quetzalma.org\/index.php?rest_route=\/wp\/v2\/pages\/12419"}],"wp:featuredmedia":[{"embeddable":true,"href":"https:\/\/www.quetzalma.org\/index.php?rest_route=\/wp\/v2\/media\/13284"}],"wp:attachment":[{"href":"https:\/\/www.quetzalma.org\/index.php?rest_route=%2Fwp%2Fv2%2Fmedia&parent=13282"}],"curies":[{"name":"wp","href":"https:\/\/api.w.org\/{rel}","templated":true}]}}