{"id":13657,"date":"2024-11-22T14:49:01","date_gmt":"2024-11-22T13:49:01","guid":{"rendered":"https:\/\/www.quetzalma.org\/?p=13657"},"modified":"2024-12-07T13:09:25","modified_gmt":"2024-12-07T12:09:25","slug":"marches-de-noel-en-alsace-schweighouse-sur-moder-samedi-23-et-dimanche-24-novembre2024","status":"publish","type":"page","link":"https:\/\/www.quetzalma.org\/?page_id=13657","title":{"rendered":"March\u00e9s de No\u00ebl en Alsace : Schweighouse Sur Moder samedi 23 et dimanche 24 novembre2024"},"content":{"rendered":"<div class=\"pdfprnt-buttons pdfprnt-buttons-page pdfprnt-top-right\"><a href=\"https:\/\/www.quetzalma.org\/index.php?rest_route=%2Fwp%2Fv2%2Fpages%2F13657&print=pdf\" class=\"pdfprnt-button pdfprnt-button-pdf\" target=\"_blank\" ><img decoding=\"async\" src=\"https:\/\/www.quetzalma.org\/wp-content\/plugins\/pdf-print\/images\/pdf.png\" alt=\"image_pdf\" title=\"Afficher le PDF\" \/><\/a><a href=\"https:\/\/www.quetzalma.org\/index.php?rest_route=%2Fwp%2Fv2%2Fpages%2F13657&print=print\" class=\"pdfprnt-button pdfprnt-button-print\" target=\"_blank\" ><img decoding=\"async\" src=\"https:\/\/www.quetzalma.org\/wp-content\/plugins\/pdf-print\/images\/print.png\" alt=\"image_print\" title=\"Contenu imprim\u00e9\" \/><\/a><\/div><h2 style=\"text-align: center;\"><span style=\"font-family: georgia, palatino, serif; font-size: 14pt;\">D\u00e9couvrez la magie de No\u00ebl \u00e0 Schweighouse-sur-Moder !\u00a0<\/span><\/h2>\n<h2><span style=\"font-family: Georgia, 'Times New Roman', Times, serif; font-size: 14px;\"><a href=\"https:\/\/www.quetzalma.org\/?attachment_id=13660\" rel=\"attachment wp-att-13660\">\u00a0 \u00a0 \u00a0 \u00a0 \u00a0 \u00a0 \u00a0 \u00a0 \u00a0 \u00a0 \u00a0 \u00a0 \u00a0 \u00a0 \u00a0 \u00a0 \u00a0 \u00a0 \u00a0 \u00a0 <img loading=\"lazy\" decoding=\"async\" class=\"size-medium wp-image-13660 alignnone\" src=\"https:\/\/www.quetzalma.org\/wp-content\/uploads\/2024\/11\/marche_de_noel-Schweighouse-212x300.png\" alt=\"\" width=\"212\" height=\"300\" srcset=\"https:\/\/www.quetzalma.org\/wp-content\/uploads\/2024\/11\/marche_de_noel-Schweighouse-212x300.png 212w, https:\/\/www.quetzalma.org\/wp-content\/uploads\/2024\/11\/marche_de_noel-Schweighouse-724x1024.png 724w, https:\/\/www.quetzalma.org\/wp-content\/uploads\/2024\/11\/marche_de_noel-Schweighouse-768x1086.png 768w, https:\/\/www.quetzalma.org\/wp-content\/uploads\/2024\/11\/marche_de_noel-Schweighouse-1086x1536.png 1086w, https:\/\/www.quetzalma.org\/wp-content\/uploads\/2024\/11\/marche_de_noel-Schweighouse-106x150.png 106w, https:\/\/www.quetzalma.org\/wp-content\/uploads\/2024\/11\/marche_de_noel-Schweighouse.png 1414w\" sizes=\"auto, (max-width: 212px) 100vw, 212px\" \/>\u00a0\u00a0\u00a0 <\/a><a href=\"https:\/\/www.quetzalma.org\/?attachment_id=13658\" rel=\"attachment wp-att-13658\"><img loading=\"lazy\" decoding=\"async\" class=\"size-medium wp-image-13658 alignnone\" src=\"https:\/\/www.quetzalma.org\/wp-content\/uploads\/2024\/11\/NOEL_SCHWEIGHOUSE2023_825_426-300x194.jpg\" alt=\"\" width=\"300\" height=\"194\" srcset=\"https:\/\/www.quetzalma.org\/wp-content\/uploads\/2024\/11\/NOEL_SCHWEIGHOUSE2023_825_426-300x194.jpg 300w, https:\/\/www.quetzalma.org\/wp-content\/uploads\/2024\/11\/NOEL_SCHWEIGHOUSE2023_825_426-1024x664.jpg 1024w, https:\/\/www.quetzalma.org\/wp-content\/uploads\/2024\/11\/NOEL_SCHWEIGHOUSE2023_825_426-768x498.jpg 768w, https:\/\/www.quetzalma.org\/wp-content\/uploads\/2024\/11\/NOEL_SCHWEIGHOUSE2023_825_426-1536x996.jpg 1536w, https:\/\/www.quetzalma.org\/wp-content\/uploads\/2024\/11\/NOEL_SCHWEIGHOUSE2023_825_426-2048x1327.jpg 2048w, https:\/\/www.quetzalma.org\/wp-content\/uploads\/2024\/11\/NOEL_SCHWEIGHOUSE2023_825_426-150x97.jpg 150w\" sizes=\"auto, (max-width: 300px) 100vw, 300px\" \/><\/a><\/span><\/h2>\n<h2><span style=\"font-family: Georgia, 'Times New Roman', Times, serif; font-size: 14px;\"><span style=\"font-size: 12pt;\">Du 23 novembre 2024 au 5 janvier 2025, la commune se transforme en un v\u00e9ritable village f\u00e9\u00e9rique o\u00f9 petits et grands peuvent vivre des moments inoubliables. Entre march\u00e9s de No\u00ebl, spectacles de feu, balades immersives lumineuses, et ateliers cr\u00e9atifs, chaque instant est une c\u00e9l\u00e9bration de l\u2019esprit des f\u00eates.<\/span><\/span><\/h2>\n<div class=\"field field--name-body field--type-text-with-summary field--label-hidden field--item\">\n<ul>\n<li><span style=\"font-size: 12pt;\"><strong>Samedi 23 novembre 2024<\/strong><\/span>\n<ul>\n<li><span style=\"font-size: 12pt;\"><strong>March\u00e9 de No\u00ebl<\/strong>\u00a0: 16h \u00e0 19h (Centre Culturel et Sportif Robert Kaeufling)<\/span><\/li>\n<li><span style=\"font-size: 12pt;\"><strong>Bo\u00eete aux lettres du P\u00e8re No\u00ebl<\/strong>\u00a0: Disponible \u00e0 la M\u00e9diath\u00e8que (jusqu&rsquo;au jeudi 12 d\u00e9cembre)<\/span><\/li>\n<\/ul>\n<\/li>\n<li><span style=\"font-size: 12pt;\"><strong>Dimanche 24 novembre<\/strong><\/span>\n<ul>\n<li><span style=\"font-size: 12pt;\"><strong>March\u00e9 de No\u00ebl<\/strong> : 10h \u00e0 18h (Centre Culturel et Sportif Robert Kaeufling<\/span><\/li>\n<\/ul>\n<\/li>\n<li><strong>VENEZ NOUS RENDRE VISITE !!<\/strong><\/li>\n<\/ul>\n<\/div>\n","protected":false},"excerpt":{"rendered":"<p>D\u00e9couvrez la magie de No\u00ebl \u00e0 Schweighouse-sur-Moder !\u00a0 \u00a0 \u00a0 \u00a0 \u00a0 \u00a0 \u00a0 \u00a0 \u00a0 \u00a0 \u00a0 \u00a0 \u00a0 \u00a0 \u00a0 \u00a0 \u00a0 \u00a0\u2026<\/p>\n<p class=\"continue-reading-button\"> <a class=\"continue-reading-link\" href=\"https:\/\/www.quetzalma.org\/?page_id=13657\">Lire la suite<i class=\"crycon-right-dir\"><\/i><\/a><\/p>\n","protected":false},"author":1,"featured_media":0,"parent":13596,"menu_order":5,"comment_status":"closed","ping_status":"open","template":"","meta":{"footnotes":""},"class_list":["post-13657","page","type-page","status-publish","hentry"],"_links":{"self":[{"href":"https:\/\/www.quetzalma.org\/index.php?rest_route=\/wp\/v2\/pages\/13657","targetHints":{"allow":["GET"]}}],"collection":[{"href":"https:\/\/www.quetzalma.org\/index.php?rest_route=\/wp\/v2\/pages"}],"about":[{"href":"https:\/\/www.quetzalma.org\/index.php?rest_route=\/wp\/v2\/types\/page"}],"author":[{"embeddable":true,"href":"https:\/\/www.quetzalma.org\/index.php?rest_route=\/wp\/v2\/users\/1"}],"replies":[{"embeddable":true,"href":"https:\/\/www.quetzalma.org\/index.php?rest_route=%2Fwp%2Fv2%2Fcomments&post=13657"}],"version-history":[{"count":3,"href":"https:\/\/www.quetzalma.org\/index.php?rest_route=\/wp\/v2\/pages\/13657\/revisions"}],"predecessor-version":[{"id":13662,"href":"https:\/\/www.quetzalma.org\/index.php?rest_route=\/wp\/v2\/pages\/13657\/revisions\/13662"}],"up":[{"embeddable":true,"href":"https:\/\/www.quetzalma.org\/index.php?rest_route=\/wp\/v2\/pages\/13596"}],"wp:attachment":[{"href":"https:\/\/www.quetzalma.org\/index.php?rest_route=%2Fwp%2Fv2%2Fmedia&parent=13657"}],"curies":[{"name":"wp","href":"https:\/\/api.w.org\/{rel}","templated":true}]}}