{"id":13718,"date":"2025-01-13T14:17:51","date_gmt":"2025-01-13T13:17:51","guid":{"rendered":"https:\/\/www.quetzalma.org\/?p=13718"},"modified":"2026-03-01T09:42:22","modified_gmt":"2026-03-01T08:42:22","slug":"la-fete-de-noel-2024-pasitos-de-esperanza","status":"publish","type":"page","link":"https:\/\/www.quetzalma.org\/?page_id=13718","title":{"rendered":"La F\u00eate de No\u00ebl 2024 Pasitos de Esperanza"},"content":{"rendered":"<div class=\"pdfprnt-buttons pdfprnt-buttons-page pdfprnt-top-right\"><a href=\"https:\/\/www.quetzalma.org\/index.php?rest_route=%2Fwp%2Fv2%2Fpages%2F13718&print=pdf\" class=\"pdfprnt-button pdfprnt-button-pdf\" target=\"_blank\" ><img decoding=\"async\" src=\"https:\/\/www.quetzalma.org\/wp-content\/plugins\/pdf-print\/images\/pdf.png\" alt=\"image_pdf\" title=\"Afficher le PDF\" \/><\/a><a href=\"https:\/\/www.quetzalma.org\/index.php?rest_route=%2Fwp%2Fv2%2Fpages%2F13718&print=print\" class=\"pdfprnt-button pdfprnt-button-print\" target=\"_blank\" ><img decoding=\"async\" src=\"https:\/\/www.quetzalma.org\/wp-content\/plugins\/pdf-print\/images\/print.png\" alt=\"image_print\" title=\"Contenu imprim\u00e9\" \/><\/a><\/div><div class=\"xdj266r x11i5rnm xat24cr x1mh8g0r x1vvkbs x126k92a\">\n<div dir=\"auto\"><span style=\"font-size: 12pt;\">La f\u00eate de No\u00ebl 2024 fut un succ\u00e8s pour nos jeunes de Pasitos de Esperanza, comme chaque ann\u00e9e, une f\u00eate sp\u00e9ciale et inoubliable.<\/span><\/div>\n<\/div>\n<div class=\"x11i5rnm xat24cr x1mh8g0r x1vvkbs xtlvy1s x126k92a\">\n<div dir=\"auto\"><span style=\"font-size: 12pt;\">La musique commence, les jeunes sont d\u00e9j\u00e0 connect\u00e9s et c&rsquo;est l&rsquo;immersion dans la danse, ils vivent pleinement l&rsquo;instant pr\u00e9sent. Que de sensations et d&rsquo;\u00e9motions !<\/span><\/div>\n<div dir=\"auto\"><span style=\"font-size: 12pt;\">Les parents \u00e9taient heureux, bien fiers et ont particip\u00e9.<\/span><\/div>\n<div dir=\"auto\"><span style=\"font-size: 12pt;\">Les cours de danse ont fait effet, certains couples ont \u00e9t\u00e9 qualifi\u00e9s et r\u00e9compens\u00e9s.<\/span><\/div>\n<div dir=\"auto\"><span style=\"font-size: 12pt;\">Un d\u00e9licieux d\u00eener a \u00e9t\u00e9 servi et pour clore la f\u00eate de No\u00ebl, dans un bel emballage une surprise a \u00e9t\u00e9 distribu\u00e9e \u00e0 chacun de nos jeunes.<\/span><\/div>\n<div dir=\"auto\"><\/div>\n<\/div>\n<div class=\"x11i5rnm xat24cr x1mh8g0r x1vvkbs xtlvy1s x126k92a\">\n<div dir=\"auto\"><span style=\"font-size: 12pt;\"><em><span style=\"color: #ff00ff;\">Recevoir et offrir des cadeaux, c&rsquo;est l&rsquo;un des grands bonheurs des f\u00eates de fin d&rsquo;ann\u00e9e !<\/span><\/em><\/span><\/div>\n<div dir=\"auto\"><\/div>\n<\/div>\n<div class=\"x11i5rnm xat24cr x1mh8g0r x1vvkbs xtlvy1s x126k92a\">\n<div dir=\"auto\"><span style=\"font-size: 12pt;\">Mille Mercis \u00e0 tous nos sympathisants, \u00e0 nos amis, \u00e0 nos connaissances et \u00e0 tous ceux qui nous soutiennent ! <span class=\"html-span xexx8yu x4uap5 x18d9i69 xkhd6sd x1hl2dhg x16tdsg8 x1vvkbs x3nfvp2 x1j61x8r x1fcty0u xdj266r xat24cr xgzva0m xhhsvwb xxymvpz xlup9mm x1kky2od\"><img loading=\"lazy\" decoding=\"async\" class=\"xz74otr\" src=\"https:\/\/static.xx.fbcdn.net\/images\/emoji.php\/v9\/tea\/1\/16\/1f970.png\" alt=\"\" width=\"16\" height=\"16\" \/><\/span><span class=\"html-span xexx8yu x4uap5 x18d9i69 xkhd6sd x1hl2dhg x16tdsg8 x1vvkbs x3nfvp2 x1j61x8r x1fcty0u xdj266r xat24cr xgzva0m xhhsvwb xxymvpz xlup9mm x1kky2od\"><img loading=\"lazy\" decoding=\"async\" class=\"xz74otr\" src=\"https:\/\/static.xx.fbcdn.net\/images\/emoji.php\/v9\/tea\/1\/16\/1f970.png\" alt=\"\" width=\"16\" height=\"16\" \/><\/span><\/span><\/div>\n<div dir=\"auto\"><\/div>\n<\/div>\n<div dir=\"auto\"><\/div>\n<div dir=\"auto\"><\/div>\n<div dir=\"auto\"><a href=\"https:\/\/youtu.be\/mKd4onVy4Do?si=aspLxAd6Hp-MyVH8\">https:\/\/youtu.be\/mKd4onVy4Do?si=aspLxAd6Hp-MyVH8<\/a><\/div>\n<p><a href=\"https:\/\/www.facebook.com\/share\/1DKvzM6k1u\/\">https:\/\/www.facebook.com\/share\/1DKvzM6k1u\/<\/a><\/p>\n<div class=\"epyt-video-wrapper\"><iframe loading=\"lazy\"  id=\"_ytid_65008\"  width=\"900\" height=\"506\"  data-origwidth=\"900\" data-origheight=\"506\" src=\"https:\/\/www.youtube.com\/embed\/mKd4onVy4Do?enablejsapi=1&#038;autoplay=0&#038;cc_load_policy=0&#038;cc_lang_pref=&#038;iv_load_policy=1&#038;loop=0&#038;rel=1&#038;fs=1&#038;playsinline=0&#038;autohide=2&#038;theme=dark&#038;color=red&#038;controls=1&#038;disablekb=0&#038;\" class=\"__youtube_prefs__  epyt-is-override  no-lazyload\" title=\"YouTube player\"  allow=\"fullscreen; accelerometer; autoplay; clipboard-write; encrypted-media; gyroscope; picture-in-picture; web-share\" referrerpolicy=\"strict-origin-when-cross-origin\" allowfullscreen data-no-lazy=\"1\" data-skipgform_ajax_framebjll=\"\"><\/iframe><\/div>\n","protected":false},"excerpt":{"rendered":"<p>La f\u00eate de No\u00ebl 2024 fut un succ\u00e8s pour nos jeunes de Pasitos de Esperanza, comme chaque ann\u00e9e, une f\u00eate sp\u00e9ciale et inoubliable. La musique\u2026<\/p>\n<p class=\"continue-reading-button\"> <a class=\"continue-reading-link\" href=\"https:\/\/www.quetzalma.org\/?page_id=13718\">Lire la suite<i class=\"crycon-right-dir\"><\/i><\/a><\/p>\n","protected":false},"author":1,"featured_media":13724,"parent":7567,"menu_order":1,"comment_status":"closed","ping_status":"open","template":"","meta":{"footnotes":""},"class_list":["post-13718","page","type-page","status-publish","has-post-thumbnail","hentry"],"_links":{"self":[{"href":"https:\/\/www.quetzalma.org\/index.php?rest_route=\/wp\/v2\/pages\/13718","targetHints":{"allow":["GET"]}}],"collection":[{"href":"https:\/\/www.quetzalma.org\/index.php?rest_route=\/wp\/v2\/pages"}],"about":[{"href":"https:\/\/www.quetzalma.org\/index.php?rest_route=\/wp\/v2\/types\/page"}],"author":[{"embeddable":true,"href":"https:\/\/www.quetzalma.org\/index.php?rest_route=\/wp\/v2\/users\/1"}],"replies":[{"embeddable":true,"href":"https:\/\/www.quetzalma.org\/index.php?rest_route=%2Fwp%2Fv2%2Fcomments&post=13718"}],"version-history":[{"count":9,"href":"https:\/\/www.quetzalma.org\/index.php?rest_route=\/wp\/v2\/pages\/13718\/revisions"}],"predecessor-version":[{"id":13728,"href":"https:\/\/www.quetzalma.org\/index.php?rest_route=\/wp\/v2\/pages\/13718\/revisions\/13728"}],"up":[{"embeddable":true,"href":"https:\/\/www.quetzalma.org\/index.php?rest_route=\/wp\/v2\/pages\/7567"}],"wp:featuredmedia":[{"embeddable":true,"href":"https:\/\/www.quetzalma.org\/index.php?rest_route=\/wp\/v2\/media\/13724"}],"wp:attachment":[{"href":"https:\/\/www.quetzalma.org\/index.php?rest_route=%2Fwp%2Fv2%2Fmedia&parent=13718"}],"curies":[{"name":"wp","href":"https:\/\/api.w.org\/{rel}","templated":true}]}}