{"id":14000,"date":"2025-08-30T15:15:21","date_gmt":"2025-08-30T14:15:21","guid":{"rendered":"https:\/\/www.quetzalma.org\/?p=14000"},"modified":"2025-11-03T17:02:05","modified_gmt":"2025-11-03T16:02:05","slug":"fete-de-la-choucroute-dimanche-31-aout-2025-geispolsheim","status":"publish","type":"page","link":"https:\/\/www.quetzalma.org\/?page_id=14000","title":{"rendered":"F\u00eate de la Choucroute dimanche 31 ao\u00fbt 2025 Geispolsheim"},"content":{"rendered":"<div class=\"pdfprnt-buttons pdfprnt-buttons-page pdfprnt-top-right\"><a href=\"https:\/\/www.quetzalma.org\/index.php?rest_route=%2Fwp%2Fv2%2Fpages%2F14000&print=pdf\" class=\"pdfprnt-button pdfprnt-button-pdf\" target=\"_blank\" ><img decoding=\"async\" src=\"https:\/\/www.quetzalma.org\/wp-content\/plugins\/pdf-print\/images\/pdf.png\" alt=\"image_pdf\" title=\"Afficher le PDF\" \/><\/a><a href=\"https:\/\/www.quetzalma.org\/index.php?rest_route=%2Fwp%2Fv2%2Fpages%2F14000&print=print\" class=\"pdfprnt-button pdfprnt-button-print\" target=\"_blank\" ><img decoding=\"async\" src=\"https:\/\/www.quetzalma.org\/wp-content\/plugins\/pdf-print\/images\/print.png\" alt=\"image_print\" title=\"Contenu imprim\u00e9\" \/><\/a><\/div><div class=\"xdj266r x14z9mp xat24cr x1lziwak x1vvkbs x126k92a\">\n<div dir=\"auto\"><\/div>\n<\/div>\n<div class=\"x14z9mp xat24cr x1lziwak x1vvkbs xtlvy1s x126k92a\">\n<div dir=\"auto\">Une nouvelle \u00e9dition pleine de saveurs, de musique et de traditions.<\/div>\n<div dir=\"auto\">Cet \u00e9v\u00e9nement incontournable du Bas-Rhin promet de rassembler petits et grands autour de la c\u00e9l\u00e8bre choucroute alsacienne, accompagn\u00e9e de nombreuses animations !<\/div>\n<div dir=\"auto\"><\/div>\n<\/div>\n<div class=\"x14z9mp xat24cr x1lziwak x1vvkbs xtlvy1s x126k92a\">\n<div dir=\"auto\">Toute la journ\u00e9e, les animations seront nombreuses dans les rues de Geispolsheim :<\/div>\n<div dir=\"auto\">de 6h \u00e0 18h : vide-greniers au c\u0153ur du village<\/div>\n<div dir=\"auto\"><\/div>\n<\/div>\n<div class=\"x14z9mp xat24cr x1lziwak x1vvkbs xtlvy1s x126k92a\">\n<div dir=\"auto\">de 10h \u00e0 18h : march\u00e9 du terroir, place de l&rsquo;\u00c9glise et rue du Maire F. Nuss<\/div>\n<div dir=\"auto\">march\u00e9 de l&rsquo;artisanat, rue du G\u00e9n\u00e9ral de Gaulle<\/div>\n<div dir=\"auto\">animations foraines, rue du G\u00e9n\u00e9ral de Gaulle<\/div>\n<div dir=\"auto\">exposition de bus anciens, place Albert Schweitzer<\/div>\n<div dir=\"auto\"><\/div>\n<\/div>\n<div class=\"x14z9mp xat24cr x1lziwak x1vvkbs xtlvy1s x126k92a\">\n<div dir=\"auto\">de 11h \u00e0 15h : animations sur le podium avec La Mini Fanfare des Balcons, Chez l\u2019Fred<\/div>\n<div dir=\"auto\"><\/div>\n<\/div>\n<div class=\"x14z9mp xat24cr x1lziwak x1vvkbs xtlvy1s x126k92a\">\n<div dir=\"auto\">12h : concert de la Musique Municipale de Geispolsheim \u00e0 l&rsquo;Espace Malraux<\/div>\n<div dir=\"auto\"><\/div>\n<\/div>\n<div class=\"x14z9mp xat24cr x1lziwak x1vvkbs xtlvy1s x126k92a\">\n<div dir=\"auto\">15h : le cort\u00e8ge sur le th\u00e8me \u00ab\u00a0Les m\u00e9tiers d&rsquo;ext\u00e9rieurs d&rsquo;autrefois\u00a0\u00bb<\/div>\n<div dir=\"auto\"><\/div>\n<\/div>\n<div class=\"x14z9mp xat24cr x1lziwak x1vvkbs xtlvy1s x126k92a\">\n<div dir=\"auto\">18h30 : Groupe Folklorique \/ Harmonie de Blaesheim \u00e0 l&rsquo;Espace Malraux<\/div>\n<div dir=\"auto\">Les fanfares, harmonies, et troupes de danse traditionnelle offriront des performances entra\u00eenantes et color\u00e9es, contribuant \u00e0 l&rsquo;atmosph\u00e8re festive de l&rsquo;\u00e9v\u00e9nement.<\/div>\n<\/div>\n<div class=\"x14z9mp xat24cr x1lziwak x1vvkbs xtlvy1s x126k92a\">\n<div dir=\"auto\">Parade de chars, groupes folkloriques et animations musicales<\/div>\n<div dir=\"auto\">Le temps fort de cette f\u00eate reste, \u00e9videmment, le grand cort\u00e8ge de la F\u00eate de la Choucroute 2025 sur le th\u00e8me \u00ab\u00a0Les m\u00e9tiers d&rsquo;ext\u00e9rieurs d&rsquo;autrefois\u00a0\u00bb. Le d\u00e9fil\u00e9 s&rsquo;\u00e9lancera \u00e0 15h dans les rues de Geispolsheim.<\/div>\n<\/div>\n<div dir=\"auto\"><\/div>\n<div dir=\"auto\"><\/div>\n<div dir=\"auto\"><\/div>\n<div class=\"x14z9mp xat24cr x1lziwak x1vvkbs xtlvy1s x126k92a\">\n<div dir=\"auto\"><a href=\"https:\/\/www.quetzalma.org\/?attachment_id=14001\" rel=\"attachment wp-att-14001\">\u00a0 \u00a0 \u00a0 \u00a0 \u00a0 \u00a0 \u00a0 \u00a0 \u00a0 \u00a0<img loading=\"lazy\" decoding=\"async\" class=\" wp-image-14001 alignnone\" src=\"https:\/\/www.quetzalma.org\/wp-content\/uploads\/2025\/08\/AFFICHE_2025_DEFINITIVE.jpg\" alt=\"\" width=\"225\" height=\"318\" srcset=\"https:\/\/www.quetzalma.org\/wp-content\/uploads\/2025\/08\/AFFICHE_2025_DEFINITIVE.jpg 198w, https:\/\/www.quetzalma.org\/wp-content\/uploads\/2025\/08\/AFFICHE_2025_DEFINITIVE-106x150.jpg 106w\" sizes=\"auto, (max-width: 225px) 100vw, 225px\" \/>\u00a0 \u00a0 \u00a0 \u00a0 \u00a0 \u00a0<\/a> <img loading=\"lazy\" decoding=\"async\" class=\" wp-image-14002 alignnone\" src=\"https:\/\/www.quetzalma.org\/wp-content\/uploads\/2025\/08\/fete-de-la-choucroute-a-geispolsheim-2-401391-1200-0-300x300.webp\" alt=\"\" width=\"284\" height=\"284\" srcset=\"https:\/\/www.quetzalma.org\/wp-content\/uploads\/2025\/08\/fete-de-la-choucroute-a-geispolsheim-2-401391-1200-0-300x300.webp 300w, https:\/\/www.quetzalma.org\/wp-content\/uploads\/2025\/08\/fete-de-la-choucroute-a-geispolsheim-2-401391-1200-0-1024x1024.webp 1024w, https:\/\/www.quetzalma.org\/wp-content\/uploads\/2025\/08\/fete-de-la-choucroute-a-geispolsheim-2-401391-1200-0-150x150.webp 150w, https:\/\/www.quetzalma.org\/wp-content\/uploads\/2025\/08\/fete-de-la-choucroute-a-geispolsheim-2-401391-1200-0-768x768.webp 768w, https:\/\/www.quetzalma.org\/wp-content\/uploads\/2025\/08\/fete-de-la-choucroute-a-geispolsheim-2-401391-1200-0.webp 1200w\" sizes=\"auto, (max-width: 284px) 100vw, 284px\" \/><\/div>\n<div dir=\"auto\"><\/div>\n<\/div>\n<div class=\"x14z9mp xat24cr x1lziwak x1vvkbs xtlvy1s x126k92a\">\n<div dir=\"auto\"><\/div>\n<div dir=\"auto\"><\/div>\n<div dir=\"auto\">\u00a0 \u00a0 \u00a0 \u00a0 \u00a0 \u00a0 \u00a0 \u00a0 \u00a0 \u00a0 \u00a0 \u00a0 \u00a0 \u00a0 \u00a0 \u00a0 \u00a0 \u00a0 \u00a0 \u00a0 \u00a0 \u00a0 \u00a0 \u00a0 \u00a0 \u00a0 \u00a0Venez nombreux nous rendre visite !<\/div>\n<\/div>\n","protected":false},"excerpt":{"rendered":"<p>Une nouvelle \u00e9dition pleine de saveurs, de musique et de traditions. Cet \u00e9v\u00e9nement incontournable du Bas-Rhin promet de rassembler petits et grands autour de la\u2026<\/p>\n<p class=\"continue-reading-button\"> <a class=\"continue-reading-link\" href=\"https:\/\/www.quetzalma.org\/?page_id=14000\">Lire la suite<i class=\"crycon-right-dir\"><\/i><\/a><\/p>\n","protected":false},"author":1,"featured_media":14001,"parent":14032,"menu_order":5,"comment_status":"closed","ping_status":"open","template":"","meta":{"footnotes":""},"class_list":["post-14000","page","type-page","status-publish","has-post-thumbnail","hentry"],"_links":{"self":[{"href":"https:\/\/www.quetzalma.org\/index.php?rest_route=\/wp\/v2\/pages\/14000","targetHints":{"allow":["GET"]}}],"collection":[{"href":"https:\/\/www.quetzalma.org\/index.php?rest_route=\/wp\/v2\/pages"}],"about":[{"href":"https:\/\/www.quetzalma.org\/index.php?rest_route=\/wp\/v2\/types\/page"}],"author":[{"embeddable":true,"href":"https:\/\/www.quetzalma.org\/index.php?rest_route=\/wp\/v2\/users\/1"}],"replies":[{"embeddable":true,"href":"https:\/\/www.quetzalma.org\/index.php?rest_route=%2Fwp%2Fv2%2Fcomments&post=14000"}],"version-history":[{"count":4,"href":"https:\/\/www.quetzalma.org\/index.php?rest_route=\/wp\/v2\/pages\/14000\/revisions"}],"predecessor-version":[{"id":14035,"href":"https:\/\/www.quetzalma.org\/index.php?rest_route=\/wp\/v2\/pages\/14000\/revisions\/14035"}],"up":[{"embeddable":true,"href":"https:\/\/www.quetzalma.org\/index.php?rest_route=\/wp\/v2\/pages\/14032"}],"wp:featuredmedia":[{"embeddable":true,"href":"https:\/\/www.quetzalma.org\/index.php?rest_route=\/wp\/v2\/media\/14001"}],"wp:attachment":[{"href":"https:\/\/www.quetzalma.org\/index.php?rest_route=%2Fwp%2Fv2%2Fmedia&parent=14000"}],"curies":[{"name":"wp","href":"https:\/\/api.w.org\/{rel}","templated":true}]}}