{"id":1434,"date":"2016-05-26T11:03:51","date_gmt":"2016-05-26T10:03:51","guid":{"rendered":"http:\/\/www.quetzalma.org\/?page_id=1434"},"modified":"2016-07-04T22:38:33","modified_gmt":"2016-07-04T21:38:33","slug":"marche-de-krautergersheim-22-mai-2016","status":"publish","type":"page","link":"https:\/\/www.quetzalma.org\/?page_id=1434","title":{"rendered":"March\u00e9 de Krautergersheim 22 mai 2016"},"content":{"rendered":"<div class=\"pdfprnt-buttons pdfprnt-buttons-page pdfprnt-top-right\"><a href=\"https:\/\/www.quetzalma.org\/index.php?rest_route=%2Fwp%2Fv2%2Fpages%2F1434&print=pdf\" class=\"pdfprnt-button pdfprnt-button-pdf\" target=\"_blank\" ><img decoding=\"async\" src=\"https:\/\/www.quetzalma.org\/wp-content\/plugins\/pdf-print\/images\/pdf.png\" alt=\"image_pdf\" title=\"Afficher le PDF\" \/><\/a><a href=\"https:\/\/www.quetzalma.org\/index.php?rest_route=%2Fwp%2Fv2%2Fpages%2F1434&print=print\" class=\"pdfprnt-button pdfprnt-button-print\" target=\"_blank\" ><img decoding=\"async\" src=\"https:\/\/www.quetzalma.org\/wp-content\/plugins\/pdf-print\/images\/print.png\" alt=\"image_print\" title=\"Contenu imprim\u00e9\" \/><\/a><\/div><p><a href=\"https:\/\/www.quetzalma.org\/wp-content\/uploads\/2016\/05\/Kraut-22.05.16-1.jpg\"><img loading=\"lazy\" decoding=\"async\" class=\" wp-image-1484 aligncenter\" src=\"https:\/\/www.quetzalma.org\/wp-content\/uploads\/2016\/05\/Kraut-22.05.16-1-300x200.jpg\" alt=\"Kraut 22.05.16 1\" width=\"370\" height=\"246\" srcset=\"https:\/\/www.quetzalma.org\/wp-content\/uploads\/2016\/05\/Kraut-22.05.16-1-300x200.jpg 300w, https:\/\/www.quetzalma.org\/wp-content\/uploads\/2016\/05\/Kraut-22.05.16-1-768x512.jpg 768w, https:\/\/www.quetzalma.org\/wp-content\/uploads\/2016\/05\/Kraut-22.05.16-1-1024x683.jpg 1024w, https:\/\/www.quetzalma.org\/wp-content\/uploads\/2016\/05\/Kraut-22.05.16-1-150x100.jpg 150w, https:\/\/www.quetzalma.org\/wp-content\/uploads\/2016\/05\/Kraut-22.05.16-1.jpg 1200w\" sizes=\"auto, (max-width: 370px) 100vw, 370px\" \/><\/a>Magnifique journ\u00e9e. Superbe soleil. Rencontres sympathiques.<\/p>\n<p><a href=\"https:\/\/www.quetzalma.org\/wp-content\/uploads\/2016\/05\/Kraut-22.05.16-2.jpg\"><img loading=\"lazy\" decoding=\"async\" class=\" wp-image-1485 aligncenter\" src=\"https:\/\/www.quetzalma.org\/wp-content\/uploads\/2016\/05\/Kraut-22.05.16-2-300x200.jpg\" alt=\"Kraut 22.05.16 2\" width=\"370\" height=\"246\" srcset=\"https:\/\/www.quetzalma.org\/wp-content\/uploads\/2016\/05\/Kraut-22.05.16-2-300x200.jpg 300w, https:\/\/www.quetzalma.org\/wp-content\/uploads\/2016\/05\/Kraut-22.05.16-2-768x512.jpg 768w, https:\/\/www.quetzalma.org\/wp-content\/uploads\/2016\/05\/Kraut-22.05.16-2-1024x683.jpg 1024w, https:\/\/www.quetzalma.org\/wp-content\/uploads\/2016\/05\/Kraut-22.05.16-2-150x100.jpg 150w, https:\/\/www.quetzalma.org\/wp-content\/uploads\/2016\/05\/Kraut-22.05.16-2.jpg 1200w\" sizes=\"auto, (max-width: 370px) 100vw, 370px\" \/><\/a><\/p>\n<p>Une attraction toujours sympathique et ludique qui attire petits et grands.<\/p>\n<p>Les fl\u00fbtes de pan, ocarinas, b\u00e2tons de pluie, maracas ont toujours le m\u00eame succ\u00e8s !<\/p>\n<p><a href=\"https:\/\/www.quetzalma.org\/wp-content\/uploads\/2016\/05\/Kraut-22.05.16-3.jpg\"><img loading=\"lazy\" decoding=\"async\" class=\" wp-image-1486 alignnone\" src=\"https:\/\/www.quetzalma.org\/wp-content\/uploads\/2016\/05\/Kraut-22.05.16-3-300x200.jpg\" alt=\"Kraut 22.05.16 3\" width=\"370\" height=\"246\" srcset=\"https:\/\/www.quetzalma.org\/wp-content\/uploads\/2016\/05\/Kraut-22.05.16-3-300x200.jpg 300w, https:\/\/www.quetzalma.org\/wp-content\/uploads\/2016\/05\/Kraut-22.05.16-3-768x512.jpg 768w, https:\/\/www.quetzalma.org\/wp-content\/uploads\/2016\/05\/Kraut-22.05.16-3-1024x683.jpg 1024w, https:\/\/www.quetzalma.org\/wp-content\/uploads\/2016\/05\/Kraut-22.05.16-3-150x100.jpg 150w, https:\/\/www.quetzalma.org\/wp-content\/uploads\/2016\/05\/Kraut-22.05.16-3.jpg 1200w\" sizes=\"auto, (max-width: 370px) 100vw, 370px\" \/><\/a>\u00a0 \u00a0 \u00a0 \u00a0 \u00a0 \u00a0<a href=\"https:\/\/www.quetzalma.org\/wp-content\/uploads\/2016\/05\/Kraut-22.05.16-4.jpg\"><img loading=\"lazy\" decoding=\"async\" class=\" wp-image-1487 alignnone\" src=\"https:\/\/www.quetzalma.org\/wp-content\/uploads\/2016\/05\/Kraut-22.05.16-4-300x200.jpg\" alt=\"Kraut 22.05.16 4\" width=\"370\" height=\"246\" srcset=\"https:\/\/www.quetzalma.org\/wp-content\/uploads\/2016\/05\/Kraut-22.05.16-4-300x200.jpg 300w, https:\/\/www.quetzalma.org\/wp-content\/uploads\/2016\/05\/Kraut-22.05.16-4-768x512.jpg 768w, https:\/\/www.quetzalma.org\/wp-content\/uploads\/2016\/05\/Kraut-22.05.16-4-1024x683.jpg 1024w, https:\/\/www.quetzalma.org\/wp-content\/uploads\/2016\/05\/Kraut-22.05.16-4-150x100.jpg 150w, https:\/\/www.quetzalma.org\/wp-content\/uploads\/2016\/05\/Kraut-22.05.16-4.jpg 1200w\" sizes=\"auto, (max-width: 370px) 100vw, 370px\" \/><\/a><\/p>\n<p><a href=\"https:\/\/www.quetzalma.org\/wp-content\/uploads\/2016\/05\/Kraut-22.05.16-5.jpg\"><img loading=\"lazy\" decoding=\"async\" class=\" wp-image-1488 alignnone\" src=\"https:\/\/www.quetzalma.org\/wp-content\/uploads\/2016\/05\/Kraut-22.05.16-5-300x200.jpg\" alt=\"Kraut 22.05.16 5\" width=\"370\" height=\"246\" srcset=\"https:\/\/www.quetzalma.org\/wp-content\/uploads\/2016\/05\/Kraut-22.05.16-5-300x200.jpg 300w, https:\/\/www.quetzalma.org\/wp-content\/uploads\/2016\/05\/Kraut-22.05.16-5-768x512.jpg 768w, https:\/\/www.quetzalma.org\/wp-content\/uploads\/2016\/05\/Kraut-22.05.16-5-1024x683.jpg 1024w, https:\/\/www.quetzalma.org\/wp-content\/uploads\/2016\/05\/Kraut-22.05.16-5-150x100.jpg 150w, https:\/\/www.quetzalma.org\/wp-content\/uploads\/2016\/05\/Kraut-22.05.16-5.jpg 1200w\" sizes=\"auto, (max-width: 370px) 100vw, 370px\" \/><\/a>\u00a0 \u00a0 \u00a0 \u00a0 \u00a0 \u00a0<a href=\"https:\/\/www.quetzalma.org\/wp-content\/uploads\/2016\/05\/Kraut-22.05.16-6.jpg\"><img loading=\"lazy\" decoding=\"async\" class=\" wp-image-1489 alignnone\" src=\"https:\/\/www.quetzalma.org\/wp-content\/uploads\/2016\/05\/Kraut-22.05.16-6-300x200.jpg\" alt=\"Kraut 22.05.16 6\" width=\"370\" height=\"246\" srcset=\"https:\/\/www.quetzalma.org\/wp-content\/uploads\/2016\/05\/Kraut-22.05.16-6-300x200.jpg 300w, https:\/\/www.quetzalma.org\/wp-content\/uploads\/2016\/05\/Kraut-22.05.16-6-768x512.jpg 768w, https:\/\/www.quetzalma.org\/wp-content\/uploads\/2016\/05\/Kraut-22.05.16-6-1024x683.jpg 1024w, https:\/\/www.quetzalma.org\/wp-content\/uploads\/2016\/05\/Kraut-22.05.16-6-150x100.jpg 150w, https:\/\/www.quetzalma.org\/wp-content\/uploads\/2016\/05\/Kraut-22.05.16-6.jpg 1200w\" sizes=\"auto, (max-width: 370px) 100vw, 370px\" \/><\/a><\/p>\n<p>Les belles couleurs de notre stand ont agr\u00e9ment\u00e9 la m\u00e9t\u00e9o d&rsquo;une douce\u00a0chaleur andine.<\/p>\n<p>Les gilets et les ponchos virevoltaient au gr\u00e9 du vent en fin de journ\u00e9e.<\/p>\n<p>Amis visiteurs, vous avez \u00e9t\u00e9 nombreux \u00e0 vous attarder sur notre stand, merci de votre int\u00e9r\u00eat et de votre solidarit\u00e9\u00a0!<\/p>\n<p>Nous vous attendons tous lors de notre F\u00eate du Soleil qui aura lieu le samedi 11 juin 2016 \u00e0 la salle polyvalente de Meistratzheim \u00e0 partir de 19h30.<br \/>\nCette journ\u00e9e a \u00e9t\u00e9 l\u2019occasion pour nous d\u2019en faire la promotion.<\/p>\n","protected":false},"excerpt":{"rendered":"<p>Magnifique journ\u00e9e. Superbe soleil. Rencontres sympathiques. Une attraction toujours sympathique et ludique qui attire petits et grands. Les fl\u00fbtes de pan, ocarinas, b\u00e2tons de pluie,\u2026<\/p>\n<p class=\"continue-reading-button\"> <a class=\"continue-reading-link\" href=\"https:\/\/www.quetzalma.org\/?page_id=1434\">Lire la suite<i class=\"crycon-right-dir\"><\/i><\/a><\/p>\n","protected":false},"author":1,"featured_media":0,"parent":1083,"menu_order":4,"comment_status":"closed","ping_status":"closed","template":"","meta":{"footnotes":""},"class_list":["post-1434","page","type-page","status-publish","hentry"],"_links":{"self":[{"href":"https:\/\/www.quetzalma.org\/index.php?rest_route=\/wp\/v2\/pages\/1434","targetHints":{"allow":["GET"]}}],"collection":[{"href":"https:\/\/www.quetzalma.org\/index.php?rest_route=\/wp\/v2\/pages"}],"about":[{"href":"https:\/\/www.quetzalma.org\/index.php?rest_route=\/wp\/v2\/types\/page"}],"author":[{"embeddable":true,"href":"https:\/\/www.quetzalma.org\/index.php?rest_route=\/wp\/v2\/users\/1"}],"replies":[{"embeddable":true,"href":"https:\/\/www.quetzalma.org\/index.php?rest_route=%2Fwp%2Fv2%2Fcomments&post=1434"}],"version-history":[{"count":5,"href":"https:\/\/www.quetzalma.org\/index.php?rest_route=\/wp\/v2\/pages\/1434\/revisions"}],"predecessor-version":[{"id":1720,"href":"https:\/\/www.quetzalma.org\/index.php?rest_route=\/wp\/v2\/pages\/1434\/revisions\/1720"}],"up":[{"embeddable":true,"href":"https:\/\/www.quetzalma.org\/index.php?rest_route=\/wp\/v2\/pages\/1083"}],"wp:attachment":[{"href":"https:\/\/www.quetzalma.org\/index.php?rest_route=%2Fwp%2Fv2%2Fmedia&parent=1434"}],"curies":[{"name":"wp","href":"https:\/\/api.w.org\/{rel}","templated":true}]}}