{"id":1725,"date":"2016-07-18T15:52:47","date_gmt":"2016-07-18T14:52:47","guid":{"rendered":"http:\/\/www.quetzalma.org\/?page_id=1725"},"modified":"2016-07-18T18:32:10","modified_gmt":"2016-07-18T17:32:10","slug":"marche-dete-de-marckolsheim-dimanche-10-juillet-2016","status":"publish","type":"page","link":"https:\/\/www.quetzalma.org\/?page_id=1725","title":{"rendered":"March\u00e9 d&rsquo;\u00e9t\u00e9 de Marckolsheim 10 juillet 2016"},"content":{"rendered":"<div class=\"pdfprnt-buttons pdfprnt-buttons-page pdfprnt-top-right\"><a href=\"https:\/\/www.quetzalma.org\/index.php?rest_route=%2Fwp%2Fv2%2Fpages%2F1725&print=pdf\" class=\"pdfprnt-button pdfprnt-button-pdf\" target=\"_blank\" ><img decoding=\"async\" src=\"https:\/\/www.quetzalma.org\/wp-content\/plugins\/pdf-print\/images\/pdf.png\" alt=\"image_pdf\" title=\"Afficher le PDF\" \/><\/a><a href=\"https:\/\/www.quetzalma.org\/index.php?rest_route=%2Fwp%2Fv2%2Fpages%2F1725&print=print\" class=\"pdfprnt-button pdfprnt-button-print\" target=\"_blank\" ><img decoding=\"async\" src=\"https:\/\/www.quetzalma.org\/wp-content\/plugins\/pdf-print\/images\/print.png\" alt=\"image_print\" title=\"Contenu imprim\u00e9\" \/><\/a><\/div><p>March\u00e9 d&rsquo;\u00e9t\u00e9 sous un soleil radieux et une bonne ambiance<\/p>\n<p>&nbsp;<br \/>\n<a href=\"https:\/\/www.quetzalma.org\/wp-content\/uploads\/2016\/07\/Marcko-1.jpg\"><img loading=\"lazy\" decoding=\"async\" class=\"alignleft wp-image-1778\" src=\"https:\/\/www.quetzalma.org\/wp-content\/uploads\/2016\/07\/Marcko-1-300x200.jpg\" alt=\"Marcko 1\" width=\"315\" height=\"210\" srcset=\"https:\/\/www.quetzalma.org\/wp-content\/uploads\/2016\/07\/Marcko-1-300x200.jpg 300w, https:\/\/www.quetzalma.org\/wp-content\/uploads\/2016\/07\/Marcko-1-768x512.jpg 768w, https:\/\/www.quetzalma.org\/wp-content\/uploads\/2016\/07\/Marcko-1-1024x682.jpg 1024w, https:\/\/www.quetzalma.org\/wp-content\/uploads\/2016\/07\/Marcko-1-150x100.jpg 150w, https:\/\/www.quetzalma.org\/wp-content\/uploads\/2016\/07\/Marcko-1.jpg 1300w\" sizes=\"auto, (max-width: 315px) 100vw, 315px\" \/><\/a><span style=\"color: #000000;\"><b><a href=\"https:\/\/www.quetzalma.org\/wp-content\/uploads\/2016\/07\/Marcko-2.jpg\"><img loading=\"lazy\" decoding=\"async\" class=\"wp-image-1779 alignnone\" src=\"https:\/\/www.quetzalma.org\/wp-content\/uploads\/2016\/07\/Marcko-2-300x200.jpg\" alt=\"Marcko 2\" width=\"315\" height=\"210\" srcset=\"https:\/\/www.quetzalma.org\/wp-content\/uploads\/2016\/07\/Marcko-2-300x200.jpg 300w, https:\/\/www.quetzalma.org\/wp-content\/uploads\/2016\/07\/Marcko-2-768x512.jpg 768w, https:\/\/www.quetzalma.org\/wp-content\/uploads\/2016\/07\/Marcko-2-1024x682.jpg 1024w, https:\/\/www.quetzalma.org\/wp-content\/uploads\/2016\/07\/Marcko-2-150x100.jpg 150w, https:\/\/www.quetzalma.org\/wp-content\/uploads\/2016\/07\/Marcko-2.jpg 1300w\" sizes=\"auto, (max-width: 315px) 100vw, 315px\" \/><\/a><\/b><\/span><\/p>\n<p><span style=\"color: #000000;\"><b><a href=\"https:\/\/www.quetzalma.org\/wp-content\/uploads\/2016\/07\/Marcko-3.jpg\"><img loading=\"lazy\" decoding=\"async\" class=\" wp-image-1780 alignnone\" src=\"https:\/\/www.quetzalma.org\/wp-content\/uploads\/2016\/07\/Marcko-3-300x200.jpg\" alt=\"Marcko 3\" width=\"315\" height=\"210\" srcset=\"https:\/\/www.quetzalma.org\/wp-content\/uploads\/2016\/07\/Marcko-3-300x200.jpg 300w, https:\/\/www.quetzalma.org\/wp-content\/uploads\/2016\/07\/Marcko-3-768x512.jpg 768w, https:\/\/www.quetzalma.org\/wp-content\/uploads\/2016\/07\/Marcko-3-1024x682.jpg 1024w, https:\/\/www.quetzalma.org\/wp-content\/uploads\/2016\/07\/Marcko-3-150x100.jpg 150w, https:\/\/www.quetzalma.org\/wp-content\/uploads\/2016\/07\/Marcko-3.jpg 1300w\" sizes=\"auto, (max-width: 315px) 100vw, 315px\" \/><\/a><a href=\"https:\/\/www.quetzalma.org\/wp-content\/uploads\/2016\/07\/Marcko-4.jpg\"><img loading=\"lazy\" decoding=\"async\" class=\"alignleft wp-image-1781\" src=\"https:\/\/www.quetzalma.org\/wp-content\/uploads\/2016\/07\/Marcko-4-300x200.jpg\" alt=\"Marcko 4\" width=\"315\" height=\"210\" srcset=\"https:\/\/www.quetzalma.org\/wp-content\/uploads\/2016\/07\/Marcko-4-300x200.jpg 300w, https:\/\/www.quetzalma.org\/wp-content\/uploads\/2016\/07\/Marcko-4-768x512.jpg 768w, https:\/\/www.quetzalma.org\/wp-content\/uploads\/2016\/07\/Marcko-4-1024x682.jpg 1024w, https:\/\/www.quetzalma.org\/wp-content\/uploads\/2016\/07\/Marcko-4-150x100.jpg 150w, https:\/\/www.quetzalma.org\/wp-content\/uploads\/2016\/07\/Marcko-4.jpg 1300w\" sizes=\"auto, (max-width: 315px) 100vw, 315px\" \/><\/a>\u00a0<\/b><\/span><\/p>\n<p>Nombreux \u00e9taient les stands : confection, articles cadeaux, bijoux, chaussures, maroquinerie etc&#8230;<\/p>\n","protected":false},"excerpt":{"rendered":"<p>March\u00e9 d&rsquo;\u00e9t\u00e9 sous un soleil radieux et une bonne ambiance &nbsp; \u00a0 Nombreux \u00e9taient les stands : confection, articles cadeaux, bijoux, chaussures, maroquinerie etc&#8230;<\/p>\n<p class=\"continue-reading-button\"> <a class=\"continue-reading-link\" href=\"https:\/\/www.quetzalma.org\/?page_id=1725\">Lire la suite<i class=\"crycon-right-dir\"><\/i><\/a><\/p>\n","protected":false},"author":1,"featured_media":0,"parent":1083,"menu_order":7,"comment_status":"closed","ping_status":"closed","template":"","meta":{"footnotes":""},"class_list":["post-1725","page","type-page","status-publish","hentry"],"_links":{"self":[{"href":"https:\/\/www.quetzalma.org\/index.php?rest_route=\/wp\/v2\/pages\/1725","targetHints":{"allow":["GET"]}}],"collection":[{"href":"https:\/\/www.quetzalma.org\/index.php?rest_route=\/wp\/v2\/pages"}],"about":[{"href":"https:\/\/www.quetzalma.org\/index.php?rest_route=\/wp\/v2\/types\/page"}],"author":[{"embeddable":true,"href":"https:\/\/www.quetzalma.org\/index.php?rest_route=\/wp\/v2\/users\/1"}],"replies":[{"embeddable":true,"href":"https:\/\/www.quetzalma.org\/index.php?rest_route=%2Fwp%2Fv2%2Fcomments&post=1725"}],"version-history":[{"count":5,"href":"https:\/\/www.quetzalma.org\/index.php?rest_route=\/wp\/v2\/pages\/1725\/revisions"}],"predecessor-version":[{"id":1848,"href":"https:\/\/www.quetzalma.org\/index.php?rest_route=\/wp\/v2\/pages\/1725\/revisions\/1848"}],"up":[{"embeddable":true,"href":"https:\/\/www.quetzalma.org\/index.php?rest_route=\/wp\/v2\/pages\/1083"}],"wp:attachment":[{"href":"https:\/\/www.quetzalma.org\/index.php?rest_route=%2Fwp%2Fv2%2Fmedia&parent=1725"}],"curies":[{"name":"wp","href":"https:\/\/api.w.org\/{rel}","templated":true}]}}