{"id":1857,"date":"2016-07-18T18:50:34","date_gmt":"2016-07-18T17:50:34","guid":{"rendered":"http:\/\/www.quetzalma.org\/?page_id=1857"},"modified":"2016-07-18T18:52:18","modified_gmt":"2016-07-18T17:52:18","slug":"remerciements","status":"publish","type":"page","link":"https:\/\/www.quetzalma.org\/?page_id=1857","title":{"rendered":"Remerciements"},"content":{"rendered":"<div class=\"pdfprnt-buttons pdfprnt-buttons-page pdfprnt-top-right\"><a href=\"https:\/\/www.quetzalma.org\/index.php?rest_route=%2Fwp%2Fv2%2Fpages%2F1857&print=pdf\" class=\"pdfprnt-button pdfprnt-button-pdf\" target=\"_blank\" ><img decoding=\"async\" src=\"https:\/\/www.quetzalma.org\/wp-content\/plugins\/pdf-print\/images\/pdf.png\" alt=\"image_pdf\" title=\"Afficher le PDF\" \/><\/a><a href=\"https:\/\/www.quetzalma.org\/index.php?rest_route=%2Fwp%2Fv2%2Fpages%2F1857&print=print\" class=\"pdfprnt-button pdfprnt-button-print\" target=\"_blank\" ><img decoding=\"async\" src=\"https:\/\/www.quetzalma.org\/wp-content\/plugins\/pdf-print\/images\/print.png\" alt=\"image_print\" title=\"Contenu imprim\u00e9\" \/><\/a><\/div><p><span style=\"color: #333399;\"><span style=\"font-family: 'trebuchet ms', geneva, sans-serif;\">F\u00caTE DU SOLEIL \u00a0du 11 juin 2016 \u00e0 MEISTRATZHEIM \u00a0<\/span><span style=\"font-family: 'trebuchet ms', geneva, sans-serif;\">\u00a0 \u00a0 \u00a0 \u00a0 \u00a0 \u00a0 \u00a0 \u00a0 \u00a0 \u00a0 \u00a0 \u00a0 \u00a0 \u00a0 \u00a0 \u00a0 \u00a0 \u00a0 \u00a0 \u00a0 \u00a0 \u00a0 \u00a0 \u00a0 \u00a0 \u00a0 \u00a0 \u00a0 \u00a0 \u00a0 \u00a0 \u00a0 \u00a0 \u00a0 \u00a0 \u00a0 \u00a0 \u00a0 \u00a0 \u00a0 \u00a0 \u00a0\u00a0<\/span><span style=\"font-size: 1.8em; line-height: 1.5em;\">\u00a0 \u00a0 \u00a0 \u00a0<\/span><\/span><\/p>\n<h2><a href=\"https:\/\/www.quetzalma.org\/wp-content\/uploads\/2016\/07\/DSC_0617.jpg\"><img loading=\"lazy\" decoding=\"async\" class=\"alignleft wp-image-1752 size-full\" src=\"https:\/\/www.quetzalma.org\/wp-content\/uploads\/2016\/07\/DSC_0617.jpg\" alt=\"DSC_0617\" width=\"1342\" height=\"895\" srcset=\"https:\/\/www.quetzalma.org\/wp-content\/uploads\/2016\/07\/DSC_0617.jpg 1342w, https:\/\/www.quetzalma.org\/wp-content\/uploads\/2016\/07\/DSC_0617-300x200.jpg 300w, https:\/\/www.quetzalma.org\/wp-content\/uploads\/2016\/07\/DSC_0617-768x512.jpg 768w, https:\/\/www.quetzalma.org\/wp-content\/uploads\/2016\/07\/DSC_0617-1024x683.jpg 1024w, https:\/\/www.quetzalma.org\/wp-content\/uploads\/2016\/07\/DSC_0617-150x100.jpg 150w\" sizes=\"auto, (max-width: 1342px) 100vw, 1342px\" \/><\/a><a href=\"https:\/\/www.quetzalma.org\/wp-content\/uploads\/2016\/07\/DSC_0734.jpg\"><img loading=\"lazy\" decoding=\"async\" class=\"alignnone wp-image-1754 size-full\" src=\"https:\/\/www.quetzalma.org\/wp-content\/uploads\/2016\/07\/DSC_0734.jpg\" alt=\"DSC_0734\" width=\"1342\" height=\"895\" srcset=\"https:\/\/www.quetzalma.org\/wp-content\/uploads\/2016\/07\/DSC_0734.jpg 1342w, https:\/\/www.quetzalma.org\/wp-content\/uploads\/2016\/07\/DSC_0734-300x200.jpg 300w, https:\/\/www.quetzalma.org\/wp-content\/uploads\/2016\/07\/DSC_0734-768x512.jpg 768w, https:\/\/www.quetzalma.org\/wp-content\/uploads\/2016\/07\/DSC_0734-1024x683.jpg 1024w, https:\/\/www.quetzalma.org\/wp-content\/uploads\/2016\/07\/DSC_0734-150x100.jpg 150w\" sizes=\"auto, (max-width: 1342px) 100vw, 1342px\" \/><\/a><\/h2>\n<p><a href=\"https:\/\/www.quetzalma.org\/wp-content\/uploads\/2016\/07\/DSC_0507.jpg\"><img loading=\"lazy\" decoding=\"async\" class=\"alignleft wp-image-1750 size-full\" src=\"https:\/\/www.quetzalma.org\/wp-content\/uploads\/2016\/07\/DSC_0507.jpg\" width=\"1500\" height=\"1000\" \/><\/a>Cher public, nous tenons \u00e0 vous remercier du fond du coeur d\u2019\u00eatre venus si\u00a0nombreux nous soutenir\u00a0!<\/p>\n<p>Un grand merci \u00e0 tous nos sponsors pour leur g\u00e9n\u00e9rosit\u00e9 !<\/p>\n<p>Et mille mercis \u00e0 tous les b\u00e9n\u00e9voles (et ils \u00e9taient nombreux) qui ont r\u00e9pondu si favorablement \u00e0 notre appel\u00a0!<\/p>\n<p><a href=\"https:\/\/www.quetzalma.org\/wp-content\/uploads\/2016\/07\/f\u00eate-du-soleil-2016-003.jpg\"><img loading=\"lazy\" decoding=\"async\" class=\"alignleft wp-image-1755 size-full\" src=\"https:\/\/www.quetzalma.org\/wp-content\/uploads\/2016\/07\/f\u00eate-du-soleil-2016-003.jpg\" alt=\"f\u00eate du soleil 2016 003\" width=\"1560\" height=\"719\" srcset=\"https:\/\/www.quetzalma.org\/wp-content\/uploads\/2016\/07\/f\u00eate-du-soleil-2016-003.jpg 1560w, https:\/\/www.quetzalma.org\/wp-content\/uploads\/2016\/07\/f\u00eate-du-soleil-2016-003-300x138.jpg 300w, https:\/\/www.quetzalma.org\/wp-content\/uploads\/2016\/07\/f\u00eate-du-soleil-2016-003-768x354.jpg 768w, https:\/\/www.quetzalma.org\/wp-content\/uploads\/2016\/07\/f\u00eate-du-soleil-2016-003-1024x472.jpg 1024w, https:\/\/www.quetzalma.org\/wp-content\/uploads\/2016\/07\/f\u00eate-du-soleil-2016-003-150x69.jpg 150w\" sizes=\"auto, (max-width: 1560px) 100vw, 1560px\" \/><\/a><\/p>\n<p>D\u2019ici peu un retour en images sur cette merveilleuse soir\u00e9e que vous avons pass\u00e9e en votre compagnie\u00a0! A suivre&#8230;<\/p>\n","protected":false},"excerpt":{"rendered":"<p>F\u00caTE DU SOLEIL \u00a0du 11 juin 2016 \u00e0 MEISTRATZHEIM \u00a0\u00a0 \u00a0 \u00a0 \u00a0 \u00a0 \u00a0 \u00a0 \u00a0 \u00a0 \u00a0 \u00a0 \u00a0 \u00a0 \u00a0 \u00a0 \u00a0\u2026<\/p>\n<p class=\"continue-reading-button\"> <a class=\"continue-reading-link\" href=\"https:\/\/www.quetzalma.org\/?page_id=1857\">Lire la suite<i class=\"crycon-right-dir\"><\/i><\/a><\/p>\n","protected":false},"author":1,"featured_media":0,"parent":1309,"menu_order":1,"comment_status":"closed","ping_status":"closed","template":"","meta":{"footnotes":""},"class_list":["post-1857","page","type-page","status-publish","hentry"],"_links":{"self":[{"href":"https:\/\/www.quetzalma.org\/index.php?rest_route=\/wp\/v2\/pages\/1857","targetHints":{"allow":["GET"]}}],"collection":[{"href":"https:\/\/www.quetzalma.org\/index.php?rest_route=\/wp\/v2\/pages"}],"about":[{"href":"https:\/\/www.quetzalma.org\/index.php?rest_route=\/wp\/v2\/types\/page"}],"author":[{"embeddable":true,"href":"https:\/\/www.quetzalma.org\/index.php?rest_route=\/wp\/v2\/users\/1"}],"replies":[{"embeddable":true,"href":"https:\/\/www.quetzalma.org\/index.php?rest_route=%2Fwp%2Fv2%2Fcomments&post=1857"}],"version-history":[{"count":2,"href":"https:\/\/www.quetzalma.org\/index.php?rest_route=\/wp\/v2\/pages\/1857\/revisions"}],"predecessor-version":[{"id":1859,"href":"https:\/\/www.quetzalma.org\/index.php?rest_route=\/wp\/v2\/pages\/1857\/revisions\/1859"}],"up":[{"embeddable":true,"href":"https:\/\/www.quetzalma.org\/index.php?rest_route=\/wp\/v2\/pages\/1309"}],"wp:attachment":[{"href":"https:\/\/www.quetzalma.org\/index.php?rest_route=%2Fwp%2Fv2%2Fmedia&parent=1857"}],"curies":[{"name":"wp","href":"https:\/\/api.w.org\/{rel}","templated":true}]}}