{"id":2211,"date":"2016-08-12T16:05:08","date_gmt":"2016-08-12T15:05:08","guid":{"rendered":"http:\/\/www.quetzalma.org\/?page_id=2211"},"modified":"2016-08-12T16:05:08","modified_gmt":"2016-08-12T15:05:08","slug":"mommenheim-en-fete-7-aout-2016","status":"publish","type":"page","link":"https:\/\/www.quetzalma.org\/?page_id=2211","title":{"rendered":"Mommenheim en f\u00eate 7 ao\u00fbt 2016"},"content":{"rendered":"<div class=\"pdfprnt-buttons pdfprnt-buttons-page pdfprnt-top-right\"><a href=\"https:\/\/www.quetzalma.org\/index.php?rest_route=%2Fwp%2Fv2%2Fpages%2F2211&print=pdf\" class=\"pdfprnt-button pdfprnt-button-pdf\" target=\"_blank\" ><img decoding=\"async\" src=\"https:\/\/www.quetzalma.org\/wp-content\/plugins\/pdf-print\/images\/pdf.png\" alt=\"image_pdf\" title=\"Afficher le PDF\" \/><\/a><a href=\"https:\/\/www.quetzalma.org\/index.php?rest_route=%2Fwp%2Fv2%2Fpages%2F2211&print=print\" class=\"pdfprnt-button pdfprnt-button-print\" target=\"_blank\" ><img decoding=\"async\" src=\"https:\/\/www.quetzalma.org\/wp-content\/plugins\/pdf-print\/images\/print.png\" alt=\"image_print\" title=\"Contenu imprim\u00e9\" \/><\/a><\/div><p>Dans une ambiance estivale, un magnifique cadre, nous avons particip\u00e9 \u00e0 la f\u00eate de ce charmant village.<\/p>\n<p><a href=\"https:\/\/www.quetzalma.org\/wp-content\/uploads\/2016\/08\/MOM.-1.jpg\"><img loading=\"lazy\" decoding=\"async\" class=\"wp-image-2238 aligncenter\" src=\"https:\/\/www.quetzalma.org\/wp-content\/uploads\/2016\/08\/MOM.-1.jpg\" alt=\"MOM. 1\" width=\"521\" height=\"347\" srcset=\"https:\/\/www.quetzalma.org\/wp-content\/uploads\/2016\/08\/MOM.-1.jpg 1300w, https:\/\/www.quetzalma.org\/wp-content\/uploads\/2016\/08\/MOM.-1-300x200.jpg 300w, https:\/\/www.quetzalma.org\/wp-content\/uploads\/2016\/08\/MOM.-1-768x512.jpg 768w, https:\/\/www.quetzalma.org\/wp-content\/uploads\/2016\/08\/MOM.-1-1024x682.jpg 1024w, https:\/\/www.quetzalma.org\/wp-content\/uploads\/2016\/08\/MOM.-1-150x100.jpg 150w\" sizes=\"auto, (max-width: 521px) 100vw, 521px\" \/><\/a>\u00a0 \u00a0 \u00a0 \u00a0 \u00a0 \u00a0 \u00a0 \u00a0 \u00a0 \u00a0 \u00a0 \u00a0 \u00a0 \u00a0 \u00a0 \u00a0 \u00a0 \u00a0 \u00a0 \u00a0 \u00a0 \u00a0 \u00a0 \u00a0 \u00a0 \u00a0 \u00a0 \u00a0 \u00a0 \u00a0 \u00a0 \u00a0 \u00a0 \u00a0 \u00a0 \u00a0 \u00a0 \u00a0 \u00a0 \u00a0 \u00a0 \u00a0 \u00a0<a href=\"https:\/\/www.quetzalma.org\/wp-content\/uploads\/2016\/08\/MOM.2.jpg\"><img loading=\"lazy\" decoding=\"async\" class=\"wp-image-2239 aligncenter\" src=\"https:\/\/www.quetzalma.org\/wp-content\/uploads\/2016\/08\/MOM.2.jpg\" alt=\"MOM.2\" width=\"521\" height=\"347\" srcset=\"https:\/\/www.quetzalma.org\/wp-content\/uploads\/2016\/08\/MOM.2.jpg 1300w, https:\/\/www.quetzalma.org\/wp-content\/uploads\/2016\/08\/MOM.2-300x200.jpg 300w, https:\/\/www.quetzalma.org\/wp-content\/uploads\/2016\/08\/MOM.2-768x512.jpg 768w, https:\/\/www.quetzalma.org\/wp-content\/uploads\/2016\/08\/MOM.2-1024x682.jpg 1024w, https:\/\/www.quetzalma.org\/wp-content\/uploads\/2016\/08\/MOM.2-150x100.jpg 150w\" sizes=\"auto, (max-width: 521px) 100vw, 521px\" \/><\/a><\/p>\n<p>Une magnifique journ\u00e9e pour notre Quetzal&#8230; qui sifflote \u00e0 tue-t\u00eate !<\/p>\n<div class=\"epyt-video-wrapper\"><iframe loading=\"lazy\"  id=\"_ytid_81598\"  width=\"900\" height=\"506\"  data-origwidth=\"900\" data-origheight=\"506\" src=\"https:\/\/www.youtube.com\/embed\/n3IPbjEMU4A?enablejsapi=1&autoplay=0&cc_load_policy=0&cc_lang_pref=&iv_load_policy=1&loop=0&rel=1&fs=1&playsinline=0&autohide=2&theme=dark&color=red&controls=1&disablekb=0&\" class=\"__youtube_prefs__  no-lazyload\" title=\"YouTube player\"  allow=\"fullscreen; accelerometer; autoplay; clipboard-write; encrypted-media; gyroscope; picture-in-picture; web-share\" referrerpolicy=\"strict-origin-when-cross-origin\" allowfullscreen data-no-lazy=\"1\" data-skipgform_ajax_framebjll=\"\"><\/iframe><\/div>\n","protected":false},"excerpt":{"rendered":"<p>Dans une ambiance estivale, un magnifique cadre, nous avons particip\u00e9 \u00e0 la f\u00eate de ce charmant village. \u00a0 \u00a0 \u00a0 \u00a0 \u00a0 \u00a0 \u00a0 \u00a0\u2026<\/p>\n<p class=\"continue-reading-button\"> <a class=\"continue-reading-link\" href=\"https:\/\/www.quetzalma.org\/?page_id=2211\">Lire la suite<i class=\"crycon-right-dir\"><\/i><\/a><\/p>\n","protected":false},"author":1,"featured_media":0,"parent":1083,"menu_order":10,"comment_status":"closed","ping_status":"closed","template":"","meta":{"footnotes":""},"class_list":["post-2211","page","type-page","status-publish","hentry"],"_links":{"self":[{"href":"https:\/\/www.quetzalma.org\/index.php?rest_route=\/wp\/v2\/pages\/2211","targetHints":{"allow":["GET"]}}],"collection":[{"href":"https:\/\/www.quetzalma.org\/index.php?rest_route=\/wp\/v2\/pages"}],"about":[{"href":"https:\/\/www.quetzalma.org\/index.php?rest_route=\/wp\/v2\/types\/page"}],"author":[{"embeddable":true,"href":"https:\/\/www.quetzalma.org\/index.php?rest_route=\/wp\/v2\/users\/1"}],"replies":[{"embeddable":true,"href":"https:\/\/www.quetzalma.org\/index.php?rest_route=%2Fwp%2Fv2%2Fcomments&post=2211"}],"version-history":[{"count":3,"href":"https:\/\/www.quetzalma.org\/index.php?rest_route=\/wp\/v2\/pages\/2211\/revisions"}],"predecessor-version":[{"id":2287,"href":"https:\/\/www.quetzalma.org\/index.php?rest_route=\/wp\/v2\/pages\/2211\/revisions\/2287"}],"up":[{"embeddable":true,"href":"https:\/\/www.quetzalma.org\/index.php?rest_route=\/wp\/v2\/pages\/1083"}],"wp:attachment":[{"href":"https:\/\/www.quetzalma.org\/index.php?rest_route=%2Fwp%2Fv2%2Fmedia&parent=2211"}],"curies":[{"name":"wp","href":"https:\/\/api.w.org\/{rel}","templated":true}]}}