{"id":3111,"date":"2016-12-14T13:23:11","date_gmt":"2016-12-14T12:23:11","guid":{"rendered":"http:\/\/www.quetzalma.org\/?page_id=3111"},"modified":"2020-01-18T21:37:30","modified_gmt":"2020-01-18T20:37:30","slug":"la-magie-de-noel-pour-tous-les-enfants","status":"publish","type":"page","link":"https:\/\/www.quetzalma.org\/?page_id=3111","title":{"rendered":"La magie de No\u00ebl pour tous les enfants &#8230;"},"content":{"rendered":"<div class=\"pdfprnt-buttons pdfprnt-buttons-page pdfprnt-top-right\"><a href=\"https:\/\/www.quetzalma.org\/index.php?rest_route=%2Fwp%2Fv2%2Fpages%2F3111&print=pdf\" class=\"pdfprnt-button pdfprnt-button-pdf\" target=\"_blank\" ><img decoding=\"async\" src=\"https:\/\/www.quetzalma.org\/wp-content\/plugins\/pdf-print\/images\/pdf.png\" alt=\"image_pdf\" title=\"Afficher le PDF\" \/><\/a><a href=\"https:\/\/www.quetzalma.org\/index.php?rest_route=%2Fwp%2Fv2%2Fpages%2F3111&print=print\" class=\"pdfprnt-button pdfprnt-button-print\" target=\"_blank\" ><img decoding=\"async\" src=\"https:\/\/www.quetzalma.org\/wp-content\/plugins\/pdf-print\/images\/print.png\" alt=\"image_print\" title=\"Contenu imprim\u00e9\" \/><\/a><\/div><p>No\u00ebl est un temps privil\u00e9gi\u00e9 de partage et de solidarit\u00e9.<\/p>\n<p>Nous avons choisi d&rsquo;offrir un \u00ab\u00a0No\u00ebl\u00a0\u00bb \u00e0 tous les enfants de Pasitos de Esperanza.<\/p>\n<p>La solidarit\u00e9 peut tout faire, nous pouvons rendre heureux des enfants, partager et faire d\u00e9couvrir la magie de No\u00ebl.<\/p>\n<p>Katia la directrice du centre et son \u00e9quipe organisent une f\u00eate samedi 10 d\u00e9cembre, avec animations, musique, repas, distribution de cadeaux&#8230; dans une ambiance chaleureuse enfants\/parents.<\/p>\n<p><a href=\"https:\/\/www.quetzalma.org\/wp-content\/uploads\/2016\/12\/flyer-fete-de-Noel.jpg\"><img loading=\"lazy\" decoding=\"async\" class=\"aligncenter wp-image-3000\" src=\"https:\/\/www.quetzalma.org\/wp-content\/uploads\/2016\/12\/flyer-fete-de-Noel.jpg\" width=\"500\" height=\"281\" srcset=\"https:\/\/www.quetzalma.org\/wp-content\/uploads\/2016\/12\/flyer-fete-de-Noel.jpg 960w, https:\/\/www.quetzalma.org\/wp-content\/uploads\/2016\/12\/flyer-fete-de-Noel-300x169.jpg 300w, https:\/\/www.quetzalma.org\/wp-content\/uploads\/2016\/12\/flyer-fete-de-Noel-768x432.jpg 768w, https:\/\/www.quetzalma.org\/wp-content\/uploads\/2016\/12\/flyer-fete-de-Noel-150x84.jpg 150w\" sizes=\"auto, (max-width: 500px) 100vw, 500px\" \/><\/a><\/p>\n<p><a href=\"https:\/\/www.quetzalma.org\/wp-content\/uploads\/2016\/12\/banniere-Quetzalma-Pasitos-2-1.jpg\">\u00a0\u00a0\u00a0\u00a0\u00a0\u00a0\u00a0\u00a0\u00a0\u00a0\u00a0\u00a0\u00a0\u00a0\u00a0\u00a0\u00a0\u00a0\u00a0\u00a0\u00a0\u00a0\u00a0 <img loading=\"lazy\" decoding=\"async\" class=\"alignnone wp-image-2992\" src=\"https:\/\/www.quetzalma.org\/wp-content\/uploads\/2016\/12\/banniere-Quetzalma-Pasitos-2-1.jpg\" width=\"302\" height=\"497\" srcset=\"https:\/\/www.quetzalma.org\/wp-content\/uploads\/2016\/12\/banniere-Quetzalma-Pasitos-2-1.jpg 510w, https:\/\/www.quetzalma.org\/wp-content\/uploads\/2016\/12\/banniere-Quetzalma-Pasitos-2-1-182x300.jpg 182w, https:\/\/www.quetzalma.org\/wp-content\/uploads\/2016\/12\/banniere-Quetzalma-Pasitos-2-1-91x150.jpg 91w\" sizes=\"auto, (max-width: 302px) 100vw, 302px\" \/>\u00a0\u00a0\u00a0\u00a0\u00a0\u00a0\u00a0\u00a0\u00a0\u00a0\u00a0\u00a0\u00a0\u00a0\u00a0 <\/a><a href=\"https:\/\/www.quetzalma.org\/wp-content\/uploads\/2016\/12\/banniere-remerciements-.jpg\"><img loading=\"lazy\" decoding=\"async\" class=\"wp-image-2993 alignnone\" src=\"https:\/\/www.quetzalma.org\/wp-content\/uploads\/2016\/12\/banniere-remerciements-.jpg\" width=\"312\" height=\"494\" srcset=\"https:\/\/www.quetzalma.org\/wp-content\/uploads\/2016\/12\/banniere-remerciements-.jpg 517w, https:\/\/www.quetzalma.org\/wp-content\/uploads\/2016\/12\/banniere-remerciements--189x300.jpg 189w, https:\/\/www.quetzalma.org\/wp-content\/uploads\/2016\/12\/banniere-remerciements--95x150.jpg 95w\" sizes=\"auto, (max-width: 312px) 100vw, 312px\" \/><\/a><\/p>\n<p>Rien n\u2019est plus beau et plus pur que le sourire d\u2019un enfant !\u00a0Le bien-\u00eatre qu\u2019il vous procure, m\u00eame s\u2019il ne dure qu\u2019un instant !<\/p>\n<p>Savoir respecter son sourire, le recevoir avec bonheur.\u00a0Il est heureux de l\u2019offrir, un cadeau qui vient du c\u0153ur.<\/p>\n<p>Don merveilleux de la vie, que l\u2019enfant fait partager !\u00a0Sourire innocent, rempli d\u2019amour, et de sinc\u00e9rit\u00e9.<\/p>\n<p><a href=\"https:\/\/www.quetzalma.org\/wp-content\/uploads\/2016\/12\/0001.jpg\"><img loading=\"lazy\" decoding=\"async\" class=\"wp-image-2987 aligncenter\" src=\"https:\/\/www.quetzalma.org\/wp-content\/uploads\/2016\/12\/0001.jpg\" width=\"442\" height=\"625\" srcset=\"https:\/\/www.quetzalma.org\/wp-content\/uploads\/2016\/12\/0001.jpg 2481w, https:\/\/www.quetzalma.org\/wp-content\/uploads\/2016\/12\/0001-212x300.jpg 212w, https:\/\/www.quetzalma.org\/wp-content\/uploads\/2016\/12\/0001-768x1086.jpg 768w, https:\/\/www.quetzalma.org\/wp-content\/uploads\/2016\/12\/0001-724x1024.jpg 724w, https:\/\/www.quetzalma.org\/wp-content\/uploads\/2016\/12\/0001-106x150.jpg 106w\" sizes=\"auto, (max-width: 442px) 100vw, 442px\" \/><\/a><\/p>\n","protected":false},"excerpt":{"rendered":"<p>No\u00ebl est un temps privil\u00e9gi\u00e9 de partage et de solidarit\u00e9. Nous avons choisi d&rsquo;offrir un \u00ab\u00a0No\u00ebl\u00a0\u00bb \u00e0 tous les enfants de Pasitos de Esperanza. La\u2026<\/p>\n<p class=\"continue-reading-button\"> <a class=\"continue-reading-link\" href=\"https:\/\/www.quetzalma.org\/?page_id=3111\">Lire la suite<i class=\"crycon-right-dir\"><\/i><\/a><\/p>\n","protected":false},"author":1,"featured_media":3000,"parent":7571,"menu_order":1,"comment_status":"closed","ping_status":"closed","template":"","meta":{"footnotes":""},"class_list":["post-3111","page","type-page","status-publish","has-post-thumbnail","hentry"],"_links":{"self":[{"href":"https:\/\/www.quetzalma.org\/index.php?rest_route=\/wp\/v2\/pages\/3111","targetHints":{"allow":["GET"]}}],"collection":[{"href":"https:\/\/www.quetzalma.org\/index.php?rest_route=\/wp\/v2\/pages"}],"about":[{"href":"https:\/\/www.quetzalma.org\/index.php?rest_route=\/wp\/v2\/types\/page"}],"author":[{"embeddable":true,"href":"https:\/\/www.quetzalma.org\/index.php?rest_route=\/wp\/v2\/users\/1"}],"replies":[{"embeddable":true,"href":"https:\/\/www.quetzalma.org\/index.php?rest_route=%2Fwp%2Fv2%2Fcomments&post=3111"}],"version-history":[{"count":3,"href":"https:\/\/www.quetzalma.org\/index.php?rest_route=\/wp\/v2\/pages\/3111\/revisions"}],"predecessor-version":[{"id":3230,"href":"https:\/\/www.quetzalma.org\/index.php?rest_route=\/wp\/v2\/pages\/3111\/revisions\/3230"}],"up":[{"embeddable":true,"href":"https:\/\/www.quetzalma.org\/index.php?rest_route=\/wp\/v2\/pages\/7571"}],"wp:featuredmedia":[{"embeddable":true,"href":"https:\/\/www.quetzalma.org\/index.php?rest_route=\/wp\/v2\/media\/3000"}],"wp:attachment":[{"href":"https:\/\/www.quetzalma.org\/index.php?rest_route=%2Fwp%2Fv2%2Fmedia&parent=3111"}],"curies":[{"name":"wp","href":"https:\/\/api.w.org\/{rel}","templated":true}]}}