{"id":3232,"date":"2016-12-24T11:40:36","date_gmt":"2016-12-24T10:40:36","guid":{"rendered":"http:\/\/www.quetzalma.org\/?page_id=3232"},"modified":"2020-01-18T21:37:59","modified_gmt":"2020-01-18T20:37:59","slug":"papa-noel-a-pasitos-de-esperanza-au-perou","status":"publish","type":"page","link":"https:\/\/www.quetzalma.org\/?page_id=3232","title":{"rendered":"Papa No\u00ebl \u00e0 Pasitos de Esperanza au P\u00e9rou !"},"content":{"rendered":"<div class=\"pdfprnt-buttons pdfprnt-buttons-page pdfprnt-top-right\"><a href=\"https:\/\/www.quetzalma.org\/index.php?rest_route=%2Fwp%2Fv2%2Fpages%2F3232&print=pdf\" class=\"pdfprnt-button pdfprnt-button-pdf\" target=\"_blank\" ><img decoding=\"async\" src=\"https:\/\/www.quetzalma.org\/wp-content\/plugins\/pdf-print\/images\/pdf.png\" alt=\"image_pdf\" title=\"Afficher le PDF\" \/><\/a><a href=\"https:\/\/www.quetzalma.org\/index.php?rest_route=%2Fwp%2Fv2%2Fpages%2F3232&print=print\" class=\"pdfprnt-button pdfprnt-button-print\" target=\"_blank\" ><img decoding=\"async\" src=\"https:\/\/www.quetzalma.org\/wp-content\/plugins\/pdf-print\/images\/print.png\" alt=\"image_print\" title=\"Contenu imprim\u00e9\" \/><\/a><\/div><p>Au sein de l&rsquo;association Pasitos de Esperanza (aide \u00e0 l&rsquo;enfance handicap\u00e9e), \u00e0 Lima, ce fut une merveilleuse f\u00eate de No\u00ebl.<\/p>\n<p>Convivialit\u00e9, partage, bonheur, tous les ingr\u00e9dients \u00e9taient au rendez-vous !<\/p>\n<p>Les enfants entour\u00e9s de leurs parents, de Katia la Directrice du centre et de son \u00e9quipe, ont \u00e9t\u00e9 choy\u00e9s&#8230;<\/p>\n<p>Nous sommes heureux d&rsquo;avoir pu contribuer \u00e0 cette magie de No\u00ebl !<\/p>\n<p><a href=\"https:\/\/www.quetzalma.org\/wp-content\/uploads\/2016\/12\/4.jpg\"><img loading=\"lazy\" decoding=\"async\" class=\"aligncenter wp-image-3123\" src=\"https:\/\/www.quetzalma.org\/wp-content\/uploads\/2016\/12\/4.jpg\" width=\"702\" height=\"395\" srcset=\"https:\/\/www.quetzalma.org\/wp-content\/uploads\/2016\/12\/4.jpg 2048w, https:\/\/www.quetzalma.org\/wp-content\/uploads\/2016\/12\/4-300x169.jpg 300w, https:\/\/www.quetzalma.org\/wp-content\/uploads\/2016\/12\/4-768x432.jpg 768w, https:\/\/www.quetzalma.org\/wp-content\/uploads\/2016\/12\/4-1024x576.jpg 1024w, https:\/\/www.quetzalma.org\/wp-content\/uploads\/2016\/12\/4-150x84.jpg 150w\" sizes=\"auto, (max-width: 702px) 100vw, 702px\" \/><\/a><\/p>\n<p><a href=\"https:\/\/www.quetzalma.org\/wp-content\/uploads\/2016\/12\/23.jpg\"><img loading=\"lazy\" decoding=\"async\" class=\"alignnone wp-image-3124\" src=\"https:\/\/www.quetzalma.org\/wp-content\/uploads\/2016\/12\/23.jpg\" width=\"392\" height=\"221\" srcset=\"https:\/\/www.quetzalma.org\/wp-content\/uploads\/2016\/12\/23.jpg 2048w, https:\/\/www.quetzalma.org\/wp-content\/uploads\/2016\/12\/23-300x169.jpg 300w, https:\/\/www.quetzalma.org\/wp-content\/uploads\/2016\/12\/23-768x432.jpg 768w, https:\/\/www.quetzalma.org\/wp-content\/uploads\/2016\/12\/23-1024x576.jpg 1024w, https:\/\/www.quetzalma.org\/wp-content\/uploads\/2016\/12\/23-150x84.jpg 150w\" sizes=\"auto, (max-width: 392px) 100vw, 392px\" \/><\/a>\u00a0\u00a0\u00a0\u00a0 <a href=\"https:\/\/www.quetzalma.org\/wp-content\/uploads\/2016\/12\/6.jpg\"><img loading=\"lazy\" decoding=\"async\" class=\"alignnone wp-image-3125\" src=\"https:\/\/www.quetzalma.org\/wp-content\/uploads\/2016\/12\/6.jpg\" width=\"392\" height=\"221\" srcset=\"https:\/\/www.quetzalma.org\/wp-content\/uploads\/2016\/12\/6.jpg 2048w, https:\/\/www.quetzalma.org\/wp-content\/uploads\/2016\/12\/6-300x169.jpg 300w, https:\/\/www.quetzalma.org\/wp-content\/uploads\/2016\/12\/6-768x432.jpg 768w, https:\/\/www.quetzalma.org\/wp-content\/uploads\/2016\/12\/6-1024x576.jpg 1024w, https:\/\/www.quetzalma.org\/wp-content\/uploads\/2016\/12\/6-150x84.jpg 150w\" sizes=\"auto, (max-width: 392px) 100vw, 392px\" \/><\/a><\/p>\n<p><a href=\"https:\/\/www.quetzalma.org\/wp-content\/uploads\/2016\/12\/IMG_4116.jpg\"><img loading=\"lazy\" decoding=\"async\" class=\"wp-image-3143 aligncenter\" src=\"https:\/\/www.quetzalma.org\/wp-content\/uploads\/2016\/12\/IMG_4116.jpg\" width=\"702\" height=\"454\" srcset=\"https:\/\/www.quetzalma.org\/wp-content\/uploads\/2016\/12\/IMG_4116.jpg 1767w, https:\/\/www.quetzalma.org\/wp-content\/uploads\/2016\/12\/IMG_4116-300x194.jpg 300w, https:\/\/www.quetzalma.org\/wp-content\/uploads\/2016\/12\/IMG_4116-768x497.jpg 768w, https:\/\/www.quetzalma.org\/wp-content\/uploads\/2016\/12\/IMG_4116-1024x662.jpg 1024w, https:\/\/www.quetzalma.org\/wp-content\/uploads\/2016\/12\/IMG_4116-150x97.jpg 150w\" sizes=\"auto, (max-width: 702px) 100vw, 702px\" \/><\/a><\/p>\n<p>Merci Papa No\u00ebl, merci Ebert pour cette distribution de cadeaux, tu es dou\u00e9 pour mettre du baume au coeur !<\/p>\n<p>Un visage souriant est le plus beau des paysages !<\/p>\n<p><a href=\"https:\/\/www.quetzalma.org\/wp-content\/uploads\/2016\/12\/8.jpg\"><img loading=\"lazy\" decoding=\"async\" class=\"wp-image-3127 alignnone\" src=\"https:\/\/www.quetzalma.org\/wp-content\/uploads\/2016\/12\/8.jpg\" width=\"392\" height=\"697\" srcset=\"https:\/\/www.quetzalma.org\/wp-content\/uploads\/2016\/12\/8.jpg 1152w, https:\/\/www.quetzalma.org\/wp-content\/uploads\/2016\/12\/8-169x300.jpg 169w, https:\/\/www.quetzalma.org\/wp-content\/uploads\/2016\/12\/8-768x1365.jpg 768w, https:\/\/www.quetzalma.org\/wp-content\/uploads\/2016\/12\/8-576x1024.jpg 576w, https:\/\/www.quetzalma.org\/wp-content\/uploads\/2016\/12\/8-84x150.jpg 84w\" sizes=\"auto, (max-width: 392px) 100vw, 392px\" \/>\u00a0\u00a0\u00a0\u00a0 <\/a><a href=\"https:\/\/www.quetzalma.org\/wp-content\/uploads\/2016\/12\/17.jpg\"><img loading=\"lazy\" decoding=\"async\" class=\"alignnone wp-image-3136\" src=\"https:\/\/www.quetzalma.org\/wp-content\/uploads\/2016\/12\/17.jpg\" width=\"392\" height=\"697\" srcset=\"https:\/\/www.quetzalma.org\/wp-content\/uploads\/2016\/12\/17.jpg 405w, https:\/\/www.quetzalma.org\/wp-content\/uploads\/2016\/12\/17-169x300.jpg 169w, https:\/\/www.quetzalma.org\/wp-content\/uploads\/2016\/12\/17-84x150.jpg 84w\" sizes=\"auto, (max-width: 392px) 100vw, 392px\" \/><\/a><\/p>\n<p><a href=\"https:\/\/www.quetzalma.org\/wp-content\/uploads\/2016\/12\/11.jpg\"><img loading=\"lazy\" decoding=\"async\" class=\"wp-image-3130 alignnone\" src=\"https:\/\/www.quetzalma.org\/wp-content\/uploads\/2016\/12\/11.jpg\" width=\"392\" height=\"697\" srcset=\"https:\/\/www.quetzalma.org\/wp-content\/uploads\/2016\/12\/11.jpg 1152w, https:\/\/www.quetzalma.org\/wp-content\/uploads\/2016\/12\/11-169x300.jpg 169w, https:\/\/www.quetzalma.org\/wp-content\/uploads\/2016\/12\/11-768x1365.jpg 768w, https:\/\/www.quetzalma.org\/wp-content\/uploads\/2016\/12\/11-576x1024.jpg 576w, https:\/\/www.quetzalma.org\/wp-content\/uploads\/2016\/12\/11-84x150.jpg 84w\" sizes=\"auto, (max-width: 392px) 100vw, 392px\" \/>\u00a0\u00a0\u00a0\u00a0 <\/a><a href=\"https:\/\/www.quetzalma.org\/wp-content\/uploads\/2016\/12\/22.jpg\"><img loading=\"lazy\" decoding=\"async\" class=\"wp-image-3141 alignnone\" src=\"https:\/\/www.quetzalma.org\/wp-content\/uploads\/2016\/12\/22.jpg\" width=\"392\" height=\"697\" srcset=\"https:\/\/www.quetzalma.org\/wp-content\/uploads\/2016\/12\/22.jpg 1152w, https:\/\/www.quetzalma.org\/wp-content\/uploads\/2016\/12\/22-169x300.jpg 169w, https:\/\/www.quetzalma.org\/wp-content\/uploads\/2016\/12\/22-768x1365.jpg 768w, https:\/\/www.quetzalma.org\/wp-content\/uploads\/2016\/12\/22-576x1024.jpg 576w, https:\/\/www.quetzalma.org\/wp-content\/uploads\/2016\/12\/22-84x150.jpg 84w\" sizes=\"auto, (max-width: 392px) 100vw, 392px\" \/><\/a><\/p>\n<p><a href=\"https:\/\/www.quetzalma.org\/wp-content\/uploads\/2016\/12\/21.jpg\"><img loading=\"lazy\" decoding=\"async\" class=\"wp-image-3140 alignnone\" src=\"https:\/\/www.quetzalma.org\/wp-content\/uploads\/2016\/12\/21.jpg\" width=\"392\" height=\"697\" srcset=\"https:\/\/www.quetzalma.org\/wp-content\/uploads\/2016\/12\/21.jpg 1152w, https:\/\/www.quetzalma.org\/wp-content\/uploads\/2016\/12\/21-169x300.jpg 169w, https:\/\/www.quetzalma.org\/wp-content\/uploads\/2016\/12\/21-768x1365.jpg 768w, https:\/\/www.quetzalma.org\/wp-content\/uploads\/2016\/12\/21-576x1024.jpg 576w, https:\/\/www.quetzalma.org\/wp-content\/uploads\/2016\/12\/21-84x150.jpg 84w\" sizes=\"auto, (max-width: 392px) 100vw, 392px\" \/>\u00a0\u00a0\u00a0\u00a0 <\/a><a href=\"https:\/\/www.quetzalma.org\/wp-content\/uploads\/2016\/12\/20.jpg\"><img loading=\"lazy\" decoding=\"async\" class=\"wp-image-3139 alignnone\" src=\"https:\/\/www.quetzalma.org\/wp-content\/uploads\/2016\/12\/20.jpg\" width=\"392\" height=\"697\" srcset=\"https:\/\/www.quetzalma.org\/wp-content\/uploads\/2016\/12\/20.jpg 1152w, https:\/\/www.quetzalma.org\/wp-content\/uploads\/2016\/12\/20-169x300.jpg 169w, https:\/\/www.quetzalma.org\/wp-content\/uploads\/2016\/12\/20-768x1365.jpg 768w, https:\/\/www.quetzalma.org\/wp-content\/uploads\/2016\/12\/20-576x1024.jpg 576w, https:\/\/www.quetzalma.org\/wp-content\/uploads\/2016\/12\/20-84x150.jpg 84w\" sizes=\"auto, (max-width: 392px) 100vw, 392px\" \/><\/a><\/p>\n<p><a href=\"https:\/\/www.quetzalma.org\/wp-content\/uploads\/2016\/12\/19.jpg\"><img loading=\"lazy\" decoding=\"async\" class=\"wp-image-3138 alignnone\" src=\"https:\/\/www.quetzalma.org\/wp-content\/uploads\/2016\/12\/19.jpg\" width=\"392\" height=\"697\" srcset=\"https:\/\/www.quetzalma.org\/wp-content\/uploads\/2016\/12\/19.jpg 1152w, https:\/\/www.quetzalma.org\/wp-content\/uploads\/2016\/12\/19-169x300.jpg 169w, https:\/\/www.quetzalma.org\/wp-content\/uploads\/2016\/12\/19-768x1365.jpg 768w, https:\/\/www.quetzalma.org\/wp-content\/uploads\/2016\/12\/19-576x1024.jpg 576w, https:\/\/www.quetzalma.org\/wp-content\/uploads\/2016\/12\/19-84x150.jpg 84w\" sizes=\"auto, (max-width: 392px) 100vw, 392px\" \/>\u00a0\u00a0\u00a0\u00a0 <\/a><a href=\"https:\/\/www.quetzalma.org\/wp-content\/uploads\/2016\/12\/18.jpg\"><img loading=\"lazy\" decoding=\"async\" class=\"wp-image-3137 alignnone\" src=\"https:\/\/www.quetzalma.org\/wp-content\/uploads\/2016\/12\/18.jpg\" width=\"392\" height=\"697\" srcset=\"https:\/\/www.quetzalma.org\/wp-content\/uploads\/2016\/12\/18.jpg 1152w, https:\/\/www.quetzalma.org\/wp-content\/uploads\/2016\/12\/18-169x300.jpg 169w, https:\/\/www.quetzalma.org\/wp-content\/uploads\/2016\/12\/18-768x1365.jpg 768w, https:\/\/www.quetzalma.org\/wp-content\/uploads\/2016\/12\/18-576x1024.jpg 576w, https:\/\/www.quetzalma.org\/wp-content\/uploads\/2016\/12\/18-84x150.jpg 84w\" sizes=\"auto, (max-width: 392px) 100vw, 392px\" \/><\/a><\/p>\n<p><a href=\"https:\/\/www.quetzalma.org\/wp-content\/uploads\/2016\/12\/16.jpg\"><img loading=\"lazy\" decoding=\"async\" class=\"wp-image-3135 alignnone\" src=\"https:\/\/www.quetzalma.org\/wp-content\/uploads\/2016\/12\/16.jpg\" width=\"392\" height=\"697\" srcset=\"https:\/\/www.quetzalma.org\/wp-content\/uploads\/2016\/12\/16.jpg 1152w, https:\/\/www.quetzalma.org\/wp-content\/uploads\/2016\/12\/16-169x300.jpg 169w, https:\/\/www.quetzalma.org\/wp-content\/uploads\/2016\/12\/16-768x1365.jpg 768w, https:\/\/www.quetzalma.org\/wp-content\/uploads\/2016\/12\/16-576x1024.jpg 576w, https:\/\/www.quetzalma.org\/wp-content\/uploads\/2016\/12\/16-84x150.jpg 84w\" sizes=\"auto, (max-width: 392px) 100vw, 392px\" \/>\u00a0\u00a0\u00a0\u00a0 <\/a><a href=\"https:\/\/www.quetzalma.org\/wp-content\/uploads\/2016\/12\/15.jpg\"><img loading=\"lazy\" decoding=\"async\" class=\"wp-image-3134 alignnone\" src=\"https:\/\/www.quetzalma.org\/wp-content\/uploads\/2016\/12\/15.jpg\" width=\"392\" height=\"697\" srcset=\"https:\/\/www.quetzalma.org\/wp-content\/uploads\/2016\/12\/15.jpg 1152w, https:\/\/www.quetzalma.org\/wp-content\/uploads\/2016\/12\/15-169x300.jpg 169w, https:\/\/www.quetzalma.org\/wp-content\/uploads\/2016\/12\/15-768x1365.jpg 768w, https:\/\/www.quetzalma.org\/wp-content\/uploads\/2016\/12\/15-576x1024.jpg 576w, https:\/\/www.quetzalma.org\/wp-content\/uploads\/2016\/12\/15-84x150.jpg 84w\" sizes=\"auto, (max-width: 392px) 100vw, 392px\" \/><\/a><\/p>\n<p><a href=\"https:\/\/www.quetzalma.org\/wp-content\/uploads\/2016\/12\/14.jpg\"><img loading=\"lazy\" decoding=\"async\" class=\"wp-image-3133 alignnone\" src=\"https:\/\/www.quetzalma.org\/wp-content\/uploads\/2016\/12\/14.jpg\" width=\"392\" height=\"697\" srcset=\"https:\/\/www.quetzalma.org\/wp-content\/uploads\/2016\/12\/14.jpg 1152w, https:\/\/www.quetzalma.org\/wp-content\/uploads\/2016\/12\/14-169x300.jpg 169w, https:\/\/www.quetzalma.org\/wp-content\/uploads\/2016\/12\/14-768x1365.jpg 768w, https:\/\/www.quetzalma.org\/wp-content\/uploads\/2016\/12\/14-576x1024.jpg 576w, https:\/\/www.quetzalma.org\/wp-content\/uploads\/2016\/12\/14-84x150.jpg 84w\" sizes=\"auto, (max-width: 392px) 100vw, 392px\" \/>\u00a0\u00a0\u00a0\u00a0 <\/a><a href=\"https:\/\/www.quetzalma.org\/wp-content\/uploads\/2016\/12\/13.jpg\"><img loading=\"lazy\" decoding=\"async\" class=\"wp-image-3132 alignnone\" src=\"https:\/\/www.quetzalma.org\/wp-content\/uploads\/2016\/12\/13.jpg\" width=\"392\" height=\"697\" srcset=\"https:\/\/www.quetzalma.org\/wp-content\/uploads\/2016\/12\/13.jpg 1152w, https:\/\/www.quetzalma.org\/wp-content\/uploads\/2016\/12\/13-169x300.jpg 169w, https:\/\/www.quetzalma.org\/wp-content\/uploads\/2016\/12\/13-768x1365.jpg 768w, https:\/\/www.quetzalma.org\/wp-content\/uploads\/2016\/12\/13-576x1024.jpg 576w, https:\/\/www.quetzalma.org\/wp-content\/uploads\/2016\/12\/13-84x150.jpg 84w\" sizes=\"auto, (max-width: 392px) 100vw, 392px\" \/><\/a><\/p>\n<p><a href=\"https:\/\/www.quetzalma.org\/wp-content\/uploads\/2016\/12\/12.jpg\"><img loading=\"lazy\" decoding=\"async\" class=\"wp-image-3131 alignnone\" src=\"https:\/\/www.quetzalma.org\/wp-content\/uploads\/2016\/12\/12.jpg\" width=\"392\" height=\"697\" srcset=\"https:\/\/www.quetzalma.org\/wp-content\/uploads\/2016\/12\/12.jpg 1152w, https:\/\/www.quetzalma.org\/wp-content\/uploads\/2016\/12\/12-169x300.jpg 169w, https:\/\/www.quetzalma.org\/wp-content\/uploads\/2016\/12\/12-768x1365.jpg 768w, https:\/\/www.quetzalma.org\/wp-content\/uploads\/2016\/12\/12-576x1024.jpg 576w, https:\/\/www.quetzalma.org\/wp-content\/uploads\/2016\/12\/12-84x150.jpg 84w\" sizes=\"auto, (max-width: 392px) 100vw, 392px\" \/>\u00a0\u00a0\u00a0\u00a0 <\/a><a href=\"https:\/\/www.quetzalma.org\/wp-content\/uploads\/2016\/12\/10.jpg\"><img loading=\"lazy\" decoding=\"async\" class=\"wp-image-3129 alignnone\" src=\"https:\/\/www.quetzalma.org\/wp-content\/uploads\/2016\/12\/10.jpg\" width=\"392\" height=\"697\" srcset=\"https:\/\/www.quetzalma.org\/wp-content\/uploads\/2016\/12\/10.jpg 1152w, https:\/\/www.quetzalma.org\/wp-content\/uploads\/2016\/12\/10-169x300.jpg 169w, https:\/\/www.quetzalma.org\/wp-content\/uploads\/2016\/12\/10-768x1365.jpg 768w, https:\/\/www.quetzalma.org\/wp-content\/uploads\/2016\/12\/10-576x1024.jpg 576w, https:\/\/www.quetzalma.org\/wp-content\/uploads\/2016\/12\/10-84x150.jpg 84w\" sizes=\"auto, (max-width: 392px) 100vw, 392px\" \/><\/a><\/p>\n<p><a href=\"https:\/\/www.quetzalma.org\/wp-content\/uploads\/2016\/12\/9.jpg\"><img loading=\"lazy\" decoding=\"async\" class=\"wp-image-3128 alignnone\" src=\"https:\/\/www.quetzalma.org\/wp-content\/uploads\/2016\/12\/9.jpg\" width=\"392\" height=\"697\" srcset=\"https:\/\/www.quetzalma.org\/wp-content\/uploads\/2016\/12\/9.jpg 1152w, https:\/\/www.quetzalma.org\/wp-content\/uploads\/2016\/12\/9-169x300.jpg 169w, https:\/\/www.quetzalma.org\/wp-content\/uploads\/2016\/12\/9-768x1365.jpg 768w, https:\/\/www.quetzalma.org\/wp-content\/uploads\/2016\/12\/9-576x1024.jpg 576w, https:\/\/www.quetzalma.org\/wp-content\/uploads\/2016\/12\/9-84x150.jpg 84w\" sizes=\"auto, (max-width: 392px) 100vw, 392px\" \/><\/a>\u00a0\u00a0\u00a0\u00a0 <a href=\"https:\/\/www.quetzalma.org\/wp-content\/uploads\/2016\/12\/7.jpg\"><img loading=\"lazy\" decoding=\"async\" class=\"wp-image-3126 alignnone\" src=\"https:\/\/www.quetzalma.org\/wp-content\/uploads\/2016\/12\/7.jpg\" width=\"392\" height=\"697\" srcset=\"https:\/\/www.quetzalma.org\/wp-content\/uploads\/2016\/12\/7.jpg 1152w, https:\/\/www.quetzalma.org\/wp-content\/uploads\/2016\/12\/7-169x300.jpg 169w, https:\/\/www.quetzalma.org\/wp-content\/uploads\/2016\/12\/7-768x1365.jpg 768w, https:\/\/www.quetzalma.org\/wp-content\/uploads\/2016\/12\/7-576x1024.jpg 576w, https:\/\/www.quetzalma.org\/wp-content\/uploads\/2016\/12\/7-84x150.jpg 84w\" sizes=\"auto, (max-width: 392px) 100vw, 392px\" \/><\/a><\/p>\n<p>Bouquet final&#8230;<\/p>\n<div class=\"epyt-video-wrapper\"><iframe loading=\"lazy\"  id=\"_ytid_29773\"  width=\"900\" height=\"675\"  data-origwidth=\"900\" data-origheight=\"675\" src=\"https:\/\/www.youtube.com\/embed\/vuEuBBDKR4s?enablejsapi=1&#038;autoplay=0&#038;cc_load_policy=0&#038;cc_lang_pref=&#038;iv_load_policy=1&#038;loop=0&#038;rel=1&#038;fs=1&#038;playsinline=0&#038;autohide=2&#038;theme=dark&#038;color=red&#038;controls=1&#038;disablekb=0&#038;\" class=\"__youtube_prefs__  epyt-is-override  no-lazyload\" title=\"YouTube player\"  allow=\"fullscreen; accelerometer; autoplay; clipboard-write; encrypted-media; gyroscope; picture-in-picture; web-share\" referrerpolicy=\"strict-origin-when-cross-origin\" allowfullscreen data-no-lazy=\"1\" data-skipgform_ajax_framebjll=\"\"><\/iframe><\/div>\n","protected":false},"excerpt":{"rendered":"<p>Au sein de l&rsquo;association Pasitos de Esperanza (aide \u00e0 l&rsquo;enfance handicap\u00e9e), \u00e0 Lima, ce fut une merveilleuse f\u00eate de No\u00ebl. Convivialit\u00e9, partage, bonheur, tous les\u2026<\/p>\n<p class=\"continue-reading-button\"> <a class=\"continue-reading-link\" href=\"https:\/\/www.quetzalma.org\/?page_id=3232\">Lire la suite<i class=\"crycon-right-dir\"><\/i><\/a><\/p>\n","protected":false},"author":1,"featured_media":0,"parent":7571,"menu_order":2,"comment_status":"closed","ping_status":"closed","template":"","meta":{"footnotes":""},"class_list":["post-3232","page","type-page","status-publish","hentry"],"_links":{"self":[{"href":"https:\/\/www.quetzalma.org\/index.php?rest_route=\/wp\/v2\/pages\/3232","targetHints":{"allow":["GET"]}}],"collection":[{"href":"https:\/\/www.quetzalma.org\/index.php?rest_route=\/wp\/v2\/pages"}],"about":[{"href":"https:\/\/www.quetzalma.org\/index.php?rest_route=\/wp\/v2\/types\/page"}],"author":[{"embeddable":true,"href":"https:\/\/www.quetzalma.org\/index.php?rest_route=\/wp\/v2\/users\/1"}],"replies":[{"embeddable":true,"href":"https:\/\/www.quetzalma.org\/index.php?rest_route=%2Fwp%2Fv2%2Fcomments&post=3232"}],"version-history":[{"count":2,"href":"https:\/\/www.quetzalma.org\/index.php?rest_route=\/wp\/v2\/pages\/3232\/revisions"}],"predecessor-version":[{"id":3234,"href":"https:\/\/www.quetzalma.org\/index.php?rest_route=\/wp\/v2\/pages\/3232\/revisions\/3234"}],"up":[{"embeddable":true,"href":"https:\/\/www.quetzalma.org\/index.php?rest_route=\/wp\/v2\/pages\/7571"}],"wp:attachment":[{"href":"https:\/\/www.quetzalma.org\/index.php?rest_route=%2Fwp%2Fv2%2Fmedia&parent=3232"}],"curies":[{"name":"wp","href":"https:\/\/api.w.org\/{rel}","templated":true}]}}