{"id":3310,"date":"2016-12-29T12:43:19","date_gmt":"2016-12-29T11:43:19","guid":{"rendered":"http:\/\/www.quetzalma.org\/?page_id=3310"},"modified":"2016-12-29T12:44:41","modified_gmt":"2016-12-29T11:44:41","slug":"obernai-decembre-2016","status":"publish","type":"page","link":"https:\/\/www.quetzalma.org\/?page_id=3310","title":{"rendered":"March\u00e9 de No\u00ebl Obernai du 17 au 31 d\u00e9cembre 2016"},"content":{"rendered":"<div class=\"pdfprnt-buttons pdfprnt-buttons-page pdfprnt-top-right\"><a href=\"https:\/\/www.quetzalma.org\/index.php?rest_route=%2Fwp%2Fv2%2Fpages%2F3310&print=pdf\" class=\"pdfprnt-button pdfprnt-button-pdf\" target=\"_blank\" ><img decoding=\"async\" src=\"https:\/\/www.quetzalma.org\/wp-content\/plugins\/pdf-print\/images\/pdf.png\" alt=\"image_pdf\" title=\"Afficher le PDF\" \/><\/a><a href=\"https:\/\/www.quetzalma.org\/index.php?rest_route=%2Fwp%2Fv2%2Fpages%2F3310&print=print\" class=\"pdfprnt-button pdfprnt-button-print\" target=\"_blank\" ><img decoding=\"async\" src=\"https:\/\/www.quetzalma.org\/wp-content\/plugins\/pdf-print\/images\/print.png\" alt=\"image_print\" title=\"Contenu imprim\u00e9\" \/><\/a><\/div><p>La ville d&rsquo;Obernai, petite ville historique d&rsquo;Alsace aux pieds du massif des Vosges&#8230;<\/p>\n<p>Sa partie historique est encore partiellement entour\u00e9e par des murs et garde une atmosph\u00e8re typiquement m\u00e9di\u00e9vale qui s&rsquo;adapte parfaitement au march\u00e9 de No\u00ebl.<\/p>\n<p><a href=\"https:\/\/www.quetzalma.org\/wp-content\/uploads\/2016\/12\/5-1.jpg\"><img loading=\"lazy\" decoding=\"async\" class=\"wp-image-3279 aligncenter\" src=\"https:\/\/www.quetzalma.org\/wp-content\/uploads\/2016\/12\/5-1.jpg\" width=\"505\" height=\"336\" srcset=\"https:\/\/www.quetzalma.org\/wp-content\/uploads\/2016\/12\/5-1.jpg 6000w, https:\/\/www.quetzalma.org\/wp-content\/uploads\/2016\/12\/5-1-300x200.jpg 300w, https:\/\/www.quetzalma.org\/wp-content\/uploads\/2016\/12\/5-1-768x512.jpg 768w, https:\/\/www.quetzalma.org\/wp-content\/uploads\/2016\/12\/5-1-1024x683.jpg 1024w, https:\/\/www.quetzalma.org\/wp-content\/uploads\/2016\/12\/5-1-150x100.jpg 150w\" sizes=\"auto, (max-width: 505px) 100vw, 505px\" \/><\/a><\/p>\n<p>Le village de No\u00ebl s&rsquo;est install\u00e9 pour cette \u00e9dition 2016 au niveau du parking des remparts, regroupant une trentaine de jolis petits chalets en bois. La place du march\u00e9 accueille cette ann\u00e9e une clairi\u00e8re enchant\u00e9e compos\u00e9e du grand sapin, de la cr\u00e8che et ses animaux, de d\u00e9cors et d&rsquo;illuminations de No\u00ebl.<\/p>\n<p><a href=\"https:\/\/www.quetzalma.org\/wp-content\/uploads\/2016\/12\/1-2.jpg\"><img loading=\"lazy\" decoding=\"async\" class=\"alignnone wp-image-3275\" src=\"https:\/\/www.quetzalma.org\/wp-content\/uploads\/2016\/12\/1-2.jpg\" width=\"389\" height=\"259\" srcset=\"https:\/\/www.quetzalma.org\/wp-content\/uploads\/2016\/12\/1-2.jpg 6000w, https:\/\/www.quetzalma.org\/wp-content\/uploads\/2016\/12\/1-2-300x200.jpg 300w, https:\/\/www.quetzalma.org\/wp-content\/uploads\/2016\/12\/1-2-768x512.jpg 768w, https:\/\/www.quetzalma.org\/wp-content\/uploads\/2016\/12\/1-2-1024x683.jpg 1024w, https:\/\/www.quetzalma.org\/wp-content\/uploads\/2016\/12\/1-2-150x100.jpg 150w\" sizes=\"auto, (max-width: 389px) 100vw, 389px\" \/><\/a>\u00a0\u00a0\u00a0\u00a0 <a href=\"https:\/\/www.quetzalma.org\/wp-content\/uploads\/2016\/12\/6-1.jpg\"><img loading=\"lazy\" decoding=\"async\" class=\"alignnone wp-image-3280\" src=\"https:\/\/www.quetzalma.org\/wp-content\/uploads\/2016\/12\/6-1.jpg\" width=\"389\" height=\"259\" srcset=\"https:\/\/www.quetzalma.org\/wp-content\/uploads\/2016\/12\/6-1.jpg 6000w, https:\/\/www.quetzalma.org\/wp-content\/uploads\/2016\/12\/6-1-300x200.jpg 300w, https:\/\/www.quetzalma.org\/wp-content\/uploads\/2016\/12\/6-1-768x512.jpg 768w, https:\/\/www.quetzalma.org\/wp-content\/uploads\/2016\/12\/6-1-1024x683.jpg 1024w, https:\/\/www.quetzalma.org\/wp-content\/uploads\/2016\/12\/6-1-150x100.jpg 150w\" sizes=\"auto, (max-width: 389px) 100vw, 389px\" \/><\/a><\/p>\n<p><a href=\"https:\/\/www.quetzalma.org\/wp-content\/uploads\/2016\/12\/4-1.jpg\"><img loading=\"lazy\" decoding=\"async\" class=\"wp-image-3276 alignnone\" src=\"https:\/\/www.quetzalma.org\/wp-content\/uploads\/2016\/12\/4-1.jpg\" width=\"389\" height=\"259\" srcset=\"https:\/\/www.quetzalma.org\/wp-content\/uploads\/2016\/12\/4-1.jpg 6000w, https:\/\/www.quetzalma.org\/wp-content\/uploads\/2016\/12\/4-1-300x200.jpg 300w, https:\/\/www.quetzalma.org\/wp-content\/uploads\/2016\/12\/4-1-768x512.jpg 768w, https:\/\/www.quetzalma.org\/wp-content\/uploads\/2016\/12\/4-1-1024x683.jpg 1024w, https:\/\/www.quetzalma.org\/wp-content\/uploads\/2016\/12\/4-1-150x100.jpg 150w\" sizes=\"auto, (max-width: 389px) 100vw, 389px\" \/>\u00a0\u00a0\u00a0\u00a0 <\/a><a href=\"https:\/\/www.quetzalma.org\/wp-content\/uploads\/2016\/12\/8-2.jpg\"><img loading=\"lazy\" decoding=\"async\" class=\"wp-image-3281 alignnone\" src=\"https:\/\/www.quetzalma.org\/wp-content\/uploads\/2016\/12\/8-2.jpg\" width=\"389\" height=\"260\" srcset=\"https:\/\/www.quetzalma.org\/wp-content\/uploads\/2016\/12\/8-2.jpg 6000w, https:\/\/www.quetzalma.org\/wp-content\/uploads\/2016\/12\/8-2-300x200.jpg 300w, https:\/\/www.quetzalma.org\/wp-content\/uploads\/2016\/12\/8-2-768x512.jpg 768w, https:\/\/www.quetzalma.org\/wp-content\/uploads\/2016\/12\/8-2-1024x683.jpg 1024w, https:\/\/www.quetzalma.org\/wp-content\/uploads\/2016\/12\/8-2-150x100.jpg 150w\" sizes=\"auto, (max-width: 389px) 100vw, 389px\" \/><\/a><\/p>\n<p><a href=\"https:\/\/www.quetzalma.org\/wp-content\/uploads\/2016\/12\/9-1.jpg\"><img loading=\"lazy\" decoding=\"async\" class=\"aligncenter wp-image-3282\" src=\"https:\/\/www.quetzalma.org\/wp-content\/uploads\/2016\/12\/9-1-e1482879414622.jpg\" width=\"392\" height=\"522\" srcset=\"https:\/\/www.quetzalma.org\/wp-content\/uploads\/2016\/12\/9-1-e1482879414622.jpg 2448w, https:\/\/www.quetzalma.org\/wp-content\/uploads\/2016\/12\/9-1-e1482879414622-225x300.jpg 225w, https:\/\/www.quetzalma.org\/wp-content\/uploads\/2016\/12\/9-1-e1482879414622-768x1024.jpg 768w, https:\/\/www.quetzalma.org\/wp-content\/uploads\/2016\/12\/9-1-e1482879414622-113x150.jpg 113w\" sizes=\"auto, (max-width: 392px) 100vw, 392px\" \/><\/a><\/p>\n<p>Notre bel artisanat latino-am\u00e9ricain fait main a fait des heureux ! Vous avez \u00e9t\u00e9 nombreux \u00e0 faire une halte sur notre stand en vue de d\u00e9nicher ce petit cadeau de No\u00ebl si particulier&#8230; Particulier parce qu&rsquo;il est le fruit d&rsquo;une double bonne action : il permet aux artisans locaux de survivre et de faire vivre leur famille dans des lieux souvent recul\u00e9s des Andes gr\u00e2ce aux achats effectu\u00e9s sur place par notre association mais le b\u00e9n\u00e9fice permet \u00e9galement de financer les diff\u00e9rentes actions men\u00e9es par QUETZALMA !<\/p>\n<p><a href=\"https:\/\/www.quetzalma.org\/wp-content\/uploads\/2016\/12\/10-1.jpg\"><img loading=\"lazy\" decoding=\"async\" class=\"wp-image-3285 alignnone\" src=\"https:\/\/www.quetzalma.org\/wp-content\/uploads\/2016\/12\/10-1.jpg\" width=\"389\" height=\"292\" srcset=\"https:\/\/www.quetzalma.org\/wp-content\/uploads\/2016\/12\/10-1.jpg 3264w, https:\/\/www.quetzalma.org\/wp-content\/uploads\/2016\/12\/10-1-300x225.jpg 300w, https:\/\/www.quetzalma.org\/wp-content\/uploads\/2016\/12\/10-1-768x576.jpg 768w, https:\/\/www.quetzalma.org\/wp-content\/uploads\/2016\/12\/10-1-1024x768.jpg 1024w, https:\/\/www.quetzalma.org\/wp-content\/uploads\/2016\/12\/10-1-150x113.jpg 150w\" sizes=\"auto, (max-width: 389px) 100vw, 389px\" \/>\u00a0\u00a0\u00a0\u00a0 <\/a><a href=\"https:\/\/www.quetzalma.org\/wp-content\/uploads\/2016\/12\/16-1.jpg\"><img loading=\"lazy\" decoding=\"async\" class=\"wp-image-3288 alignnone\" src=\"https:\/\/www.quetzalma.org\/wp-content\/uploads\/2016\/12\/16-1.jpg\" width=\"389\" height=\"292\" srcset=\"https:\/\/www.quetzalma.org\/wp-content\/uploads\/2016\/12\/16-1.jpg 4032w, https:\/\/www.quetzalma.org\/wp-content\/uploads\/2016\/12\/16-1-300x225.jpg 300w, https:\/\/www.quetzalma.org\/wp-content\/uploads\/2016\/12\/16-1-768x576.jpg 768w, https:\/\/www.quetzalma.org\/wp-content\/uploads\/2016\/12\/16-1-1024x768.jpg 1024w, https:\/\/www.quetzalma.org\/wp-content\/uploads\/2016\/12\/16-1-150x113.jpg 150w\" sizes=\"auto, (max-width: 389px) 100vw, 389px\" \/><\/a><\/p>\n<p>Comme \u00e0 l&rsquo;accoutum\u00e9e ces journ\u00e9es festives de lumi\u00e8re et de partage se sont d\u00e9roul\u00e9es dans la joie et la bonne humeur ! Il para\u00eet que le sourire est contagieux ! Belle fin d&rsquo;ann\u00e9e \u00e0 tous !<\/p>\n<p><a href=\"https:\/\/www.quetzalma.org\/wp-content\/uploads\/2016\/12\/13-1-e1482879674927.jpg\"><img loading=\"lazy\" decoding=\"async\" class=\"aligncenter wp-image-3286\" src=\"https:\/\/www.quetzalma.org\/wp-content\/uploads\/2016\/12\/13-1-e1482879674927.jpg\" width=\"389\" height=\"519\" srcset=\"https:\/\/www.quetzalma.org\/wp-content\/uploads\/2016\/12\/13-1-e1482879674927.jpg 3024w, https:\/\/www.quetzalma.org\/wp-content\/uploads\/2016\/12\/13-1-e1482879674927-225x300.jpg 225w, https:\/\/www.quetzalma.org\/wp-content\/uploads\/2016\/12\/13-1-e1482879674927-768x1024.jpg 768w, https:\/\/www.quetzalma.org\/wp-content\/uploads\/2016\/12\/13-1-e1482879674927-113x150.jpg 113w\" sizes=\"auto, (max-width: 389px) 100vw, 389px\" \/><\/a><\/p>\n<p><a href=\"https:\/\/www.quetzalma.org\/wp-content\/uploads\/2016\/12\/15-1.jpg\"><img loading=\"lazy\" decoding=\"async\" class=\" wp-image-3287 aligncenter\" src=\"https:\/\/www.quetzalma.org\/wp-content\/uploads\/2016\/12\/15-1.jpg\" alt=\"\" width=\"550\" height=\"413\" srcset=\"https:\/\/www.quetzalma.org\/wp-content\/uploads\/2016\/12\/15-1.jpg 640w, https:\/\/www.quetzalma.org\/wp-content\/uploads\/2016\/12\/15-1-300x225.jpg 300w, https:\/\/www.quetzalma.org\/wp-content\/uploads\/2016\/12\/15-1-150x113.jpg 150w\" sizes=\"auto, (max-width: 550px) 100vw, 550px\" \/><\/a><\/p>\n","protected":false},"excerpt":{"rendered":"<p>La ville d&rsquo;Obernai, petite ville historique d&rsquo;Alsace aux pieds du massif des Vosges&#8230; Sa partie historique est encore partiellement entour\u00e9e par des murs et garde\u2026<\/p>\n<p class=\"continue-reading-button\"> <a class=\"continue-reading-link\" href=\"https:\/\/www.quetzalma.org\/?page_id=3310\">Lire la suite<i class=\"crycon-right-dir\"><\/i><\/a><\/p>\n","protected":false},"author":1,"featured_media":0,"parent":1083,"menu_order":23,"comment_status":"closed","ping_status":"closed","template":"","meta":{"footnotes":""},"class_list":["post-3310","page","type-page","status-publish","hentry"],"_links":{"self":[{"href":"https:\/\/www.quetzalma.org\/index.php?rest_route=\/wp\/v2\/pages\/3310","targetHints":{"allow":["GET"]}}],"collection":[{"href":"https:\/\/www.quetzalma.org\/index.php?rest_route=\/wp\/v2\/pages"}],"about":[{"href":"https:\/\/www.quetzalma.org\/index.php?rest_route=\/wp\/v2\/types\/page"}],"author":[{"embeddable":true,"href":"https:\/\/www.quetzalma.org\/index.php?rest_route=\/wp\/v2\/users\/1"}],"replies":[{"embeddable":true,"href":"https:\/\/www.quetzalma.org\/index.php?rest_route=%2Fwp%2Fv2%2Fcomments&post=3310"}],"version-history":[{"count":2,"href":"https:\/\/www.quetzalma.org\/index.php?rest_route=\/wp\/v2\/pages\/3310\/revisions"}],"predecessor-version":[{"id":3312,"href":"https:\/\/www.quetzalma.org\/index.php?rest_route=\/wp\/v2\/pages\/3310\/revisions\/3312"}],"up":[{"embeddable":true,"href":"https:\/\/www.quetzalma.org\/index.php?rest_route=\/wp\/v2\/pages\/1083"}],"wp:attachment":[{"href":"https:\/\/www.quetzalma.org\/index.php?rest_route=%2Fwp%2Fv2%2Fmedia&parent=3310"}],"curies":[{"name":"wp","href":"https:\/\/api.w.org\/{rel}","templated":true}]}}