{"id":3439,"date":"2018-12-30T11:13:26","date_gmt":"2018-12-30T10:13:26","guid":{"rendered":"http:\/\/www.quetzalma.org\/?page_id=3439"},"modified":"2021-03-01T10:35:46","modified_gmt":"2021-03-01T09:35:46","slug":"joyeuses-fetes-de-fin-dannee-a-tous-les-deseamos-felices-fiestas-de-fin-de-ano","status":"publish","type":"page","link":"https:\/\/www.quetzalma.org\/?page_id=3439","title":{"rendered":"Joyeuses f\u00eates de fin d&rsquo;ann\u00e9e \u00e0 tous ! &#8211; \u00a1 Les deseamos felices fiestas de fin de a\u00f1o !"},"content":{"rendered":"<div class=\"pdfprnt-buttons pdfprnt-buttons-page pdfprnt-top-right\"><a href=\"https:\/\/www.quetzalma.org\/index.php?rest_route=%2Fwp%2Fv2%2Fpages%2F3439&print=pdf\" class=\"pdfprnt-button pdfprnt-button-pdf\" target=\"_blank\" ><img decoding=\"async\" src=\"https:\/\/www.quetzalma.org\/wp-content\/plugins\/pdf-print\/images\/pdf.png\" alt=\"image_pdf\" title=\"Afficher le PDF\" \/><\/a><a href=\"https:\/\/www.quetzalma.org\/index.php?rest_route=%2Fwp%2Fv2%2Fpages%2F3439&print=print\" class=\"pdfprnt-button pdfprnt-button-print\" target=\"_blank\" ><img decoding=\"async\" src=\"https:\/\/www.quetzalma.org\/wp-content\/plugins\/pdf-print\/images\/print.png\" alt=\"image_print\" title=\"Contenu imprim\u00e9\" \/><\/a><\/div><p>QUETZALMA vous souhaite \u00e0 tous une tr\u00e8s bonne sant\u00e9, une vie de partage et d&rsquo;harmonie<\/p>\n<p>et de nombreux moments de bonheur et de joie tout au long de l&rsquo;ann\u00e9e 2019 !<\/p>\n<p>Merci du fond du coeur \u00e0 vous tous qui nous soutenez !<\/p>\n<p>\u00a1 Para este a\u00f1o nuevo 2019, Quetzalma les presenta sus mejores deseos de felicidad, salud y \u00e9xito !<\/p>\n<p>\u00a1 A todos Uds que nos apoyan, miles de gracias y bendiciones !<\/p>\n<p><a href=\"https:\/\/www.quetzalma.org\/?attachment_id=6885\" rel=\"attachment wp-att-6885\"><img loading=\"lazy\" decoding=\"async\" class=\"alignleft wp-image-6885\" src=\"https:\/\/www.quetzalma.org\/wp-content\/uploads\/2018\/12\/Nouvel-An-2019.jpg\" alt=\"\" width=\"516\" height=\"730\" srcset=\"https:\/\/www.quetzalma.org\/wp-content\/uploads\/2018\/12\/Nouvel-An-2019.jpg 1240w, https:\/\/www.quetzalma.org\/wp-content\/uploads\/2018\/12\/Nouvel-An-2019-212x300.jpg 212w, https:\/\/www.quetzalma.org\/wp-content\/uploads\/2018\/12\/Nouvel-An-2019-768x1086.jpg 768w, https:\/\/www.quetzalma.org\/wp-content\/uploads\/2018\/12\/Nouvel-An-2019-724x1024.jpg 724w, https:\/\/www.quetzalma.org\/wp-content\/uploads\/2018\/12\/Nouvel-An-2019-106x150.jpg 106w\" sizes=\"auto, (max-width: 516px) 100vw, 516px\" \/><\/a><\/p>\n<p>&nbsp;<\/p>\n<p>&nbsp;<\/p>\n","protected":false},"excerpt":{"rendered":"<p>QUETZALMA vous souhaite \u00e0 tous une tr\u00e8s bonne sant\u00e9, une vie de partage et d&rsquo;harmonie et de nombreux moments de bonheur et de joie tout\u2026<\/p>\n<p class=\"continue-reading-button\"> <a class=\"continue-reading-link\" href=\"https:\/\/www.quetzalma.org\/?page_id=3439\">Lire la suite<i class=\"crycon-right-dir\"><\/i><\/a><\/p>\n","protected":false},"author":1,"featured_media":6885,"parent":5258,"menu_order":7,"comment_status":"closed","ping_status":"closed","template":"","meta":{"footnotes":""},"class_list":["post-3439","page","type-page","status-publish","has-post-thumbnail","hentry"],"_links":{"self":[{"href":"https:\/\/www.quetzalma.org\/index.php?rest_route=\/wp\/v2\/pages\/3439","targetHints":{"allow":["GET"]}}],"collection":[{"href":"https:\/\/www.quetzalma.org\/index.php?rest_route=\/wp\/v2\/pages"}],"about":[{"href":"https:\/\/www.quetzalma.org\/index.php?rest_route=\/wp\/v2\/types\/page"}],"author":[{"embeddable":true,"href":"https:\/\/www.quetzalma.org\/index.php?rest_route=\/wp\/v2\/users\/1"}],"replies":[{"embeddable":true,"href":"https:\/\/www.quetzalma.org\/index.php?rest_route=%2Fwp%2Fv2%2Fcomments&post=3439"}],"version-history":[{"count":5,"href":"https:\/\/www.quetzalma.org\/index.php?rest_route=\/wp\/v2\/pages\/3439\/revisions"}],"predecessor-version":[{"id":6886,"href":"https:\/\/www.quetzalma.org\/index.php?rest_route=\/wp\/v2\/pages\/3439\/revisions\/6886"}],"up":[{"embeddable":true,"href":"https:\/\/www.quetzalma.org\/index.php?rest_route=\/wp\/v2\/pages\/5258"}],"wp:featuredmedia":[{"embeddable":true,"href":"https:\/\/www.quetzalma.org\/index.php?rest_route=\/wp\/v2\/media\/6885"}],"wp:attachment":[{"href":"https:\/\/www.quetzalma.org\/index.php?rest_route=%2Fwp%2Fv2%2Fmedia&parent=3439"}],"curies":[{"name":"wp","href":"https:\/\/api.w.org\/{rel}","templated":true}]}}