{"id":348,"date":"2015-05-18T11:27:50","date_gmt":"2015-05-18T10:27:50","guid":{"rendered":"http:\/\/www.quetzalma.org\/?page_id=348"},"modified":"2018-03-06T13:00:36","modified_gmt":"2018-03-06T12:00:36","slug":"marche-de-schnersheim-17-mai-2015","status":"publish","type":"page","link":"https:\/\/www.quetzalma.org\/?page_id=348","title":{"rendered":"March\u00e9 de Schnersheim 17 mai 2015"},"content":{"rendered":"<div class=\"pdfprnt-buttons pdfprnt-buttons-page pdfprnt-top-right\"><a href=\"https:\/\/www.quetzalma.org\/index.php?rest_route=%2Fwp%2Fv2%2Fpages%2F348&print=pdf\" class=\"pdfprnt-button pdfprnt-button-pdf\" target=\"_blank\" ><img decoding=\"async\" src=\"https:\/\/www.quetzalma.org\/wp-content\/plugins\/pdf-print\/images\/pdf.png\" alt=\"image_pdf\" title=\"Afficher le PDF\" \/><\/a><a href=\"https:\/\/www.quetzalma.org\/index.php?rest_route=%2Fwp%2Fv2%2Fpages%2F348&print=print\" class=\"pdfprnt-button pdfprnt-button-print\" target=\"_blank\" ><img decoding=\"async\" src=\"https:\/\/www.quetzalma.org\/wp-content\/plugins\/pdf-print\/images\/print.png\" alt=\"image_print\" title=\"Contenu imprim\u00e9\" \/><\/a><\/div><p>MARCHE DE SCHNERSHEIM &#8211; 17 mai 2015<\/p>\n<p>&nbsp;<\/p>\n<p><em><a href=\"https:\/\/www.quetzalma.org\/wp-content\/uploads\/2015\/05\/Schnersheim-170515.jpg\"><img loading=\"lazy\" decoding=\"async\" class=\"aligncenter size-large wp-image-350\" src=\"https:\/\/www.quetzalma.org\/wp-content\/uploads\/2015\/05\/Schnersheim-170515-1024x765.jpg\" alt=\"Schnersheim 170515\" width=\"900\" height=\"672\" srcset=\"https:\/\/www.quetzalma.org\/wp-content\/uploads\/2015\/05\/Schnersheim-170515-1024x765.jpg 1024w, https:\/\/www.quetzalma.org\/wp-content\/uploads\/2015\/05\/Schnersheim-170515-300x224.jpg 300w, https:\/\/www.quetzalma.org\/wp-content\/uploads\/2015\/05\/Schnersheim-170515-150x112.jpg 150w, https:\/\/www.quetzalma.org\/wp-content\/uploads\/2015\/05\/Schnersheim-170515.jpg 1296w\" sizes=\"auto, (max-width: 900px) 100vw, 900px\" \/><\/a><\/em><\/p>\n<p>&nbsp;<\/p>\n<p>Petit t\u00e9l\u00e9graphe\u00a0\ud83d\ude09 re\u00e7u en direct de cette belle commune du Kochersberg le dimanche 17 mai 2015 de notre pr\u00e9sidente\u00a0:<\/p>\n<p><em>\u00a0<\/em><\/p>\n<p><em>Magnifique journ\u00e9e \u2013STOP-<\/em><\/p>\n<p><em>Superbe soleil \u2013 STOP-<\/em><\/p>\n<p><em>Rencontres sympathiques \u2013 STOP- <\/em><\/p>\n<p>&nbsp;<\/p>\n<p>Vous avez \u00e9t\u00e9 nombreux \u00e0 nous rendre visite et \u00e0 appr\u00e9cier notre bel artisanat.<\/p>\n<p>De belles discussions naissent toujours autour de nos projets.<\/p>\n<p>Ce sont des moment privil\u00e9gi\u00e9s pour nous qui nous permettent souvent de faire de bien belles rencontres&#8230; comme celle de Sybille et L\u00e9o, un jeune couple charmant.<\/p>\n<p>&nbsp;<\/p>\n<p>Merci \u00e0 tous de cet enthousiasme que vous n\u2019h\u00e9sitez pas \u00e0 partager avec nous et de votre g\u00e9n\u00e9rosit\u00e9\u00a0!<\/p>\n<p>&nbsp;<\/p>\n<p>Les petits ruisseaux font les grandes rivi\u00e8res, vous nous aidez jour apr\u00e8s jour \u00e0 concr\u00e9tiser nos projets.<\/p>\n","protected":false},"excerpt":{"rendered":"<p>MARCHE DE SCHNERSHEIM &#8211; 17 mai 2015 &nbsp; &nbsp; Petit t\u00e9l\u00e9graphe\u00a0\ud83d\ude09 re\u00e7u en direct de cette belle commune du Kochersberg le dimanche 17 mai 2015\u2026<\/p>\n<p class=\"continue-reading-button\"> <a class=\"continue-reading-link\" href=\"https:\/\/www.quetzalma.org\/?page_id=348\">Lire la suite<i class=\"crycon-right-dir\"><\/i><\/a><\/p>\n","protected":false},"author":1,"featured_media":0,"parent":883,"menu_order":3,"comment_status":"closed","ping_status":"closed","template":"","meta":{"footnotes":""},"class_list":["post-348","page","type-page","status-publish","hentry"],"_links":{"self":[{"href":"https:\/\/www.quetzalma.org\/index.php?rest_route=\/wp\/v2\/pages\/348","targetHints":{"allow":["GET"]}}],"collection":[{"href":"https:\/\/www.quetzalma.org\/index.php?rest_route=\/wp\/v2\/pages"}],"about":[{"href":"https:\/\/www.quetzalma.org\/index.php?rest_route=\/wp\/v2\/types\/page"}],"author":[{"embeddable":true,"href":"https:\/\/www.quetzalma.org\/index.php?rest_route=\/wp\/v2\/users\/1"}],"replies":[{"embeddable":true,"href":"https:\/\/www.quetzalma.org\/index.php?rest_route=%2Fwp%2Fv2%2Fcomments&post=348"}],"version-history":[{"count":5,"href":"https:\/\/www.quetzalma.org\/index.php?rest_route=\/wp\/v2\/pages\/348\/revisions"}],"predecessor-version":[{"id":391,"href":"https:\/\/www.quetzalma.org\/index.php?rest_route=\/wp\/v2\/pages\/348\/revisions\/391"}],"up":[{"embeddable":true,"href":"https:\/\/www.quetzalma.org\/index.php?rest_route=\/wp\/v2\/pages\/883"}],"wp:attachment":[{"href":"https:\/\/www.quetzalma.org\/index.php?rest_route=%2Fwp%2Fv2%2Fmedia&parent=348"}],"curies":[{"name":"wp","href":"https:\/\/api.w.org\/{rel}","templated":true}]}}