{"id":3594,"date":"2017-05-11T13:34:26","date_gmt":"2017-05-11T12:34:26","guid":{"rendered":"http:\/\/www.quetzalma.org\/?page_id=3594"},"modified":"2020-01-19T23:53:36","modified_gmt":"2020-01-19T22:53:36","slug":"marche-de-paques-a-wasselonne-dimanche-26-mars-2017","status":"publish","type":"page","link":"https:\/\/www.quetzalma.org\/?page_id=3594","title":{"rendered":"March\u00e9 de P\u00e2ques \u00e0 Wasselonne 26 mars 2017"},"content":{"rendered":"<div class=\"pdfprnt-buttons pdfprnt-buttons-page pdfprnt-top-right\"><a href=\"https:\/\/www.quetzalma.org\/index.php?rest_route=%2Fwp%2Fv2%2Fpages%2F3594&print=pdf\" class=\"pdfprnt-button pdfprnt-button-pdf\" target=\"_blank\" ><img decoding=\"async\" src=\"https:\/\/www.quetzalma.org\/wp-content\/plugins\/pdf-print\/images\/pdf.png\" alt=\"image_pdf\" title=\"Afficher le PDF\" \/><\/a><a href=\"https:\/\/www.quetzalma.org\/index.php?rest_route=%2Fwp%2Fv2%2Fpages%2F3594&print=print\" class=\"pdfprnt-button pdfprnt-button-print\" target=\"_blank\" ><img decoding=\"async\" src=\"https:\/\/www.quetzalma.org\/wp-content\/plugins\/pdf-print\/images\/print.png\" alt=\"image_print\" title=\"Contenu imprim\u00e9\" \/><\/a><\/div><p>D\u00e9corations, \u00e9tals et maisonnettes dans la Cour du Ch\u00e2teau attendaient les visiteurs ..<\/p>\n<p><a href=\"https:\/\/www.quetzalma.org\/wp-content\/uploads\/2017\/03\/1.jpg\"><img loading=\"lazy\" decoding=\"async\" class=\"wp-image-3455 alignnone\" src=\"https:\/\/www.quetzalma.org\/wp-content\/uploads\/2017\/03\/1.jpg\" alt=\"\" width=\"380\" height=\"253\" srcset=\"https:\/\/www.quetzalma.org\/wp-content\/uploads\/2017\/03\/1.jpg 6000w, https:\/\/www.quetzalma.org\/wp-content\/uploads\/2017\/03\/1-300x200.jpg 300w, https:\/\/www.quetzalma.org\/wp-content\/uploads\/2017\/03\/1-768x512.jpg 768w, https:\/\/www.quetzalma.org\/wp-content\/uploads\/2017\/03\/1-1024x683.jpg 1024w, https:\/\/www.quetzalma.org\/wp-content\/uploads\/2017\/03\/1-150x100.jpg 150w\" sizes=\"auto, (max-width: 380px) 100vw, 380px\" \/>\u00a0\u00a0\u00a0\u00a0 <\/a><a href=\"https:\/\/www.quetzalma.org\/wp-content\/uploads\/2017\/04\/3.jpg\"><img loading=\"lazy\" decoding=\"async\" class=\"wp-image-3456 alignnone\" src=\"https:\/\/www.quetzalma.org\/wp-content\/uploads\/2017\/04\/3.jpg\" alt=\"\" width=\"380\" height=\"253\" srcset=\"https:\/\/www.quetzalma.org\/wp-content\/uploads\/2017\/04\/3.jpg 6000w, https:\/\/www.quetzalma.org\/wp-content\/uploads\/2017\/04\/3-300x200.jpg 300w, https:\/\/www.quetzalma.org\/wp-content\/uploads\/2017\/04\/3-768x512.jpg 768w, https:\/\/www.quetzalma.org\/wp-content\/uploads\/2017\/04\/3-1024x683.jpg 1024w, https:\/\/www.quetzalma.org\/wp-content\/uploads\/2017\/04\/3-150x100.jpg 150w\" sizes=\"auto, (max-width: 380px) 100vw, 380px\" \/><\/a><\/p>\n<p>Nous \u00e9tions pr\u00e9sents dans la joie et la bonne humeur au march\u00e9 de P\u00e2ques de Wasselonne.<\/p>\n<p><a href=\"https:\/\/www.quetzalma.org\/wp-content\/uploads\/2017\/04\/4.jpg\"><img loading=\"lazy\" decoding=\"async\" class=\"aligncenter wp-image-3459\" src=\"https:\/\/www.quetzalma.org\/wp-content\/uploads\/2017\/04\/4.jpg\" alt=\"\" width=\"450\" height=\"300\" srcset=\"https:\/\/www.quetzalma.org\/wp-content\/uploads\/2017\/04\/4.jpg 6000w, https:\/\/www.quetzalma.org\/wp-content\/uploads\/2017\/04\/4-300x200.jpg 300w, https:\/\/www.quetzalma.org\/wp-content\/uploads\/2017\/04\/4-768x512.jpg 768w, https:\/\/www.quetzalma.org\/wp-content\/uploads\/2017\/04\/4-1024x683.jpg 1024w, https:\/\/www.quetzalma.org\/wp-content\/uploads\/2017\/04\/4-150x100.jpg 150w\" sizes=\"auto, (max-width: 450px) 100vw, 450px\" \/><\/a><\/p>\n<p>Nous y avons expos\u00e9 \u00e0 la vente de nombreux articles provenant directement d&rsquo;Am\u00e9rique Latine mais \u00e9galement des jolies d\u00e9corations de P\u00e2ques r\u00e9alis\u00e9es avec beaucoup d&rsquo;entrain par les membres de notre association lors de journ\u00e9es bricolage organis\u00e9es au si\u00e8ge de l&rsquo;association.<br \/>\nTout\u00a0 notre artisanat est fait \u00e0 la main et il s&rsquo;agit de pi\u00e8ces uniques.<\/p>\n<p><a href=\"https:\/\/www.quetzalma.org\/wp-content\/uploads\/2017\/04\/6.jpg\"><img loading=\"lazy\" decoding=\"async\" class=\"wp-image-3461 aligncenter\" src=\"https:\/\/www.quetzalma.org\/wp-content\/uploads\/2017\/04\/6.jpg\" alt=\"\" width=\"550\" height=\"367\" srcset=\"https:\/\/www.quetzalma.org\/wp-content\/uploads\/2017\/04\/6.jpg 6000w, https:\/\/www.quetzalma.org\/wp-content\/uploads\/2017\/04\/6-300x200.jpg 300w, https:\/\/www.quetzalma.org\/wp-content\/uploads\/2017\/04\/6-768x512.jpg 768w, https:\/\/www.quetzalma.org\/wp-content\/uploads\/2017\/04\/6-1024x683.jpg 1024w, https:\/\/www.quetzalma.org\/wp-content\/uploads\/2017\/04\/6-150x100.jpg 150w\" sizes=\"auto, (max-width: 550px) 100vw, 550px\" \/><\/a><\/p>\n<p><a href=\"https:\/\/www.quetzalma.org\/wp-content\/uploads\/2017\/04\/5.jpg\"><img loading=\"lazy\" decoding=\"async\" class=\"wp-image-3460 aligncenter\" src=\"https:\/\/www.quetzalma.org\/wp-content\/uploads\/2017\/04\/5.jpg\" alt=\"\" width=\"550\" height=\"367\" srcset=\"https:\/\/www.quetzalma.org\/wp-content\/uploads\/2017\/04\/5.jpg 6000w, https:\/\/www.quetzalma.org\/wp-content\/uploads\/2017\/04\/5-300x200.jpg 300w, https:\/\/www.quetzalma.org\/wp-content\/uploads\/2017\/04\/5-768x512.jpg 768w, https:\/\/www.quetzalma.org\/wp-content\/uploads\/2017\/04\/5-1024x683.jpg 1024w, https:\/\/www.quetzalma.org\/wp-content\/uploads\/2017\/04\/5-150x100.jpg 150w\" sizes=\"auto, (max-width: 550px) 100vw, 550px\" \/><\/a><\/p>\n<p><a href=\"https:\/\/www.quetzalma.org\/wp-content\/uploads\/2017\/04\/12.jpg\"><img loading=\"lazy\" decoding=\"async\" class=\"wp-image-3463 alignnone\" src=\"https:\/\/www.quetzalma.org\/wp-content\/uploads\/2017\/04\/12.jpg\" alt=\"\" width=\"380\" height=\"253\" srcset=\"https:\/\/www.quetzalma.org\/wp-content\/uploads\/2017\/04\/12.jpg 6000w, https:\/\/www.quetzalma.org\/wp-content\/uploads\/2017\/04\/12-300x200.jpg 300w, https:\/\/www.quetzalma.org\/wp-content\/uploads\/2017\/04\/12-768x512.jpg 768w, https:\/\/www.quetzalma.org\/wp-content\/uploads\/2017\/04\/12-1024x683.jpg 1024w, https:\/\/www.quetzalma.org\/wp-content\/uploads\/2017\/04\/12-150x100.jpg 150w\" sizes=\"auto, (max-width: 380px) 100vw, 380px\" \/>\u00a0\u00a0\u00a0\u00a0 <\/a><a href=\"https:\/\/www.quetzalma.org\/wp-content\/uploads\/2017\/04\/13.jpg\"><img loading=\"lazy\" decoding=\"async\" class=\"wp-image-3464 alignnone\" src=\"https:\/\/www.quetzalma.org\/wp-content\/uploads\/2017\/04\/13.jpg\" alt=\"\" width=\"380\" height=\"254\" srcset=\"https:\/\/www.quetzalma.org\/wp-content\/uploads\/2017\/04\/13.jpg 6000w, https:\/\/www.quetzalma.org\/wp-content\/uploads\/2017\/04\/13-300x200.jpg 300w, https:\/\/www.quetzalma.org\/wp-content\/uploads\/2017\/04\/13-768x512.jpg 768w, https:\/\/www.quetzalma.org\/wp-content\/uploads\/2017\/04\/13-1024x683.jpg 1024w, https:\/\/www.quetzalma.org\/wp-content\/uploads\/2017\/04\/13-150x100.jpg 150w\" sizes=\"auto, (max-width: 380px) 100vw, 380px\" \/><\/a><\/p>\n<p>Quelques animations sympathiques&#8230;.<\/p>\n<p><a href=\"https:\/\/www.quetzalma.org\/wp-content\/uploads\/2017\/04\/14.jpg\"><img loading=\"lazy\" decoding=\"async\" class=\"wp-image-3465 aligncenter\" src=\"https:\/\/www.quetzalma.org\/wp-content\/uploads\/2017\/04\/14.jpg\" alt=\"\" width=\"380\" height=\"253\" srcset=\"https:\/\/www.quetzalma.org\/wp-content\/uploads\/2017\/04\/14.jpg 6000w, https:\/\/www.quetzalma.org\/wp-content\/uploads\/2017\/04\/14-300x200.jpg 300w, https:\/\/www.quetzalma.org\/wp-content\/uploads\/2017\/04\/14-768x512.jpg 768w, https:\/\/www.quetzalma.org\/wp-content\/uploads\/2017\/04\/14-1024x683.jpg 1024w, https:\/\/www.quetzalma.org\/wp-content\/uploads\/2017\/04\/14-150x100.jpg 150w\" sizes=\"auto, (max-width: 380px) 100vw, 380px\" \/><\/a><\/p>\n<p>Sans oublier notre adorable surveillant chef ..Nazca<\/p>\n<p><a href=\"https:\/\/www.quetzalma.org\/wp-content\/uploads\/2017\/04\/IMG_5390-1.jpg\"><img loading=\"lazy\" decoding=\"async\" class=\"wp-image-3477 aligncenter\" src=\"https:\/\/www.quetzalma.org\/wp-content\/uploads\/2017\/04\/IMG_5390-1.jpg\" alt=\"\" width=\"404\" height=\"277\" srcset=\"https:\/\/www.quetzalma.org\/wp-content\/uploads\/2017\/04\/IMG_5390-1.jpg 1144w, https:\/\/www.quetzalma.org\/wp-content\/uploads\/2017\/04\/IMG_5390-1-300x206.jpg 300w, https:\/\/www.quetzalma.org\/wp-content\/uploads\/2017\/04\/IMG_5390-1-768x526.jpg 768w, https:\/\/www.quetzalma.org\/wp-content\/uploads\/2017\/04\/IMG_5390-1-1024x702.jpg 1024w, https:\/\/www.quetzalma.org\/wp-content\/uploads\/2017\/04\/IMG_5390-1-150x103.jpg 150w\" sizes=\"auto, (max-width: 404px) 100vw, 404px\" \/><\/a><\/p>\n<p>Nous tenons \u00e0 remercier toutes les personnes qui nous ont rendu visite ainsi que les organisateurs pour leur excellent accueil et leur courtoisie. Nous serons \u00e0 nouveau de la partie l&rsquo;ann\u00e9e prochaine !<\/p>\n","protected":false},"excerpt":{"rendered":"<p>D\u00e9corations, \u00e9tals et maisonnettes dans la Cour du Ch\u00e2teau attendaient les visiteurs .. \u00a0\u00a0\u00a0\u00a0 Nous \u00e9tions pr\u00e9sents dans la joie et la bonne humeur au\u2026<\/p>\n<p class=\"continue-reading-button\"> <a class=\"continue-reading-link\" href=\"https:\/\/www.quetzalma.org\/?page_id=3594\">Lire la suite<i class=\"crycon-right-dir\"><\/i><\/a><\/p>\n","protected":false},"author":1,"featured_media":0,"parent":3105,"menu_order":0,"comment_status":"closed","ping_status":"closed","template":"","meta":{"footnotes":""},"class_list":["post-3594","page","type-page","status-publish","hentry"],"_links":{"self":[{"href":"https:\/\/www.quetzalma.org\/index.php?rest_route=\/wp\/v2\/pages\/3594","targetHints":{"allow":["GET"]}}],"collection":[{"href":"https:\/\/www.quetzalma.org\/index.php?rest_route=\/wp\/v2\/pages"}],"about":[{"href":"https:\/\/www.quetzalma.org\/index.php?rest_route=\/wp\/v2\/types\/page"}],"author":[{"embeddable":true,"href":"https:\/\/www.quetzalma.org\/index.php?rest_route=\/wp\/v2\/users\/1"}],"replies":[{"embeddable":true,"href":"https:\/\/www.quetzalma.org\/index.php?rest_route=%2Fwp%2Fv2%2Fcomments&post=3594"}],"version-history":[{"count":5,"href":"https:\/\/www.quetzalma.org\/index.php?rest_route=\/wp\/v2\/pages\/3594\/revisions"}],"predecessor-version":[{"id":4937,"href":"https:\/\/www.quetzalma.org\/index.php?rest_route=\/wp\/v2\/pages\/3594\/revisions\/4937"}],"up":[{"embeddable":true,"href":"https:\/\/www.quetzalma.org\/index.php?rest_route=\/wp\/v2\/pages\/3105"}],"wp:attachment":[{"href":"https:\/\/www.quetzalma.org\/index.php?rest_route=%2Fwp%2Fv2%2Fmedia&parent=3594"}],"curies":[{"name":"wp","href":"https:\/\/api.w.org\/{rel}","templated":true}]}}