{"id":3782,"date":"2017-06-06T17:41:45","date_gmt":"2017-06-06T16:41:45","guid":{"rendered":"http:\/\/www.quetzalma.org\/?page_id=3782"},"modified":"2018-03-06T20:50:59","modified_gmt":"2018-03-06T19:50:59","slug":"annonce-soiree-solidarite-09-septembre-2017-innondations-perou","status":"publish","type":"page","link":"https:\/\/www.quetzalma.org\/?page_id=3782","title":{"rendered":"Annonce Soir\u00e9e Solidarit\u00e9 P\u00e9rou"},"content":{"rendered":"<div class=\"pdfprnt-buttons pdfprnt-buttons-page pdfprnt-top-right\"><a href=\"https:\/\/www.quetzalma.org\/index.php?rest_route=%2Fwp%2Fv2%2Fpages%2F3782&print=pdf\" class=\"pdfprnt-button pdfprnt-button-pdf\" target=\"_blank\" ><img decoding=\"async\" src=\"https:\/\/www.quetzalma.org\/wp-content\/plugins\/pdf-print\/images\/pdf.png\" alt=\"image_pdf\" title=\"Afficher le PDF\" \/><\/a><a href=\"https:\/\/www.quetzalma.org\/index.php?rest_route=%2Fwp%2Fv2%2Fpages%2F3782&print=print\" class=\"pdfprnt-button pdfprnt-button-print\" target=\"_blank\" ><img decoding=\"async\" src=\"https:\/\/www.quetzalma.org\/wp-content\/plugins\/pdf-print\/images\/print.png\" alt=\"image_print\" title=\"Contenu imprim\u00e9\" \/><\/a><\/div><p>Quetzalma accepte des dons \u00e0 l&rsquo;ordre de l&rsquo;Association et organise une soir\u00e9e solidarit\u00e9 le 9 septembre 2017 \u00e0 Lauterbourg.<\/p>\n<p><img loading=\"lazy\" decoding=\"async\" class=\"aligncenter wp-image-3715\" src=\"https:\/\/www.quetzalma.org\/wp-content\/uploads\/2017\/06\/AFFICHE-sinistr\u00e9s-P\u00e9rou-1-724x1024.png\" alt=\"\" width=\"500\" height=\"707\" srcset=\"https:\/\/www.quetzalma.org\/wp-content\/uploads\/2017\/06\/AFFICHE-sinistr\u00e9s-P\u00e9rou-1-724x1024.png 724w, https:\/\/www.quetzalma.org\/wp-content\/uploads\/2017\/06\/AFFICHE-sinistr\u00e9s-P\u00e9rou-1-212x300.png 212w, https:\/\/www.quetzalma.org\/wp-content\/uploads\/2017\/06\/AFFICHE-sinistr\u00e9s-P\u00e9rou-1-768x1086.png 768w, https:\/\/www.quetzalma.org\/wp-content\/uploads\/2017\/06\/AFFICHE-sinistr\u00e9s-P\u00e9rou-1-106x150.png 106w, https:\/\/www.quetzalma.org\/wp-content\/uploads\/2017\/06\/AFFICHE-sinistr\u00e9s-P\u00e9rou-1.png 1654w\" sizes=\"auto, (max-width: 500px) 100vw, 500px\" \/><\/p>\n<p><a href=\"https:\/\/www.quetzalma.org\/wp-content\/uploads\/2017\/06\/Article-DNA-Solidarit\u00e9-P\u00e9rou-28.05.17.png\"><img loading=\"lazy\" decoding=\"async\" class=\"wp-image-3785 aligncenter\" src=\"https:\/\/www.quetzalma.org\/wp-content\/uploads\/2017\/06\/Article-DNA-Solidarit\u00e9-P\u00e9rou-28.05.17-1024x612.png\" alt=\"\" width=\"596\" height=\"356\" srcset=\"https:\/\/www.quetzalma.org\/wp-content\/uploads\/2017\/06\/Article-DNA-Solidarit\u00e9-P\u00e9rou-28.05.17-1024x612.png 1024w, https:\/\/www.quetzalma.org\/wp-content\/uploads\/2017\/06\/Article-DNA-Solidarit\u00e9-P\u00e9rou-28.05.17-300x179.png 300w, https:\/\/www.quetzalma.org\/wp-content\/uploads\/2017\/06\/Article-DNA-Solidarit\u00e9-P\u00e9rou-28.05.17-768x459.png 768w, https:\/\/www.quetzalma.org\/wp-content\/uploads\/2017\/06\/Article-DNA-Solidarit\u00e9-P\u00e9rou-28.05.17-250x150.png 250w, https:\/\/www.quetzalma.org\/wp-content\/uploads\/2017\/06\/Article-DNA-Solidarit\u00e9-P\u00e9rou-28.05.17-150x90.png 150w, https:\/\/www.quetzalma.org\/wp-content\/uploads\/2017\/06\/Article-DNA-Solidarit\u00e9-P\u00e9rou-28.05.17.png 1394w\" sizes=\"auto, (max-width: 596px) 100vw, 596px\" \/><\/a><a href=\"https:\/\/www.quetzalma.org\/wp-content\/uploads\/2017\/06\/Article-LALSACE-Solidarit\u00e9-P\u00e9rou-31.05.17.png\"><img loading=\"lazy\" decoding=\"async\" class=\"wp-image-3786 aligncenter\" src=\"https:\/\/www.quetzalma.org\/wp-content\/uploads\/2017\/06\/Article-LALSACE-Solidarit\u00e9-P\u00e9rou-31.05.17-633x1024.png\" alt=\"\" width=\"366\" height=\"592\" srcset=\"https:\/\/www.quetzalma.org\/wp-content\/uploads\/2017\/06\/Article-LALSACE-Solidarit\u00e9-P\u00e9rou-31.05.17-633x1024.png 633w, https:\/\/www.quetzalma.org\/wp-content\/uploads\/2017\/06\/Article-LALSACE-Solidarit\u00e9-P\u00e9rou-31.05.17-186x300.png 186w, https:\/\/www.quetzalma.org\/wp-content\/uploads\/2017\/06\/Article-LALSACE-Solidarit\u00e9-P\u00e9rou-31.05.17-93x150.png 93w, https:\/\/www.quetzalma.org\/wp-content\/uploads\/2017\/06\/Article-LALSACE-Solidarit\u00e9-P\u00e9rou-31.05.17.png 705w\" sizes=\"auto, (max-width: 366px) 100vw, 366px\" \/><\/a><\/p>\n<p>Nous r\u00e9coltons des fonds pour financer les achats sur place.<br \/>\nPour le moment, par le biais de notre partenaire p\u00e9ruvien \u00ab\u00a0Pasitos de Esperanza\u00a0\u00bb, nous achetons sur place et distribuons des paniers de provisions \u00e0 45 familles en situation de d\u00e9tresse. Nous finan\u00e7ons l&rsquo;achat de gazini\u00e8res 3 feux et des batteries de cuisine.<\/p>\n<p>Les familles se regroupent pour pr\u00e9parer les repas et partager, les gens s&rsquo;entraident pour mieux r\u00e9ussir.<\/p>\n<p>Au-del\u00e0 de ce soutien mat\u00e9riel, cette initiative permet de lutter contre la solitude et de cr\u00e9er un lien fort entre ces familles \u00e0 travers la question de l&rsquo;alimentation.<\/p>\n<p><span style=\"font-size: 12pt;\"><span style=\"color: #0000ff;\">\u00a0<\/span><span style=\"font-family: 'comic sans ms', sans-serif; color: #0000ff;\">L&rsquo;Union est l&rsquo;ultime acte de solidarit\u00e9<\/span><\/span><\/p>\n<p><a href=\"https:\/\/www.quetzalma.org\/wp-content\/uploads\/2017\/06\/14.jpg\"><img loading=\"lazy\" decoding=\"async\" class=\"wp-image-3705 alignnone\" src=\"https:\/\/www.quetzalma.org\/wp-content\/uploads\/2017\/06\/14.jpg\" alt=\"\" width=\"380\" height=\"214\" srcset=\"https:\/\/www.quetzalma.org\/wp-content\/uploads\/2017\/06\/14.jpg 960w, https:\/\/www.quetzalma.org\/wp-content\/uploads\/2017\/06\/14-300x169.jpg 300w, https:\/\/www.quetzalma.org\/wp-content\/uploads\/2017\/06\/14-768x432.jpg 768w, https:\/\/www.quetzalma.org\/wp-content\/uploads\/2017\/06\/14-150x84.jpg 150w\" sizes=\"auto, (max-width: 380px) 100vw, 380px\" \/>\u00a0\u00a0\u00a0\u00a0 <\/a><a href=\"https:\/\/www.quetzalma.org\/wp-content\/uploads\/2017\/06\/15.jpg\"><img loading=\"lazy\" decoding=\"async\" class=\"wp-image-3706 alignnone\" src=\"https:\/\/www.quetzalma.org\/wp-content\/uploads\/2017\/06\/15.jpg\" alt=\"\" width=\"379\" height=\"213\" srcset=\"https:\/\/www.quetzalma.org\/wp-content\/uploads\/2017\/06\/15.jpg 853w, https:\/\/www.quetzalma.org\/wp-content\/uploads\/2017\/06\/15-300x169.jpg 300w, https:\/\/www.quetzalma.org\/wp-content\/uploads\/2017\/06\/15-768x432.jpg 768w, https:\/\/www.quetzalma.org\/wp-content\/uploads\/2017\/06\/15-150x84.jpg 150w\" sizes=\"auto, (max-width: 379px) 100vw, 379px\" \/><\/a><\/p>\n<p><img loading=\"lazy\" decoding=\"async\" class=\"wp-image-3710 alignnone\" src=\"https:\/\/www.quetzalma.org\/wp-content\/uploads\/2017\/06\/18-1024x645.jpg\" alt=\"\" width=\"381\" height=\"239\" srcset=\"https:\/\/www.quetzalma.org\/wp-content\/uploads\/2017\/06\/18-1024x645.jpg 1024w, https:\/\/www.quetzalma.org\/wp-content\/uploads\/2017\/06\/18-300x189.jpg 300w, https:\/\/www.quetzalma.org\/wp-content\/uploads\/2017\/06\/18-768x484.jpg 768w, https:\/\/www.quetzalma.org\/wp-content\/uploads\/2017\/06\/18-150x95.jpg 150w, https:\/\/www.quetzalma.org\/wp-content\/uploads\/2017\/06\/18.jpg 1484w\" sizes=\"auto, (max-width: 381px) 100vw, 381px\" \/>\u00a0\u00a0\u00a0\u00a0 <a href=\"https:\/\/www.quetzalma.org\/wp-content\/uploads\/2017\/06\/16.jpg\"><img loading=\"lazy\" decoding=\"async\" class=\"wp-image-3707 alignnone\" src=\"https:\/\/www.quetzalma.org\/wp-content\/uploads\/2017\/06\/16.jpg\" alt=\"\" width=\"375\" height=\"240\" srcset=\"https:\/\/www.quetzalma.org\/wp-content\/uploads\/2017\/06\/16.jpg 809w, https:\/\/www.quetzalma.org\/wp-content\/uploads\/2017\/06\/16-300x192.jpg 300w, https:\/\/www.quetzalma.org\/wp-content\/uploads\/2017\/06\/16-768x492.jpg 768w, https:\/\/www.quetzalma.org\/wp-content\/uploads\/2017\/06\/16-150x96.jpg 150w\" sizes=\"auto, (max-width: 375px) 100vw, 375px\" \/><\/a><\/p>\n<p><a href=\"https:\/\/www.quetzalma.org\/wp-content\/uploads\/2017\/06\/Plaza-de-Arma.jpg\"><img loading=\"lazy\" decoding=\"async\" class=\"wp-image-3708 alignnone\" src=\"https:\/\/www.quetzalma.org\/wp-content\/uploads\/2017\/06\/Piura.jpg\" alt=\"\" width=\"380\" height=\"507\" srcset=\"https:\/\/www.quetzalma.org\/wp-content\/uploads\/2017\/06\/Piura.jpg 540w, https:\/\/www.quetzalma.org\/wp-content\/uploads\/2017\/06\/Piura-225x300.jpg 225w, https:\/\/www.quetzalma.org\/wp-content\/uploads\/2017\/06\/Piura-113x150.jpg 113w\" sizes=\"auto, (max-width: 380px) 100vw, 380px\" \/>\u00a0\u00a0\u00a0\u00a0 <img loading=\"lazy\" decoding=\"async\" class=\"wp-image-3709 alignnone\" src=\"https:\/\/www.quetzalma.org\/wp-content\/uploads\/2017\/06\/Plaza-de-Arma.jpg\" alt=\"\" width=\"378\" height=\"504\" srcset=\"https:\/\/www.quetzalma.org\/wp-content\/uploads\/2017\/06\/Plaza-de-Arma.jpg 720w, https:\/\/www.quetzalma.org\/wp-content\/uploads\/2017\/06\/Plaza-de-Arma-225x300.jpg 225w, https:\/\/www.quetzalma.org\/wp-content\/uploads\/2017\/06\/Plaza-de-Arma-113x150.jpg 113w\" sizes=\"auto, (max-width: 378px) 100vw, 378px\" \/><\/a><\/p>\n","protected":false},"excerpt":{"rendered":"<p>Quetzalma accepte des dons \u00e0 l&rsquo;ordre de l&rsquo;Association et organise une soir\u00e9e solidarit\u00e9 le 9 septembre 2017 \u00e0 Lauterbourg. Nous r\u00e9coltons des fonds pour financer\u2026<\/p>\n<p class=\"continue-reading-button\"> <a class=\"continue-reading-link\" href=\"https:\/\/www.quetzalma.org\/?page_id=3782\">Lire la suite<i class=\"crycon-right-dir\"><\/i><\/a><\/p>\n","protected":false},"author":1,"featured_media":0,"parent":4794,"menu_order":0,"comment_status":"closed","ping_status":"closed","template":"","meta":{"footnotes":""},"class_list":["post-3782","page","type-page","status-publish","hentry"],"_links":{"self":[{"href":"https:\/\/www.quetzalma.org\/index.php?rest_route=\/wp\/v2\/pages\/3782","targetHints":{"allow":["GET"]}}],"collection":[{"href":"https:\/\/www.quetzalma.org\/index.php?rest_route=\/wp\/v2\/pages"}],"about":[{"href":"https:\/\/www.quetzalma.org\/index.php?rest_route=\/wp\/v2\/types\/page"}],"author":[{"embeddable":true,"href":"https:\/\/www.quetzalma.org\/index.php?rest_route=\/wp\/v2\/users\/1"}],"replies":[{"embeddable":true,"href":"https:\/\/www.quetzalma.org\/index.php?rest_route=%2Fwp%2Fv2%2Fcomments&post=3782"}],"version-history":[{"count":5,"href":"https:\/\/www.quetzalma.org\/index.php?rest_route=\/wp\/v2\/pages\/3782\/revisions"}],"predecessor-version":[{"id":5367,"href":"https:\/\/www.quetzalma.org\/index.php?rest_route=\/wp\/v2\/pages\/3782\/revisions\/5367"}],"up":[{"embeddable":true,"href":"https:\/\/www.quetzalma.org\/index.php?rest_route=\/wp\/v2\/pages\/4794"}],"wp:attachment":[{"href":"https:\/\/www.quetzalma.org\/index.php?rest_route=%2Fwp%2Fv2%2Fmedia&parent=3782"}],"curies":[{"name":"wp","href":"https:\/\/api.w.org\/{rel}","templated":true}]}}