{"id":4203,"date":"2017-08-19T22:33:23","date_gmt":"2017-08-19T21:33:23","guid":{"rendered":"http:\/\/www.quetzalma.org\/?page_id=4203"},"modified":"2018-03-06T19:36:13","modified_gmt":"2018-03-06T18:36:13","slug":"marche-des-createurs-illkirch-vendredi-28-juillet-2017","status":"publish","type":"page","link":"https:\/\/www.quetzalma.org\/?page_id=4203","title":{"rendered":"March\u00e9 des cr\u00e9ateurs &#8211; Illkirch vendredi 28 juillet 2017"},"content":{"rendered":"<div class=\"pdfprnt-buttons pdfprnt-buttons-page pdfprnt-top-right\"><a href=\"https:\/\/www.quetzalma.org\/index.php?rest_route=%2Fwp%2Fv2%2Fpages%2F4203&print=pdf\" class=\"pdfprnt-button pdfprnt-button-pdf\" target=\"_blank\" ><img decoding=\"async\" src=\"https:\/\/www.quetzalma.org\/wp-content\/plugins\/pdf-print\/images\/pdf.png\" alt=\"image_pdf\" title=\"Afficher le PDF\" \/><\/a><a href=\"https:\/\/www.quetzalma.org\/index.php?rest_route=%2Fwp%2Fv2%2Fpages%2F4203&print=print\" class=\"pdfprnt-button pdfprnt-button-print\" target=\"_blank\" ><img decoding=\"async\" src=\"https:\/\/www.quetzalma.org\/wp-content\/plugins\/pdf-print\/images\/print.png\" alt=\"image_print\" title=\"Contenu imprim\u00e9\" \/><\/a><\/div><p>March\u00e9 des cr\u00e9ateurs jusqu&rsquo;\u00e0 minuit<\/p>\n<p><a href=\"https:\/\/www.quetzalma.org\/wp-content\/uploads\/2017\/08\/1.jpg\"><img loading=\"lazy\" decoding=\"async\" class=\"alignnone wp-image-4163\" src=\"https:\/\/www.quetzalma.org\/wp-content\/uploads\/2017\/08\/1-300x178.jpg\" alt=\"\" width=\"380\" height=\"226\" srcset=\"https:\/\/www.quetzalma.org\/wp-content\/uploads\/2017\/08\/1-300x178.jpg 300w, https:\/\/www.quetzalma.org\/wp-content\/uploads\/2017\/08\/1-768x457.jpg 768w, https:\/\/www.quetzalma.org\/wp-content\/uploads\/2017\/08\/1-1024x609.jpg 1024w, https:\/\/www.quetzalma.org\/wp-content\/uploads\/2017\/08\/1-250x150.jpg 250w, https:\/\/www.quetzalma.org\/wp-content\/uploads\/2017\/08\/1-150x89.jpg 150w\" sizes=\"auto, (max-width: 380px) 100vw, 380px\" \/><\/a>\u00a0 \u00a0 \u00a0<a href=\"https:\/\/www.quetzalma.org\/wp-content\/uploads\/2017\/08\/3.jpg\"><img loading=\"lazy\" decoding=\"async\" class=\"alignnone wp-image-4165\" src=\"https:\/\/www.quetzalma.org\/wp-content\/uploads\/2017\/08\/3-300x200.jpg\" alt=\"\" width=\"336\" height=\"224\" srcset=\"https:\/\/www.quetzalma.org\/wp-content\/uploads\/2017\/08\/3-300x200.jpg 300w, https:\/\/www.quetzalma.org\/wp-content\/uploads\/2017\/08\/3-768x512.jpg 768w, https:\/\/www.quetzalma.org\/wp-content\/uploads\/2017\/08\/3-1024x683.jpg 1024w, https:\/\/www.quetzalma.org\/wp-content\/uploads\/2017\/08\/3-150x100.jpg 150w\" sizes=\"auto, (max-width: 336px) 100vw, 336px\" \/><\/a><\/p>\n<p>Ambiance nocturne agr\u00e9able<\/p>\n<p><a href=\"https:\/\/www.quetzalma.org\/wp-content\/uploads\/2017\/08\/6.jpg\"> \u00a0 \u00a0 \u00a0 \u00a0 \u00a0 \u00a0 \u00a0 \u00a0 \u00a0 \u00a0 \u00a0 \u00a0<img loading=\"lazy\" decoding=\"async\" class=\"wp-image-4169 alignnone\" src=\"https:\/\/www.quetzalma.org\/wp-content\/uploads\/2017\/08\/6-300x200.jpg\" alt=\"\" width=\"399\" height=\"267\" srcset=\"https:\/\/www.quetzalma.org\/wp-content\/uploads\/2017\/08\/6-300x200.jpg 300w, https:\/\/www.quetzalma.org\/wp-content\/uploads\/2017\/08\/6-768x512.jpg 768w, https:\/\/www.quetzalma.org\/wp-content\/uploads\/2017\/08\/6-1024x683.jpg 1024w, https:\/\/www.quetzalma.org\/wp-content\/uploads\/2017\/08\/6-150x100.jpg 150w\" sizes=\"auto, (max-width: 399px) 100vw, 399px\" \/><\/a><\/p>\n<p>&nbsp;<\/p>\n<p>Attention ! je surveille ..<\/p>\n<p><a href=\"https:\/\/www.quetzalma.org\/wp-content\/uploads\/2017\/08\/4.jpg\"> \u00a0 \u00a0 \u00a0 \u00a0 \u00a0 \u00a0 \u00a0 \u00a0 \u00a0 \u00a0 \u00a0 \u00a0 \u00a0 \u00a0 \u00a0 \u00a0 \u00a0 \u00a0 \u00a0 \u00a0 \u00a0 \u00a0 \u00a0 \u00a0<\/a><a href=\"https:\/\/www.quetzalma.org\/wp-content\/uploads\/2017\/08\/4.jpg\"><img loading=\"lazy\" decoding=\"async\" class=\"wp-image-4166 alignnone\" src=\"https:\/\/www.quetzalma.org\/wp-content\/uploads\/2017\/08\/4-300x200.jpg\" alt=\"\" width=\"380\" height=\"253\" srcset=\"https:\/\/www.quetzalma.org\/wp-content\/uploads\/2017\/08\/4-300x200.jpg 300w, https:\/\/www.quetzalma.org\/wp-content\/uploads\/2017\/08\/4-768x512.jpg 768w, https:\/\/www.quetzalma.org\/wp-content\/uploads\/2017\/08\/4-1024x683.jpg 1024w, https:\/\/www.quetzalma.org\/wp-content\/uploads\/2017\/08\/4-150x100.jpg 150w\" sizes=\"auto, (max-width: 380px) 100vw, 380px\" \/><\/a><\/p>\n<p>&nbsp;<\/p>\n<p>&nbsp;<\/p>\n<p>A l&rsquo;Illiade, la soir\u00e9e se termine en musique et sur quelques pas de danse<\/p>\n<p>&nbsp;<\/p>\n<p><a href=\"https:\/\/www.quetzalma.org\/wp-content\/uploads\/2017\/08\/7.jpg\"><img loading=\"lazy\" decoding=\"async\" class=\"wp-image-4168 alignnone\" src=\"https:\/\/www.quetzalma.org\/wp-content\/uploads\/2017\/08\/7-300x200.jpg\" alt=\"\" width=\"380\" height=\"253\" srcset=\"https:\/\/www.quetzalma.org\/wp-content\/uploads\/2017\/08\/7-300x200.jpg 300w, https:\/\/www.quetzalma.org\/wp-content\/uploads\/2017\/08\/7-768x512.jpg 768w, https:\/\/www.quetzalma.org\/wp-content\/uploads\/2017\/08\/7-1024x683.jpg 1024w, https:\/\/www.quetzalma.org\/wp-content\/uploads\/2017\/08\/7-150x100.jpg 150w\" sizes=\"auto, (max-width: 380px) 100vw, 380px\" \/><\/a><\/p>\n<p>&nbsp;<\/p>\n<p>&nbsp;<\/p>\n<p>&nbsp;<\/p>\n<p>&nbsp;<\/p>\n","protected":false},"excerpt":{"rendered":"<p>March\u00e9 des cr\u00e9ateurs jusqu&rsquo;\u00e0 minuit \u00a0 \u00a0 \u00a0 Ambiance nocturne agr\u00e9able \u00a0 \u00a0 \u00a0 \u00a0 \u00a0 \u00a0 \u00a0 \u00a0 \u00a0 \u00a0 \u00a0 \u00a0 &nbsp; Attention\u2026<\/p>\n<p class=\"continue-reading-button\"> <a class=\"continue-reading-link\" href=\"https:\/\/www.quetzalma.org\/?page_id=4203\">Lire la suite<i class=\"crycon-right-dir\"><\/i><\/a><\/p>\n","protected":false},"author":1,"featured_media":0,"parent":3105,"menu_order":9,"comment_status":"closed","ping_status":"closed","template":"","meta":{"footnotes":""},"class_list":["post-4203","page","type-page","status-publish","hentry"],"_links":{"self":[{"href":"https:\/\/www.quetzalma.org\/index.php?rest_route=\/wp\/v2\/pages\/4203","targetHints":{"allow":["GET"]}}],"collection":[{"href":"https:\/\/www.quetzalma.org\/index.php?rest_route=\/wp\/v2\/pages"}],"about":[{"href":"https:\/\/www.quetzalma.org\/index.php?rest_route=\/wp\/v2\/types\/page"}],"author":[{"embeddable":true,"href":"https:\/\/www.quetzalma.org\/index.php?rest_route=\/wp\/v2\/users\/1"}],"replies":[{"embeddable":true,"href":"https:\/\/www.quetzalma.org\/index.php?rest_route=%2Fwp%2Fv2%2Fcomments&post=4203"}],"version-history":[{"count":2,"href":"https:\/\/www.quetzalma.org\/index.php?rest_route=\/wp\/v2\/pages\/4203\/revisions"}],"predecessor-version":[{"id":4205,"href":"https:\/\/www.quetzalma.org\/index.php?rest_route=\/wp\/v2\/pages\/4203\/revisions\/4205"}],"up":[{"embeddable":true,"href":"https:\/\/www.quetzalma.org\/index.php?rest_route=\/wp\/v2\/pages\/3105"}],"wp:attachment":[{"href":"https:\/\/www.quetzalma.org\/index.php?rest_route=%2Fwp%2Fv2%2Fmedia&parent=4203"}],"curies":[{"name":"wp","href":"https:\/\/api.w.org\/{rel}","templated":true}]}}