{"id":4440,"date":"2017-09-30T11:40:38","date_gmt":"2017-09-30T10:40:38","guid":{"rendered":"http:\/\/www.quetzalma.org\/?page_id=4440"},"modified":"2020-01-19T14:24:58","modified_gmt":"2020-01-19T13:24:58","slug":"4440-2","status":"publish","type":"page","link":"https:\/\/www.quetzalma.org\/?page_id=4440","title":{"rendered":"Quetzalma vient en aide aux sinistr\u00e9s du P\u00e9rou"},"content":{"rendered":"<div class=\"pdfprnt-buttons pdfprnt-buttons-page pdfprnt-top-right\"><a href=\"https:\/\/www.quetzalma.org\/index.php?rest_route=%2Fwp%2Fv2%2Fpages%2F4440&print=pdf\" class=\"pdfprnt-button pdfprnt-button-pdf\" target=\"_blank\" ><img decoding=\"async\" src=\"https:\/\/www.quetzalma.org\/wp-content\/plugins\/pdf-print\/images\/pdf.png\" alt=\"image_pdf\" title=\"Afficher le PDF\" \/><\/a><a href=\"https:\/\/www.quetzalma.org\/index.php?rest_route=%2Fwp%2Fv2%2Fpages%2F4440&print=print\" class=\"pdfprnt-button pdfprnt-button-print\" target=\"_blank\" ><img decoding=\"async\" src=\"https:\/\/www.quetzalma.org\/wp-content\/plugins\/pdf-print\/images\/print.png\" alt=\"image_print\" title=\"Contenu imprim\u00e9\" \/><\/a><\/div><p><a href=\"https:\/\/www.quetzalma.org\/wp-content\/uploads\/2017\/07\/QUETZALMA-Y-PASITOS-DAMNIFICADOS1.jpg\"><img loading=\"lazy\" decoding=\"async\" class=\"size-full wp-image-4109 aligncenter\" src=\"https:\/\/www.quetzalma.org\/wp-content\/uploads\/2017\/07\/QUETZALMA-Y-PASITOS-DAMNIFICADOS1.jpg\" alt=\"\" width=\"960\" height=\"720\" srcset=\"https:\/\/www.quetzalma.org\/wp-content\/uploads\/2017\/07\/QUETZALMA-Y-PASITOS-DAMNIFICADOS1.jpg 960w, https:\/\/www.quetzalma.org\/wp-content\/uploads\/2017\/07\/QUETZALMA-Y-PASITOS-DAMNIFICADOS1-300x225.jpg 300w, https:\/\/www.quetzalma.org\/wp-content\/uploads\/2017\/07\/QUETZALMA-Y-PASITOS-DAMNIFICADOS1-768x576.jpg 768w, https:\/\/www.quetzalma.org\/wp-content\/uploads\/2017\/07\/QUETZALMA-Y-PASITOS-DAMNIFICADOS1-150x113.jpg 150w\" sizes=\"auto, (max-width: 960px) 100vw, 960px\" \/><\/a><\/p>\n<div id=\"viewport\" class=\"ctr-p\">\n<div id=\"main\" class=\"content\" data-jiis=\"cc\">\n<div id=\"cnt\" class=\"big\">\n<div class=\"mw\">\n<div id=\"rcnt\">\n<div class=\"col\">\n<div id=\"center_col\">\n<div id=\"res\" class=\"med\" role=\"main\">\n<div id=\"search\" data-jiis=\"uc\" data-jibp=\"h\">\n<div data-ved=\"0ahUKEwj5_4SGoaXVAhXlJsAKHY3PADsQGggg\">\n<div id=\"ires\" data-async-context=\"query:google%20traduction\">\n<div id=\"rso\">\n<div class=\"_NId\">\n<div class=\"g tpo knavi obcontainer mod\" data-hveid=\"33\" data-ved=\"0ahUKEwj5_4SGoaXVAhXlJsAKHY3PADsQkCkIISgAMAA\" data-md=\"77\">\n<div data-hveid=\"34\">\n<div id=\"tw-container\" class=\"vk_c\" data-ulf=\"1\" data-uilc=\"fr\" data-sm=\"1\" data-nnttsvi=\"1\" data-exp=\"1\" data-cp=\"1\">\n<div id=\"uid_0\" class=\"r-iDl5W16os3Cg xpdbox xpdclose\">\n<div class=\"vk_bk r-i7uJQvV0f0oM\">\n<div id=\"tw-ob\">\n<div class=\"tw-swapa\"><strong>Pasitos de Esperanza main dans la main avec Quetzalma aident les sinistr\u00e9s de Carapongo district de Lima au P\u00e9rou<\/strong><\/div>\n<div><\/div>\n<div><\/div>\n<\/div>\n<div><\/div>\n<div>L&rsquo;Association Humanitaire Quetzalma de France a fait don de paniers de provisions \u00e0 45 familles sinistr\u00e9es de la zone de Carapongo \u00e0 Chosica. Apr\u00e8s que beaucoup d&rsquo;entre eux ont perdu leur maison, ils vivent toujours dans des tentes depuis la mi-Mars, dans l&rsquo;espoir de retrouver une demeure.L&rsquo;association Pasitos de Esperanza qui \u00e9tait charg\u00e9e de l&rsquo;aide \u00e0 ce secteur, a constat\u00e9 que les m\u00e8res se relayaient pour cuisiner dans des casseroles communes dans un po\u00eale \u00e0 bois traditionnel rustique en pleine rue et dans des conditions insalubres pour nourrir plus de 120 personnes vivant dans cette zone. En raison de cette situation et en coordination avec la pr\u00e9sidente de l&rsquo;Association Humanitaire Quetzalma,<\/div>\n<div>Marlene Bapst, il a \u00e9t\u00e9 d\u00e9cid\u00e9 d&rsquo;apporter une cuisini\u00e8re semi-industrielle a trois feux avec deux casseroles et leurs louches respectives.<\/div>\n<div>photo 1 : Distribution des paniers de provisions<\/div>\n<div>photo 2 : Zinnia a fait la remise de la cuisini\u00e8re, des casseroles et louches aux sinistr\u00e9s<\/div>\n<div>Certaines de ces familles ont regagn\u00e9 leurs maisons endommag\u00e9es par des glissements de terrain, bien que toujours leurs maisons ou ce qu&rsquo;il en restait, elles n&rsquo;ont pas \u00e9t\u00e9 fumig\u00e9es ou conditionn\u00e9es par les autorit\u00e9s qui se sont engag\u00e9es \u00e0 le faire.<\/div>\n<div>36 des 45 familles qui ont re\u00e7u l&rsquo;aide, sont de l&rsquo;association \u00ab Seigneur des Miracles \u00bb qui se trouve situ\u00e9e dans le lieu de Buenos Aires, dans l&rsquo;avenue de Carapongo.<\/div>\n<div>photo 3 : cuisine dans des conditions insalubres en pleine rue<\/div>\n<div>Lurigancho, autre district de la province de Lima situ\u00e9 \u00e0 5 km au-dessus de la m\u00eame avenue, se trouvent les autres sinistr\u00e9s, zone o\u00f9 toute la famille Hilario a perdu compl\u00e8tement leur maison de trois \u00e9tages.<\/div>\n<div>Dans ces camps, o\u00f9 certaines familles vivent encore, il subsiste un important probl\u00e8me d&rsquo;acc\u00e8s \u00e0 l&rsquo;eau et \u00e0 l&rsquo;assainissement, nous esp\u00e9rons que bient\u00f4t les autorit\u00e9s fournissent des solutions aux besoins de ces familles.<\/div>\n<div>photo 4 : famille Hilario ayant perdu leur maison de trois \u00e9tages<\/div>\n<\/div>\n<\/div>\n<\/div>\n<\/div>\n<\/div>\n<\/div>\n<\/div>\n<\/div>\n<\/div>\n<\/div>\n<\/div>\n<\/div>\n<\/div>\n<\/div>\n<\/div>\n<\/div>\n<\/div>\n<\/div>\n","protected":false},"excerpt":{"rendered":"<p>Pasitos de Esperanza main dans la main avec Quetzalma aident les sinistr\u00e9s de Carapongo district de Lima au P\u00e9rou L&rsquo;Association Humanitaire Quetzalma de France a\u2026<\/p>\n<p class=\"continue-reading-button\"> <a class=\"continue-reading-link\" href=\"https:\/\/www.quetzalma.org\/?page_id=4440\">Lire la suite<i class=\"crycon-right-dir\"><\/i><\/a><\/p>\n","protected":false},"author":1,"featured_media":0,"parent":7574,"menu_order":4,"comment_status":"closed","ping_status":"closed","template":"","meta":{"footnotes":""},"class_list":["post-4440","page","type-page","status-publish","hentry"],"_links":{"self":[{"href":"https:\/\/www.quetzalma.org\/index.php?rest_route=\/wp\/v2\/pages\/4440","targetHints":{"allow":["GET"]}}],"collection":[{"href":"https:\/\/www.quetzalma.org\/index.php?rest_route=\/wp\/v2\/pages"}],"about":[{"href":"https:\/\/www.quetzalma.org\/index.php?rest_route=\/wp\/v2\/types\/page"}],"author":[{"embeddable":true,"href":"https:\/\/www.quetzalma.org\/index.php?rest_route=\/wp\/v2\/users\/1"}],"replies":[{"embeddable":true,"href":"https:\/\/www.quetzalma.org\/index.php?rest_route=%2Fwp%2Fv2%2Fcomments&post=4440"}],"version-history":[{"count":5,"href":"https:\/\/www.quetzalma.org\/index.php?rest_route=\/wp\/v2\/pages\/4440\/revisions"}],"predecessor-version":[{"id":5380,"href":"https:\/\/www.quetzalma.org\/index.php?rest_route=\/wp\/v2\/pages\/4440\/revisions\/5380"}],"up":[{"embeddable":true,"href":"https:\/\/www.quetzalma.org\/index.php?rest_route=\/wp\/v2\/pages\/7574"}],"wp:attachment":[{"href":"https:\/\/www.quetzalma.org\/index.php?rest_route=%2Fwp%2Fv2%2Fmedia&parent=4440"}],"curies":[{"name":"wp","href":"https:\/\/api.w.org\/{rel}","templated":true}]}}