{"id":4462,"date":"2017-10-11T10:58:09","date_gmt":"2017-10-11T09:58:09","guid":{"rendered":"http:\/\/www.quetzalma.org\/?page_id=4462"},"modified":"2018-03-06T19:37:46","modified_gmt":"2018-03-06T18:37:46","slug":"fete-de-la-mirabelle-dimanche-20","status":"publish","type":"page","link":"https:\/\/www.quetzalma.org\/?page_id=4462","title":{"rendered":"F\u00eate de la Mirabelle- Dorlisheim 20 ao\u00fbt 2017"},"content":{"rendered":"<div class=\"pdfprnt-buttons pdfprnt-buttons-page pdfprnt-top-right\"><a href=\"https:\/\/www.quetzalma.org\/index.php?rest_route=%2Fwp%2Fv2%2Fpages%2F4462&print=pdf\" class=\"pdfprnt-button pdfprnt-button-pdf\" target=\"_blank\" ><img decoding=\"async\" src=\"https:\/\/www.quetzalma.org\/wp-content\/plugins\/pdf-print\/images\/pdf.png\" alt=\"image_pdf\" title=\"Afficher le PDF\" \/><\/a><a href=\"https:\/\/www.quetzalma.org\/index.php?rest_route=%2Fwp%2Fv2%2Fpages%2F4462&print=print\" class=\"pdfprnt-button pdfprnt-button-print\" target=\"_blank\" ><img decoding=\"async\" src=\"https:\/\/www.quetzalma.org\/wp-content\/plugins\/pdf-print\/images\/print.png\" alt=\"image_print\" title=\"Contenu imprim\u00e9\" \/><\/a><\/div><h3 class=\"intro\"><span style=\"font-size: 10pt;\">13La f\u00eate de la mirabelle est une manifestation incontournable dans le calendrier des animations alsaciennes. L&rsquo;espace d&rsquo;une journ\u00e9e, le village est enti\u00e8rement d\u00e9di\u00e9 \u00e0 la c\u00e9l\u00e9bration de ce d\u00e9licieux fruit, star des \u00e9tals de la commune. La mirabelle se d\u00e9cline sous toutes ses formes pour le plus grand plaisir des gourmands : fruits frais, confitures, tartes, sirops, friandises, terrines etc&#8230;C&rsquo;est la f\u00eate populaire dans les rues de\u00a0Dorlisheim\u00a0qui met \u00e0 l&rsquo;honneur la\u00a0mirabelle, fruit embl\u00e9matique de la\u00a0r\u00e9gion alsacienne\u00a0et de la r\u00e9gion voisine la Lorraine.<\/span><\/h3>\n<p>Vive nos amis lorrains qui viennent de temps \u00e0 autre \u00e0 la rescousse !<\/p>\n<p><a href=\"https:\/\/www.quetzalma.org\/wp-content\/uploads\/2017\/09\/1-2.jpg\"><img loading=\"lazy\" decoding=\"async\" class=\"wp-image-4323 alignnone\" src=\"https:\/\/www.quetzalma.org\/wp-content\/uploads\/2017\/09\/1-2-1024x981.jpg\" alt=\"\" width=\"300\" height=\"287\" srcset=\"https:\/\/www.quetzalma.org\/wp-content\/uploads\/2017\/09\/1-2-1024x981.jpg 1024w, https:\/\/www.quetzalma.org\/wp-content\/uploads\/2017\/09\/1-2-300x287.jpg 300w, https:\/\/www.quetzalma.org\/wp-content\/uploads\/2017\/09\/1-2-768x735.jpg 768w, https:\/\/www.quetzalma.org\/wp-content\/uploads\/2017\/09\/1-2-150x144.jpg 150w\" sizes=\"auto, (max-width: 300px) 100vw, 300px\" \/> \u00a0\u00a0\u00a0\u00a0<\/a><a href=\"https:\/\/www.quetzalma.org\/wp-content\/uploads\/2017\/09\/3..jpg\"><img loading=\"lazy\" decoding=\"async\" class=\"wp-image-4325 alignnone\" src=\"https:\/\/www.quetzalma.org\/wp-content\/uploads\/2017\/09\/3.-1024x683.jpg\" alt=\"\" width=\"426\" height=\"284\" srcset=\"https:\/\/www.quetzalma.org\/wp-content\/uploads\/2017\/09\/3.-1024x683.jpg 1024w, https:\/\/www.quetzalma.org\/wp-content\/uploads\/2017\/09\/3.-300x200.jpg 300w, https:\/\/www.quetzalma.org\/wp-content\/uploads\/2017\/09\/3.-768x512.jpg 768w, https:\/\/www.quetzalma.org\/wp-content\/uploads\/2017\/09\/3.-150x100.jpg 150w\" sizes=\"auto, (max-width: 426px) 100vw, 426px\" \/><\/a><\/p>\n<p><a href=\"https:\/\/www.quetzalma.org\/wp-content\/uploads\/2017\/09\/2-1.jpg\">\u00a0\u00a0\u00a0\u00a0\u00a0\u00a0\u00a0\u00a0\u00a0\u00a0\u00a0\u00a0\u00a0\u00a0\u00a0\u00a0\u00a0\u00a0\u00a0\u00a0\u00a0\u00a0\u00a0\u00a0\u00a0\u00a0\u00a0\u00a0\u00a0\u00a0\u00a0\u00a0\u00a0\u00a0\u00a0\u00a0\u00a0\u00a0\u00a0\u00a0\u00a0\u00a0\u00a0\u00a0\u00a0\u00a0\u00a0\u00a0 <img loading=\"lazy\" decoding=\"async\" class=\"wp-image-4324 alignnone\" src=\"https:\/\/www.quetzalma.org\/wp-content\/uploads\/2017\/09\/2-1-1024x827.jpg\" alt=\"\" width=\"321\" height=\"259\" srcset=\"https:\/\/www.quetzalma.org\/wp-content\/uploads\/2017\/09\/2-1-1024x827.jpg 1024w, https:\/\/www.quetzalma.org\/wp-content\/uploads\/2017\/09\/2-1-300x242.jpg 300w, https:\/\/www.quetzalma.org\/wp-content\/uploads\/2017\/09\/2-1-768x620.jpg 768w, https:\/\/www.quetzalma.org\/wp-content\/uploads\/2017\/09\/2-1-150x121.jpg 150w\" sizes=\"auto, (max-width: 321px) 100vw, 321px\" \/>\u00a0\u00a0\u00a0\u00a0\u00a0<\/a><\/p>\n<p><a href=\"https:\/\/www.quetzalma.org\/wp-content\/uploads\/2017\/09\/6..jpg\"><img loading=\"lazy\" decoding=\"async\" class=\"wp-image-4328 alignnone\" src=\"https:\/\/www.quetzalma.org\/wp-content\/uploads\/2017\/09\/6.-1024x683.jpg\" alt=\"\" width=\"300\" height=\"200\" srcset=\"https:\/\/www.quetzalma.org\/wp-content\/uploads\/2017\/09\/6.-1024x683.jpg 1024w, https:\/\/www.quetzalma.org\/wp-content\/uploads\/2017\/09\/6.-300x200.jpg 300w, https:\/\/www.quetzalma.org\/wp-content\/uploads\/2017\/09\/6.-768x512.jpg 768w, https:\/\/www.quetzalma.org\/wp-content\/uploads\/2017\/09\/6.-150x100.jpg 150w\" sizes=\"auto, (max-width: 300px) 100vw, 300px\" \/> \u00a0\u00a0\u00a0 <\/a><a href=\"https:\/\/www.quetzalma.org\/wp-content\/uploads\/2017\/09\/7..jpg\"><img loading=\"lazy\" decoding=\"async\" class=\"alignleft wp-image-4329\" src=\"https:\/\/www.quetzalma.org\/wp-content\/uploads\/2017\/09\/7.-1024x683.jpg\" alt=\"\" width=\"300\" height=\"200\" srcset=\"https:\/\/www.quetzalma.org\/wp-content\/uploads\/2017\/09\/7.-1024x683.jpg 1024w, https:\/\/www.quetzalma.org\/wp-content\/uploads\/2017\/09\/7.-300x200.jpg 300w, https:\/\/www.quetzalma.org\/wp-content\/uploads\/2017\/09\/7.-768x512.jpg 768w, https:\/\/www.quetzalma.org\/wp-content\/uploads\/2017\/09\/7.-150x100.jpg 150w\" sizes=\"auto, (max-width: 300px) 100vw, 300px\" \/><\/a><\/p>\n<p><a href=\"https:\/\/www.quetzalma.org\/wp-content\/uploads\/2017\/09\/5..jpg\">\u00a0\u00a0\u00a0\u00a0\u00a0\u00a0\u00a0\u00a0\u00a0\u00a0\u00a0\u00a0\u00a0\u00a0\u00a0\u00a0\u00a0\u00a0\u00a0\u00a0\u00a0\u00a0\u00a0\u00a0\u00a0\u00a0\u00a0\u00a0\u00a0\u00a0\u00a0\u00a0\u00a0\u00a0\u00a0\u00a0\u00a0\u00a0\u00a0\u00a0\u00a0\u00a0\u00a0\u00a0\u00a0\u00a0\u00a0\u00a0\u00a0\u00a0\u00a0\u00a0\u00a0\u00a0 <img loading=\"lazy\" decoding=\"async\" class=\"wp-image-4327 alignnone\" src=\"https:\/\/www.quetzalma.org\/wp-content\/uploads\/2017\/09\/5.-1024x791.jpg\" alt=\"\" width=\"300\" height=\"232\" srcset=\"https:\/\/www.quetzalma.org\/wp-content\/uploads\/2017\/09\/5.-1024x791.jpg 1024w, https:\/\/www.quetzalma.org\/wp-content\/uploads\/2017\/09\/5.-300x232.jpg 300w, https:\/\/www.quetzalma.org\/wp-content\/uploads\/2017\/09\/5.-768x593.jpg 768w, https:\/\/www.quetzalma.org\/wp-content\/uploads\/2017\/09\/5.-150x116.jpg 150w\" sizes=\"auto, (max-width: 300px) 100vw, 300px\" \/><\/a><\/p>\n<p>Amandine d\u00e9stresse\u00a0<img decoding=\"async\" src=\"https:\/\/www.quetzalma.org\/wp-content\/plugins\/wp-edit\/plugins\/emoticons\/img\/smiley-tongue-out.gif\" \/><\/p>\n<p><a href=\"https:\/\/www.quetzalma.org\/wp-content\/uploads\/2017\/09\/11..jpg\"><img loading=\"lazy\" decoding=\"async\" class=\"alignleft wp-image-4333\" src=\"https:\/\/www.quetzalma.org\/wp-content\/uploads\/2017\/09\/11.-1024x954.jpg\" alt=\"\" width=\"300\" height=\"280\" srcset=\"https:\/\/www.quetzalma.org\/wp-content\/uploads\/2017\/09\/11.-1024x954.jpg 1024w, https:\/\/www.quetzalma.org\/wp-content\/uploads\/2017\/09\/11.-300x280.jpg 300w, https:\/\/www.quetzalma.org\/wp-content\/uploads\/2017\/09\/11.-768x716.jpg 768w, https:\/\/www.quetzalma.org\/wp-content\/uploads\/2017\/09\/11.-150x140.jpg 150w\" sizes=\"auto, (max-width: 300px) 100vw, 300px\" \/><\/a><\/p>\n<p><a href=\"https:\/\/www.quetzalma.org\/wp-content\/uploads\/2017\/09\/12..jpg\"><img loading=\"lazy\" decoding=\"async\" class=\"wp-image-4334 alignnone\" src=\"https:\/\/www.quetzalma.org\/wp-content\/uploads\/2017\/09\/12.-1024x764.jpg\" alt=\"\" width=\"300\" height=\"224\" srcset=\"https:\/\/www.quetzalma.org\/wp-content\/uploads\/2017\/09\/12.-1024x764.jpg 1024w, https:\/\/www.quetzalma.org\/wp-content\/uploads\/2017\/09\/12.-300x224.jpg 300w, https:\/\/www.quetzalma.org\/wp-content\/uploads\/2017\/09\/12.-768x573.jpg 768w, https:\/\/www.quetzalma.org\/wp-content\/uploads\/2017\/09\/12.-150x112.jpg 150w\" sizes=\"auto, (max-width: 300px) 100vw, 300px\" \/><\/a><\/p>\n<p>&nbsp;<\/p>\n<p>Parade fleurie sur le th\u00e8me \u00ab Dorli fait son cin\u00e9ma \u00bb . Animations musicales et culturelles<\/p>\n<p><a href=\"https:\/\/www.quetzalma.org\/wp-content\/uploads\/2017\/09\/13..jpg\"><img loading=\"lazy\" decoding=\"async\" class=\"alignnone wp-image-4335\" src=\"https:\/\/www.quetzalma.org\/wp-content\/uploads\/2017\/09\/13.-1024x737.jpg\" alt=\"\" width=\"230\" height=\"165\" srcset=\"https:\/\/www.quetzalma.org\/wp-content\/uploads\/2017\/09\/13.-1024x737.jpg 1024w, https:\/\/www.quetzalma.org\/wp-content\/uploads\/2017\/09\/13.-300x216.jpg 300w, https:\/\/www.quetzalma.org\/wp-content\/uploads\/2017\/09\/13.-768x552.jpg 768w, https:\/\/www.quetzalma.org\/wp-content\/uploads\/2017\/09\/13.-150x108.jpg 150w\" sizes=\"auto, (max-width: 230px) 100vw, 230px\" \/><\/a><a href=\"https:\/\/www.quetzalma.org\/wp-content\/uploads\/2017\/09\/14-1.jpg\"> \u00a0\u00a0<\/a><a href=\"https:\/\/www.quetzalma.org\/wp-content\/uploads\/2017\/09\/16..jpg\"><img loading=\"lazy\" decoding=\"async\" class=\"wp-image-4338 alignnone\" src=\"https:\/\/www.quetzalma.org\/wp-content\/uploads\/2017\/09\/16.-1024x683.jpg\" alt=\"\" width=\"250\" height=\"167\" srcset=\"https:\/\/www.quetzalma.org\/wp-content\/uploads\/2017\/09\/16.-1024x683.jpg 1024w, https:\/\/www.quetzalma.org\/wp-content\/uploads\/2017\/09\/16.-300x200.jpg 300w, https:\/\/www.quetzalma.org\/wp-content\/uploads\/2017\/09\/16.-768x512.jpg 768w, https:\/\/www.quetzalma.org\/wp-content\/uploads\/2017\/09\/16.-150x100.jpg 150w\" sizes=\"auto, (max-width: 250px) 100vw, 250px\" \/><\/a><a href=\"https:\/\/www.quetzalma.org\/wp-content\/uploads\/2017\/09\/14-1.jpg\"> \u00a0<\/a><a href=\"https:\/\/www.quetzalma.org\/wp-content\/uploads\/2017\/09\/15..jpg\"><img loading=\"lazy\" decoding=\"async\" class=\"alignnone wp-image-4337\" src=\"https:\/\/www.quetzalma.org\/wp-content\/uploads\/2017\/09\/15.-1024x683.jpg\" alt=\"\" width=\"250\" height=\"166\" srcset=\"https:\/\/www.quetzalma.org\/wp-content\/uploads\/2017\/09\/15.-1024x683.jpg 1024w, https:\/\/www.quetzalma.org\/wp-content\/uploads\/2017\/09\/15.-300x200.jpg 300w, https:\/\/www.quetzalma.org\/wp-content\/uploads\/2017\/09\/15.-768x512.jpg 768w, https:\/\/www.quetzalma.org\/wp-content\/uploads\/2017\/09\/15.-150x100.jpg 150w\" sizes=\"auto, (max-width: 250px) 100vw, 250px\" \/><\/a><\/p>\n<p>&nbsp;<\/p>\n<p><a href=\"https:\/\/www.quetzalma.org\/wp-content\/uploads\/2017\/09\/18..jpg\"><img loading=\"lazy\" decoding=\"async\" class=\"wp-image-4340 alignnone\" src=\"https:\/\/www.quetzalma.org\/wp-content\/uploads\/2017\/09\/18.-1024x954.jpg\" alt=\"\" width=\"220\" height=\"205\" srcset=\"https:\/\/www.quetzalma.org\/wp-content\/uploads\/2017\/09\/18.-1024x954.jpg 1024w, https:\/\/www.quetzalma.org\/wp-content\/uploads\/2017\/09\/18.-300x279.jpg 300w, https:\/\/www.quetzalma.org\/wp-content\/uploads\/2017\/09\/18.-768x715.jpg 768w, https:\/\/www.quetzalma.org\/wp-content\/uploads\/2017\/09\/18.-150x140.jpg 150w\" sizes=\"auto, (max-width: 220px) 100vw, 220px\" \/> \u00a0<\/a><a href=\"https:\/\/www.quetzalma.org\/wp-content\/uploads\/2017\/09\/28.-1.jpg\">\u00a0 <\/a><a href=\"https:\/\/www.quetzalma.org\/wp-content\/uploads\/2017\/09\/28.-1.jpg\"><img loading=\"lazy\" decoding=\"async\" class=\"wp-image-4351 alignnone\" src=\"https:\/\/www.quetzalma.org\/wp-content\/uploads\/2017\/09\/28.-1-959x1024.jpg\" alt=\"\" width=\"252\" height=\"269\" srcset=\"https:\/\/www.quetzalma.org\/wp-content\/uploads\/2017\/09\/28.-1-959x1024.jpg 959w, https:\/\/www.quetzalma.org\/wp-content\/uploads\/2017\/09\/28.-1-281x300.jpg 281w, https:\/\/www.quetzalma.org\/wp-content\/uploads\/2017\/09\/28.-1-768x820.jpg 768w, https:\/\/www.quetzalma.org\/wp-content\/uploads\/2017\/09\/28.-1-140x150.jpg 140w\" sizes=\"auto, (max-width: 252px) 100vw, 252px\" \/><\/a><a href=\"https:\/\/www.quetzalma.org\/wp-content\/uploads\/2017\/09\/19..jpg\">\u00a0\u00a0 <img loading=\"lazy\" decoding=\"async\" class=\"wp-image-4341 alignnone\" src=\"https:\/\/www.quetzalma.org\/wp-content\/uploads\/2017\/09\/19.-1024x977.jpg\" alt=\"\" width=\"211\" height=\"201\" srcset=\"https:\/\/www.quetzalma.org\/wp-content\/uploads\/2017\/09\/19.-1024x977.jpg 1024w, https:\/\/www.quetzalma.org\/wp-content\/uploads\/2017\/09\/19.-300x286.jpg 300w, https:\/\/www.quetzalma.org\/wp-content\/uploads\/2017\/09\/19.-768x732.jpg 768w, https:\/\/www.quetzalma.org\/wp-content\/uploads\/2017\/09\/19.-150x143.jpg 150w\" sizes=\"auto, (max-width: 211px) 100vw, 211px\" \/><br \/>\n<\/a><\/p>\n<p><a href=\"https:\/\/www.quetzalma.org\/wp-content\/uploads\/2017\/09\/14-1.jpg\"><img loading=\"lazy\" decoding=\"async\" class=\"wp-image-4336 alignnone\" src=\"https:\/\/www.quetzalma.org\/wp-content\/uploads\/2017\/09\/14-1-1024x683.jpg\" alt=\"\" width=\"245\" height=\"163\" srcset=\"https:\/\/www.quetzalma.org\/wp-content\/uploads\/2017\/09\/14-1-1024x683.jpg 1024w, https:\/\/www.quetzalma.org\/wp-content\/uploads\/2017\/09\/14-1-300x200.jpg 300w, https:\/\/www.quetzalma.org\/wp-content\/uploads\/2017\/09\/14-1-768x512.jpg 768w, https:\/\/www.quetzalma.org\/wp-content\/uploads\/2017\/09\/14-1-150x100.jpg 150w\" sizes=\"auto, (max-width: 245px) 100vw, 245px\" \/>\u00a0\u00a0\u00a0<\/a><a href=\"https:\/\/www.quetzalma.org\/wp-content\/uploads\/2017\/09\/17..jpg\"><img loading=\"lazy\" decoding=\"async\" class=\"wp-image-4339 alignnone\" src=\"https:\/\/www.quetzalma.org\/wp-content\/uploads\/2017\/09\/17.-1024x732.jpg\" alt=\"\" width=\"250\" height=\"179\" srcset=\"https:\/\/www.quetzalma.org\/wp-content\/uploads\/2017\/09\/17.-1024x732.jpg 1024w, https:\/\/www.quetzalma.org\/wp-content\/uploads\/2017\/09\/17.-300x215.jpg 300w, https:\/\/www.quetzalma.org\/wp-content\/uploads\/2017\/09\/17.-768x549.jpg 768w, https:\/\/www.quetzalma.org\/wp-content\/uploads\/2017\/09\/17.-150x107.jpg 150w\" sizes=\"auto, (max-width: 250px) 100vw, 250px\" \/>\u00a0\u00a0\u00a0<\/a><a href=\"https:\/\/www.quetzalma.org\/wp-content\/uploads\/2017\/09\/23..jpg\"><img loading=\"lazy\" decoding=\"async\" class=\"wp-image-4345 alignnone\" src=\"https:\/\/www.quetzalma.org\/wp-content\/uploads\/2017\/09\/23.-1024x683.jpg\" alt=\"\" width=\"250\" height=\"167\" srcset=\"https:\/\/www.quetzalma.org\/wp-content\/uploads\/2017\/09\/23.-1024x683.jpg 1024w, https:\/\/www.quetzalma.org\/wp-content\/uploads\/2017\/09\/23.-300x200.jpg 300w, https:\/\/www.quetzalma.org\/wp-content\/uploads\/2017\/09\/23.-768x512.jpg 768w, https:\/\/www.quetzalma.org\/wp-content\/uploads\/2017\/09\/23.-150x100.jpg 150w\" sizes=\"auto, (max-width: 250px) 100vw, 250px\" \/><\/a><\/p>\n<p>&nbsp;<\/p>\n<p><a href=\"https:\/\/www.quetzalma.org\/wp-content\/uploads\/2017\/09\/22..jpg\"><img loading=\"lazy\" decoding=\"async\" class=\"wp-image-4344 alignnone\" src=\"https:\/\/www.quetzalma.org\/wp-content\/uploads\/2017\/09\/22.-1024x634.jpg\" alt=\"\" width=\"250\" height=\"155\" srcset=\"https:\/\/www.quetzalma.org\/wp-content\/uploads\/2017\/09\/22.-1024x634.jpg 1024w, https:\/\/www.quetzalma.org\/wp-content\/uploads\/2017\/09\/22.-300x186.jpg 300w, https:\/\/www.quetzalma.org\/wp-content\/uploads\/2017\/09\/22.-768x475.jpg 768w, https:\/\/www.quetzalma.org\/wp-content\/uploads\/2017\/09\/22.-150x93.jpg 150w\" sizes=\"auto, (max-width: 250px) 100vw, 250px\" \/>\u00a0\u00a0\u00a0<\/a><a href=\"https:\/\/www.quetzalma.org\/wp-content\/uploads\/2017\/09\/21..jpg\"><img loading=\"lazy\" decoding=\"async\" class=\"wp-image-4343 alignnone\" src=\"https:\/\/www.quetzalma.org\/wp-content\/uploads\/2017\/09\/21.-1024x803.jpg\" alt=\"\" width=\"250\" height=\"196\" srcset=\"https:\/\/www.quetzalma.org\/wp-content\/uploads\/2017\/09\/21.-1024x803.jpg 1024w, https:\/\/www.quetzalma.org\/wp-content\/uploads\/2017\/09\/21.-300x235.jpg 300w, https:\/\/www.quetzalma.org\/wp-content\/uploads\/2017\/09\/21.-768x602.jpg 768w, https:\/\/www.quetzalma.org\/wp-content\/uploads\/2017\/09\/21.-150x118.jpg 150w\" sizes=\"auto, (max-width: 250px) 100vw, 250px\" \/><\/a><a href=\"https:\/\/www.quetzalma.org\/wp-content\/uploads\/2017\/09\/24..jpg\"> \u00a0\u00a0<\/a><a href=\"https:\/\/www.quetzalma.org\/wp-content\/uploads\/2017\/09\/26..jpg\"><img loading=\"lazy\" decoding=\"async\" class=\"wp-image-4348 alignnone\" src=\"https:\/\/www.quetzalma.org\/wp-content\/uploads\/2017\/09\/26.-1024x683.jpg\" alt=\"\" width=\"250\" height=\"167\" srcset=\"https:\/\/www.quetzalma.org\/wp-content\/uploads\/2017\/09\/26.-1024x683.jpg 1024w, https:\/\/www.quetzalma.org\/wp-content\/uploads\/2017\/09\/26.-300x200.jpg 300w, https:\/\/www.quetzalma.org\/wp-content\/uploads\/2017\/09\/26.-768x512.jpg 768w, https:\/\/www.quetzalma.org\/wp-content\/uploads\/2017\/09\/26.-150x100.jpg 150w\" sizes=\"auto, (max-width: 250px) 100vw, 250px\" \/><\/a><\/p>\n<p>&nbsp;<\/p>\n<p><a href=\"https:\/\/www.quetzalma.org\/wp-content\/uploads\/2017\/09\/27..jpg\"><img loading=\"lazy\" decoding=\"async\" class=\"wp-image-4349 alignnone\" src=\"https:\/\/www.quetzalma.org\/wp-content\/uploads\/2017\/09\/27.-1024x819.jpg\" alt=\"\" width=\"250\" height=\"200\" srcset=\"https:\/\/www.quetzalma.org\/wp-content\/uploads\/2017\/09\/27.-1024x819.jpg 1024w, https:\/\/www.quetzalma.org\/wp-content\/uploads\/2017\/09\/27.-300x240.jpg 300w, https:\/\/www.quetzalma.org\/wp-content\/uploads\/2017\/09\/27.-768x614.jpg 768w, https:\/\/www.quetzalma.org\/wp-content\/uploads\/2017\/09\/27.-150x120.jpg 150w\" sizes=\"auto, (max-width: 250px) 100vw, 250px\" \/>\u00a0\u00a0\u00a0<\/a><a href=\"https:\/\/www.quetzalma.org\/wp-content\/uploads\/2017\/09\/25..jpg\"><img loading=\"lazy\" decoding=\"async\" class=\"wp-image-4347 alignnone\" src=\"https:\/\/www.quetzalma.org\/wp-content\/uploads\/2017\/09\/25.-1024x735.jpg\" alt=\"\" width=\"270\" height=\"194\" srcset=\"https:\/\/www.quetzalma.org\/wp-content\/uploads\/2017\/09\/25.-1024x735.jpg 1024w, https:\/\/www.quetzalma.org\/wp-content\/uploads\/2017\/09\/25.-300x215.jpg 300w, https:\/\/www.quetzalma.org\/wp-content\/uploads\/2017\/09\/25.-768x552.jpg 768w, https:\/\/www.quetzalma.org\/wp-content\/uploads\/2017\/09\/25.-150x108.jpg 150w\" sizes=\"auto, (max-width: 270px) 100vw, 270px\" \/><\/a>\u00a0\u00a0 <a href=\"https:\/\/www.quetzalma.org\/wp-content\/uploads\/2017\/09\/30..jpg\"><img loading=\"lazy\" decoding=\"async\" class=\"wp-image-4353 alignnone\" src=\"https:\/\/www.quetzalma.org\/wp-content\/uploads\/2017\/09\/30.-1024x897.jpg\" alt=\"\" width=\"228\" height=\"200\" srcset=\"https:\/\/www.quetzalma.org\/wp-content\/uploads\/2017\/09\/30.-1024x897.jpg 1024w, https:\/\/www.quetzalma.org\/wp-content\/uploads\/2017\/09\/30.-300x263.jpg 300w, https:\/\/www.quetzalma.org\/wp-content\/uploads\/2017\/09\/30.-768x672.jpg 768w, https:\/\/www.quetzalma.org\/wp-content\/uploads\/2017\/09\/30.-150x131.jpg 150w\" sizes=\"auto, (max-width: 228px) 100vw, 228px\" \/><\/a><\/p>\n<p>&nbsp;<\/p>\n<p><a href=\"https:\/\/www.quetzalma.org\/wp-content\/uploads\/2017\/09\/29..jpg\"><img loading=\"lazy\" decoding=\"async\" class=\"wp-image-4352 alignnone\" src=\"https:\/\/www.quetzalma.org\/wp-content\/uploads\/2017\/09\/29.-1024x771.jpg\" alt=\"\" width=\"229\" height=\"172\" srcset=\"https:\/\/www.quetzalma.org\/wp-content\/uploads\/2017\/09\/29.-1024x771.jpg 1024w, https:\/\/www.quetzalma.org\/wp-content\/uploads\/2017\/09\/29.-300x226.jpg 300w, https:\/\/www.quetzalma.org\/wp-content\/uploads\/2017\/09\/29.-768x578.jpg 768w, https:\/\/www.quetzalma.org\/wp-content\/uploads\/2017\/09\/29.-150x113.jpg 150w\" sizes=\"auto, (max-width: 229px) 100vw, 229px\" \/>\u00a0\u00a0\u00a0 <\/a><a href=\"https:\/\/www.quetzalma.org\/wp-content\/uploads\/2017\/09\/24..jpg\"><img loading=\"lazy\" decoding=\"async\" class=\"wp-image-4346 alignnone\" src=\"https:\/\/www.quetzalma.org\/wp-content\/uploads\/2017\/09\/24.-1024x718.jpg\" alt=\"\" width=\"250\" height=\"175\" srcset=\"https:\/\/www.quetzalma.org\/wp-content\/uploads\/2017\/09\/24.-1024x718.jpg 1024w, https:\/\/www.quetzalma.org\/wp-content\/uploads\/2017\/09\/24.-300x210.jpg 300w, https:\/\/www.quetzalma.org\/wp-content\/uploads\/2017\/09\/24.-768x539.jpg 768w, https:\/\/www.quetzalma.org\/wp-content\/uploads\/2017\/09\/24.-150x105.jpg 150w\" sizes=\"auto, (max-width: 250px) 100vw, 250px\" \/><\/a>\u00a0\u00a0 <a href=\"https:\/\/www.quetzalma.org\/wp-content\/uploads\/2017\/09\/20..jpg\"><img loading=\"lazy\" decoding=\"async\" class=\"wp-image-4342 alignnone\" src=\"https:\/\/www.quetzalma.org\/wp-content\/uploads\/2017\/09\/20.-1024x777.jpg\" alt=\"\" width=\"226\" height=\"172\" srcset=\"https:\/\/www.quetzalma.org\/wp-content\/uploads\/2017\/09\/20.-1024x777.jpg 1024w, https:\/\/www.quetzalma.org\/wp-content\/uploads\/2017\/09\/20.-300x228.jpg 300w, https:\/\/www.quetzalma.org\/wp-content\/uploads\/2017\/09\/20.-768x583.jpg 768w, https:\/\/www.quetzalma.org\/wp-content\/uploads\/2017\/09\/20.-150x114.jpg 150w\" sizes=\"auto, (max-width: 226px) 100vw, 226px\" \/><\/a><\/p>\n<p>&nbsp;<\/p>\n<p>et notre mascotte ! <img decoding=\"async\" src=\"https:\/\/www.quetzalma.org\/wp-content\/plugins\/wp-edit\/plugins\/emoticons\/img\/smiley-kiss.gif\" \/><\/p>\n<p><a href=\"https:\/\/www.quetzalma.org\/wp-content\/uploads\/2017\/09\/8..jpg\">\u00a0\u00a0\u00a0\u00a0\u00a0\u00a0\u00a0\u00a0\u00a0\u00a0\u00a0\u00a0\u00a0\u00a0\u00a0\u00a0\u00a0\u00a0\u00a0\u00a0\u00a0\u00a0\u00a0\u00a0\u00a0\u00a0\u00a0\u00a0\u00a0\u00a0\u00a0\u00a0\u00a0\u00a0\u00a0\u00a0\u00a0\u00a0\u00a0\u00a0\u00a0\u00a0\u00a0\u00a0\u00a0\u00a0\u00a0\u00a0\u00a0\u00a0\u00a0\u00a0\u00a0\u00a0\u00a0\u00a0\u00a0\u00a0\u00a0 <img loading=\"lazy\" decoding=\"async\" class=\"wp-image-4355 alignnone\" src=\"https:\/\/www.quetzalma.org\/wp-content\/uploads\/2017\/09\/8.-1024x571.jpg\" alt=\"\" width=\"300\" height=\"167\" srcset=\"https:\/\/www.quetzalma.org\/wp-content\/uploads\/2017\/09\/8.-1024x571.jpg 1024w, https:\/\/www.quetzalma.org\/wp-content\/uploads\/2017\/09\/8.-300x167.jpg 300w, https:\/\/www.quetzalma.org\/wp-content\/uploads\/2017\/09\/8.-768x428.jpg 768w, https:\/\/www.quetzalma.org\/wp-content\/uploads\/2017\/09\/8.-150x84.jpg 150w\" sizes=\"auto, (max-width: 300px) 100vw, 300px\" \/><\/a><\/p>\n<p>&nbsp;<\/p>\n<p>&nbsp;<\/p>\n<p>&nbsp;<\/p>\n<p>&nbsp;<\/p>\n<p>&nbsp;<\/p>\n<p>&nbsp;<\/p>\n<p>&nbsp;<\/p>\n","protected":false},"excerpt":{"rendered":"<p>13La f\u00eate de la mirabelle est une manifestation incontournable dans le calendrier des animations alsaciennes. L&rsquo;espace d&rsquo;une journ\u00e9e, le village est enti\u00e8rement d\u00e9di\u00e9 \u00e0 la\u2026<\/p>\n<p class=\"continue-reading-button\"> <a class=\"continue-reading-link\" href=\"https:\/\/www.quetzalma.org\/?page_id=4462\">Lire la suite<i class=\"crycon-right-dir\"><\/i><\/a><\/p>\n","protected":false},"author":1,"featured_media":0,"parent":3105,"menu_order":13,"comment_status":"closed","ping_status":"closed","template":"","meta":{"footnotes":""},"class_list":["post-4462","page","type-page","status-publish","hentry"],"_links":{"self":[{"href":"https:\/\/www.quetzalma.org\/index.php?rest_route=\/wp\/v2\/pages\/4462","targetHints":{"allow":["GET"]}}],"collection":[{"href":"https:\/\/www.quetzalma.org\/index.php?rest_route=\/wp\/v2\/pages"}],"about":[{"href":"https:\/\/www.quetzalma.org\/index.php?rest_route=\/wp\/v2\/types\/page"}],"author":[{"embeddable":true,"href":"https:\/\/www.quetzalma.org\/index.php?rest_route=\/wp\/v2\/users\/1"}],"replies":[{"embeddable":true,"href":"https:\/\/www.quetzalma.org\/index.php?rest_route=%2Fwp%2Fv2%2Fcomments&post=4462"}],"version-history":[{"count":5,"href":"https:\/\/www.quetzalma.org\/index.php?rest_route=\/wp\/v2\/pages\/4462\/revisions"}],"predecessor-version":[{"id":4468,"href":"https:\/\/www.quetzalma.org\/index.php?rest_route=\/wp\/v2\/pages\/4462\/revisions\/4468"}],"up":[{"embeddable":true,"href":"https:\/\/www.quetzalma.org\/index.php?rest_route=\/wp\/v2\/pages\/3105"}],"wp:attachment":[{"href":"https:\/\/www.quetzalma.org\/index.php?rest_route=%2Fwp%2Fv2%2Fmedia&parent=4462"}],"curies":[{"name":"wp","href":"https:\/\/api.w.org\/{rel}","templated":true}]}}