{"id":4519,"date":"2017-10-14T12:45:45","date_gmt":"2017-10-14T11:45:45","guid":{"rendered":"http:\/\/www.quetzalma.org\/?page_id=4519"},"modified":"2018-03-06T19:38:04","modified_gmt":"2018-03-06T18:38:04","slug":"fete-de-la-choucroute-geispolsheim-27-aout-2017","status":"publish","type":"page","link":"https:\/\/www.quetzalma.org\/?page_id=4519","title":{"rendered":"F\u00eate de la Choucroute &#8211; Geispolsheim 27 ao\u00fbt 2017"},"content":{"rendered":"<div class=\"pdfprnt-buttons pdfprnt-buttons-page pdfprnt-top-right\"><a href=\"https:\/\/www.quetzalma.org\/index.php?rest_route=%2Fwp%2Fv2%2Fpages%2F4519&print=pdf\" class=\"pdfprnt-button pdfprnt-button-pdf\" target=\"_blank\" ><img decoding=\"async\" src=\"https:\/\/www.quetzalma.org\/wp-content\/plugins\/pdf-print\/images\/pdf.png\" alt=\"image_pdf\" title=\"Afficher le PDF\" \/><\/a><a href=\"https:\/\/www.quetzalma.org\/index.php?rest_route=%2Fwp%2Fv2%2Fpages%2F4519&print=print\" class=\"pdfprnt-button pdfprnt-button-print\" target=\"_blank\" ><img decoding=\"async\" src=\"https:\/\/www.quetzalma.org\/wp-content\/plugins\/pdf-print\/images\/print.png\" alt=\"image_print\" title=\"Contenu imprim\u00e9\" \/><\/a><\/div><p>La reine du jour : la choucroute garnie, pr\u00e9par\u00e9e et mijot\u00e9e sur place, est simplement un pur r\u00e9gal; le fleuron de la gastronomie locale.<\/p>\n<p>Le cort\u00e8ge remodel\u00e9, pour th\u00e8me \u00ab\u00a0les m\u00e9tiers anciens et les artisans ambulants\u00a0\u00bb. Il t\u00e9moigne de la vie quotidienne des g\u00e9n\u00e9rations pr\u00e9c\u00e9dentes.<\/p>\n<p>C&rsquo;\u00e9tait l\u2019un des temps forts de la journ\u00e9e. Il \u00e9tait compos\u00e9 de chars confectionn\u00e9s par les associations locales, de soci\u00e9t\u00e9s de musique, de groupes folkloriques.<\/p>\n<p><a href=\"https:\/\/www.quetzalma.org\/wp-content\/uploads\/2017\/09\/14..jpg\"><img loading=\"lazy\" decoding=\"async\" class=\"wp-image-4373 alignnone\" src=\"https:\/\/www.quetzalma.org\/wp-content\/uploads\/2017\/09\/14.-740x1024.jpg\" alt=\"\" width=\"266\" height=\"368\" srcset=\"https:\/\/www.quetzalma.org\/wp-content\/uploads\/2017\/09\/14.-740x1024.jpg 740w, https:\/\/www.quetzalma.org\/wp-content\/uploads\/2017\/09\/14.-217x300.jpg 217w, https:\/\/www.quetzalma.org\/wp-content\/uploads\/2017\/09\/14.-768x1063.jpg 768w, https:\/\/www.quetzalma.org\/wp-content\/uploads\/2017\/09\/14.-108x150.jpg 108w\" sizes=\"auto, (max-width: 266px) 100vw, 266px\" \/> \u00a0\u00a0\u00a0\u00a0<\/a><a href=\"https:\/\/www.quetzalma.org\/wp-content\/uploads\/2017\/09\/1..jpg\"><img loading=\"lazy\" decoding=\"async\" class=\"wp-image-4362 alignnone\" src=\"https:\/\/www.quetzalma.org\/wp-content\/uploads\/2017\/09\/3.-1-1024x740.jpg\" alt=\"\" width=\"509\" height=\"368\" srcset=\"https:\/\/www.quetzalma.org\/wp-content\/uploads\/2017\/09\/3.-1-1024x740.jpg 1024w, https:\/\/www.quetzalma.org\/wp-content\/uploads\/2017\/09\/3.-1-300x217.jpg 300w, https:\/\/www.quetzalma.org\/wp-content\/uploads\/2017\/09\/3.-1-768x555.jpg 768w, https:\/\/www.quetzalma.org\/wp-content\/uploads\/2017\/09\/3.-1-150x108.jpg 150w\" sizes=\"auto, (max-width: 509px) 100vw, 509px\" \/><\/a><\/p>\n<p><a href=\"https:\/\/www.quetzalma.org\/wp-content\/uploads\/2017\/09\/2..jpg\"><img loading=\"lazy\" decoding=\"async\" class=\"wp-image-4361 alignnone\" src=\"https:\/\/www.quetzalma.org\/wp-content\/uploads\/2017\/09\/2.-1024x663.jpg\" alt=\"\" width=\"493\" height=\"319\" srcset=\"https:\/\/www.quetzalma.org\/wp-content\/uploads\/2017\/09\/2.-1024x663.jpg 1024w, https:\/\/www.quetzalma.org\/wp-content\/uploads\/2017\/09\/2.-300x194.jpg 300w, https:\/\/www.quetzalma.org\/wp-content\/uploads\/2017\/09\/2.-768x497.jpg 768w, https:\/\/www.quetzalma.org\/wp-content\/uploads\/2017\/09\/2.-150x97.jpg 150w\" sizes=\"auto, (max-width: 493px) 100vw, 493px\" \/>\u00a0\u00a0\u00a0\u00a0\u00a0<\/a><a href=\"https:\/\/www.quetzalma.org\/wp-content\/uploads\/2017\/09\/1..jpg\"><img loading=\"lazy\" decoding=\"async\" class=\"wp-image-4360 alignnone\" src=\"https:\/\/www.quetzalma.org\/wp-content\/uploads\/2017\/09\/1.-903x1024.jpg\" alt=\"\" width=\"282\" height=\"320\" srcset=\"https:\/\/www.quetzalma.org\/wp-content\/uploads\/2017\/09\/1.-903x1024.jpg 903w, https:\/\/www.quetzalma.org\/wp-content\/uploads\/2017\/09\/1.-265x300.jpg 265w, https:\/\/www.quetzalma.org\/wp-content\/uploads\/2017\/09\/1.-768x871.jpg 768w, https:\/\/www.quetzalma.org\/wp-content\/uploads\/2017\/09\/1.-132x150.jpg 132w\" sizes=\"auto, (max-width: 282px) 100vw, 282px\" \/><\/a><\/p>\n<p><a href=\"https:\/\/www.quetzalma.org\/wp-content\/uploads\/2017\/09\/7.-1.jpg\"><img loading=\"lazy\" decoding=\"async\" class=\"wp-image-4366 alignnone\" src=\"https:\/\/www.quetzalma.org\/wp-content\/uploads\/2017\/09\/7.-1-1024x751.jpg\" alt=\"\" width=\"274\" height=\"201\" srcset=\"https:\/\/www.quetzalma.org\/wp-content\/uploads\/2017\/09\/7.-1-1024x751.jpg 1024w, https:\/\/www.quetzalma.org\/wp-content\/uploads\/2017\/09\/7.-1-300x220.jpg 300w, https:\/\/www.quetzalma.org\/wp-content\/uploads\/2017\/09\/7.-1-768x563.jpg 768w, https:\/\/www.quetzalma.org\/wp-content\/uploads\/2017\/09\/7.-1-150x110.jpg 150w\" sizes=\"auto, (max-width: 274px) 100vw, 274px\" \/>\u00a0\u00a0\u00a0\u00a0\u00a0<\/a><a href=\"https:\/\/www.quetzalma.org\/wp-content\/uploads\/2017\/09\/9..jpg\"><img loading=\"lazy\" decoding=\"async\" class=\"wp-image-4368 alignnone\" src=\"https:\/\/www.quetzalma.org\/wp-content\/uploads\/2017\/09\/9.-972x1024.jpg\" alt=\"\" width=\"190\" height=\"200\" srcset=\"https:\/\/www.quetzalma.org\/wp-content\/uploads\/2017\/09\/9.-972x1024.jpg 972w, https:\/\/www.quetzalma.org\/wp-content\/uploads\/2017\/09\/9.-285x300.jpg 285w, https:\/\/www.quetzalma.org\/wp-content\/uploads\/2017\/09\/9.-768x809.jpg 768w, https:\/\/www.quetzalma.org\/wp-content\/uploads\/2017\/09\/9.-142x150.jpg 142w, https:\/\/www.quetzalma.org\/wp-content\/uploads\/2017\/09\/9..jpg 2007w\" sizes=\"auto, (max-width: 190px) 100vw, 190px\" \/>\u00a0\u00a0\u00a0\u00a0\u00a0<\/a><a href=\"https:\/\/www.quetzalma.org\/wp-content\/uploads\/2017\/09\/6.-1.jpg\"><img loading=\"lazy\" decoding=\"async\" class=\"wp-image-4365 alignnone\" src=\"https:\/\/www.quetzalma.org\/wp-content\/uploads\/2017\/09\/6.-1-1024x710.jpg\" alt=\"\" width=\"290\" height=\"201\" srcset=\"https:\/\/www.quetzalma.org\/wp-content\/uploads\/2017\/09\/6.-1-1024x710.jpg 1024w, https:\/\/www.quetzalma.org\/wp-content\/uploads\/2017\/09\/6.-1-300x208.jpg 300w, https:\/\/www.quetzalma.org\/wp-content\/uploads\/2017\/09\/6.-1-768x532.jpg 768w, https:\/\/www.quetzalma.org\/wp-content\/uploads\/2017\/09\/6.-1-150x104.jpg 150w\" sizes=\"auto, (max-width: 290px) 100vw, 290px\" \/>\u00a0 <\/a><\/p>\n<p><a href=\"https:\/\/www.quetzalma.org\/wp-content\/uploads\/2017\/09\/11.-1.jpg\"><img loading=\"lazy\" decoding=\"async\" class=\"wp-image-4370 alignnone\" src=\"https:\/\/www.quetzalma.org\/wp-content\/uploads\/2017\/09\/11.-1-1024x683.jpg\" alt=\"\" width=\"386\" height=\"258\" srcset=\"https:\/\/www.quetzalma.org\/wp-content\/uploads\/2017\/09\/11.-1-1024x683.jpg 1024w, https:\/\/www.quetzalma.org\/wp-content\/uploads\/2017\/09\/11.-1-300x200.jpg 300w, https:\/\/www.quetzalma.org\/wp-content\/uploads\/2017\/09\/11.-1-768x512.jpg 768w, https:\/\/www.quetzalma.org\/wp-content\/uploads\/2017\/09\/11.-1-150x100.jpg 150w\" sizes=\"auto, (max-width: 386px) 100vw, 386px\" \/>\u00a0\u00a0\u00a0\u00a0\u00a0<\/a><a href=\"https:\/\/www.quetzalma.org\/wp-content\/uploads\/2017\/09\/12.-1.jpg\"><img loading=\"lazy\" decoding=\"async\" class=\"wp-image-4371 alignnone\" src=\"https:\/\/www.quetzalma.org\/wp-content\/uploads\/2017\/09\/12.-1-1024x683.jpg\" alt=\"\" width=\"386\" height=\"257\" srcset=\"https:\/\/www.quetzalma.org\/wp-content\/uploads\/2017\/09\/12.-1-1024x683.jpg 1024w, https:\/\/www.quetzalma.org\/wp-content\/uploads\/2017\/09\/12.-1-300x200.jpg 300w, https:\/\/www.quetzalma.org\/wp-content\/uploads\/2017\/09\/12.-1-768x512.jpg 768w, https:\/\/www.quetzalma.org\/wp-content\/uploads\/2017\/09\/12.-1-150x100.jpg 150w\" sizes=\"auto, (max-width: 386px) 100vw, 386px\" \/>\u00a0<\/a><\/p>\n<p>Ainsi que d\u2019une noce telle que la vivaient nos grands-parents, en costumes d\u2019\u00e9poque soigneusement restaur\u00e9s et conserv\u00e9s.<\/p>\n<p><a href=\"https:\/\/www.quetzalma.org\/wp-content\/uploads\/2017\/09\/21.-1.jpg\"><img loading=\"lazy\" decoding=\"async\" class=\"wp-image-4380 alignnone\" src=\"https:\/\/www.quetzalma.org\/wp-content\/uploads\/2017\/09\/21.-1-1024x863.jpg\" alt=\"\" width=\"789\" height=\"665\" srcset=\"https:\/\/www.quetzalma.org\/wp-content\/uploads\/2017\/09\/21.-1-1024x863.jpg 1024w, https:\/\/www.quetzalma.org\/wp-content\/uploads\/2017\/09\/21.-1-300x253.jpg 300w, https:\/\/www.quetzalma.org\/wp-content\/uploads\/2017\/09\/21.-1-768x647.jpg 768w, https:\/\/www.quetzalma.org\/wp-content\/uploads\/2017\/09\/21.-1-150x126.jpg 150w\" sizes=\"auto, (max-width: 789px) 100vw, 789px\" \/><\/a><\/p>\n<p><a href=\"https:\/\/www.quetzalma.org\/wp-content\/uploads\/2017\/09\/23.-1.jpg\"><img loading=\"lazy\" decoding=\"async\" class=\"wp-image-4383 alignnone\" src=\"https:\/\/www.quetzalma.org\/wp-content\/uploads\/2017\/09\/23.-1-1024x566.jpg\" alt=\"\" width=\"520\" height=\"288\" srcset=\"https:\/\/www.quetzalma.org\/wp-content\/uploads\/2017\/09\/23.-1-1024x566.jpg 1024w, https:\/\/www.quetzalma.org\/wp-content\/uploads\/2017\/09\/23.-1-300x166.jpg 300w, https:\/\/www.quetzalma.org\/wp-content\/uploads\/2017\/09\/23.-1-768x424.jpg 768w, https:\/\/www.quetzalma.org\/wp-content\/uploads\/2017\/09\/23.-1-150x83.jpg 150w\" sizes=\"auto, (max-width: 520px) 100vw, 520px\" \/>\u00a0\u00a0\u00a0\u00a0\u00a0<\/a><a href=\"https:\/\/www.quetzalma.org\/wp-content\/uploads\/2017\/09\/22.-1.jpg\"><img loading=\"lazy\" decoding=\"async\" class=\"wp-image-4382 alignnone\" src=\"https:\/\/www.quetzalma.org\/wp-content\/uploads\/2017\/09\/22.-1-876x1024.jpg\" alt=\"\" width=\"248\" height=\"290\" srcset=\"https:\/\/www.quetzalma.org\/wp-content\/uploads\/2017\/09\/22.-1-876x1024.jpg 876w, https:\/\/www.quetzalma.org\/wp-content\/uploads\/2017\/09\/22.-1-257x300.jpg 257w, https:\/\/www.quetzalma.org\/wp-content\/uploads\/2017\/09\/22.-1-768x898.jpg 768w, https:\/\/www.quetzalma.org\/wp-content\/uploads\/2017\/09\/22.-1-128x150.jpg 128w\" sizes=\"auto, (max-width: 248px) 100vw, 248px\" \/><\/a><\/p>\n<p><a href=\"https:\/\/www.quetzalma.org\/wp-content\/uploads\/2017\/09\/26.-1.jpg\"><img loading=\"lazy\" decoding=\"async\" class=\"wp-image-4386 alignnone\" src=\"https:\/\/www.quetzalma.org\/wp-content\/uploads\/2017\/09\/26.-1-1019x1024.jpg\" alt=\"\" width=\"305\" height=\"307\" srcset=\"https:\/\/www.quetzalma.org\/wp-content\/uploads\/2017\/09\/26.-1-1019x1024.jpg 1019w, https:\/\/www.quetzalma.org\/wp-content\/uploads\/2017\/09\/26.-1-150x150.jpg 150w, https:\/\/www.quetzalma.org\/wp-content\/uploads\/2017\/09\/26.-1-298x300.jpg 298w, https:\/\/www.quetzalma.org\/wp-content\/uploads\/2017\/09\/26.-1-768x772.jpg 768w\" sizes=\"auto, (max-width: 305px) 100vw, 305px\" \/><\/a><a href=\"https:\/\/www.quetzalma.org\/wp-content\/uploads\/2017\/09\/24.-1.jpg\">\u00a0\u00a0\u00a0\u00a0\u00a0<\/a><a href=\"https:\/\/www.quetzalma.org\/wp-content\/uploads\/2017\/09\/25.-1.jpg\"><img loading=\"lazy\" decoding=\"async\" class=\"wp-image-4385 alignnone\" src=\"https:\/\/www.quetzalma.org\/wp-content\/uploads\/2017\/09\/25.-1-1024x683.jpg\" alt=\"\" width=\"461\" height=\"307\" srcset=\"https:\/\/www.quetzalma.org\/wp-content\/uploads\/2017\/09\/25.-1-1024x683.jpg 1024w, https:\/\/www.quetzalma.org\/wp-content\/uploads\/2017\/09\/25.-1-300x200.jpg 300w, https:\/\/www.quetzalma.org\/wp-content\/uploads\/2017\/09\/25.-1-768x512.jpg 768w, https:\/\/www.quetzalma.org\/wp-content\/uploads\/2017\/09\/25.-1-150x100.jpg 150w\" sizes=\"auto, (max-width: 461px) 100vw, 461px\" \/><\/a><\/p>\n<p><a href=\"https:\/\/www.quetzalma.org\/wp-content\/uploads\/2017\/09\/29.-1.jpg\"><img loading=\"lazy\" decoding=\"async\" class=\"wp-image-4389 alignnone\" src=\"https:\/\/www.quetzalma.org\/wp-content\/uploads\/2017\/09\/29.-1-1024x791.jpg\" alt=\"\" width=\"783\" height=\"605\" srcset=\"https:\/\/www.quetzalma.org\/wp-content\/uploads\/2017\/09\/29.-1-1024x791.jpg 1024w, https:\/\/www.quetzalma.org\/wp-content\/uploads\/2017\/09\/29.-1-300x232.jpg 300w, https:\/\/www.quetzalma.org\/wp-content\/uploads\/2017\/09\/29.-1-768x593.jpg 768w, https:\/\/www.quetzalma.org\/wp-content\/uploads\/2017\/09\/29.-1-150x116.jpg 150w\" sizes=\"auto, (max-width: 783px) 100vw, 783px\" \/><\/a><\/p>\n<p><a href=\"https:\/\/www.quetzalma.org\/wp-content\/uploads\/2017\/09\/32..jpg\"><img loading=\"lazy\" decoding=\"async\" class=\"wp-image-4391 alignnone\" src=\"https:\/\/www.quetzalma.org\/wp-content\/uploads\/2017\/09\/32.-1024x877.jpg\" alt=\"\" width=\"353\" height=\"302\" srcset=\"https:\/\/www.quetzalma.org\/wp-content\/uploads\/2017\/09\/32.-1024x877.jpg 1024w, https:\/\/www.quetzalma.org\/wp-content\/uploads\/2017\/09\/32.-300x257.jpg 300w, https:\/\/www.quetzalma.org\/wp-content\/uploads\/2017\/09\/32.-768x658.jpg 768w, https:\/\/www.quetzalma.org\/wp-content\/uploads\/2017\/09\/32.-150x128.jpg 150w\" sizes=\"auto, (max-width: 353px) 100vw, 353px\" \/>\u00a0\u00a0\u00a0\u00a0\u00a0<\/a><a href=\"https:\/\/www.quetzalma.org\/wp-content\/uploads\/2017\/09\/34..jpg\"><img loading=\"lazy\" decoding=\"async\" class=\"wp-image-4393 alignnone\" src=\"https:\/\/www.quetzalma.org\/wp-content\/uploads\/2017\/09\/34.-1024x756.jpg\" alt=\"\" width=\"411\" height=\"303\" srcset=\"https:\/\/www.quetzalma.org\/wp-content\/uploads\/2017\/09\/34.-1024x756.jpg 1024w, https:\/\/www.quetzalma.org\/wp-content\/uploads\/2017\/09\/34.-300x221.jpg 300w, https:\/\/www.quetzalma.org\/wp-content\/uploads\/2017\/09\/34.-768x567.jpg 768w, https:\/\/www.quetzalma.org\/wp-content\/uploads\/2017\/09\/34.-150x111.jpg 150w\" sizes=\"auto, (max-width: 411px) 100vw, 411px\" \/><\/a><\/p>\n<p>Voici nos amis Mauricette et Jean-Yves, charmant couple &#8230;<\/p>\n<p><a href=\"https:\/\/www.quetzalma.org\/wp-content\/uploads\/2017\/09\/37..jpg\">\u00a0 \u00a0 \u00a0 \u00a0 \u00a0 \u00a0 \u00a0 \u00a0\u00a0\u00a0 \u00a0 \u00a0 \u00a0 \u00a0 \u00a0 \u00a0 \u00a0 \u00a0\u00a0\u00a0 <img loading=\"lazy\" decoding=\"async\" class=\"wp-image-4396 alignnone\" src=\"https:\/\/www.quetzalma.org\/wp-content\/uploads\/2017\/09\/37.-1024x718.jpg\" alt=\"\" width=\"518\" height=\"363\" srcset=\"https:\/\/www.quetzalma.org\/wp-content\/uploads\/2017\/09\/37.-1024x718.jpg 1024w, https:\/\/www.quetzalma.org\/wp-content\/uploads\/2017\/09\/37.-300x210.jpg 300w, https:\/\/www.quetzalma.org\/wp-content\/uploads\/2017\/09\/37.-768x539.jpg 768w, https:\/\/www.quetzalma.org\/wp-content\/uploads\/2017\/09\/37.-150x105.jpg 150w\" sizes=\"auto, (max-width: 518px) 100vw, 518px\" \/><\/a><\/p>\n<p><a href=\"https:\/\/www.quetzalma.org\/wp-content\/uploads\/2017\/09\/39..jpg\"><img loading=\"lazy\" decoding=\"async\" class=\"wp-image-4398 alignnone\" src=\"https:\/\/www.quetzalma.org\/wp-content\/uploads\/2017\/09\/39.-1024x698.jpg\" alt=\"\" width=\"394\" height=\"269\" srcset=\"https:\/\/www.quetzalma.org\/wp-content\/uploads\/2017\/09\/39.-1024x698.jpg 1024w, https:\/\/www.quetzalma.org\/wp-content\/uploads\/2017\/09\/39.-300x205.jpg 300w, https:\/\/www.quetzalma.org\/wp-content\/uploads\/2017\/09\/39.-768x524.jpg 768w, https:\/\/www.quetzalma.org\/wp-content\/uploads\/2017\/09\/39.-150x102.jpg 150w\" sizes=\"auto, (max-width: 394px) 100vw, 394px\" \/>\u00a0\u00a0\u00a0\u00a0\u00a0<\/a><a href=\"https:\/\/www.quetzalma.org\/wp-content\/uploads\/2017\/09\/36..jpg\"><img loading=\"lazy\" decoding=\"async\" class=\"wp-image-4395 alignnone\" src=\"https:\/\/www.quetzalma.org\/wp-content\/uploads\/2017\/09\/36.-1024x745.jpg\" alt=\"\" width=\"370\" height=\"269\" srcset=\"https:\/\/www.quetzalma.org\/wp-content\/uploads\/2017\/09\/36.-1024x745.jpg 1024w, https:\/\/www.quetzalma.org\/wp-content\/uploads\/2017\/09\/36.-300x218.jpg 300w, https:\/\/www.quetzalma.org\/wp-content\/uploads\/2017\/09\/36.-768x559.jpg 768w, https:\/\/www.quetzalma.org\/wp-content\/uploads\/2017\/09\/36.-150x109.jpg 150w\" sizes=\"auto, (max-width: 370px) 100vw, 370px\" \/><\/a><\/p>\n<p><a href=\"https:\/\/www.quetzalma.org\/wp-content\/uploads\/2017\/09\/40..jpg\"><img loading=\"lazy\" decoding=\"async\" class=\"wp-image-4399 alignnone\" src=\"https:\/\/www.quetzalma.org\/wp-content\/uploads\/2017\/09\/40.-1024x868.jpg\" alt=\"\" width=\"397\" height=\"336\" srcset=\"https:\/\/www.quetzalma.org\/wp-content\/uploads\/2017\/09\/40.-1024x868.jpg 1024w, https:\/\/www.quetzalma.org\/wp-content\/uploads\/2017\/09\/40.-300x254.jpg 300w, https:\/\/www.quetzalma.org\/wp-content\/uploads\/2017\/09\/40.-768x651.jpg 768w, https:\/\/www.quetzalma.org\/wp-content\/uploads\/2017\/09\/40.-150x127.jpg 150w\" sizes=\"auto, (max-width: 397px) 100vw, 397px\" \/>\u00a0\u00a0\u00a0\u00a0\u00a0<\/a><a href=\"https:\/\/www.quetzalma.org\/wp-content\/uploads\/2017\/09\/41..jpg\"><img loading=\"lazy\" decoding=\"async\" class=\"wp-image-4400 alignnone\" src=\"https:\/\/www.quetzalma.org\/wp-content\/uploads\/2017\/09\/41.-1024x945.jpg\" alt=\"\" width=\"366\" height=\"338\" srcset=\"https:\/\/www.quetzalma.org\/wp-content\/uploads\/2017\/09\/41.-1024x945.jpg 1024w, https:\/\/www.quetzalma.org\/wp-content\/uploads\/2017\/09\/41.-300x277.jpg 300w, https:\/\/www.quetzalma.org\/wp-content\/uploads\/2017\/09\/41.-768x709.jpg 768w, https:\/\/www.quetzalma.org\/wp-content\/uploads\/2017\/09\/41.-150x138.jpg 150w\" sizes=\"auto, (max-width: 366px) 100vw, 366px\" \/><\/a><\/p>\n<p>Roland et Nazca admirent le d\u00e9fil\u00e9 et les couples en costume alsacien qui dansent devant le stand.<\/p>\n<p><a href=\"https:\/\/www.quetzalma.org\/wp-content\/uploads\/2017\/09\/37..jpg\">\u00a0 \u00a0 \u00a0 \u00a0 \u00a0 \u00a0 \u00a0 \u00a0\u00a0\u00a0 \u00a0 \u00a0 \u00a0 \u00a0 \u00a0 \u00a0 \u00a0 \u00a0\u00a0\u00a0 <\/a><a href=\"https:\/\/www.quetzalma.org\/wp-content\/uploads\/2017\/09\/44..jpg\"><img loading=\"lazy\" decoding=\"async\" class=\"wp-image-4403 alignnone\" src=\"https:\/\/www.quetzalma.org\/wp-content\/uploads\/2017\/09\/44.-1024x683.jpg\" alt=\"\" width=\"519\" height=\"346\" srcset=\"https:\/\/www.quetzalma.org\/wp-content\/uploads\/2017\/09\/44.-1024x683.jpg 1024w, https:\/\/www.quetzalma.org\/wp-content\/uploads\/2017\/09\/44.-300x200.jpg 300w, https:\/\/www.quetzalma.org\/wp-content\/uploads\/2017\/09\/44.-768x512.jpg 768w, https:\/\/www.quetzalma.org\/wp-content\/uploads\/2017\/09\/44.-150x100.jpg 150w\" sizes=\"auto, (max-width: 519px) 100vw, 519px\" \/><\/a><\/p>\n<p><a href=\"https:\/\/www.quetzalma.org\/wp-content\/uploads\/2017\/09\/42..jpg\"><img loading=\"lazy\" decoding=\"async\" class=\"wp-image-4401 alignnone\" src=\"https:\/\/www.quetzalma.org\/wp-content\/uploads\/2017\/09\/42.-1024x689.jpg\" alt=\"\" width=\"341\" height=\"230\" srcset=\"https:\/\/www.quetzalma.org\/wp-content\/uploads\/2017\/09\/42.-1024x689.jpg 1024w, https:\/\/www.quetzalma.org\/wp-content\/uploads\/2017\/09\/42.-300x202.jpg 300w, https:\/\/www.quetzalma.org\/wp-content\/uploads\/2017\/09\/42.-768x517.jpg 768w, https:\/\/www.quetzalma.org\/wp-content\/uploads\/2017\/09\/42.-150x101.jpg 150w\" sizes=\"auto, (max-width: 341px) 100vw, 341px\" \/>\u00a0\u00a0\u00a0\u00a0\u00a0<\/a><a href=\"https:\/\/www.quetzalma.org\/wp-content\/uploads\/2017\/09\/43..jpg\"><img loading=\"lazy\" decoding=\"async\" class=\"wp-image-4402 alignnone\" src=\"https:\/\/www.quetzalma.org\/wp-content\/uploads\/2017\/09\/43.-1024x556.jpg\" alt=\"\" width=\"420\" height=\"228\" srcset=\"https:\/\/www.quetzalma.org\/wp-content\/uploads\/2017\/09\/43.-1024x556.jpg 1024w, https:\/\/www.quetzalma.org\/wp-content\/uploads\/2017\/09\/43.-300x163.jpg 300w, https:\/\/www.quetzalma.org\/wp-content\/uploads\/2017\/09\/43.-768x417.jpg 768w, https:\/\/www.quetzalma.org\/wp-content\/uploads\/2017\/09\/43.-150x81.jpg 150w\" sizes=\"auto, (max-width: 420px) 100vw, 420px\" \/><\/a><\/p>\n","protected":false},"excerpt":{"rendered":"<p>La reine du jour : la choucroute garnie, pr\u00e9par\u00e9e et mijot\u00e9e sur place, est simplement un pur r\u00e9gal; le fleuron de la gastronomie locale. Le\u2026<\/p>\n<p class=\"continue-reading-button\"> <a class=\"continue-reading-link\" href=\"https:\/\/www.quetzalma.org\/?page_id=4519\">Lire la suite<i class=\"crycon-right-dir\"><\/i><\/a><\/p>\n","protected":false},"author":1,"featured_media":0,"parent":3105,"menu_order":14,"comment_status":"closed","ping_status":"closed","template":"","meta":{"footnotes":""},"class_list":["post-4519","page","type-page","status-publish","hentry"],"_links":{"self":[{"href":"https:\/\/www.quetzalma.org\/index.php?rest_route=\/wp\/v2\/pages\/4519","targetHints":{"allow":["GET"]}}],"collection":[{"href":"https:\/\/www.quetzalma.org\/index.php?rest_route=\/wp\/v2\/pages"}],"about":[{"href":"https:\/\/www.quetzalma.org\/index.php?rest_route=\/wp\/v2\/types\/page"}],"author":[{"embeddable":true,"href":"https:\/\/www.quetzalma.org\/index.php?rest_route=\/wp\/v2\/users\/1"}],"replies":[{"embeddable":true,"href":"https:\/\/www.quetzalma.org\/index.php?rest_route=%2Fwp%2Fv2%2Fcomments&post=4519"}],"version-history":[{"count":4,"href":"https:\/\/www.quetzalma.org\/index.php?rest_route=\/wp\/v2\/pages\/4519\/revisions"}],"predecessor-version":[{"id":4867,"href":"https:\/\/www.quetzalma.org\/index.php?rest_route=\/wp\/v2\/pages\/4519\/revisions\/4867"}],"up":[{"embeddable":true,"href":"https:\/\/www.quetzalma.org\/index.php?rest_route=\/wp\/v2\/pages\/3105"}],"wp:attachment":[{"href":"https:\/\/www.quetzalma.org\/index.php?rest_route=%2Fwp%2Fv2%2Fmedia&parent=4519"}],"curies":[{"name":"wp","href":"https:\/\/api.w.org\/{rel}","templated":true}]}}