{"id":4932,"date":"2017-12-18T11:23:46","date_gmt":"2017-12-18T10:23:46","guid":{"rendered":"http:\/\/www.quetzalma.org\/?page_id=4932"},"modified":"2018-03-06T19:39:28","modified_gmt":"2018-03-06T18:39:28","slug":"marche-de-noel-schweighouse-sur-moder-samedi-18-et-dimanche-19-novembre-2017-2","status":"publish","type":"page","link":"https:\/\/www.quetzalma.org\/?page_id=4932","title":{"rendered":"March\u00e9 de No\u00ebl\u00a0 &#8211; Schweighouse sur Moder &#8211; Samedi 18 et dimanche 19 novembre 2017"},"content":{"rendered":"<div class=\"pdfprnt-buttons pdfprnt-buttons-page pdfprnt-top-right\"><a href=\"https:\/\/www.quetzalma.org\/index.php?rest_route=%2Fwp%2Fv2%2Fpages%2F4932&print=pdf\" class=\"pdfprnt-button pdfprnt-button-pdf\" target=\"_blank\" ><img decoding=\"async\" src=\"https:\/\/www.quetzalma.org\/wp-content\/plugins\/pdf-print\/images\/pdf.png\" alt=\"image_pdf\" title=\"Afficher le PDF\" \/><\/a><a href=\"https:\/\/www.quetzalma.org\/index.php?rest_route=%2Fwp%2Fv2%2Fpages%2F4932&print=print\" class=\"pdfprnt-button pdfprnt-button-print\" target=\"_blank\" ><img decoding=\"async\" src=\"https:\/\/www.quetzalma.org\/wp-content\/plugins\/pdf-print\/images\/print.png\" alt=\"image_print\" title=\"Contenu imprim\u00e9\" \/><\/a><\/div><p>March\u00e9 de No\u00ebl organis\u00e9 par l&rsquo;Office Municipal des Sports, Arts et Loisirs de Schweighouse-sur-Moder, un week-end chaleureux.<\/p>\n<p>Ce march\u00e9 de No\u00ebl a accueilli uniquement de l&rsquo;artisanat, des cr\u00e9ations ou des produits en rapport avec le th\u00e8me de No\u00ebl<\/p>\n<p>&nbsp;<\/p>\n<p><a href=\"https:\/\/www.quetzalma.org\/wp-content\/uploads\/2017\/11\/7.jpg\"><img loading=\"lazy\" decoding=\"async\" class=\"wp-image-4810 alignnone\" src=\"https:\/\/www.quetzalma.org\/wp-content\/uploads\/2017\/11\/7-1024x683.jpg\" alt=\"\" width=\"390\" height=\"260\" srcset=\"https:\/\/www.quetzalma.org\/wp-content\/uploads\/2017\/11\/7-1024x683.jpg 1024w, https:\/\/www.quetzalma.org\/wp-content\/uploads\/2017\/11\/7-300x200.jpg 300w, https:\/\/www.quetzalma.org\/wp-content\/uploads\/2017\/11\/7-768x512.jpg 768w, https:\/\/www.quetzalma.org\/wp-content\/uploads\/2017\/11\/7-150x100.jpg 150w\" sizes=\"auto, (max-width: 390px) 100vw, 390px\" \/>\u00a0\u00a0<\/a><a href=\"https:\/\/www.quetzalma.org\/wp-content\/uploads\/2017\/11\/12.jpg\"><img loading=\"lazy\" decoding=\"async\" class=\"alignnone wp-image-4812\" src=\"https:\/\/www.quetzalma.org\/wp-content\/uploads\/2017\/11\/12-1024x683.jpg\" alt=\"\" width=\"390\" height=\"260\" srcset=\"https:\/\/www.quetzalma.org\/wp-content\/uploads\/2017\/11\/12-1024x683.jpg 1024w, https:\/\/www.quetzalma.org\/wp-content\/uploads\/2017\/11\/12-300x200.jpg 300w, https:\/\/www.quetzalma.org\/wp-content\/uploads\/2017\/11\/12-768x512.jpg 768w, https:\/\/www.quetzalma.org\/wp-content\/uploads\/2017\/11\/12-150x100.jpg 150w\" sizes=\"auto, (max-width: 390px) 100vw, 390px\" \/><\/a><\/p>\n<p>&nbsp;<\/p>\n<p><a href=\"https:\/\/www.quetzalma.org\/wp-content\/uploads\/2017\/11\/17.jpg\"><img loading=\"lazy\" decoding=\"async\" class=\"wp-image-4813 alignnone\" src=\"https:\/\/www.quetzalma.org\/wp-content\/uploads\/2017\/11\/17-1024x683.jpg\" alt=\"\" width=\"390\" height=\"260\" srcset=\"https:\/\/www.quetzalma.org\/wp-content\/uploads\/2017\/11\/17-1024x683.jpg 1024w, https:\/\/www.quetzalma.org\/wp-content\/uploads\/2017\/11\/17-300x200.jpg 300w, https:\/\/www.quetzalma.org\/wp-content\/uploads\/2017\/11\/17-768x512.jpg 768w, https:\/\/www.quetzalma.org\/wp-content\/uploads\/2017\/11\/17-150x100.jpg 150w\" sizes=\"auto, (max-width: 390px) 100vw, 390px\" \/><\/a>\u00a0\u00a0<a href=\"https:\/\/www.quetzalma.org\/wp-content\/uploads\/2017\/11\/18.jpg\"><img loading=\"lazy\" decoding=\"async\" class=\"wp-image-4814 alignnone\" src=\"https:\/\/www.quetzalma.org\/wp-content\/uploads\/2017\/11\/18-1024x683.jpg\" alt=\"\" width=\"390\" height=\"260\" srcset=\"https:\/\/www.quetzalma.org\/wp-content\/uploads\/2017\/11\/18-1024x683.jpg 1024w, https:\/\/www.quetzalma.org\/wp-content\/uploads\/2017\/11\/18-300x200.jpg 300w, https:\/\/www.quetzalma.org\/wp-content\/uploads\/2017\/11\/18-768x512.jpg 768w, https:\/\/www.quetzalma.org\/wp-content\/uploads\/2017\/11\/18-150x100.jpg 150w\" sizes=\"auto, (max-width: 390px) 100vw, 390px\" \/><\/a><\/p>\n<p>&nbsp;<\/p>\n<p>Diff\u00e9rentes animations \u00e9taient pr\u00e9vues : balade aux lampions &#8211; cr\u00e8che vivante &#8211;\u00a0 visite du St Nicolas &#8211; veill\u00e9e autour du feu<\/p>\n<p>En ce d\u00e9but d\u2018hiver, alors que la lumi\u00e8re se fait rare, la nuit \u00e9tait \u00e9clair\u00e9e de lampions pour une marche \u00e0 travers les rues de Schweighouse-sur-Moder, en passant par la maison Kazmierczak, accompagn\u00e9s par les Percussionautes.<br \/>\n\u00c0 l\u2019arriv\u00e9e du parcours, il y avait un spectacle de feu de Mister K, pour s\u2019\u00e9merveiller et se r\u00e9chauffer \u00e0 la vue des flammes.<\/p>\n<p><a href=\"https:\/\/www.quetzalma.org\/wp-content\/uploads\/2017\/11\/5.jpg\"><img loading=\"lazy\" decoding=\"async\" class=\"wp-image-4820 alignnone\" src=\"https:\/\/www.quetzalma.org\/wp-content\/uploads\/2017\/11\/5-1024x683.jpg\" alt=\"\" width=\"390\" height=\"260\" srcset=\"https:\/\/www.quetzalma.org\/wp-content\/uploads\/2017\/11\/5-1024x683.jpg 1024w, https:\/\/www.quetzalma.org\/wp-content\/uploads\/2017\/11\/5-300x200.jpg 300w, https:\/\/www.quetzalma.org\/wp-content\/uploads\/2017\/11\/5-768x512.jpg 768w, https:\/\/www.quetzalma.org\/wp-content\/uploads\/2017\/11\/5-150x100.jpg 150w\" sizes=\"auto, (max-width: 390px) 100vw, 390px\" \/>\u00a0\u00a0<\/a><a href=\"https:\/\/www.quetzalma.org\/wp-content\/uploads\/2017\/11\/4.jpg\"><img loading=\"lazy\" decoding=\"async\" class=\"alignnone wp-image-4821\" src=\"https:\/\/www.quetzalma.org\/wp-content\/uploads\/2017\/11\/4-1024x683.jpg\" alt=\"\" width=\"390\" height=\"260\" srcset=\"https:\/\/www.quetzalma.org\/wp-content\/uploads\/2017\/11\/4-1024x683.jpg 1024w, https:\/\/www.quetzalma.org\/wp-content\/uploads\/2017\/11\/4-300x200.jpg 300w, https:\/\/www.quetzalma.org\/wp-content\/uploads\/2017\/11\/4-768x512.jpg 768w, https:\/\/www.quetzalma.org\/wp-content\/uploads\/2017\/11\/4-150x100.jpg 150w\" sizes=\"auto, (max-width: 390px) 100vw, 390px\" \/><\/a><\/p>\n<p>&nbsp;<\/p>\n","protected":false},"excerpt":{"rendered":"<p>March\u00e9 de No\u00ebl organis\u00e9 par l&rsquo;Office Municipal des Sports, Arts et Loisirs de Schweighouse-sur-Moder, un week-end chaleureux. Ce march\u00e9 de No\u00ebl a accueilli uniquement de\u2026<\/p>\n<p class=\"continue-reading-button\"> <a class=\"continue-reading-link\" href=\"https:\/\/www.quetzalma.org\/?page_id=4932\">Lire la suite<i class=\"crycon-right-dir\"><\/i><\/a><\/p>\n","protected":false},"author":1,"featured_media":0,"parent":3105,"menu_order":15,"comment_status":"closed","ping_status":"closed","template":"","meta":{"footnotes":""},"class_list":["post-4932","page","type-page","status-publish","hentry"],"_links":{"self":[{"href":"https:\/\/www.quetzalma.org\/index.php?rest_route=\/wp\/v2\/pages\/4932","targetHints":{"allow":["GET"]}}],"collection":[{"href":"https:\/\/www.quetzalma.org\/index.php?rest_route=\/wp\/v2\/pages"}],"about":[{"href":"https:\/\/www.quetzalma.org\/index.php?rest_route=\/wp\/v2\/types\/page"}],"author":[{"embeddable":true,"href":"https:\/\/www.quetzalma.org\/index.php?rest_route=\/wp\/v2\/users\/1"}],"replies":[{"embeddable":true,"href":"https:\/\/www.quetzalma.org\/index.php?rest_route=%2Fwp%2Fv2%2Fcomments&post=4932"}],"version-history":[{"count":2,"href":"https:\/\/www.quetzalma.org\/index.php?rest_route=\/wp\/v2\/pages\/4932\/revisions"}],"predecessor-version":[{"id":4934,"href":"https:\/\/www.quetzalma.org\/index.php?rest_route=\/wp\/v2\/pages\/4932\/revisions\/4934"}],"up":[{"embeddable":true,"href":"https:\/\/www.quetzalma.org\/index.php?rest_route=\/wp\/v2\/pages\/3105"}],"wp:attachment":[{"href":"https:\/\/www.quetzalma.org\/index.php?rest_route=%2Fwp%2Fv2%2Fmedia&parent=4932"}],"curies":[{"name":"wp","href":"https:\/\/api.w.org\/{rel}","templated":true}]}}