{"id":4941,"date":"2017-12-18T12:08:48","date_gmt":"2017-12-18T11:08:48","guid":{"rendered":"http:\/\/www.quetzalma.org\/?page_id=4941"},"modified":"2018-07-01T21:32:53","modified_gmt":"2018-07-01T20:32:53","slug":"marche-de-noel-obernai-du-samedi-16-au-dimanche-31-decembre-2017","status":"publish","type":"page","link":"https:\/\/www.quetzalma.org\/?page_id=4941","title":{"rendered":"March\u00e9 de No\u00ebl Obernai &#8211; du samedi 16 au\u00a0dimanche 31 d\u00e9cembre 2017"},"content":{"rendered":"<div class=\"pdfprnt-buttons pdfprnt-buttons-page pdfprnt-top-right\"><a href=\"https:\/\/www.quetzalma.org\/index.php?rest_route=%2Fwp%2Fv2%2Fpages%2F4941&print=pdf\" class=\"pdfprnt-button pdfprnt-button-pdf\" target=\"_blank\" ><img decoding=\"async\" src=\"https:\/\/www.quetzalma.org\/wp-content\/plugins\/pdf-print\/images\/pdf.png\" alt=\"image_pdf\" title=\"Afficher le PDF\" \/><\/a><a href=\"https:\/\/www.quetzalma.org\/index.php?rest_route=%2Fwp%2Fv2%2Fpages%2F4941&print=print\" class=\"pdfprnt-button pdfprnt-button-print\" target=\"_blank\" ><img decoding=\"async\" src=\"https:\/\/www.quetzalma.org\/wp-content\/plugins\/pdf-print\/images\/print.png\" alt=\"image_print\" title=\"Contenu imprim\u00e9\" \/><\/a><\/div><div>\n<p><span style=\"font-family: georgia,palatino,serif;\">Les chalets en bois du March\u00e9 de No\u00ebl de la Gastronomie et de l&rsquo;Artisanat \u00e9taient install\u00e9s \u00e0 Obernai pour proposer des produits du terroir ainsi que des pi\u00e8ces d&rsquo;artisanat. De quoi se r\u00e9galer et trouver des\u00a0<a href=\"http:\/\/www.ambiance-noel.fr\/cadeaux-de-noel\/les-cadeaux-de-noel-44_A\"><span style=\"text-decoration: underline;\"><span style=\"color: #000000; text-decoration: underline;\">cadeaux de No\u00ebl<\/span><\/span> <\/a><span style=\"color: #000000;\">originaux<\/span><span style=\"color: #000000;\">\u00a0et authentiques.<\/span><\/span><\/p>\n<p><span style=\"font-family: georgia,palatino,serif;\">Le\u00a0traditionnel vin chaud \u00e9pic\u00e9\u00a0accompagnait id\u00e9alement la visite de ce march\u00e9 de No\u00ebl.<\/span><\/p>\n<p>Dans la salle d&rsquo;exposition, rencontres de No\u00ebl entre l&rsquo;Alsace et la Provence<\/p>\n<\/div>\n<div><\/div>\n<div><\/div>\n<div><a href=\"https:\/\/www.quetzalma.org\/wp-content\/uploads\/2018\/01\/7-e1516212319623.jpg\">\u00a0 \u00a0 \u00a0 \u00a0 \u00a0 \u00a0 \u00a0 \u00a0<\/a><a href=\"https:\/\/www.quetzalma.org\/wp-content\/uploads\/2018\/01\/7-e1516212319623.jpg\"><img loading=\"lazy\" decoding=\"async\" class=\"alignnone wp-image-5096\" src=\"https:\/\/www.quetzalma.org\/wp-content\/uploads\/2018\/01\/7-e1516212319623-683x1024.jpg\" alt=\"\" width=\"253\" height=\"380\" srcset=\"https:\/\/www.quetzalma.org\/wp-content\/uploads\/2018\/01\/7-e1516212319623-683x1024.jpg 683w, https:\/\/www.quetzalma.org\/wp-content\/uploads\/2018\/01\/7-e1516212319623-200x300.jpg 200w, https:\/\/www.quetzalma.org\/wp-content\/uploads\/2018\/01\/7-e1516212319623-768x1152.jpg 768w, https:\/\/www.quetzalma.org\/wp-content\/uploads\/2018\/01\/7-e1516212319623-100x150.jpg 100w\" sizes=\"auto, (max-width: 253px) 100vw, 253px\" \/><\/a><a href=\"https:\/\/www.quetzalma.org\/wp-content\/uploads\/2018\/01\/19.jpg\"><img loading=\"lazy\" decoding=\"async\" class=\"alignleft wp-image-5109\" src=\"https:\/\/www.quetzalma.org\/wp-content\/uploads\/2018\/01\/19-1024x683.jpg\" alt=\"\" width=\"380\" height=\"253\" srcset=\"https:\/\/www.quetzalma.org\/wp-content\/uploads\/2018\/01\/19-1024x683.jpg 1024w, https:\/\/www.quetzalma.org\/wp-content\/uploads\/2018\/01\/19-300x200.jpg 300w, https:\/\/www.quetzalma.org\/wp-content\/uploads\/2018\/01\/19-768x512.jpg 768w, https:\/\/www.quetzalma.org\/wp-content\/uploads\/2018\/01\/19-150x100.jpg 150w\" sizes=\"auto, (max-width: 380px) 100vw, 380px\" \/><\/a><\/div>\n<div><\/div>\n<p><a href=\"https:\/\/www.quetzalma.org\/wp-content\/uploads\/2018\/01\/5.jpg\">\u00a0<img loading=\"lazy\" decoding=\"async\" class=\"alignnone wp-image-5094\" src=\"https:\/\/www.quetzalma.org\/wp-content\/uploads\/2018\/01\/5-1024x683.jpg\" alt=\"\" width=\"378\" height=\"252\" srcset=\"https:\/\/www.quetzalma.org\/wp-content\/uploads\/2018\/01\/5-1024x683.jpg 1024w, https:\/\/www.quetzalma.org\/wp-content\/uploads\/2018\/01\/5-300x200.jpg 300w, https:\/\/www.quetzalma.org\/wp-content\/uploads\/2018\/01\/5-768x512.jpg 768w, https:\/\/www.quetzalma.org\/wp-content\/uploads\/2018\/01\/5-150x100.jpg 150w\" sizes=\"auto, (max-width: 378px) 100vw, 378px\" \/><\/a>\u00a0\u00a0<a href=\"https:\/\/www.quetzalma.org\/wp-content\/uploads\/2018\/01\/6.jpg\"><img loading=\"lazy\" decoding=\"async\" class=\"alignleft wp-image-5095\" src=\"https:\/\/www.quetzalma.org\/wp-content\/uploads\/2018\/01\/6-1024x683.jpg\" alt=\"\" width=\"375\" height=\"250\" srcset=\"https:\/\/www.quetzalma.org\/wp-content\/uploads\/2018\/01\/6-1024x683.jpg 1024w, https:\/\/www.quetzalma.org\/wp-content\/uploads\/2018\/01\/6-300x200.jpg 300w, https:\/\/www.quetzalma.org\/wp-content\/uploads\/2018\/01\/6-768x512.jpg 768w, https:\/\/www.quetzalma.org\/wp-content\/uploads\/2018\/01\/6-150x100.jpg 150w\" sizes=\"auto, (max-width: 375px) 100vw, 375px\" \/><\/a><\/p>\n<p><a href=\"https:\/\/www.quetzalma.org\/wp-content\/uploads\/2018\/01\/8.jpg\"><img loading=\"lazy\" decoding=\"async\" class=\"alignnone wp-image-5098\" src=\"https:\/\/www.quetzalma.org\/wp-content\/uploads\/2018\/01\/8-1024x683.jpg\" alt=\"\" width=\"380\" height=\"253\" srcset=\"https:\/\/www.quetzalma.org\/wp-content\/uploads\/2018\/01\/8-1024x683.jpg 1024w, https:\/\/www.quetzalma.org\/wp-content\/uploads\/2018\/01\/8-300x200.jpg 300w, https:\/\/www.quetzalma.org\/wp-content\/uploads\/2018\/01\/8-768x512.jpg 768w, https:\/\/www.quetzalma.org\/wp-content\/uploads\/2018\/01\/8-150x100.jpg 150w\" sizes=\"auto, (max-width: 380px) 100vw, 380px\" \/><\/a><a style=\"color: #00b200;\" href=\"https:\/\/www.quetzalma.org\/wp-content\/uploads\/2018\/01\/7-e1516212319623.jpg\">\u00a0<\/a>\u00a0\u00a0<a href=\"https:\/\/www.quetzalma.org\/wp-content\/uploads\/2018\/01\/9.jpg\"><img loading=\"lazy\" decoding=\"async\" class=\"alignleft wp-image-5099\" src=\"https:\/\/www.quetzalma.org\/wp-content\/uploads\/2018\/01\/9-1024x683.jpg\" alt=\"\" width=\"380\" height=\"253\" srcset=\"https:\/\/www.quetzalma.org\/wp-content\/uploads\/2018\/01\/9-1024x683.jpg 1024w, https:\/\/www.quetzalma.org\/wp-content\/uploads\/2018\/01\/9-300x200.jpg 300w, https:\/\/www.quetzalma.org\/wp-content\/uploads\/2018\/01\/9-768x512.jpg 768w, https:\/\/www.quetzalma.org\/wp-content\/uploads\/2018\/01\/9-150x100.jpg 150w\" sizes=\"auto, (max-width: 380px) 100vw, 380px\" \/><\/a><\/p>\n<p><a href=\"https:\/\/www.quetzalma.org\/wp-content\/uploads\/2018\/01\/15.jpg\"><img loading=\"lazy\" decoding=\"async\" class=\"alignnone wp-image-5105\" src=\"https:\/\/www.quetzalma.org\/wp-content\/uploads\/2018\/01\/15-1024x683.jpg\" alt=\"\" width=\"380\" height=\"253\" srcset=\"https:\/\/www.quetzalma.org\/wp-content\/uploads\/2018\/01\/15-1024x683.jpg 1024w, https:\/\/www.quetzalma.org\/wp-content\/uploads\/2018\/01\/15-300x200.jpg 300w, https:\/\/www.quetzalma.org\/wp-content\/uploads\/2018\/01\/15-768x512.jpg 768w, https:\/\/www.quetzalma.org\/wp-content\/uploads\/2018\/01\/15-150x100.jpg 150w\" sizes=\"auto, (max-width: 380px) 100vw, 380px\" \/><\/a><a href=\"https:\/\/www.quetzalma.org\/wp-content\/uploads\/2018\/01\/16.jpg\"><img loading=\"lazy\" decoding=\"async\" class=\"alignleft wp-image-5106\" src=\"https:\/\/www.quetzalma.org\/wp-content\/uploads\/2018\/01\/16-1024x683.jpg\" alt=\"\" width=\"380\" height=\"253\" srcset=\"https:\/\/www.quetzalma.org\/wp-content\/uploads\/2018\/01\/16-1024x683.jpg 1024w, https:\/\/www.quetzalma.org\/wp-content\/uploads\/2018\/01\/16-300x200.jpg 300w, https:\/\/www.quetzalma.org\/wp-content\/uploads\/2018\/01\/16-768x512.jpg 768w, https:\/\/www.quetzalma.org\/wp-content\/uploads\/2018\/01\/16-150x100.jpg 150w\" sizes=\"auto, (max-width: 380px) 100vw, 380px\" \/><\/a><\/p>\n<p><a href=\"https:\/\/www.quetzalma.org\/wp-content\/uploads\/2018\/01\/17.jpg\"><img loading=\"lazy\" decoding=\"async\" class=\"alignnone wp-image-5107\" src=\"https:\/\/www.quetzalma.org\/wp-content\/uploads\/2018\/01\/17-1024x683.jpg\" alt=\"\" width=\"380\" height=\"253\" srcset=\"https:\/\/www.quetzalma.org\/wp-content\/uploads\/2018\/01\/17-1024x683.jpg 1024w, https:\/\/www.quetzalma.org\/wp-content\/uploads\/2018\/01\/17-300x200.jpg 300w, https:\/\/www.quetzalma.org\/wp-content\/uploads\/2018\/01\/17-768x512.jpg 768w, https:\/\/www.quetzalma.org\/wp-content\/uploads\/2018\/01\/17-150x100.jpg 150w\" sizes=\"auto, (max-width: 380px) 100vw, 380px\" \/><\/a><a href=\"https:\/\/www.quetzalma.org\/wp-content\/uploads\/2018\/01\/18.jpg\"><img loading=\"lazy\" decoding=\"async\" class=\"alignleft wp-image-5108\" src=\"https:\/\/www.quetzalma.org\/wp-content\/uploads\/2018\/01\/18-1024x683.jpg\" alt=\"\" width=\"380\" height=\"253\" srcset=\"https:\/\/www.quetzalma.org\/wp-content\/uploads\/2018\/01\/18-1024x683.jpg 1024w, https:\/\/www.quetzalma.org\/wp-content\/uploads\/2018\/01\/18-300x200.jpg 300w, https:\/\/www.quetzalma.org\/wp-content\/uploads\/2018\/01\/18-768x512.jpg 768w, https:\/\/www.quetzalma.org\/wp-content\/uploads\/2018\/01\/18-150x100.jpg 150w\" sizes=\"auto, (max-width: 380px) 100vw, 380px\" \/><\/a><\/p>\n<p>et &#8230;.rencontre entre L\u2019Alsace et la Lorraine&#8230;<\/p>\n<p>Marie et Michel prennent le relai comme chaque ann\u00e9e ..merci \u00e0 nos Lorrains pr\u00e9f\u00e9r\u00e9s !<\/p>\n<p><a href=\"https:\/\/www.quetzalma.org\/wp-content\/uploads\/2018\/01\/20-e1516214905613.jpg\">\u00a0 \u00a0 \u00a0\u00a0<\/a><a href=\"https:\/\/www.quetzalma.org\/wp-content\/uploads\/2018\/01\/20-e1516214905613.jpg\"><img loading=\"lazy\" decoding=\"async\" class=\"alignnone wp-image-5110\" src=\"https:\/\/www.quetzalma.org\/wp-content\/uploads\/2018\/01\/20-e1516214905613-768x1024.jpg\" alt=\"\" width=\"350\" height=\"467\" srcset=\"https:\/\/www.quetzalma.org\/wp-content\/uploads\/2018\/01\/20-e1516214905613-768x1024.jpg 768w, https:\/\/www.quetzalma.org\/wp-content\/uploads\/2018\/01\/20-e1516214905613-225x300.jpg 225w, https:\/\/www.quetzalma.org\/wp-content\/uploads\/2018\/01\/20-e1516214905613-113x150.jpg 113w\" sizes=\"auto, (max-width: 350px) 100vw, 350px\" \/><\/a>\u00a0 \u00a0 \u00a0 \u00a0 \u00a0 \u00a0\u00a0<a href=\"https:\/\/www.quetzalma.org\/wp-content\/uploads\/2018\/01\/21-e1516215135640.jpg\"><img loading=\"lazy\" decoding=\"async\" class=\"alignnone wp-image-5111\" src=\"https:\/\/www.quetzalma.org\/wp-content\/uploads\/2018\/01\/21-e1516215135640-768x1024.jpg\" alt=\"\" width=\"350\" height=\"467\" srcset=\"https:\/\/www.quetzalma.org\/wp-content\/uploads\/2018\/01\/21-e1516215135640-768x1024.jpg 768w, https:\/\/www.quetzalma.org\/wp-content\/uploads\/2018\/01\/21-e1516215135640-225x300.jpg 225w, https:\/\/www.quetzalma.org\/wp-content\/uploads\/2018\/01\/21-e1516215135640-113x150.jpg 113w\" sizes=\"auto, (max-width: 350px) 100vw, 350px\" \/><\/a><\/p>\n<p>&nbsp;<\/p>\n<p>Nos cr\u00e8ches typiques &#8230;\u00a0 \u00a0 \u00a0 \u00a0 \u00a0 \u00a0 \u00a0 \u00a0 \u00a0 \u00a0 \u00a0 \u00a0 \u00a0 \u00a0 \u00a0 \u00a0 \u00a0 \u00a0 \u00a0 \u00a0 \u00a0 \u00a0 \u00a0 \u00a0 \u00a0 \u00a0 \u00a0 \u00a0 \u00a0 \u00a0 \u00a0 \u00a0 \u00a0 \u00a0 \u00a0 et nos peluches !!\u00a0eh oui ce sont nos lamas qu&rsquo;on aime c\u00e2liner ..<\/p>\n<p><a href=\"https:\/\/www.quetzalma.org\/wp-content\/uploads\/2018\/01\/20-e1516214905613.jpg\">\u00a0 \u00a0 \u00a0 \u00a0 \u00a0 \u00a0 \u00a0 \u00a0 \u00a0 \u00a0 \u00a0 \u00a0 \u00a0 \u00a0 \u00a0 \u00a0 \u00a0 \u00a0 \u00a0 \u00a0 \u00a0 \u00a0 \u00a0 \u00a0 \u00a0 \u00a0 \u00a0 \u00a0 \u00a0 \u00a0 \u00a0 \u00a0 \u00a0 \u00a0 \u00a0 \u00a0 \u00a0 \u00a0 \u00a0 \u00a0 \u00a0 \u00a0 \u00a0 \u00a0 \u00a0 \u00a0 \u00a0 \u00a0 \u00a0 \u00a0 \u00a0 \u00a0 \u00a0 \u00a0 \u00a0 \u00a0 \u00a0<\/a>\u00a0\u00a0 \u00a0leur laine est si douce , leur regard est si tendre &#8230;<\/p>\n<p><a href=\"https:\/\/www.quetzalma.org\/wp-content\/uploads\/2018\/01\/22.jpg\">\u00a0<\/a><a href=\"https:\/\/www.quetzalma.org\/wp-content\/uploads\/2018\/01\/22.jpg\"><img loading=\"lazy\" decoding=\"async\" class=\"wp-image-5112 alignnone\" src=\"https:\/\/www.quetzalma.org\/wp-content\/uploads\/2018\/01\/22-1024x683.jpg\" alt=\"\" width=\"378\" height=\"252\" srcset=\"https:\/\/www.quetzalma.org\/wp-content\/uploads\/2018\/01\/22-1024x683.jpg 1024w, https:\/\/www.quetzalma.org\/wp-content\/uploads\/2018\/01\/22-300x200.jpg 300w, https:\/\/www.quetzalma.org\/wp-content\/uploads\/2018\/01\/22-768x512.jpg 768w, https:\/\/www.quetzalma.org\/wp-content\/uploads\/2018\/01\/22-150x100.jpg 150w\" sizes=\"auto, (max-width: 378px) 100vw, 378px\" \/>\u00a0\u00a0<\/a>\u00a0 \u00a0\u00a0 \u00a0<a href=\"https:\/\/www.quetzalma.org\/wp-content\/uploads\/2018\/01\/23.jpg\"><img loading=\"lazy\" decoding=\"async\" class=\"wp-image-5113 alignnone\" src=\"https:\/\/www.quetzalma.org\/wp-content\/uploads\/2018\/01\/23-1024x768.jpg\" alt=\"\" width=\"380\" height=\"285\" srcset=\"https:\/\/www.quetzalma.org\/wp-content\/uploads\/2018\/01\/23-1024x768.jpg 1024w, https:\/\/www.quetzalma.org\/wp-content\/uploads\/2018\/01\/23-300x225.jpg 300w, https:\/\/www.quetzalma.org\/wp-content\/uploads\/2018\/01\/23-768x576.jpg 768w, https:\/\/www.quetzalma.org\/wp-content\/uploads\/2018\/01\/23-150x113.jpg 150w\" sizes=\"auto, (max-width: 380px) 100vw, 380px\" \/><\/a><\/p>\n<p>&nbsp;<\/p>\n<p><a href=\"https:\/\/www.quetzalma.org\/wp-content\/uploads\/2018\/01\/26.jpg\"><img loading=\"lazy\" decoding=\"async\" class=\"wp-image-5125 alignnone\" src=\"https:\/\/www.quetzalma.org\/wp-content\/uploads\/2018\/01\/26-1024x768.jpg\" alt=\"\" width=\"415\" height=\"311\" srcset=\"https:\/\/www.quetzalma.org\/wp-content\/uploads\/2018\/01\/26-1024x768.jpg 1024w, https:\/\/www.quetzalma.org\/wp-content\/uploads\/2018\/01\/26-300x225.jpg 300w, https:\/\/www.quetzalma.org\/wp-content\/uploads\/2018\/01\/26-768x576.jpg 768w, https:\/\/www.quetzalma.org\/wp-content\/uploads\/2018\/01\/26-150x113.jpg 150w\" sizes=\"auto, (max-width: 415px) 100vw, 415px\" \/>\u00a0 \u00a0 \u00a0 \u00a0<\/a><a href=\"https:\/\/www.quetzalma.org\/wp-content\/uploads\/2018\/01\/25-e1516215755521.jpg\"><img loading=\"lazy\" decoding=\"async\" class=\"wp-image-5124 alignnone\" src=\"https:\/\/www.quetzalma.org\/wp-content\/uploads\/2018\/01\/25-e1516215755521-768x1024.jpg\" alt=\"\" width=\"325\" height=\"434\" srcset=\"https:\/\/www.quetzalma.org\/wp-content\/uploads\/2018\/01\/25-e1516215755521-768x1024.jpg 768w, https:\/\/www.quetzalma.org\/wp-content\/uploads\/2018\/01\/25-e1516215755521-225x300.jpg 225w, https:\/\/www.quetzalma.org\/wp-content\/uploads\/2018\/01\/25-e1516215755521-113x150.jpg 113w\" sizes=\"auto, (max-width: 325px) 100vw, 325px\" \/><\/a><\/p>\n<p>&nbsp;<\/p>\n<p class=\"alignnone\">Qui s&rsquo;amusent dans le chalet bien emmitoufl\u00e9s ?? Eva et Julien ..<\/p>\n<p>&nbsp;<\/p>\n<p><a href=\"https:\/\/www.quetzalma.org\/wp-content\/uploads\/2018\/01\/28.jpg\">\u00a0 \u00a0 \u00a0 \u00a0 \u00a0 \u00a0 \u00a0 \u00a0 \u00a0 \u00a0 \u00a0 \u00a0 \u00a0 \u00a0 \u00a0 \u00a0 \u00a0 \u00a0 \u00a0 \u00a0 \u00a0 \u00a0 \u00a0 \u00a0 \u00a0 \u00a0 \u00a0 \u00a0 \u00a0 \u00a0<\/a>\u00a0<a href=\"https:\/\/www.quetzalma.org\/wp-content\/uploads\/2018\/01\/28.jpg\"><img loading=\"lazy\" decoding=\"async\" class=\"wp-image-5132 alignnone\" src=\"https:\/\/www.quetzalma.org\/wp-content\/uploads\/2018\/01\/28-1024x683.jpg\" alt=\"\" width=\"401\" height=\"267\" srcset=\"https:\/\/www.quetzalma.org\/wp-content\/uploads\/2018\/01\/28-1024x683.jpg 1024w, https:\/\/www.quetzalma.org\/wp-content\/uploads\/2018\/01\/28-300x200.jpg 300w, https:\/\/www.quetzalma.org\/wp-content\/uploads\/2018\/01\/28-768x512.jpg 768w, https:\/\/www.quetzalma.org\/wp-content\/uploads\/2018\/01\/28-150x100.jpg 150w\" sizes=\"auto, (max-width: 401px) 100vw, 401px\" \/><\/a><\/p>\n<p>&nbsp;<\/p>\n","protected":false},"excerpt":{"rendered":"<p>Les chalets en bois du March\u00e9 de No\u00ebl de la Gastronomie et de l&rsquo;Artisanat \u00e9taient install\u00e9s \u00e0 Obernai pour proposer des produits du terroir ainsi\u2026<\/p>\n<p class=\"continue-reading-button\"> <a class=\"continue-reading-link\" href=\"https:\/\/www.quetzalma.org\/?page_id=4941\">Lire la suite<i class=\"crycon-right-dir\"><\/i><\/a><\/p>\n","protected":false},"author":1,"featured_media":0,"parent":3105,"menu_order":22,"comment_status":"closed","ping_status":"closed","template":"","meta":{"footnotes":""},"class_list":["post-4941","page","type-page","status-publish","hentry"],"_links":{"self":[{"href":"https:\/\/www.quetzalma.org\/index.php?rest_route=\/wp\/v2\/pages\/4941","targetHints":{"allow":["GET"]}}],"collection":[{"href":"https:\/\/www.quetzalma.org\/index.php?rest_route=\/wp\/v2\/pages"}],"about":[{"href":"https:\/\/www.quetzalma.org\/index.php?rest_route=\/wp\/v2\/types\/page"}],"author":[{"embeddable":true,"href":"https:\/\/www.quetzalma.org\/index.php?rest_route=\/wp\/v2\/users\/1"}],"replies":[{"embeddable":true,"href":"https:\/\/www.quetzalma.org\/index.php?rest_route=%2Fwp%2Fv2%2Fcomments&post=4941"}],"version-history":[{"count":3,"href":"https:\/\/www.quetzalma.org\/index.php?rest_route=\/wp\/v2\/pages\/4941\/revisions"}],"predecessor-version":[{"id":5199,"href":"https:\/\/www.quetzalma.org\/index.php?rest_route=\/wp\/v2\/pages\/4941\/revisions\/5199"}],"up":[{"embeddable":true,"href":"https:\/\/www.quetzalma.org\/index.php?rest_route=\/wp\/v2\/pages\/3105"}],"wp:attachment":[{"href":"https:\/\/www.quetzalma.org\/index.php?rest_route=%2Fwp%2Fv2%2Fmedia&parent=4941"}],"curies":[{"name":"wp","href":"https:\/\/api.w.org\/{rel}","templated":true}]}}