{"id":502,"date":"2015-07-30T16:09:58","date_gmt":"2015-07-30T15:09:58","guid":{"rendered":"http:\/\/www.quetzalma.org\/?page_id=502"},"modified":"2015-12-07T14:40:39","modified_gmt":"2015-12-07T13:40:39","slug":"messti-de-romanswiller-du-26-juillet-2015","status":"publish","type":"page","link":"https:\/\/www.quetzalma.org\/?page_id=502","title":{"rendered":"Messti de Romanswiller 26 juillet 2015"},"content":{"rendered":"<div class=\"pdfprnt-buttons pdfprnt-buttons-page pdfprnt-top-right\"><a href=\"https:\/\/www.quetzalma.org\/index.php?rest_route=%2Fwp%2Fv2%2Fpages%2F502&print=pdf\" class=\"pdfprnt-button pdfprnt-button-pdf\" target=\"_blank\" ><img decoding=\"async\" src=\"https:\/\/www.quetzalma.org\/wp-content\/plugins\/pdf-print\/images\/pdf.png\" alt=\"image_pdf\" title=\"Afficher le PDF\" \/><\/a><a href=\"https:\/\/www.quetzalma.org\/index.php?rest_route=%2Fwp%2Fv2%2Fpages%2F502&print=print\" class=\"pdfprnt-button pdfprnt-button-print\" target=\"_blank\" ><img decoding=\"async\" src=\"https:\/\/www.quetzalma.org\/wp-content\/plugins\/pdf-print\/images\/print.png\" alt=\"image_print\" title=\"Contenu imprim\u00e9\" \/><\/a><\/div><p><img loading=\"lazy\" decoding=\"async\" class=\" wp-image-494 alignnone\" src=\"https:\/\/www.quetzalma.org\/wp-content\/uploads\/2015\/07\/Romanswiller-260715-4-300x224.jpg\" alt=\"Romanswiller 260715 4\" width=\"543\" height=\"405\" srcset=\"https:\/\/www.quetzalma.org\/wp-content\/uploads\/2015\/07\/Romanswiller-260715-4-300x224.jpg 300w, https:\/\/www.quetzalma.org\/wp-content\/uploads\/2015\/07\/Romanswiller-260715-4.jpg 1024w, https:\/\/www.quetzalma.org\/wp-content\/uploads\/2015\/07\/Romanswiller-260715-4-150x112.jpg 150w\" sizes=\"auto, (max-width: 543px) 100vw, 543px\" \/> <a href=\"https:\/\/www.quetzalma.org\/wp-content\/uploads\/2015\/07\/Romanswiller-260715-3.jpg\"><img loading=\"lazy\" decoding=\"async\" class=\" wp-image-493 alignnone\" src=\"https:\/\/www.quetzalma.org\/wp-content\/uploads\/2015\/07\/Romanswiller-260715-3-300x224.jpg\" alt=\"Romanswiller 260715 3\" width=\"540\" height=\"404\" srcset=\"https:\/\/www.quetzalma.org\/wp-content\/uploads\/2015\/07\/Romanswiller-260715-3-300x224.jpg 300w, https:\/\/www.quetzalma.org\/wp-content\/uploads\/2015\/07\/Romanswiller-260715-3.jpg 1024w, https:\/\/www.quetzalma.org\/wp-content\/uploads\/2015\/07\/Romanswiller-260715-3-150x112.jpg 150w\" sizes=\"auto, (max-width: 540px) 100vw, 540px\" \/><\/a><\/p>\n<p>&nbsp;<\/p>\n<p>C\u2019est dans le petit village de Romanswiller blotti dans un joli \u00e9crin de verdure, entre plaine et for\u00eat que nous avons d\u00e9ploy\u00e9 notre stand d\u2019artisanat le dernier dimanche de juillet.<\/p>\n<p>&nbsp;<\/p>\n<p><img loading=\"lazy\" decoding=\"async\" class=\" wp-image-498 alignnone\" src=\"https:\/\/www.quetzalma.org\/wp-content\/uploads\/2015\/07\/Romanswiller-260715-8-300x224.jpg\" alt=\"Romanswiller 260715 8\" width=\"519\" height=\"388\" srcset=\"https:\/\/www.quetzalma.org\/wp-content\/uploads\/2015\/07\/Romanswiller-260715-8-300x224.jpg 300w, https:\/\/www.quetzalma.org\/wp-content\/uploads\/2015\/07\/Romanswiller-260715-8.jpg 1024w, https:\/\/www.quetzalma.org\/wp-content\/uploads\/2015\/07\/Romanswiller-260715-8-150x112.jpg 150w\" sizes=\"auto, (max-width: 519px) 100vw, 519px\" \/><br \/>\nEncore une superbe journ\u00e9e, tant sur le plan des rencontres qu\u2019il nous a \u00e9t\u00e9 donn\u00e9es de faire qu\u2019au niveau de l\u2019accueil des organisateurs, en particulier Bernard Goettelmann que nous remercions chaleureusement et qui nous a d&rsquo;ores et d\u00e9j\u00e0 invit\u00e9s pour l&rsquo;ann\u00e9e prochaine\u00a0!<\/p>\n<p>&nbsp;<\/p>\n<p><img loading=\"lazy\" decoding=\"async\" class=\" wp-image-496 alignnone\" src=\"https:\/\/www.quetzalma.org\/wp-content\/uploads\/2015\/07\/Romanswiller-260715-6-300x224.jpg\" alt=\"Romanswiller 260715 6\" width=\"502\" height=\"375\" srcset=\"https:\/\/www.quetzalma.org\/wp-content\/uploads\/2015\/07\/Romanswiller-260715-6-300x224.jpg 300w, https:\/\/www.quetzalma.org\/wp-content\/uploads\/2015\/07\/Romanswiller-260715-6.jpg 1024w, https:\/\/www.quetzalma.org\/wp-content\/uploads\/2015\/07\/Romanswiller-260715-6-150x112.jpg 150w\" sizes=\"auto, (max-width: 502px) 100vw, 502px\" \/> <img loading=\"lazy\" decoding=\"async\" class=\" wp-image-495 alignnone\" src=\"https:\/\/www.quetzalma.org\/wp-content\/uploads\/2015\/07\/Romanswiller-260715-5-300x246.jpg\" alt=\"Romanswiller 260715 5\" width=\"460\" height=\"377\" srcset=\"https:\/\/www.quetzalma.org\/wp-content\/uploads\/2015\/07\/Romanswiller-260715-5-300x246.jpg 300w, https:\/\/www.quetzalma.org\/wp-content\/uploads\/2015\/07\/Romanswiller-260715-5.jpg 1024w, https:\/\/www.quetzalma.org\/wp-content\/uploads\/2015\/07\/Romanswiller-260715-5-150x123.jpg 150w\" sizes=\"auto, (max-width: 460px) 100vw, 460px\" \/><\/p>\n<p>&nbsp;<\/p>\n<p>Petite pause repas bien m\u00e9rit\u00e9e\u00a0: Madame est servie\u00a0!<\/p>\n<p>&nbsp;<\/p>\n<p><img loading=\"lazy\" decoding=\"async\" class=\" wp-image-491 alignnone\" src=\"https:\/\/www.quetzalma.org\/wp-content\/uploads\/2015\/07\/Romanswiller-260715-1-239x300.jpg\" alt=\"Romanswiller 260715 1\" width=\"407\" height=\"511\" srcset=\"https:\/\/www.quetzalma.org\/wp-content\/uploads\/2015\/07\/Romanswiller-260715-1-239x300.jpg 239w, https:\/\/www.quetzalma.org\/wp-content\/uploads\/2015\/07\/Romanswiller-260715-1-119x150.jpg 119w, https:\/\/www.quetzalma.org\/wp-content\/uploads\/2015\/07\/Romanswiller-260715-1.jpg 768w\" sizes=\"auto, (max-width: 407px) 100vw, 407px\" \/><\/p>\n<p>&nbsp;<\/p>\n<p>Tandis que Tony s\u2019est improvis\u00e9 une table\u00a0\ud83d\ude09 &#8230; Ing\u00e9nieux non\u00a0?!<\/p>\n<p><img loading=\"lazy\" decoding=\"async\" class=\" wp-image-492 alignnone\" src=\"https:\/\/www.quetzalma.org\/wp-content\/uploads\/2015\/07\/Romanswiller-260715-2-225x300.jpg\" alt=\"Romanswiller 260715 2\" width=\"526\" height=\"701\" srcset=\"https:\/\/www.quetzalma.org\/wp-content\/uploads\/2015\/07\/Romanswiller-260715-2-225x300.jpg 225w, https:\/\/www.quetzalma.org\/wp-content\/uploads\/2015\/07\/Romanswiller-260715-2.jpg 768w, https:\/\/www.quetzalma.org\/wp-content\/uploads\/2015\/07\/Romanswiller-260715-2-113x150.jpg 113w\" sizes=\"auto, (max-width: 526px) 100vw, 526px\" \/><\/p>\n<p>Un grand merci \u00e0 nos charmants visiteurs du jour. Nous avons pu beaucoup \u00e9changer au fil de conversations fort sympathiques et exposer nos projets humanitaires \u00e0 un public tr\u00e8s int\u00e9ress\u00e9.<\/p>\n<p>Nos amis et cuisiniers \u00e9m\u00e9rites Ria et Patrick nous ont fait le plaisir d\u2019une visite dans l&rsquo;apr\u00e8s-midi. Ils ont \u00e0 cette occasion troqu\u00e9 leur toque de \u00ab\u00a0Chef\u00a0\u00bb pour une tenue tr\u00e8s&#8230; \u00e0 propos\u00a0\ud83d\ude09\u00a0! et nous ont tenu compagnie sur le stand jusqu\u2019\u00e0 la fermeture qu\u2019ils ont faite avec nous. Merci pour leur pr\u00e9cieux et habile coup de pouce\u00a0!<\/p>\n<p><img loading=\"lazy\" decoding=\"async\" class=\" wp-image-497 alignnone\" src=\"https:\/\/www.quetzalma.org\/wp-content\/uploads\/2015\/07\/Romanswiller-260715-7-300x224.jpg\" alt=\"Romanswiller 260715 7\" width=\"533\" height=\"398\" srcset=\"https:\/\/www.quetzalma.org\/wp-content\/uploads\/2015\/07\/Romanswiller-260715-7-300x224.jpg 300w, https:\/\/www.quetzalma.org\/wp-content\/uploads\/2015\/07\/Romanswiller-260715-7.jpg 1024w, https:\/\/www.quetzalma.org\/wp-content\/uploads\/2015\/07\/Romanswiller-260715-7-150x112.jpg 150w\" sizes=\"auto, (max-width: 533px) 100vw, 533px\" \/><\/p>\n","protected":false},"excerpt":{"rendered":"<p>&nbsp; C\u2019est dans le petit village de Romanswiller blotti dans un joli \u00e9crin de verdure, entre plaine et for\u00eat que nous avons d\u00e9ploy\u00e9 notre stand\u2026<\/p>\n<p class=\"continue-reading-button\"> <a class=\"continue-reading-link\" href=\"https:\/\/www.quetzalma.org\/?page_id=502\">Lire la suite<i class=\"crycon-right-dir\"><\/i><\/a><\/p>\n","protected":false},"author":1,"featured_media":0,"parent":883,"menu_order":8,"comment_status":"closed","ping_status":"closed","template":"","meta":{"footnotes":""},"class_list":["post-502","page","type-page","status-publish","hentry"],"_links":{"self":[{"href":"https:\/\/www.quetzalma.org\/index.php?rest_route=\/wp\/v2\/pages\/502","targetHints":{"allow":["GET"]}}],"collection":[{"href":"https:\/\/www.quetzalma.org\/index.php?rest_route=\/wp\/v2\/pages"}],"about":[{"href":"https:\/\/www.quetzalma.org\/index.php?rest_route=\/wp\/v2\/types\/page"}],"author":[{"embeddable":true,"href":"https:\/\/www.quetzalma.org\/index.php?rest_route=\/wp\/v2\/users\/1"}],"replies":[{"embeddable":true,"href":"https:\/\/www.quetzalma.org\/index.php?rest_route=%2Fwp%2Fv2%2Fcomments&post=502"}],"version-history":[{"count":3,"href":"https:\/\/www.quetzalma.org\/index.php?rest_route=\/wp\/v2\/pages\/502\/revisions"}],"predecessor-version":[{"id":507,"href":"https:\/\/www.quetzalma.org\/index.php?rest_route=\/wp\/v2\/pages\/502\/revisions\/507"}],"up":[{"embeddable":true,"href":"https:\/\/www.quetzalma.org\/index.php?rest_route=\/wp\/v2\/pages\/883"}],"wp:attachment":[{"href":"https:\/\/www.quetzalma.org\/index.php?rest_route=%2Fwp%2Fv2%2Fmedia&parent=502"}],"curies":[{"name":"wp","href":"https:\/\/api.w.org\/{rel}","templated":true}]}}