{"id":5076,"date":"2018-01-17T17:48:43","date_gmt":"2018-01-17T16:48:43","guid":{"rendered":"http:\/\/www.quetzalma.org\/?page_id=5076"},"modified":"2020-01-19T14:25:53","modified_gmt":"2020-01-19T13:25:53","slug":"quetzalma-sponsor-de-la-fete-de-noel-de-pasitos-de-esperanza","status":"publish","type":"page","link":"https:\/\/www.quetzalma.org\/?page_id=5076","title":{"rendered":"Quetzalma Sponsor de la F\u00eate de No\u00ebl de Pasitos de Esperanza"},"content":{"rendered":"<div class=\"pdfprnt-buttons pdfprnt-buttons-page pdfprnt-top-right\"><a href=\"https:\/\/www.quetzalma.org\/index.php?rest_route=%2Fwp%2Fv2%2Fpages%2F5076&print=pdf\" class=\"pdfprnt-button pdfprnt-button-pdf\" target=\"_blank\" ><img decoding=\"async\" src=\"https:\/\/www.quetzalma.org\/wp-content\/plugins\/pdf-print\/images\/pdf.png\" alt=\"image_pdf\" title=\"Afficher le PDF\" \/><\/a><a href=\"https:\/\/www.quetzalma.org\/index.php?rest_route=%2Fwp%2Fv2%2Fpages%2F5076&print=print\" class=\"pdfprnt-button pdfprnt-button-print\" target=\"_blank\" ><img decoding=\"async\" src=\"https:\/\/www.quetzalma.org\/wp-content\/plugins\/pdf-print\/images\/print.png\" alt=\"image_print\" title=\"Contenu imprim\u00e9\" \/><\/a><\/div><p><strong><span style=\"color: #339966;\"><span style=\"color: #ff0000;\">Quetzalma sponsor de la f\u00eate de No\u00ebl de Pasitos de Esperanza partenaire privil\u00e9gi\u00e9.<\/span><\/span><\/strong><\/p>\n<p>Nous avons l&rsquo;honneur d&rsquo;\u00eatre le sponsor exclusif cette ann\u00e9e de la f\u00eate de No\u00ebl de Pasitos de Esperanza.<\/p>\n<p>Nous sommes fiers d&rsquo;assurer cette f\u00eate pour tous nos enfants de Pasitos et esp\u00e9rons que ceux qui vivent \u00e0 la montagne auront le bonheur de pouvoir les rejoindre et de partager de merveilleux moments dans la joie et la chaleur, de profiter d&rsquo;un bon repas, et d&rsquo;\u00eatre g\u00e2t\u00e9s.<\/p>\n<p>Ici et l\u00e0-bas, nous avons pr\u00e9par\u00e9 cette f\u00eate avec beaucoup d&rsquo;amour, pour un No\u00ebl inoubliable ..<\/p>\n<p>&nbsp;<\/p>\n<p><a href=\"https:\/\/www.quetzalma.org\/wp-content\/uploads\/2017\/12\/IMG-9027-1.jpg\">\u00a0 \u00a0 \u00a0 \u00a0 \u00a0 \u00a0 \u00a0 \u00a0 \u00a0 \u00a0 \u00a0 \u00a0 \u00a0 \u00a0 \u00a0 \u00a0\u00a0<img loading=\"lazy\" decoding=\"async\" class=\"wp-image-4894 alignnone\" src=\"https:\/\/www.quetzalma.org\/wp-content\/uploads\/2017\/12\/IMG-9027-1.jpg\" alt=\"\" width=\"472\" height=\"220\" srcset=\"https:\/\/www.quetzalma.org\/wp-content\/uploads\/2017\/12\/IMG-9027-1.jpg 911w, https:\/\/www.quetzalma.org\/wp-content\/uploads\/2017\/12\/IMG-9027-1-300x140.jpg 300w, https:\/\/www.quetzalma.org\/wp-content\/uploads\/2017\/12\/IMG-9027-1-768x358.jpg 768w, https:\/\/www.quetzalma.org\/wp-content\/uploads\/2017\/12\/IMG-9027-1-150x70.jpg 150w\" sizes=\"auto, (max-width: 472px) 100vw, 472px\" \/><\/a><\/p>\n<p>&nbsp;<\/p>\n<p><a href=\"https:\/\/www.quetzalma.org\/wp-content\/uploads\/2017\/12\/Navidad-2017.png\"><img loading=\"lazy\" decoding=\"async\" class=\"wp-image-4885 alignnone\" src=\"https:\/\/www.quetzalma.org\/wp-content\/uploads\/2017\/12\/Navidad-2017.png\" alt=\"\" width=\"337\" height=\"251\" srcset=\"https:\/\/www.quetzalma.org\/wp-content\/uploads\/2017\/12\/Navidad-2017.png 816w, https:\/\/www.quetzalma.org\/wp-content\/uploads\/2017\/12\/Navidad-2017-300x223.png 300w, https:\/\/www.quetzalma.org\/wp-content\/uploads\/2017\/12\/Navidad-2017-768x570.png 768w, https:\/\/www.quetzalma.org\/wp-content\/uploads\/2017\/12\/Navidad-2017-150x111.png 150w\" sizes=\"auto, (max-width: 337px) 100vw, 337px\" \/>\u00a0\u00a0\u00a0<\/a><a href=\"https:\/\/www.quetzalma.org\/wp-content\/uploads\/2017\/12\/IMG-8889.jpg\"><img loading=\"lazy\" decoding=\"async\" class=\"wp-image-4890 alignnone\" src=\"https:\/\/www.quetzalma.org\/wp-content\/uploads\/2017\/12\/IMG-8889.jpg\" alt=\"\" width=\"434\" height=\"250\" srcset=\"https:\/\/www.quetzalma.org\/wp-content\/uploads\/2017\/12\/IMG-8889.jpg 959w, https:\/\/www.quetzalma.org\/wp-content\/uploads\/2017\/12\/IMG-8889-300x173.jpg 300w, https:\/\/www.quetzalma.org\/wp-content\/uploads\/2017\/12\/IMG-8889-768x442.jpg 768w, https:\/\/www.quetzalma.org\/wp-content\/uploads\/2017\/12\/IMG-8889-150x86.jpg 150w\" sizes=\"auto, (max-width: 434px) 100vw, 434px\" \/><\/a><\/p>\n<p>Zinnia passera un No\u00ebl magique avec tous ses ami(e)s<\/p>\n<p><a href=\"https:\/\/www.quetzalma.org\/wp-content\/uploads\/2017\/12\/23843154_1301204429985347_2961343464597888140_n.jpg\">\u00a0 \u00a0 \u00a0 \u00a0 \u00a0 \u00a0 \u00a0 \u00a0 \u00a0 \u00a0 \u00a0 \u00a0 \u00a0 \u00a0 \u00a0 \u00a0 \u00a0 \u00a0 \u00a0 \u00a0 \u00a0 \u00a0 \u00a0<img loading=\"lazy\" decoding=\"async\" class=\"wp-image-4904 alignnone\" src=\"https:\/\/www.quetzalma.org\/wp-content\/uploads\/2017\/12\/23843154_1301204429985347_2961343464597888140_n.jpg\" alt=\"\" width=\"477\" height=\"358\" srcset=\"https:\/\/www.quetzalma.org\/wp-content\/uploads\/2017\/12\/23843154_1301204429985347_2961343464597888140_n.jpg 960w, https:\/\/www.quetzalma.org\/wp-content\/uploads\/2017\/12\/23843154_1301204429985347_2961343464597888140_n-300x225.jpg 300w, https:\/\/www.quetzalma.org\/wp-content\/uploads\/2017\/12\/23843154_1301204429985347_2961343464597888140_n-768x576.jpg 768w, https:\/\/www.quetzalma.org\/wp-content\/uploads\/2017\/12\/23843154_1301204429985347_2961343464597888140_n-150x113.jpg 150w\" sizes=\"auto, (max-width: 477px) 100vw, 477px\" \/><\/a><\/p>\n<p>Notre arbre de No\u00ebl avec les photos de tous nos enfants qui fr\u00e9quentent le centre de Pasitos de Esperanza. Nous aurions souhait\u00e9 rajouter les photos de ceux qui malheureusement n&rsquo;ont pas la chance de pouvoir \u00eatre assidus aux th\u00e9rapies pour cause d&rsquo;\u00e9loignement et surtout pour raisons financi\u00e8res, mais nous avons pens\u00e9 \u00e0 eux et les avons invit\u00e9s&#8230;.<\/p>\n<p><a href=\"https:\/\/www.quetzalma.org\/wp-content\/uploads\/2017\/12\/IMG-8859.jpg\">\u00a0 \u00a0 \u00a0 \u00a0 \u00a0 \u00a0 \u00a0 \u00a0 \u00a0 \u00a0 \u00a0 \u00a0 \u00a0\u00a0<img loading=\"lazy\" decoding=\"async\" class=\"wp-image-4893 alignnone\" src=\"https:\/\/www.quetzalma.org\/wp-content\/uploads\/2017\/12\/IMG-8859-646x1024.jpg\" alt=\"\" width=\"300\" height=\"476\" srcset=\"https:\/\/www.quetzalma.org\/wp-content\/uploads\/2017\/12\/IMG-8859-646x1024.jpg 646w, https:\/\/www.quetzalma.org\/wp-content\/uploads\/2017\/12\/IMG-8859-189x300.jpg 189w, https:\/\/www.quetzalma.org\/wp-content\/uploads\/2017\/12\/IMG-8859-768x1218.jpg 768w, https:\/\/www.quetzalma.org\/wp-content\/uploads\/2017\/12\/IMG-8859-95x150.jpg 95w\" sizes=\"auto, (max-width: 300px) 100vw, 300px\" \/>\u00a0\u00a0\u00a0<\/a><a href=\"https:\/\/www.quetzalma.org\/wp-content\/uploads\/2017\/12\/IMG-8858.jpg\"><img loading=\"lazy\" decoding=\"async\" class=\"wp-image-4892 alignnone\" src=\"https:\/\/www.quetzalma.org\/wp-content\/uploads\/2017\/12\/IMG-8858-672x1024.jpg\" alt=\"\" width=\"312\" height=\"476\" srcset=\"https:\/\/www.quetzalma.org\/wp-content\/uploads\/2017\/12\/IMG-8858-672x1024.jpg 672w, https:\/\/www.quetzalma.org\/wp-content\/uploads\/2017\/12\/IMG-8858-197x300.jpg 197w, https:\/\/www.quetzalma.org\/wp-content\/uploads\/2017\/12\/IMG-8858-768x1170.jpg 768w, https:\/\/www.quetzalma.org\/wp-content\/uploads\/2017\/12\/IMG-8858-98x150.jpg 98w\" sizes=\"auto, (max-width: 312px) 100vw, 312px\" \/><\/a><\/p>\n<p><a href=\"https:\/\/www.quetzalma.org\/wp-content\/uploads\/2017\/12\/LIste-enfants-pasitos-Copie.jpg\">\u00a0 \u00a0 \u00a0 \u00a0 \u00a0 \u00a0 \u00a0 \u00a0 \u00a0 \u00a0 \u00a0 \u00a0 \u00a0 \u00a0 \u00a0 \u00a0<img loading=\"lazy\" decoding=\"async\" class=\"wp-image-4897 alignnone\" src=\"https:\/\/www.quetzalma.org\/wp-content\/uploads\/2017\/12\/LIste-enfants-pasitos-Copie-771x1024.jpg\" alt=\"\" width=\"586\" height=\"778\" srcset=\"https:\/\/www.quetzalma.org\/wp-content\/uploads\/2017\/12\/LIste-enfants-pasitos-Copie-771x1024.jpg 771w, https:\/\/www.quetzalma.org\/wp-content\/uploads\/2017\/12\/LIste-enfants-pasitos-Copie-226x300.jpg 226w, https:\/\/www.quetzalma.org\/wp-content\/uploads\/2017\/12\/LIste-enfants-pasitos-Copie-768x1020.jpg 768w, https:\/\/www.quetzalma.org\/wp-content\/uploads\/2017\/12\/LIste-enfants-pasitos-Copie-113x150.jpg 113w, https:\/\/www.quetzalma.org\/wp-content\/uploads\/2017\/12\/LIste-enfants-pasitos-Copie.jpg 1073w\" sizes=\"auto, (max-width: 586px) 100vw, 586px\" \/><\/a><\/p>\n<p>&nbsp;<\/p>\n<p><span style=\"color: #ff0000;\"><strong>Belle f\u00eate de No\u00ebl \u00e0 tous et plein de beaux moments, des rires, des sourires qui feront chaud au c\u0153ur.<\/strong><\/span><\/p>\n<p>&nbsp;<\/p>\n<p>&nbsp;<\/p>\n","protected":false},"excerpt":{"rendered":"<p>Quetzalma sponsor de la f\u00eate de No\u00ebl de Pasitos de Esperanza partenaire privil\u00e9gi\u00e9. Nous avons l&rsquo;honneur d&rsquo;\u00eatre le sponsor exclusif cette ann\u00e9e de la f\u00eate\u2026<\/p>\n<p class=\"continue-reading-button\"> <a class=\"continue-reading-link\" href=\"https:\/\/www.quetzalma.org\/?page_id=5076\">Lire la suite<i class=\"crycon-right-dir\"><\/i><\/a><\/p>\n","protected":false},"author":1,"featured_media":0,"parent":7574,"menu_order":6,"comment_status":"closed","ping_status":"closed","template":"","meta":{"footnotes":""},"class_list":["post-5076","page","type-page","status-publish","hentry"],"_links":{"self":[{"href":"https:\/\/www.quetzalma.org\/index.php?rest_route=\/wp\/v2\/pages\/5076","targetHints":{"allow":["GET"]}}],"collection":[{"href":"https:\/\/www.quetzalma.org\/index.php?rest_route=\/wp\/v2\/pages"}],"about":[{"href":"https:\/\/www.quetzalma.org\/index.php?rest_route=\/wp\/v2\/types\/page"}],"author":[{"embeddable":true,"href":"https:\/\/www.quetzalma.org\/index.php?rest_route=\/wp\/v2\/users\/1"}],"replies":[{"embeddable":true,"href":"https:\/\/www.quetzalma.org\/index.php?rest_route=%2Fwp%2Fv2%2Fcomments&post=5076"}],"version-history":[{"count":4,"href":"https:\/\/www.quetzalma.org\/index.php?rest_route=\/wp\/v2\/pages\/5076\/revisions"}],"predecessor-version":[{"id":5756,"href":"https:\/\/www.quetzalma.org\/index.php?rest_route=\/wp\/v2\/pages\/5076\/revisions\/5756"}],"up":[{"embeddable":true,"href":"https:\/\/www.quetzalma.org\/index.php?rest_route=\/wp\/v2\/pages\/7574"}],"wp:attachment":[{"href":"https:\/\/www.quetzalma.org\/index.php?rest_route=%2Fwp%2Fv2%2Fmedia&parent=5076"}],"curies":[{"name":"wp","href":"https:\/\/api.w.org\/{rel}","templated":true}]}}