{"id":5258,"date":"2018-03-06T11:44:42","date_gmt":"2018-03-06T10:44:42","guid":{"rendered":"http:\/\/www.quetzalma.org\/?page_id=5258"},"modified":"2021-10-10T09:50:21","modified_gmt":"2021-10-10T08:50:21","slug":"divers-themes","status":"publish","type":"page","link":"https:\/\/www.quetzalma.org\/?page_id=5258","title":{"rendered":"Th\u00e8mes Divers"},"content":{"rendered":"<div class=\"pdfprnt-buttons pdfprnt-buttons-page pdfprnt-top-right\"><a href=\"https:\/\/www.quetzalma.org\/index.php?rest_route=%2Fwp%2Fv2%2Fpages%2F5258&print=pdf\" class=\"pdfprnt-button pdfprnt-button-pdf\" target=\"_blank\" ><img decoding=\"async\" src=\"https:\/\/www.quetzalma.org\/wp-content\/plugins\/pdf-print\/images\/pdf.png\" alt=\"image_pdf\" title=\"Afficher le PDF\" \/><\/a><a href=\"https:\/\/www.quetzalma.org\/index.php?rest_route=%2Fwp%2Fv2%2Fpages%2F5258&print=print\" class=\"pdfprnt-button pdfprnt-button-print\" target=\"_blank\" ><img decoding=\"async\" src=\"https:\/\/www.quetzalma.org\/wp-content\/plugins\/pdf-print\/images\/print.png\" alt=\"image_print\" title=\"Contenu imprim\u00e9\" \/><\/a><\/div><ol>\n<li>Bonne Journ\u00e9e des Femmes<\/li>\n<li>Joyeuses P\u00e2ques<\/li>\n<li>Bon 1er Mai<\/li>\n<li><span style=\"font-family: Ubuntu;\"><span style=\"font-family: georgia, palatino, serif;\">F\u00eate des M\u00e8res<\/span><\/span><\/li>\n<li>F\u00eate des P\u00e8res<\/li>\n<li>Heureux No\u00ebl<\/li>\n<li>Nouvel An<\/li>\n<li>Sourire d&rsquo;un Enfant<\/li>\n<li>March\u00e9 de P\u00e2ques venez nous rendre visite<\/li>\n<\/ol>\n<p>&nbsp;<\/p>\n","protected":false},"excerpt":{"rendered":"<p>Bonne Journ\u00e9e des Femmes Joyeuses P\u00e2ques Bon 1er Mai F\u00eate des M\u00e8res F\u00eate des P\u00e8res Heureux No\u00ebl Nouvel An Sourire d&rsquo;un Enfant March\u00e9 de P\u00e2ques\u2026<\/p>\n<p class=\"continue-reading-button\"> <a class=\"continue-reading-link\" href=\"https:\/\/www.quetzalma.org\/?page_id=5258\">Lire la suite<i class=\"crycon-right-dir\"><\/i><\/a><\/p>\n","protected":false},"author":1,"featured_media":0,"parent":0,"menu_order":6,"comment_status":"closed","ping_status":"closed","template":"","meta":{"footnotes":""},"class_list":["post-5258","page","type-page","status-publish","hentry"],"_links":{"self":[{"href":"https:\/\/www.quetzalma.org\/index.php?rest_route=\/wp\/v2\/pages\/5258","targetHints":{"allow":["GET"]}}],"collection":[{"href":"https:\/\/www.quetzalma.org\/index.php?rest_route=\/wp\/v2\/pages"}],"about":[{"href":"https:\/\/www.quetzalma.org\/index.php?rest_route=\/wp\/v2\/types\/page"}],"author":[{"embeddable":true,"href":"https:\/\/www.quetzalma.org\/index.php?rest_route=\/wp\/v2\/users\/1"}],"replies":[{"embeddable":true,"href":"https:\/\/www.quetzalma.org\/index.php?rest_route=%2Fwp%2Fv2%2Fcomments&post=5258"}],"version-history":[{"count":5,"href":"https:\/\/www.quetzalma.org\/index.php?rest_route=\/wp\/v2\/pages\/5258\/revisions"}],"predecessor-version":[{"id":8072,"href":"https:\/\/www.quetzalma.org\/index.php?rest_route=\/wp\/v2\/pages\/5258\/revisions\/8072"}],"wp:attachment":[{"href":"https:\/\/www.quetzalma.org\/index.php?rest_route=%2Fwp%2Fv2%2Fmedia&parent=5258"}],"curies":[{"name":"wp","href":"https:\/\/api.w.org\/{rel}","templated":true}]}}