{"id":5270,"date":"2025-06-15T08:00:45","date_gmt":"2025-06-15T07:00:45","guid":{"rendered":"http:\/\/www.quetzalma.org\/?page_id=5270"},"modified":"2025-11-03T16:26:53","modified_gmt":"2025-11-03T15:26:53","slug":"fete-des-peres","status":"publish","type":"page","link":"https:\/\/www.quetzalma.org\/?page_id=5270","title":{"rendered":"F\u00eate des P\u00e8res"},"content":{"rendered":"<div class=\"pdfprnt-buttons pdfprnt-buttons-page pdfprnt-top-right\"><a href=\"https:\/\/www.quetzalma.org\/index.php?rest_route=%2Fwp%2Fv2%2Fpages%2F5270&print=pdf\" class=\"pdfprnt-button pdfprnt-button-pdf\" target=\"_blank\" ><img decoding=\"async\" src=\"https:\/\/www.quetzalma.org\/wp-content\/plugins\/pdf-print\/images\/pdf.png\" alt=\"image_pdf\" title=\"Afficher le PDF\" \/><\/a><a href=\"https:\/\/www.quetzalma.org\/index.php?rest_route=%2Fwp%2Fv2%2Fpages%2F5270&print=print\" class=\"pdfprnt-button pdfprnt-button-print\" target=\"_blank\" ><img decoding=\"async\" src=\"https:\/\/www.quetzalma.org\/wp-content\/plugins\/pdf-print\/images\/print.png\" alt=\"image_print\" title=\"Contenu imprim\u00e9\" \/><\/a><\/div><p style=\"text-align: center;\"><strong><span style=\"color: #0000ff;\"><a href=\"https:\/\/www.quetzalma.org\/?attachment_id=13894\" rel=\"attachment wp-att-13894\"><img loading=\"lazy\" decoding=\"async\" class=\"aligncenter size-medium wp-image-13894\" src=\"https:\/\/www.quetzalma.org\/wp-content\/uploads\/2025\/06\/Bonne-Fete-a-tous-les-Papas-300x213.png\" alt=\"\" width=\"300\" height=\"213\" srcset=\"https:\/\/www.quetzalma.org\/wp-content\/uploads\/2025\/06\/Bonne-Fete-a-tous-les-Papas-300x213.png 300w, https:\/\/www.quetzalma.org\/wp-content\/uploads\/2025\/06\/Bonne-Fete-a-tous-les-Papas-150x107.png 150w, https:\/\/www.quetzalma.org\/wp-content\/uploads\/2025\/06\/Bonne-Fete-a-tous-les-Papas.png 400w\" sizes=\"auto, (max-width: 300px) 100vw, 300px\" \/><\/a>Bonne F\u00eate \u00e0 tous les Papas !<\/span><\/strong><\/p>\n<p style=\"text-align: center;\"><span style=\"color: #0000ff;\"><em><span style=\"color: #0000ff;\">Un Papa, c&rsquo;est le plus beau rep\u00e8re <img decoding=\"async\" src=\"https:\/\/www.quetzalma.org\/wp-content\/plugins\/wp-edit\/plugins\/emoticons\/img\/smiley-kiss.gif\" \/>.<\/span><\/em><\/span><\/p>\n<p style=\"text-align: center;\"><span style=\"color: #0000ff;\"><em><span style=\"color: #0000ff;\">Un Papa, c&rsquo;est le chemin vers demain.<\/span><\/em><\/span><\/p>\n<p style=\"text-align: center;\"><span style=\"color: #0000ff;\"><em><span style=\"color: #0000ff;\">Mon Papa, c&rsquo;est un homme dont je suis fier.<\/span><\/em><\/span><\/p>\n<div class=\"_3x-2\" data-ft=\"{&quot;tn&quot;:&quot;H&quot;}\">\n<div data-ft=\"{&quot;tn&quot;:&quot;H&quot;}\">\n<div class=\"mtm\">\n<div>\n<div>\n<div class=\"\" data-ft=\"{&quot;tn&quot;:&quot;E&quot;}\">\n<div class=\"uiScaledImageContainer _517g\">\n<p><a href=\"https:\/\/www.quetzalma.org\/?attachment_id=3801\" rel=\"attachment wp-att-3801\"><img loading=\"lazy\" decoding=\"async\" class=\"wp-image-3801 aligncenter\" src=\"https:\/\/www.quetzalma.org\/wp-content\/uploads\/2017\/06\/Bonne-F\u00eate-Papa-724x1024.jpg\" alt=\"\" width=\"424\" height=\"599\" srcset=\"https:\/\/www.quetzalma.org\/wp-content\/uploads\/2017\/06\/Bonne-F\u00eate-Papa-724x1024.jpg 724w, https:\/\/www.quetzalma.org\/wp-content\/uploads\/2017\/06\/Bonne-F\u00eate-Papa-212x300.jpg 212w, https:\/\/www.quetzalma.org\/wp-content\/uploads\/2017\/06\/Bonne-F\u00eate-Papa-768x1086.jpg 768w, https:\/\/www.quetzalma.org\/wp-content\/uploads\/2017\/06\/Bonne-F\u00eate-Papa-106x150.jpg 106w, https:\/\/www.quetzalma.org\/wp-content\/uploads\/2017\/06\/Bonne-F\u00eate-Papa.jpg 1240w\" sizes=\"auto, (max-width: 424px) 100vw, 424px\" \/><\/a><strong><em><span style=\"text-decoration: underline;\"><span style=\"color: #0000ff; text-decoration: underline;\">Un p\u00e8re a deux vies : la sienne et celle de son fils.<\/span><\/span><\/em><\/strong><\/p>\n<p><strong><em><span style=\"text-decoration: underline;\"><span style=\"color: #0000ff; text-decoration: underline;\">Jules Renard<\/span><\/span><\/em><\/strong><\/p>\n<p>&nbsp;<\/p>\n<\/div>\n<\/div>\n<\/div>\n<\/div>\n<\/div>\n<\/div>\n<\/div>\n","protected":false},"excerpt":{"rendered":"<p>Bonne F\u00eate \u00e0 tous les Papas ! Un Papa, c&rsquo;est le plus beau rep\u00e8re . Un Papa, c&rsquo;est le chemin vers demain. Mon Papa, c&rsquo;est\u2026<\/p>\n<p class=\"continue-reading-button\"> <a class=\"continue-reading-link\" href=\"https:\/\/www.quetzalma.org\/?page_id=5270\">Lire la suite<i class=\"crycon-right-dir\"><\/i><\/a><\/p>\n","protected":false},"author":1,"featured_media":13894,"parent":5258,"menu_order":5,"comment_status":"closed","ping_status":"closed","template":"","meta":{"footnotes":""},"class_list":["post-5270","page","type-page","status-publish","has-post-thumbnail","hentry"],"_links":{"self":[{"href":"https:\/\/www.quetzalma.org\/index.php?rest_route=\/wp\/v2\/pages\/5270","targetHints":{"allow":["GET"]}}],"collection":[{"href":"https:\/\/www.quetzalma.org\/index.php?rest_route=\/wp\/v2\/pages"}],"about":[{"href":"https:\/\/www.quetzalma.org\/index.php?rest_route=\/wp\/v2\/types\/page"}],"author":[{"embeddable":true,"href":"https:\/\/www.quetzalma.org\/index.php?rest_route=\/wp\/v2\/users\/1"}],"replies":[{"embeddable":true,"href":"https:\/\/www.quetzalma.org\/index.php?rest_route=%2Fwp%2Fv2%2Fcomments&post=5270"}],"version-history":[{"count":6,"href":"https:\/\/www.quetzalma.org\/index.php?rest_route=\/wp\/v2\/pages\/5270\/revisions"}],"predecessor-version":[{"id":13895,"href":"https:\/\/www.quetzalma.org\/index.php?rest_route=\/wp\/v2\/pages\/5270\/revisions\/13895"}],"up":[{"embeddable":true,"href":"https:\/\/www.quetzalma.org\/index.php?rest_route=\/wp\/v2\/pages\/5258"}],"wp:featuredmedia":[{"embeddable":true,"href":"https:\/\/www.quetzalma.org\/index.php?rest_route=\/wp\/v2\/media\/13894"}],"wp:attachment":[{"href":"https:\/\/www.quetzalma.org\/index.php?rest_route=%2Fwp%2Fv2%2Fmedia&parent=5270"}],"curies":[{"name":"wp","href":"https:\/\/api.w.org\/{rel}","templated":true}]}}