{"id":5528,"date":"2018-03-28T18:42:17","date_gmt":"2018-03-28T17:42:17","guid":{"rendered":"http:\/\/www.quetzalma.org\/?page_id=5528"},"modified":"2020-01-19T14:28:42","modified_gmt":"2020-01-19T13:28:42","slug":"journee-mondiale-syndrome-de-down-21-mars-2018-le-handicap-nest-ni-une-tare-ni-une-maladie-contagieuse-cest-la-vie","status":"publish","type":"page","link":"https:\/\/www.quetzalma.org\/?page_id=5528","title":{"rendered":"Journ\u00e9e Mondiale Syndrome de Down &#8211; Le handicap n\u2019est ni une tare ni une maladie contagieuse !\u00a0 C\u2019est la vie !"},"content":{"rendered":"<div class=\"pdfprnt-buttons pdfprnt-buttons-page pdfprnt-top-right\"><a href=\"https:\/\/www.quetzalma.org\/index.php?rest_route=%2Fwp%2Fv2%2Fpages%2F5528&print=pdf\" class=\"pdfprnt-button pdfprnt-button-pdf\" target=\"_blank\" ><img decoding=\"async\" src=\"https:\/\/www.quetzalma.org\/wp-content\/plugins\/pdf-print\/images\/pdf.png\" alt=\"image_pdf\" title=\"Afficher le PDF\" \/><\/a><a href=\"https:\/\/www.quetzalma.org\/index.php?rest_route=%2Fwp%2Fv2%2Fpages%2F5528&print=print\" class=\"pdfprnt-button pdfprnt-button-print\" target=\"_blank\" ><img decoding=\"async\" src=\"https:\/\/www.quetzalma.org\/wp-content\/plugins\/pdf-print\/images\/print.png\" alt=\"image_print\" title=\"Contenu imprim\u00e9\" \/><\/a><\/div><p><span style=\"font-family: georgia, palatino, serif;\">Le handicap n\u2019est ni une tare ni une maladie contagieuse !<\/span><br \/>\n<span style=\"font-family: georgia, palatino, serif;\"> C\u2019est la vie !<\/span><br \/>\n<span style=\"font-family: georgia, palatino, serif;\"> Les causes de cette situation sont diverses, que l\u2019on soit handicap\u00e9 de naissance, d&rsquo;une maladie, \u00e0 la suite d\u2019un accident ou encore de la vieillesse, ce n&rsquo;est donc plus \u00abtabou\u00bb.<\/span><\/p>\n<div class=\"text_exposed_show\">\n<p><span style=\"font-family: georgia, palatino, serif;\">Sachons accepter la diff\u00e9rence, porter un autre regard sur l&rsquo;handicap.<\/span><br \/>\n<span style=\"font-family: georgia, palatino, serif;\"> Acceptons l\u2019autre en tant que personne \u00ab ordinaire \u00bb et non comme handicap\u00e9e, c\u2019est lui faire oublier sa diff\u00e9rence.<\/span><\/p>\n<p><span style=\"color: #0000ff; font-family: georgia, palatino, serif;\"><em><span style=\"color: #ff00ff;\">\u00a0\u00bb S&rsquo;engager ensemble pour accompagner les personnes en situation d&rsquo;handicap\u00a0\u00bb<\/span><\/em><\/span><br \/>\n<span style=\"color: #ff00ff; font-family: georgia, palatino, serif;\"> <em><span style=\"color: #ff00ff;\">\u00ab\u00a0Agir avec efficacit\u00e9 pour mieux r\u00e9pondre et autrement aux attentes et besoins des personnes qui nous font confiance\u00a0\u00bb<\/span><\/em><\/span><\/p>\n<p><span style=\"color: #ff00ff; font-family: georgia, palatino, serif;\"><span style=\"color: #ff00ff;\">VOIL\u00c0 L&rsquo;ENGAGEMENT DE QUETZALMA ET POUR CETTE RAISON NOUS SOUTIENDRONS CE PROJET\u00a0<\/span>\u00a0<\/span><\/p>\n<p><span style=\"font-family: georgia, palatino, serif;\"><em><span style=\"color: #ff00ff;\">Nous avons\u00a0conscience qu\u2019en donnant, nous recevrons beaucoup d\u2019elles, c&rsquo;est l&rsquo;essentiel de la vie !<\/span><\/em><\/span><\/p>\n<p><span style=\"color: #0000ff; font-family: georgia, palatino, serif;\">Merci \u00e0 tous nos sympathisants !\u00a0<\/span><br \/>\n<span style=\"color: #0000ff; font-family: georgia, palatino, serif;\"> Merci pour votre soutien, merci pour votre confiance !<\/span><\/p>\n<p><span style=\"color: #0000ff; font-family: georgia, palatino, serif;\">Votre participation \u00e0 nos \u00e9v\u00e9nements, vos visites \u00e0 nos stands lors de nos march\u00e9s, vos achats d&rsquo;artisanat, vos dons, vos cartes de membres, toutes ces actions sont la cl\u00e9 de nos r\u00e9ussites<\/span><\/p>\n<\/div>\n","protected":false},"excerpt":{"rendered":"<p>Le handicap n\u2019est ni une tare ni une maladie contagieuse ! C\u2019est la vie ! Les causes de cette situation sont diverses, que l\u2019on soit\u2026<\/p>\n<p class=\"continue-reading-button\"> <a class=\"continue-reading-link\" href=\"https:\/\/www.quetzalma.org\/?page_id=5528\">Lire la suite<i class=\"crycon-right-dir\"><\/i><\/a><\/p>\n","protected":false},"author":1,"featured_media":0,"parent":5913,"menu_order":2,"comment_status":"closed","ping_status":"closed","template":"","meta":{"footnotes":""},"class_list":["post-5528","page","type-page","status-publish","hentry"],"_links":{"self":[{"href":"https:\/\/www.quetzalma.org\/index.php?rest_route=\/wp\/v2\/pages\/5528","targetHints":{"allow":["GET"]}}],"collection":[{"href":"https:\/\/www.quetzalma.org\/index.php?rest_route=\/wp\/v2\/pages"}],"about":[{"href":"https:\/\/www.quetzalma.org\/index.php?rest_route=\/wp\/v2\/types\/page"}],"author":[{"embeddable":true,"href":"https:\/\/www.quetzalma.org\/index.php?rest_route=\/wp\/v2\/users\/1"}],"replies":[{"embeddable":true,"href":"https:\/\/www.quetzalma.org\/index.php?rest_route=%2Fwp%2Fv2%2Fcomments&post=5528"}],"version-history":[{"count":5,"href":"https:\/\/www.quetzalma.org\/index.php?rest_route=\/wp\/v2\/pages\/5528\/revisions"}],"predecessor-version":[{"id":6004,"href":"https:\/\/www.quetzalma.org\/index.php?rest_route=\/wp\/v2\/pages\/5528\/revisions\/6004"}],"up":[{"embeddable":true,"href":"https:\/\/www.quetzalma.org\/index.php?rest_route=\/wp\/v2\/pages\/5913"}],"wp:attachment":[{"href":"https:\/\/www.quetzalma.org\/index.php?rest_route=%2Fwp%2Fv2%2Fmedia&parent=5528"}],"curies":[{"name":"wp","href":"https:\/\/api.w.org\/{rel}","templated":true}]}}