{"id":5536,"date":"2018-04-11T15:03:52","date_gmt":"2018-04-11T14:03:52","guid":{"rendered":"http:\/\/www.quetzalma.org\/?page_id=5536"},"modified":"2018-07-01T21:18:06","modified_gmt":"2018-07-01T20:18:06","slug":"marche-de-paques-mutzig-dimanche-25-mars-2018","status":"publish","type":"page","link":"https:\/\/www.quetzalma.org\/?page_id=5536","title":{"rendered":"March\u00e9 de P\u00e2ques\u00a0 Mutzig \u2013 dimanche 25 mars 2018"},"content":{"rendered":"<div class=\"pdfprnt-buttons pdfprnt-buttons-page pdfprnt-top-right\"><a href=\"https:\/\/www.quetzalma.org\/index.php?rest_route=%2Fwp%2Fv2%2Fpages%2F5536&print=pdf\" class=\"pdfprnt-button pdfprnt-button-pdf\" target=\"_blank\" ><img decoding=\"async\" src=\"https:\/\/www.quetzalma.org\/wp-content\/plugins\/pdf-print\/images\/pdf.png\" alt=\"image_pdf\" title=\"Afficher le PDF\" \/><\/a><a href=\"https:\/\/www.quetzalma.org\/index.php?rest_route=%2Fwp%2Fv2%2Fpages%2F5536&print=print\" class=\"pdfprnt-button pdfprnt-button-print\" target=\"_blank\" ><img decoding=\"async\" src=\"https:\/\/www.quetzalma.org\/wp-content\/plugins\/pdf-print\/images\/print.png\" alt=\"image_print\" title=\"Contenu imprim\u00e9\" \/><\/a><\/div><p><span style=\"font-family: 'book antiqua', palatino, serif;\">Le March\u00e9 de P\u00e2ques, cr\u00e9\u00e9 sous l\u2019impulsion de la Commission des F\u00eates Municipale, remporte chaque ann\u00e9e un vif succ\u00e8s, accentu\u00e9 par la pr\u00e9sence de nombreux exposants et artisans s\u00e9lectionn\u00e9s dans un souci d\u2019authenticit\u00e9.<\/span><\/p>\n<p><span style=\"font-family: 'book antiqua', palatino, serif;\">Associations locales, artisans d\u2019art, produits typiques, objets de d\u00e9coration \u2026il y en a pour tous les go\u00fbts.<\/span><\/p>\n<p><span style=\"font-family: 'book antiqua', palatino, serif;\">Des animations et jeux gratuits pour les enfants sont propos\u00e9s tout au long de la journ\u00e9e : maquillage, course aux oeufs, danses, concours de coloriage, animaux \u00e0 caresser &#8230;<\/span><\/p>\n<p><span style=\"font-family: 'book antiqua', palatino, serif;\">Du fond de leurs terriers \u00ab\u00a0Jojo le lapin\u00a0\u00bb et ses lapins les plus craquants les uns que les autres vont guetter l&rsquo;instant propice pour animer le march\u00e9 de P\u00e2ques.<\/span><\/p>\n<p><span style=\"font-family: 'book antiqua', palatino, serif;\">Venez nombreux accueillir \u00ab\u00a0JOJO le lapin\u00a0\u00bb\u00a0!<\/span><\/p>\n<p><span style=\"font-family: 'book antiqua', palatino, serif;\">Entr\u00e9e gratuite de 10h \u00e0 19h<\/span><span style=\"font-family: georgia, palatino, serif;\">\u00a0<\/span><\/p>\n","protected":false},"excerpt":{"rendered":"<p>Le March\u00e9 de P\u00e2ques, cr\u00e9\u00e9 sous l\u2019impulsion de la Commission des F\u00eates Municipale, remporte chaque ann\u00e9e un vif succ\u00e8s, accentu\u00e9 par la pr\u00e9sence de nombreux\u2026<\/p>\n<p class=\"continue-reading-button\"> <a class=\"continue-reading-link\" href=\"https:\/\/www.quetzalma.org\/?page_id=5536\">Lire la suite<i class=\"crycon-right-dir\"><\/i><\/a><\/p>\n","protected":false},"author":1,"featured_media":0,"parent":4745,"menu_order":2,"comment_status":"closed","ping_status":"closed","template":"","meta":{"footnotes":""},"class_list":["post-5536","page","type-page","status-publish","hentry"],"_links":{"self":[{"href":"https:\/\/www.quetzalma.org\/index.php?rest_route=\/wp\/v2\/pages\/5536","targetHints":{"allow":["GET"]}}],"collection":[{"href":"https:\/\/www.quetzalma.org\/index.php?rest_route=\/wp\/v2\/pages"}],"about":[{"href":"https:\/\/www.quetzalma.org\/index.php?rest_route=\/wp\/v2\/types\/page"}],"author":[{"embeddable":true,"href":"https:\/\/www.quetzalma.org\/index.php?rest_route=\/wp\/v2\/users\/1"}],"replies":[{"embeddable":true,"href":"https:\/\/www.quetzalma.org\/index.php?rest_route=%2Fwp%2Fv2%2Fcomments&post=5536"}],"version-history":[{"count":2,"href":"https:\/\/www.quetzalma.org\/index.php?rest_route=\/wp\/v2\/pages\/5536\/revisions"}],"predecessor-version":[{"id":5538,"href":"https:\/\/www.quetzalma.org\/index.php?rest_route=\/wp\/v2\/pages\/5536\/revisions\/5538"}],"up":[{"embeddable":true,"href":"https:\/\/www.quetzalma.org\/index.php?rest_route=\/wp\/v2\/pages\/4745"}],"wp:attachment":[{"href":"https:\/\/www.quetzalma.org\/index.php?rest_route=%2Fwp%2Fv2%2Fmedia&parent=5536"}],"curies":[{"name":"wp","href":"https:\/\/api.w.org\/{rel}","templated":true}]}}