{"id":6128,"date":"2018-07-25T21:23:45","date_gmt":"2018-07-25T20:23:45","guid":{"rendered":"http:\/\/www.quetzalma.org\/?page_id=6128"},"modified":"2020-01-19T12:40:18","modified_gmt":"2020-01-19T11:40:18","slug":"journee-citoyenne-plobsheim-26-mai-2018","status":"publish","type":"page","link":"https:\/\/www.quetzalma.org\/?page_id=6128","title":{"rendered":"Journ\u00e9e citoyenne Plobsheim &#8211; 26 mai 2018"},"content":{"rendered":"<div class=\"pdfprnt-buttons pdfprnt-buttons-page pdfprnt-top-right\"><a href=\"https:\/\/www.quetzalma.org\/index.php?rest_route=%2Fwp%2Fv2%2Fpages%2F6128&print=pdf\" class=\"pdfprnt-button pdfprnt-button-pdf\" target=\"_blank\" ><img decoding=\"async\" src=\"https:\/\/www.quetzalma.org\/wp-content\/plugins\/pdf-print\/images\/pdf.png\" alt=\"image_pdf\" title=\"Afficher le PDF\" \/><\/a><a href=\"https:\/\/www.quetzalma.org\/index.php?rest_route=%2Fwp%2Fv2%2Fpages%2F6128&print=print\" class=\"pdfprnt-button pdfprnt-button-print\" target=\"_blank\" ><img decoding=\"async\" src=\"https:\/\/www.quetzalma.org\/wp-content\/plugins\/pdf-print\/images\/print.png\" alt=\"image_print\" title=\"Contenu imprim\u00e9\" \/><\/a><\/div><p style=\"text-align: left;\">\u00a0 \u00a0 \u00a0 \u00a0 \u00a0 \u00a0 \u00a0 \u00a0 \u00a0 \u00a0 \u00a0 \u00a0 \u00a0 Quetzalma participe \u00e0 la journ\u00e9e citoyenne<\/p>\n<p>&nbsp;<\/p>\n<p><a style=\"color: #00b200;\" href=\"https:\/\/www.quetzalma.org\/?attachment_id=5947\" rel=\"attachment wp-att-5947\">\u00a0 \u00a0 \u00a0 \u00a0 \u00a0 \u00a0 \u00a0 \u00a0 \u00a0 \u00a0 \u00a0 \u00a0 \u00a0 \u00a0 \u00a0 \u00a0 \u00a0 \u00a0 \u00a0 \u00a0 \u00a0 \u00a0 \u00a0 \u00a0<img loading=\"lazy\" decoding=\"async\" class=\"wp-image-5947 alignnone\" src=\"https:\/\/www.quetzalma.org\/wp-content\/uploads\/2018\/06\/2-1024x727.jpg\" alt=\"\" width=\"400\" height=\"284\" srcset=\"https:\/\/www.quetzalma.org\/wp-content\/uploads\/2018\/06\/2-1024x727.jpg 1024w, https:\/\/www.quetzalma.org\/wp-content\/uploads\/2018\/06\/2-300x213.jpg 300w, https:\/\/www.quetzalma.org\/wp-content\/uploads\/2018\/06\/2-768x545.jpg 768w, https:\/\/www.quetzalma.org\/wp-content\/uploads\/2018\/06\/2-150x107.jpg 150w\" sizes=\"auto, (max-width: 400px) 100vw, 400px\" \/><\/a><\/p>\n<p>&nbsp;<\/p>\n<p>&nbsp;<\/p>\n<p>Fabrication et mise en place d&rsquo;une sc\u00e8ne coulissante<\/p>\n<p>L&rsquo;\u00e9quipe Quetzalma : Roland, Denis, Jean Pierre \u00e0 l&rsquo;oeuvre avec Andr\u00e9 et son fils David deux citoyens du village<\/p>\n<p><a href=\"https:\/\/www.quetzalma.org\/?attachment_id=5952\" rel=\"attachment wp-att-5952\"><img loading=\"lazy\" decoding=\"async\" class=\"wp-image-5952 alignnone\" src=\"https:\/\/www.quetzalma.org\/wp-content\/uploads\/2018\/06\/1-e1530126664907-768x1024.jpg\" alt=\"\" width=\"361\" height=\"482\" srcset=\"https:\/\/www.quetzalma.org\/wp-content\/uploads\/2018\/06\/1-e1530126664907-768x1024.jpg 768w, https:\/\/www.quetzalma.org\/wp-content\/uploads\/2018\/06\/1-e1530126664907-225x300.jpg 225w, https:\/\/www.quetzalma.org\/wp-content\/uploads\/2018\/06\/1-e1530126664907-113x150.jpg 113w\" sizes=\"auto, (max-width: 361px) 100vw, 361px\" \/>\u00a0 \u00a0 \u00a0 \u00a0 \u00a0 \u00a0 <\/a><a href=\"https:\/\/www.quetzalma.org\/?attachment_id=5953\" rel=\"attachment wp-att-5953\"><img loading=\"lazy\" decoding=\"async\" class=\"wp-image-5953 alignnone\" src=\"https:\/\/www.quetzalma.org\/wp-content\/uploads\/2018\/06\/2-1-e1530126750473-768x1024.jpg\" alt=\"\" width=\"362\" height=\"482\" srcset=\"https:\/\/www.quetzalma.org\/wp-content\/uploads\/2018\/06\/2-1-e1530126750473-768x1024.jpg 768w, https:\/\/www.quetzalma.org\/wp-content\/uploads\/2018\/06\/2-1-e1530126750473-225x300.jpg 225w, https:\/\/www.quetzalma.org\/wp-content\/uploads\/2018\/06\/2-1-e1530126750473-113x150.jpg 113w\" sizes=\"auto, (max-width: 362px) 100vw, 362px\" \/><\/a><\/p>\n<p>&nbsp;<\/p>\n<p><a href=\"https:\/\/www.quetzalma.org\/?attachment_id=5954\" rel=\"attachment wp-att-5954\"><img loading=\"lazy\" decoding=\"async\" class=\"wp-image-5954 alignnone\" src=\"https:\/\/www.quetzalma.org\/wp-content\/uploads\/2018\/06\/3-1024x768.jpg\" alt=\"\" width=\"380\" height=\"285\" srcset=\"https:\/\/www.quetzalma.org\/wp-content\/uploads\/2018\/06\/3-1024x768.jpg 1024w, https:\/\/www.quetzalma.org\/wp-content\/uploads\/2018\/06\/3-300x225.jpg 300w, https:\/\/www.quetzalma.org\/wp-content\/uploads\/2018\/06\/3-768x576.jpg 768w, https:\/\/www.quetzalma.org\/wp-content\/uploads\/2018\/06\/3-150x113.jpg 150w\" sizes=\"auto, (max-width: 380px) 100vw, 380px\" \/>\u00a0\u00a0\u00a0<\/a><a href=\"https:\/\/www.quetzalma.org\/?attachment_id=5974\" rel=\"attachment wp-att-5974\"><img loading=\"lazy\" decoding=\"async\" class=\"wp-image-5974 alignnone\" src=\"https:\/\/www.quetzalma.org\/wp-content\/uploads\/2018\/06\/4-2-1024x768.jpg\" alt=\"\" width=\"378\" height=\"284\" srcset=\"https:\/\/www.quetzalma.org\/wp-content\/uploads\/2018\/06\/4-2-1024x768.jpg 1024w, https:\/\/www.quetzalma.org\/wp-content\/uploads\/2018\/06\/4-2-300x225.jpg 300w, https:\/\/www.quetzalma.org\/wp-content\/uploads\/2018\/06\/4-2-768x576.jpg 768w, https:\/\/www.quetzalma.org\/wp-content\/uploads\/2018\/06\/4-2-150x113.jpg 150w\" sizes=\"auto, (max-width: 378px) 100vw, 378px\" \/><\/a><\/p>\n<p>&nbsp;<\/p>\n<p>Atelier plantation massifs et jardini\u00e8res<\/p>\n<p><a href=\"https:\/\/www.quetzalma.org\/?attachment_id=5961\" rel=\"attachment wp-att-5961\"><img loading=\"lazy\" decoding=\"async\" class=\"wp-image-5961 alignnone\" src=\"https:\/\/www.quetzalma.org\/wp-content\/uploads\/2018\/06\/2-2-e1530130016738-768x1024.jpg\" alt=\"\" width=\"353\" height=\"471\" srcset=\"https:\/\/www.quetzalma.org\/wp-content\/uploads\/2018\/06\/2-2-e1530130016738-768x1024.jpg 768w, https:\/\/www.quetzalma.org\/wp-content\/uploads\/2018\/06\/2-2-e1530130016738-225x300.jpg 225w, https:\/\/www.quetzalma.org\/wp-content\/uploads\/2018\/06\/2-2-e1530130016738-113x150.jpg 113w\" sizes=\"auto, (max-width: 353px) 100vw, 353px\" \/>\u00a0 \u00a0 \u00a0 \u00a0 \u00a0 \u00a0 \u00a0 \u00a0 \u00a0<\/a><a href=\"https:\/\/www.quetzalma.org\/?attachment_id=5967\" rel=\"attachment wp-att-5967\"><img loading=\"lazy\" decoding=\"async\" class=\"wp-image-5967 alignnone\" src=\"https:\/\/www.quetzalma.org\/wp-content\/uploads\/2018\/06\/7-2-e1530130986617-768x1024.jpg\" alt=\"\" width=\"350\" height=\"466\" srcset=\"https:\/\/www.quetzalma.org\/wp-content\/uploads\/2018\/06\/7-2-e1530130986617-768x1024.jpg 768w, https:\/\/www.quetzalma.org\/wp-content\/uploads\/2018\/06\/7-2-e1530130986617-225x300.jpg 225w, https:\/\/www.quetzalma.org\/wp-content\/uploads\/2018\/06\/7-2-e1530130986617-113x150.jpg 113w\" sizes=\"auto, (max-width: 350px) 100vw, 350px\" \/><\/a><\/p>\n<p>&nbsp;<\/p>\n<p>Sous un soleil de plomb &#8230; chapeau oblige !<\/p>\n<p><a href=\"https:\/\/www.quetzalma.org\/?attachment_id=5962\" rel=\"attachment wp-att-5962\"><img loading=\"lazy\" decoding=\"async\" class=\"wp-image-5962 alignnone\" src=\"https:\/\/www.quetzalma.org\/wp-content\/uploads\/2018\/06\/3-1-1024x1002.jpg\" alt=\"\" width=\"418\" height=\"410\" srcset=\"https:\/\/www.quetzalma.org\/wp-content\/uploads\/2018\/06\/3-1-1024x1002.jpg 1024w, https:\/\/www.quetzalma.org\/wp-content\/uploads\/2018\/06\/3-1-300x294.jpg 300w, https:\/\/www.quetzalma.org\/wp-content\/uploads\/2018\/06\/3-1-768x752.jpg 768w, https:\/\/www.quetzalma.org\/wp-content\/uploads\/2018\/06\/3-1-150x147.jpg 150w\" sizes=\"auto, (max-width: 418px) 100vw, 418px\" \/>\u00a0 \u00a0 \u00a0\u00a0\u00a0<\/a><a href=\"https:\/\/www.quetzalma.org\/?attachment_id=5965\" rel=\"attachment wp-att-5965\"><img loading=\"lazy\" decoding=\"async\" class=\"wp-image-5965 alignnone\" src=\"https:\/\/www.quetzalma.org\/wp-content\/uploads\/2018\/06\/5-e1530130430675-768x1024.jpg\" alt=\"\" width=\"307\" height=\"409\" srcset=\"https:\/\/www.quetzalma.org\/wp-content\/uploads\/2018\/06\/5-e1530130430675-768x1024.jpg 768w, https:\/\/www.quetzalma.org\/wp-content\/uploads\/2018\/06\/5-e1530130430675-225x300.jpg 225w, https:\/\/www.quetzalma.org\/wp-content\/uploads\/2018\/06\/5-e1530130430675-113x150.jpg 113w\" sizes=\"auto, (max-width: 307px) 100vw, 307px\" \/><\/a><\/p>\n<p><a href=\"https:\/\/www.quetzalma.org\/?attachment_id=5965\" rel=\"attachment wp-att-5965\">\u00a0 \u00a0 \u00a0 \u00a0 \u00a0 \u00a0 \u00a0 \u00a0 \u00a0 \u00a0 \u00a0 \u00a0 \u00a0 \u00a0 \u00a0 \u00a0 \u00a0 \u00a0 \u00a0 \u00a0 \u00a0 \u00a0 \u00a0 \u00a0 \u00a0 \u00a0 \u00a0 \u00a0 \u00a0 \u00a0 \u00a0 \u00a0 \u00a0 \u00a0 \u00a0\u00a0<\/a><a href=\"https:\/\/www.quetzalma.org\/?attachment_id=5968\" rel=\"attachment wp-att-5968\"><img loading=\"lazy\" decoding=\"async\" class=\"wp-image-5968 alignnone\" src=\"https:\/\/www.quetzalma.org\/wp-content\/uploads\/2018\/06\/4-1-e1530131349458-768x1024.jpg\" alt=\"\" width=\"339\" height=\"452\" srcset=\"https:\/\/www.quetzalma.org\/wp-content\/uploads\/2018\/06\/4-1-e1530131349458-768x1024.jpg 768w, https:\/\/www.quetzalma.org\/wp-content\/uploads\/2018\/06\/4-1-e1530131349458-225x300.jpg 225w, https:\/\/www.quetzalma.org\/wp-content\/uploads\/2018\/06\/4-1-e1530131349458-113x150.jpg 113w\" sizes=\"auto, (max-width: 339px) 100vw, 339px\" \/><\/a><\/p>\n<p>Oh &#8230;la plume d&rsquo;indien !!<\/p>\n<p>La mina lob\u00e9e est une charmante plante grimpante, originaire d&rsquo;Am\u00e9rique tropicale.<\/p>\n<p>C&rsquo;est en \u00e9t\u00e9 que la mina lob\u00e9e se couvre d&rsquo;\u00e9tranges clochettes, ressemblant \u00e0 des plumes dont les extraordinaires coloris lui ont valu l&rsquo;appellation de plumes d&rsquo;indien : regroup\u00e9es en grappes, elles se d\u00e9clinent en un d\u00e9grad\u00e9 de rouge, orange, jaune et blanc cr\u00e8me. Drapeau espagnol est une des autres appellations de mina lobata; on devine pourquoi !<\/p>\n<p><img loading=\"lazy\" decoding=\"async\" class=\"wp-image-5969 alignnone\" src=\"https:\/\/www.quetzalma.org\/wp-content\/uploads\/2018\/06\/8-e1530130893977-768x1024.jpg\" alt=\"\" width=\"281\" height=\"374\" srcset=\"https:\/\/www.quetzalma.org\/wp-content\/uploads\/2018\/06\/8-e1530130893977-768x1024.jpg 768w, https:\/\/www.quetzalma.org\/wp-content\/uploads\/2018\/06\/8-e1530130893977-225x300.jpg 225w, https:\/\/www.quetzalma.org\/wp-content\/uploads\/2018\/06\/8-e1530130893977-113x150.jpg 113w\" sizes=\"auto, (max-width: 281px) 100vw, 281px\" \/>\u00a0\u00a0<a href=\"https:\/\/www.quetzalma.org\/?attachment_id=5976\" rel=\"attachment wp-att-5976\"><img loading=\"lazy\" decoding=\"async\" class=\"wp-image-5976 alignnone\" src=\"https:\/\/www.quetzalma.org\/wp-content\/uploads\/2018\/06\/ipomea-lobata-.jpg\" alt=\"\" width=\"409\" height=\"294\" srcset=\"https:\/\/www.quetzalma.org\/wp-content\/uploads\/2018\/06\/ipomea-lobata-.jpg 600w, https:\/\/www.quetzalma.org\/wp-content\/uploads\/2018\/06\/ipomea-lobata--300x216.jpg 300w, https:\/\/www.quetzalma.org\/wp-content\/uploads\/2018\/06\/ipomea-lobata--150x108.jpg 150w\" sizes=\"auto, (max-width: 409px) 100vw, 409px\" \/><\/a><\/p>\n<p>A midi, un moment de d\u00e9tente pour tous les b\u00e9n\u00e9voles..<\/p>\n<p><a href=\"https:\/\/www.quetzalma.org\/?attachment_id=5978\" rel=\"attachment wp-att-5978\"><img loading=\"lazy\" decoding=\"async\" class=\"wp-image-5978 alignnone\" src=\"https:\/\/www.quetzalma.org\/wp-content\/uploads\/2018\/06\/7-1-1024x768.jpg\" alt=\"\" width=\"356\" height=\"267\" srcset=\"https:\/\/www.quetzalma.org\/wp-content\/uploads\/2018\/06\/7-1-1024x768.jpg 1024w, https:\/\/www.quetzalma.org\/wp-content\/uploads\/2018\/06\/7-1-300x225.jpg 300w, https:\/\/www.quetzalma.org\/wp-content\/uploads\/2018\/06\/7-1-768x576.jpg 768w, https:\/\/www.quetzalma.org\/wp-content\/uploads\/2018\/06\/7-1-150x113.jpg 150w\" sizes=\"auto, (max-width: 356px) 100vw, 356px\" \/>\u00a0\u00a0<\/a><a href=\"https:\/\/www.quetzalma.org\/?attachment_id=5980\" rel=\"attachment wp-att-5980\"><img loading=\"lazy\" decoding=\"async\" class=\"wp-image-5980 alignnone\" src=\"https:\/\/www.quetzalma.org\/wp-content\/uploads\/2018\/06\/6salle-1024x642.jpg\" alt=\"\" width=\"424\" height=\"266\" srcset=\"https:\/\/www.quetzalma.org\/wp-content\/uploads\/2018\/06\/6salle-1024x642.jpg 1024w, https:\/\/www.quetzalma.org\/wp-content\/uploads\/2018\/06\/6salle-300x188.jpg 300w, https:\/\/www.quetzalma.org\/wp-content\/uploads\/2018\/06\/6salle-768x481.jpg 768w, https:\/\/www.quetzalma.org\/wp-content\/uploads\/2018\/06\/6salle-150x94.jpg 150w\" sizes=\"auto, (max-width: 424px) 100vw, 424px\" \/><\/a><\/p>\n<p>Un petit verre et un bon repas en toute convivialit\u00e9, et c&rsquo;est reparti pour l&rsquo;apr\u00e8s-midi &#8230;.<\/p>\n<p>Une journ\u00e9e bien sympathique !!<\/p>\n<p><a href=\"https:\/\/www.quetzalma.org\/?attachment_id=5982\" rel=\"attachment wp-att-5982\">\u00a0 \u00a0 \u00a0 \u00a0 \u00a0 \u00a0 \u00a0 \u00a0 \u00a0 \u00a0 \u00a0 \u00a0 \u00a0 \u00a0 \u00a0 \u00a0 \u00a0 \u00a0 \u00a0 \u00a0 \u00a0 \u00a0 \u00a0 \u00a0\u00a0<img loading=\"lazy\" decoding=\"async\" class=\"wp-image-5982 alignnone\" src=\"https:\/\/www.quetzalma.org\/wp-content\/uploads\/2018\/06\/10salle-e1530134735390-768x1024.jpg\" alt=\"\" width=\"360\" height=\"480\" srcset=\"https:\/\/www.quetzalma.org\/wp-content\/uploads\/2018\/06\/10salle-e1530134735390-768x1024.jpg 768w, https:\/\/www.quetzalma.org\/wp-content\/uploads\/2018\/06\/10salle-e1530134735390-225x300.jpg 225w, https:\/\/www.quetzalma.org\/wp-content\/uploads\/2018\/06\/10salle-e1530134735390-113x150.jpg 113w\" sizes=\"auto, (max-width: 360px) 100vw, 360px\" \/><\/a><\/p>\n<p>&nbsp;<\/p>\n<p>&nbsp;<\/p>\n<p>&nbsp;<\/p>\n<p>&nbsp;<\/p>\n<p>&nbsp;<\/p>\n","protected":false},"excerpt":{"rendered":"<p>\u00a0 \u00a0 \u00a0 \u00a0 \u00a0 \u00a0 \u00a0 \u00a0 \u00a0 \u00a0 \u00a0 \u00a0 \u00a0 Quetzalma participe \u00e0 la journ\u00e9e citoyenne &nbsp; \u00a0 \u00a0 \u00a0 \u00a0 \u00a0\u2026<\/p>\n<p class=\"continue-reading-button\"> <a class=\"continue-reading-link\" href=\"https:\/\/www.quetzalma.org\/?page_id=6128\">Lire la suite<i class=\"crycon-right-dir\"><\/i><\/a><\/p>\n","protected":false},"author":1,"featured_media":0,"parent":5913,"menu_order":1,"comment_status":"closed","ping_status":"closed","template":"","meta":{"footnotes":""},"class_list":["post-6128","page","type-page","status-publish","hentry"],"_links":{"self":[{"href":"https:\/\/www.quetzalma.org\/index.php?rest_route=\/wp\/v2\/pages\/6128","targetHints":{"allow":["GET"]}}],"collection":[{"href":"https:\/\/www.quetzalma.org\/index.php?rest_route=\/wp\/v2\/pages"}],"about":[{"href":"https:\/\/www.quetzalma.org\/index.php?rest_route=\/wp\/v2\/types\/page"}],"author":[{"embeddable":true,"href":"https:\/\/www.quetzalma.org\/index.php?rest_route=\/wp\/v2\/users\/1"}],"replies":[{"embeddable":true,"href":"https:\/\/www.quetzalma.org\/index.php?rest_route=%2Fwp%2Fv2%2Fcomments&post=6128"}],"version-history":[{"count":2,"href":"https:\/\/www.quetzalma.org\/index.php?rest_route=\/wp\/v2\/pages\/6128\/revisions"}],"predecessor-version":[{"id":6130,"href":"https:\/\/www.quetzalma.org\/index.php?rest_route=\/wp\/v2\/pages\/6128\/revisions\/6130"}],"up":[{"embeddable":true,"href":"https:\/\/www.quetzalma.org\/index.php?rest_route=\/wp\/v2\/pages\/5913"}],"wp:attachment":[{"href":"https:\/\/www.quetzalma.org\/index.php?rest_route=%2Fwp%2Fv2%2Fmedia&parent=6128"}],"curies":[{"name":"wp","href":"https:\/\/api.w.org\/{rel}","templated":true}]}}