{"id":6209,"date":"2018-08-25T14:58:55","date_gmt":"2018-08-25T13:58:55","guid":{"rendered":"http:\/\/www.quetzalma.org\/?page_id=6209"},"modified":"2018-08-25T14:58:55","modified_gmt":"2018-08-25T13:58:55","slug":"fete-de-la-myrtille-dimanche-22-juillet-2018-dambach-neunhoffen","status":"publish","type":"page","link":"https:\/\/www.quetzalma.org\/?page_id=6209","title":{"rendered":"F\u00eate de la Myrtille \u2013\u00a0 dimanche 22 juillet 2018 Dambach Neunhoffen\u00a0"},"content":{"rendered":"<div class=\"pdfprnt-buttons pdfprnt-buttons-page pdfprnt-top-right\"><a href=\"https:\/\/www.quetzalma.org\/index.php?rest_route=%2Fwp%2Fv2%2Fpages%2F6209&print=pdf\" class=\"pdfprnt-button pdfprnt-button-pdf\" target=\"_blank\" ><img decoding=\"async\" src=\"https:\/\/www.quetzalma.org\/wp-content\/plugins\/pdf-print\/images\/pdf.png\" alt=\"image_pdf\" title=\"Afficher le PDF\" \/><\/a><a href=\"https:\/\/www.quetzalma.org\/index.php?rest_route=%2Fwp%2Fv2%2Fpages%2F6209&print=print\" class=\"pdfprnt-button pdfprnt-button-print\" target=\"_blank\" ><img decoding=\"async\" src=\"https:\/\/www.quetzalma.org\/wp-content\/plugins\/pdf-print\/images\/print.png\" alt=\"image_print\" title=\"Contenu imprim\u00e9\" \/><\/a><\/div><div><span style=\"font-family: Ubuntu;\">Tous les deux ans \u00e0 Dambach Neunhoffen, la myrtille est mise \u00e0 l\u2019honneur lors d\u2019une journ\u00e9e de f\u00eate au mois de juillet.<\/span><\/div>\n<div>\n<p>On y d\u00e9couvre la myrtille sous toutes ses formes : nature, en tarte, en boisson, en liqueur\u2026\u00a0Cette tradition est ancr\u00e9e dans les habitudes et dans les coutumes de la r\u00e9gion de Dambach.<\/p>\n<p>Tous les habitants de la commune et des environs s\u2019y pressent pour un moment de f\u00eate et de d\u00e9tente, en plein c\u0153ur de l\u2019\u00e9t\u00e9 alsacien <img decoding=\"async\" src=\"https:\/\/www.quetzalma.org\/wp-content\/plugins\/wp-edit\/plugins\/emoticons\/img\/smiley-cool.gif\" \/><\/p>\n<p><a href=\"https:\/\/www.quetzalma.org\/?attachment_id=6120\" rel=\"attachment wp-att-6120\"><img loading=\"lazy\" decoding=\"async\" class=\"wp-image-6120 alignnone\" src=\"https:\/\/www.quetzalma.org\/wp-content\/uploads\/2018\/07\/DSC_0010-1024x712.jpg\" alt=\"\" width=\"386\" height=\"268\" srcset=\"https:\/\/www.quetzalma.org\/wp-content\/uploads\/2018\/07\/DSC_0010-1024x712.jpg 1024w, https:\/\/www.quetzalma.org\/wp-content\/uploads\/2018\/07\/DSC_0010-300x209.jpg 300w, https:\/\/www.quetzalma.org\/wp-content\/uploads\/2018\/07\/DSC_0010-768x534.jpg 768w, https:\/\/www.quetzalma.org\/wp-content\/uploads\/2018\/07\/DSC_0010-150x104.jpg 150w\" sizes=\"auto, (max-width: 386px) 100vw, 386px\" \/>\u00a0\u00a0<\/a><a href=\"https:\/\/www.quetzalma.org\/?attachment_id=6114\" rel=\"attachment wp-att-6114\"><img loading=\"lazy\" decoding=\"async\" class=\"alignnone wp-image-6114\" src=\"https:\/\/www.quetzalma.org\/wp-content\/uploads\/2018\/07\/DSC_0019-1024x684.jpg\" alt=\"\" width=\"400\" height=\"267\" srcset=\"https:\/\/www.quetzalma.org\/wp-content\/uploads\/2018\/07\/DSC_0019-1024x684.jpg 1024w, https:\/\/www.quetzalma.org\/wp-content\/uploads\/2018\/07\/DSC_0019-300x201.jpg 300w, https:\/\/www.quetzalma.org\/wp-content\/uploads\/2018\/07\/DSC_0019-768x513.jpg 768w, https:\/\/www.quetzalma.org\/wp-content\/uploads\/2018\/07\/DSC_0019-150x100.jpg 150w\" sizes=\"auto, (max-width: 400px) 100vw, 400px\" \/><\/a><\/p>\n<p>Animations toute la journ\u00e9e avec des groupes de danse et de musique<\/p>\n<\/div>\n<p>&nbsp;<\/p>\n<p><img loading=\"lazy\" decoding=\"async\" class=\"wp-image-6110 alignnone\" src=\"https:\/\/www.quetzalma.org\/wp-content\/uploads\/2018\/07\/DSC_0009-1024x684.jpg\" alt=\"\" width=\"395\" height=\"264\" srcset=\"https:\/\/www.quetzalma.org\/wp-content\/uploads\/2018\/07\/DSC_0009-1024x684.jpg 1024w, https:\/\/www.quetzalma.org\/wp-content\/uploads\/2018\/07\/DSC_0009-300x201.jpg 300w, https:\/\/www.quetzalma.org\/wp-content\/uploads\/2018\/07\/DSC_0009-768x513.jpg 768w, https:\/\/www.quetzalma.org\/wp-content\/uploads\/2018\/07\/DSC_0009-150x100.jpg 150w\" sizes=\"auto, (max-width: 395px) 100vw, 395px\" \/>\u00a0\u00a0<img loading=\"lazy\" decoding=\"async\" class=\"alignnone wp-image-6111\" src=\"https:\/\/www.quetzalma.org\/wp-content\/uploads\/2018\/07\/DSC_0011-1024x684.jpg\" alt=\"\" width=\"395\" height=\"264\" srcset=\"https:\/\/www.quetzalma.org\/wp-content\/uploads\/2018\/07\/DSC_0011-1024x684.jpg 1024w, https:\/\/www.quetzalma.org\/wp-content\/uploads\/2018\/07\/DSC_0011-300x201.jpg 300w, https:\/\/www.quetzalma.org\/wp-content\/uploads\/2018\/07\/DSC_0011-768x513.jpg 768w, https:\/\/www.quetzalma.org\/wp-content\/uploads\/2018\/07\/DSC_0011-150x100.jpg 150w\" sizes=\"auto, (max-width: 395px) 100vw, 395px\" \/><\/p>\n<p>&nbsp;<\/p>\n<p><img loading=\"lazy\" decoding=\"async\" class=\"wp-image-6113 alignnone\" src=\"https:\/\/www.quetzalma.org\/wp-content\/uploads\/2018\/07\/DSC_0017-1024x684.jpg\" alt=\"\" width=\"395\" height=\"264\" srcset=\"https:\/\/www.quetzalma.org\/wp-content\/uploads\/2018\/07\/DSC_0017-1024x684.jpg 1024w, https:\/\/www.quetzalma.org\/wp-content\/uploads\/2018\/07\/DSC_0017-300x201.jpg 300w, https:\/\/www.quetzalma.org\/wp-content\/uploads\/2018\/07\/DSC_0017-768x513.jpg 768w, https:\/\/www.quetzalma.org\/wp-content\/uploads\/2018\/07\/DSC_0017-150x100.jpg 150w\" sizes=\"auto, (max-width: 395px) 100vw, 395px\" \/><\/p>\n<p>&nbsp;<\/p>\n<p>Les visites \u00e9taient nombreuses et malgr\u00e9 la chaleur bon nombre \u00e9tait int\u00e9ress\u00e9 par notre artisanat&#8230;<img decoding=\"async\" src=\"https:\/\/www.quetzalma.org\/wp-content\/plugins\/wp-edit\/plugins\/emoticons\/img\/smiley-kiss.gif\" \/><\/p>\n<p><a href=\"https:\/\/www.quetzalma.org\/?attachment_id=6115\" rel=\"attachment wp-att-6115\"><img loading=\"lazy\" decoding=\"async\" class=\"wp-image-6115 alignnone\" src=\"https:\/\/www.quetzalma.org\/wp-content\/uploads\/2018\/07\/DSC_0003-1024x684.jpg\" alt=\"\" width=\"395\" height=\"264\" srcset=\"https:\/\/www.quetzalma.org\/wp-content\/uploads\/2018\/07\/DSC_0003-1024x684.jpg 1024w, https:\/\/www.quetzalma.org\/wp-content\/uploads\/2018\/07\/DSC_0003-300x201.jpg 300w, https:\/\/www.quetzalma.org\/wp-content\/uploads\/2018\/07\/DSC_0003-768x513.jpg 768w, https:\/\/www.quetzalma.org\/wp-content\/uploads\/2018\/07\/DSC_0003-150x100.jpg 150w\" sizes=\"auto, (max-width: 395px) 100vw, 395px\" \/>\u00a0\u00a0<\/a><a href=\"https:\/\/www.quetzalma.org\/?attachment_id=6117\" rel=\"attachment wp-att-6117\"><img loading=\"lazy\" decoding=\"async\" class=\"alignnone wp-image-6117\" src=\"https:\/\/www.quetzalma.org\/wp-content\/uploads\/2018\/07\/DSC_0015-1024x741.jpg\" alt=\"\" width=\"395\" height=\"286\" srcset=\"https:\/\/www.quetzalma.org\/wp-content\/uploads\/2018\/07\/DSC_0015-1024x741.jpg 1024w, https:\/\/www.quetzalma.org\/wp-content\/uploads\/2018\/07\/DSC_0015-300x217.jpg 300w, https:\/\/www.quetzalma.org\/wp-content\/uploads\/2018\/07\/DSC_0015-768x556.jpg 768w, https:\/\/www.quetzalma.org\/wp-content\/uploads\/2018\/07\/DSC_0015-150x109.jpg 150w\" sizes=\"auto, (max-width: 395px) 100vw, 395px\" \/><\/a><\/p>\n<p><a href=\"https:\/\/www.quetzalma.org\/?attachment_id=6116\" rel=\"attachment wp-att-6116\">\u00a0 \u00a0 \u00a0 \u00a0 \u00a0 \u00a0 \u00a0 \u00a0 \u00a0 \u00a0 \u00a0 \u00a0 \u00a0 \u00a0 \u00a0 \u00a0 \u00a0 \u00a0 \u00a0 \u00a0 \u00a0 \u00a0 \u00a0 \u00a0 \u00a0 \u00a0 \u00a0 \u00a0 \u00a0 \u00a0\u00a0<img loading=\"lazy\" decoding=\"async\" class=\"wp-image-6116 alignnone\" src=\"https:\/\/www.quetzalma.org\/wp-content\/uploads\/2018\/07\/DSC_0004-1024x684.jpg\" alt=\"\" width=\"395\" height=\"264\" srcset=\"https:\/\/www.quetzalma.org\/wp-content\/uploads\/2018\/07\/DSC_0004-1024x684.jpg 1024w, https:\/\/www.quetzalma.org\/wp-content\/uploads\/2018\/07\/DSC_0004-300x201.jpg 300w, https:\/\/www.quetzalma.org\/wp-content\/uploads\/2018\/07\/DSC_0004-768x513.jpg 768w, https:\/\/www.quetzalma.org\/wp-content\/uploads\/2018\/07\/DSC_0004-150x100.jpg 150w\" sizes=\"auto, (max-width: 395px) 100vw, 395px\" \/><\/a><\/p>\n<p>Il fait si chaud, heureusement nous sommes pr\u00e8s de la for\u00eat et pour repartir cette nuit les voitures sont gar\u00e9es \u00e0 c\u00f4t\u00e9.<\/p>\n<p>&nbsp;<\/p>\n<p>Un peu d&rsquo;ombre et de fra\u00eecheur please\u00a0 &#8230;<img decoding=\"async\" src=\"https:\/\/www.quetzalma.org\/wp-content\/plugins\/wp-edit\/plugins\/emoticons\/img\/smiley-wink.gif\" \/>,<\/p>\n<p>Nazca se planque et attend des douches d&rsquo;eau fra\u00eeche, de temps \u00e0 autre elle s&rsquo;allonge sur son coussin rafra\u00eechissant &#8230;<\/p>\n<p>ah \u00e7a fait du bien !!<\/p>\n<p><a href=\"https:\/\/www.quetzalma.org\/?attachment_id=6118\" rel=\"attachment wp-att-6118\">\u00a0 \u00a0 \u00a0 \u00a0 \u00a0 \u00a0 \u00a0 \u00a0 \u00a0 \u00a0 \u00a0 \u00a0 \u00a0 \u00a0 \u00a0 \u00a0 \u00a0 \u00a0 \u00a0 \u00a0 \u00a0 \u00a0 \u00a0 \u00a0 \u00a0 \u00a0 \u00a0 \u00a0 \u00a0\u00a0<img loading=\"lazy\" decoding=\"async\" class=\"wp-image-6118 alignnone\" src=\"https:\/\/www.quetzalma.org\/wp-content\/uploads\/2018\/07\/DSC_0016-1024x652.jpg\" alt=\"\" width=\"396\" height=\"252\" srcset=\"https:\/\/www.quetzalma.org\/wp-content\/uploads\/2018\/07\/DSC_0016-1024x652.jpg 1024w, https:\/\/www.quetzalma.org\/wp-content\/uploads\/2018\/07\/DSC_0016-300x191.jpg 300w, https:\/\/www.quetzalma.org\/wp-content\/uploads\/2018\/07\/DSC_0016-768x489.jpg 768w, https:\/\/www.quetzalma.org\/wp-content\/uploads\/2018\/07\/DSC_0016-150x95.jpg 150w\" sizes=\"auto, (max-width: 396px) 100vw, 396px\" \/><\/a><\/p>\n<p>&nbsp;<\/p>\n<p>&nbsp;<\/p>\n<p>&nbsp;<\/p>\n<p>&nbsp;<\/p>\n","protected":false},"excerpt":{"rendered":"<p>Tous les deux ans \u00e0 Dambach Neunhoffen, la myrtille est mise \u00e0 l\u2019honneur lors d\u2019une journ\u00e9e de f\u00eate au mois de juillet. On y d\u00e9couvre\u2026<\/p>\n<p class=\"continue-reading-button\"> <a class=\"continue-reading-link\" href=\"https:\/\/www.quetzalma.org\/?page_id=6209\">Lire la suite<i class=\"crycon-right-dir\"><\/i><\/a><\/p>\n","protected":false},"author":1,"featured_media":0,"parent":4745,"menu_order":9,"comment_status":"closed","ping_status":"closed","template":"","meta":{"footnotes":""},"class_list":["post-6209","page","type-page","status-publish","hentry"],"_links":{"self":[{"href":"https:\/\/www.quetzalma.org\/index.php?rest_route=\/wp\/v2\/pages\/6209","targetHints":{"allow":["GET"]}}],"collection":[{"href":"https:\/\/www.quetzalma.org\/index.php?rest_route=\/wp\/v2\/pages"}],"about":[{"href":"https:\/\/www.quetzalma.org\/index.php?rest_route=\/wp\/v2\/types\/page"}],"author":[{"embeddable":true,"href":"https:\/\/www.quetzalma.org\/index.php?rest_route=\/wp\/v2\/users\/1"}],"replies":[{"embeddable":true,"href":"https:\/\/www.quetzalma.org\/index.php?rest_route=%2Fwp%2Fv2%2Fcomments&post=6209"}],"version-history":[{"count":2,"href":"https:\/\/www.quetzalma.org\/index.php?rest_route=\/wp\/v2\/pages\/6209\/revisions"}],"predecessor-version":[{"id":6211,"href":"https:\/\/www.quetzalma.org\/index.php?rest_route=\/wp\/v2\/pages\/6209\/revisions\/6211"}],"up":[{"embeddable":true,"href":"https:\/\/www.quetzalma.org\/index.php?rest_route=\/wp\/v2\/pages\/4745"}],"wp:attachment":[{"href":"https:\/\/www.quetzalma.org\/index.php?rest_route=%2Fwp%2Fv2%2Fmedia&parent=6209"}],"curies":[{"name":"wp","href":"https:\/\/api.w.org\/{rel}","templated":true}]}}