{"id":6381,"date":"2018-10-09T21:50:22","date_gmt":"2018-10-09T20:50:22","guid":{"rendered":"http:\/\/www.quetzalma.org\/?page_id=6381"},"modified":"2018-10-09T21:54:15","modified_gmt":"2018-10-09T20:54:15","slug":"fete-de-la-choucroute-dimanche-26-aout-2018-geispolsheim","status":"publish","type":"page","link":"https:\/\/www.quetzalma.org\/?page_id=6381","title":{"rendered":"F\u00eate de la Choucroute &#8211; dimanche 26 ao\u00fbt 2018 Geispolsheim"},"content":{"rendered":"<div class=\"pdfprnt-buttons pdfprnt-buttons-page pdfprnt-top-right\"><a href=\"https:\/\/www.quetzalma.org\/index.php?rest_route=%2Fwp%2Fv2%2Fpages%2F6381&print=pdf\" class=\"pdfprnt-button pdfprnt-button-pdf\" target=\"_blank\" ><img decoding=\"async\" src=\"https:\/\/www.quetzalma.org\/wp-content\/plugins\/pdf-print\/images\/pdf.png\" alt=\"image_pdf\" title=\"Afficher le PDF\" \/><\/a><a href=\"https:\/\/www.quetzalma.org\/index.php?rest_route=%2Fwp%2Fv2%2Fpages%2F6381&print=print\" class=\"pdfprnt-button pdfprnt-button-print\" target=\"_blank\" ><img decoding=\"async\" src=\"https:\/\/www.quetzalma.org\/wp-content\/plugins\/pdf-print\/images\/print.png\" alt=\"image_print\" title=\"Contenu imprim\u00e9\" \/><\/a><\/div><div>\n<p>Festi&rsquo;Geis a organis\u00e9 sa 51\u00e8me \u00e9dition de la traditionnelle f\u00eate de la choucroute<\/p>\n<p>Une magnifique journ\u00e9e plac\u00e9e sous le signe de la f\u00eate<\/p>\n<p>Le grand cort\u00e8ge :<\/p>\n<p>Les Noces d&rsquo;Antan en costumes d&rsquo;\u00e9poque, des chars, des soci\u00e9t\u00e9s de musique, des groupes folkloriques, les\u00a0m\u00e9tiers anciens ont constitu\u00e9 une animation particuli\u00e8re.<\/p>\n<p><span style=\"font-family: Ubuntu;\"><a href=\"https:\/\/www.quetzalma.org\/?attachment_id=6262\" rel=\"attachment wp-att-6262\"><img loading=\"lazy\" decoding=\"async\" class=\"wp-image-6262 alignnone\" src=\"https:\/\/www.quetzalma.org\/wp-content\/uploads\/2018\/09\/GEIS2-1024x819.jpg\" alt=\"\" width=\"417\" height=\"333\" srcset=\"https:\/\/www.quetzalma.org\/wp-content\/uploads\/2018\/09\/GEIS2-1024x819.jpg 1024w, https:\/\/www.quetzalma.org\/wp-content\/uploads\/2018\/09\/GEIS2-300x240.jpg 300w, https:\/\/www.quetzalma.org\/wp-content\/uploads\/2018\/09\/GEIS2-768x614.jpg 768w, https:\/\/www.quetzalma.org\/wp-content\/uploads\/2018\/09\/GEIS2-150x120.jpg 150w\" sizes=\"auto, (max-width: 417px) 100vw, 417px\" \/>\u00a0 \u00a0 \u00a0 \u00a0 \u00a0 \u00a0 \u00a0 \u00a0 \u00a0 \u00a0<\/a><\/span><img loading=\"lazy\" decoding=\"async\" class=\"wp-image-6263 alignnone\" src=\"https:\/\/www.quetzalma.org\/wp-content\/uploads\/2018\/09\/GEIS3-859x1024.jpg\" alt=\"\" width=\"281\" height=\"335\" srcset=\"https:\/\/www.quetzalma.org\/wp-content\/uploads\/2018\/09\/GEIS3-859x1024.jpg 859w, https:\/\/www.quetzalma.org\/wp-content\/uploads\/2018\/09\/GEIS3-252x300.jpg 252w, https:\/\/www.quetzalma.org\/wp-content\/uploads\/2018\/09\/GEIS3-768x915.jpg 768w, https:\/\/www.quetzalma.org\/wp-content\/uploads\/2018\/09\/GEIS3-126x150.jpg 126w, https:\/\/www.quetzalma.org\/wp-content\/uploads\/2018\/09\/GEIS3.jpg 1678w\" sizes=\"auto, (max-width: 281px) 100vw, 281px\" \/><\/p>\n<p>&nbsp;<\/p>\n<\/div>\n<p><a href=\"https:\/\/www.quetzalma.org\/?attachment_id=6266\" rel=\"attachment wp-att-6266\"><img loading=\"lazy\" decoding=\"async\" class=\"wp-image-6266 alignnone\" src=\"https:\/\/www.quetzalma.org\/wp-content\/uploads\/2018\/09\/GEIS8-1024x989.jpg\" alt=\"\" width=\"358\" height=\"346\" srcset=\"https:\/\/www.quetzalma.org\/wp-content\/uploads\/2018\/09\/GEIS8-1024x989.jpg 1024w, https:\/\/www.quetzalma.org\/wp-content\/uploads\/2018\/09\/GEIS8-300x290.jpg 300w, https:\/\/www.quetzalma.org\/wp-content\/uploads\/2018\/09\/GEIS8-768x742.jpg 768w, https:\/\/www.quetzalma.org\/wp-content\/uploads\/2018\/09\/GEIS8-150x145.jpg 150w, https:\/\/www.quetzalma.org\/wp-content\/uploads\/2018\/09\/GEIS8.jpg 1465w\" sizes=\"auto, (max-width: 358px) 100vw, 358px\" \/>\u00a0\u00a0<\/a><img loading=\"lazy\" decoding=\"async\" class=\"wp-image-6267 alignnone\" src=\"https:\/\/www.quetzalma.org\/wp-content\/uploads\/2018\/09\/GEIS12-1024x878.jpg\" alt=\"\" width=\"403\" height=\"345\" srcset=\"https:\/\/www.quetzalma.org\/wp-content\/uploads\/2018\/09\/GEIS12-1024x878.jpg 1024w, https:\/\/www.quetzalma.org\/wp-content\/uploads\/2018\/09\/GEIS12-300x257.jpg 300w, https:\/\/www.quetzalma.org\/wp-content\/uploads\/2018\/09\/GEIS12-768x659.jpg 768w, https:\/\/www.quetzalma.org\/wp-content\/uploads\/2018\/09\/GEIS12-150x129.jpg 150w, https:\/\/www.quetzalma.org\/wp-content\/uploads\/2018\/09\/GEIS12.jpg 1846w\" sizes=\"auto, (max-width: 403px) 100vw, 403px\" \/><\/p>\n<p>&nbsp;<\/p>\n<p><img loading=\"lazy\" decoding=\"async\" class=\"wp-image-6264 alignnone\" src=\"https:\/\/www.quetzalma.org\/wp-content\/uploads\/2018\/09\/GEIS4-1024x901.jpg\" alt=\"\" width=\"451\" height=\"397\" srcset=\"https:\/\/www.quetzalma.org\/wp-content\/uploads\/2018\/09\/GEIS4-1024x901.jpg 1024w, https:\/\/www.quetzalma.org\/wp-content\/uploads\/2018\/09\/GEIS4-300x264.jpg 300w, https:\/\/www.quetzalma.org\/wp-content\/uploads\/2018\/09\/GEIS4-768x676.jpg 768w, https:\/\/www.quetzalma.org\/wp-content\/uploads\/2018\/09\/GEIS4-150x132.jpg 150w\" sizes=\"auto, (max-width: 451px) 100vw, 451px\" \/><a href=\"https:\/\/www.quetzalma.org\/?attachment_id=6288\" rel=\"attachment wp-att-6288\"><img loading=\"lazy\" decoding=\"async\" class=\"wp-image-6288 alignleft\" src=\"https:\/\/www.quetzalma.org\/wp-content\/uploads\/2018\/09\/GEIS13-1-371x1024.jpg\" alt=\"\" width=\"292\" height=\"806\" srcset=\"https:\/\/www.quetzalma.org\/wp-content\/uploads\/2018\/09\/GEIS13-1-371x1024.jpg 371w, https:\/\/www.quetzalma.org\/wp-content\/uploads\/2018\/09\/GEIS13-1-109x300.jpg 109w, https:\/\/www.quetzalma.org\/wp-content\/uploads\/2018\/09\/GEIS13-1-54x150.jpg 54w, https:\/\/www.quetzalma.org\/wp-content\/uploads\/2018\/09\/GEIS13-1.jpg 559w\" sizes=\"auto, (max-width: 292px) 100vw, 292px\" \/><\/a><\/p>\n<p>&nbsp;<\/p>\n<p>&nbsp;<\/p>\n<p><a style=\"color: #00b200;\" href=\"https:\/\/www.quetzalma.org\/?attachment_id=6288\" rel=\"attachment wp-att-6288\"><img loading=\"lazy\" decoding=\"async\" class=\"wp-image-6281 alignnone\" src=\"https:\/\/www.quetzalma.org\/wp-content\/uploads\/2018\/09\/GEIS21-1024x814.jpg\" alt=\"\" width=\"448\" height=\"356\" srcset=\"https:\/\/www.quetzalma.org\/wp-content\/uploads\/2018\/09\/GEIS21-1024x814.jpg 1024w, https:\/\/www.quetzalma.org\/wp-content\/uploads\/2018\/09\/GEIS21-300x238.jpg 300w, https:\/\/www.quetzalma.org\/wp-content\/uploads\/2018\/09\/GEIS21-768x611.jpg 768w, https:\/\/www.quetzalma.org\/wp-content\/uploads\/2018\/09\/GEIS21-150x119.jpg 150w, https:\/\/www.quetzalma.org\/wp-content\/uploads\/2018\/09\/GEIS21.jpg 1756w\" sizes=\"auto, (max-width: 448px) 100vw, 448px\" \/><\/a><\/p>\n<p>&nbsp;<\/p>\n<p>&nbsp;<\/p>\n<p style=\"text-align: left;\">\u00a0 \u00a0 \u00a0 \u00a0 \u00a0 \u00a0 \u00a0 \u00a0 \u00a0 \u00a0 \u00a0 \u00a0 \u00a0 \u00a0 \u00a0 \u00a0 \u00a0 \u00a0 \u00a0 \u00a0 \u00a0 \u00a0 \u00a0 \u00a0 \u00a0 \u00a0 \u00a0 \u00a0 \u00a0 \u00a0 \u00a0 \u00a0 \u00a0 \u00a0 \u00a0 \u00a0 \u00a0 \u00a0 \u00a0 \u00a0 Le groupe folklorique de Meistratzheim<\/p>\n<p>\u00a0 \u00a0 \u00a0 \u00a0 \u00a0 \u00a0 \u00a0 \u00a0 \u00a0 \u00a0 \u00a0 \u00a0 \u00a0 \u00a0 \u00a0 \u00a0 \u00a0 \u00a0 \u00a0 \u00a0 \u00a0 \u00a0 \u00a0 \u00a0 \u00a0 \u00a0 \u00a0 \u00a0 \u00a0 \u00a0\u00a0<img loading=\"lazy\" decoding=\"async\" class=\"wp-image-6276 alignnone\" src=\"https:\/\/www.quetzalma.org\/wp-content\/uploads\/2018\/09\/GEIS16-1024x851.jpg\" alt=\"\" width=\"400\" height=\"332\" srcset=\"https:\/\/www.quetzalma.org\/wp-content\/uploads\/2018\/09\/GEIS16-1024x851.jpg 1024w, https:\/\/www.quetzalma.org\/wp-content\/uploads\/2018\/09\/GEIS16-300x249.jpg 300w, https:\/\/www.quetzalma.org\/wp-content\/uploads\/2018\/09\/GEIS16-768x639.jpg 768w, https:\/\/www.quetzalma.org\/wp-content\/uploads\/2018\/09\/GEIS16-150x125.jpg 150w\" sizes=\"auto, (max-width: 400px) 100vw, 400px\" \/><\/p>\n<p>Souriez mesdames vous \u00eates belles !\u00a0<img decoding=\"async\" src=\"https:\/\/www.quetzalma.org\/wp-content\/plugins\/wp-edit\/plugins\/emoticons\/img\/smiley-kiss.gif\" \/> Mauricette et Marguerite aux bras de leur charmant cavalier Jean-Yves et Andr\u00e9<\/p>\n<p>&nbsp;<\/p>\n<p><a href=\"https:\/\/www.quetzalma.org\/?attachment_id=6278\" rel=\"attachment wp-att-6278\"><img loading=\"lazy\" decoding=\"async\" class=\"wp-image-6278 alignnone\" src=\"https:\/\/www.quetzalma.org\/wp-content\/uploads\/2018\/09\/GEIS18-1024x825.jpg\" alt=\"\" width=\"381\" height=\"307\" srcset=\"https:\/\/www.quetzalma.org\/wp-content\/uploads\/2018\/09\/GEIS18-1024x825.jpg 1024w, https:\/\/www.quetzalma.org\/wp-content\/uploads\/2018\/09\/GEIS18-300x242.jpg 300w, https:\/\/www.quetzalma.org\/wp-content\/uploads\/2018\/09\/GEIS18-768x619.jpg 768w, https:\/\/www.quetzalma.org\/wp-content\/uploads\/2018\/09\/GEIS18-150x121.jpg 150w\" sizes=\"auto, (max-width: 381px) 100vw, 381px\" \/>\u00a0\u00a0<\/a><a href=\"https:\/\/www.quetzalma.org\/?attachment_id=6279\" rel=\"attachment wp-att-6279\"><img loading=\"lazy\" decoding=\"async\" class=\"wp-image-6279 alignnone\" src=\"https:\/\/www.quetzalma.org\/wp-content\/uploads\/2018\/09\/GEIS19-1024x791.jpg\" alt=\"\" width=\"395\" height=\"305\" srcset=\"https:\/\/www.quetzalma.org\/wp-content\/uploads\/2018\/09\/GEIS19-1024x791.jpg 1024w, https:\/\/www.quetzalma.org\/wp-content\/uploads\/2018\/09\/GEIS19-300x232.jpg 300w, https:\/\/www.quetzalma.org\/wp-content\/uploads\/2018\/09\/GEIS19-768x594.jpg 768w, https:\/\/www.quetzalma.org\/wp-content\/uploads\/2018\/09\/GEIS19-150x116.jpg 150w\" sizes=\"auto, (max-width: 395px) 100vw, 395px\" \/><\/a><\/p>\n<p style=\"text-align: justify;\">\u00a0 \u00a0 \u00a0 \u00a0 \u00a0 \u00a0 \u00a0 \u00a0 \u00a0 \u00a0 \u00a0 \u00a0 \u00a0 \u00a0 \u00a0 \u00a0 \u00a0 \u00a0 \u00a0 \u00a0 \u00a0 \u00a0 \u00a0 \u00a0 \u00a0 \u00a0 \u00a0 \u00a0 \u00a0 Roland et Nazca semblent int\u00e9ress\u00e9s par ce magnifique d\u00e9fil\u00e9 ..<\/p>\n<p><a href=\"https:\/\/www.quetzalma.org\/?attachment_id=6273\" rel=\"attachment wp-att-6273\">\u00a0 \u00a0 \u00a0 \u00a0 \u00a0 \u00a0 \u00a0 \u00a0 \u00a0 \u00a0 \u00a0 \u00a0 \u00a0 \u00a0 \u00a0 \u00a0 \u00a0 \u00a0 \u00a0 \u00a0 \u00a0 \u00a0 \u00a0 \u00a0 \u00a0 \u00a0 \u00a0<img loading=\"lazy\" decoding=\"async\" class=\"wp-image-6273 alignnone\" src=\"https:\/\/www.quetzalma.org\/wp-content\/uploads\/2018\/09\/GEIS6-1024x1006.jpg\" alt=\"\" width=\"420\" height=\"412\" srcset=\"https:\/\/www.quetzalma.org\/wp-content\/uploads\/2018\/09\/GEIS6-1024x1006.jpg 1024w, https:\/\/www.quetzalma.org\/wp-content\/uploads\/2018\/09\/GEIS6-300x295.jpg 300w, https:\/\/www.quetzalma.org\/wp-content\/uploads\/2018\/09\/GEIS6-768x755.jpg 768w, https:\/\/www.quetzalma.org\/wp-content\/uploads\/2018\/09\/GEIS6-150x147.jpg 150w, https:\/\/www.quetzalma.org\/wp-content\/uploads\/2018\/09\/GEIS6.jpg 1921w\" sizes=\"auto, (max-width: 420px) 100vw, 420px\" \/><\/a><\/p>\n<p>Soeurette Mich\u00e8le et Roland posent pr\u00e8s de notre belle poup\u00e9e p\u00e9ruvienne qui arbore notre logo \u00ab\u00a0quetzalma\u00a0\u00bb<\/p>\n<p><a href=\"https:\/\/www.quetzalma.org\/?attachment_id=6283\" rel=\"attachment wp-att-6283\"><img loading=\"lazy\" decoding=\"async\" class=\"wp-image-6283 alignnone\" src=\"https:\/\/www.quetzalma.org\/wp-content\/uploads\/2018\/09\/GEIS23-e1535923579471-684x1024.jpg\" alt=\"\" width=\"361\" height=\"540\" srcset=\"https:\/\/www.quetzalma.org\/wp-content\/uploads\/2018\/09\/GEIS23-e1535923579471-684x1024.jpg 684w, https:\/\/www.quetzalma.org\/wp-content\/uploads\/2018\/09\/GEIS23-e1535923579471-201x300.jpg 201w, https:\/\/www.quetzalma.org\/wp-content\/uploads\/2018\/09\/GEIS23-e1535923579471-768x1149.jpg 768w, https:\/\/www.quetzalma.org\/wp-content\/uploads\/2018\/09\/GEIS23-e1535923579471-100x150.jpg 100w, https:\/\/www.quetzalma.org\/wp-content\/uploads\/2018\/09\/GEIS23-e1535923579471.jpg 2000w\" sizes=\"auto, (max-width: 361px) 100vw, 361px\" \/>\u00a0 \u00a0 \u00a0 \u00a0 \u00a0 \u00a0 \u00a0 \u00a0 \u00a0 \u00a0 \u00a0 \u00a0 \u00a0 \u00a0 \u00a0 \u00a0 \u00a0 \u00a0\u00a0<\/a><a href=\"https:\/\/www.quetzalma.org\/?attachment_id=6285\" rel=\"attachment wp-att-6285\"><img loading=\"lazy\" decoding=\"async\" class=\"wp-image-6285 alignnone\" src=\"https:\/\/www.quetzalma.org\/wp-content\/uploads\/2018\/09\/GEIS25-546x1024.jpg\" alt=\"\" width=\"289\" height=\"542\" srcset=\"https:\/\/www.quetzalma.org\/wp-content\/uploads\/2018\/09\/GEIS25-546x1024.jpg 546w, https:\/\/www.quetzalma.org\/wp-content\/uploads\/2018\/09\/GEIS25-160x300.jpg 160w, https:\/\/www.quetzalma.org\/wp-content\/uploads\/2018\/09\/GEIS25-768x1441.jpg 768w, https:\/\/www.quetzalma.org\/wp-content\/uploads\/2018\/09\/GEIS25-80x150.jpg 80w, https:\/\/www.quetzalma.org\/wp-content\/uploads\/2018\/09\/GEIS25.jpg 924w\" sizes=\"auto, (max-width: 289px) 100vw, 289px\" \/><\/a><\/p>\n<p>&nbsp;<\/p>\n<p>&nbsp;<\/p>\n<p>&nbsp;<\/p>\n<p>&nbsp;<\/p>\n<p>&nbsp;<\/p>\n","protected":false},"excerpt":{"rendered":"<p>Festi&rsquo;Geis a organis\u00e9 sa 51\u00e8me \u00e9dition de la traditionnelle f\u00eate de la choucroute Une magnifique journ\u00e9e plac\u00e9e sous le signe de la f\u00eate Le grand\u2026<\/p>\n<p class=\"continue-reading-button\"> <a class=\"continue-reading-link\" href=\"https:\/\/www.quetzalma.org\/?page_id=6381\">Lire la suite<i class=\"crycon-right-dir\"><\/i><\/a><\/p>\n","protected":false},"author":1,"featured_media":0,"parent":4745,"menu_order":14,"comment_status":"closed","ping_status":"closed","template":"","meta":{"footnotes":""},"class_list":["post-6381","page","type-page","status-publish","hentry"],"_links":{"self":[{"href":"https:\/\/www.quetzalma.org\/index.php?rest_route=\/wp\/v2\/pages\/6381","targetHints":{"allow":["GET"]}}],"collection":[{"href":"https:\/\/www.quetzalma.org\/index.php?rest_route=\/wp\/v2\/pages"}],"about":[{"href":"https:\/\/www.quetzalma.org\/index.php?rest_route=\/wp\/v2\/types\/page"}],"author":[{"embeddable":true,"href":"https:\/\/www.quetzalma.org\/index.php?rest_route=\/wp\/v2\/users\/1"}],"replies":[{"embeddable":true,"href":"https:\/\/www.quetzalma.org\/index.php?rest_route=%2Fwp%2Fv2%2Fcomments&post=6381"}],"version-history":[{"count":2,"href":"https:\/\/www.quetzalma.org\/index.php?rest_route=\/wp\/v2\/pages\/6381\/revisions"}],"predecessor-version":[{"id":6383,"href":"https:\/\/www.quetzalma.org\/index.php?rest_route=\/wp\/v2\/pages\/6381\/revisions\/6383"}],"up":[{"embeddable":true,"href":"https:\/\/www.quetzalma.org\/index.php?rest_route=\/wp\/v2\/pages\/4745"}],"wp:attachment":[{"href":"https:\/\/www.quetzalma.org\/index.php?rest_route=%2Fwp%2Fv2%2Fmedia&parent=6381"}],"curies":[{"name":"wp","href":"https:\/\/api.w.org\/{rel}","templated":true}]}}