{"id":6410,"date":"2018-10-18T16:23:04","date_gmt":"2018-10-18T15:23:04","guid":{"rendered":"http:\/\/www.quetzalma.org\/?page_id=6410"},"modified":"2018-11-10T16:26:58","modified_gmt":"2018-11-10T15:26:58","slug":"fete-de-la-biere-dimanche-2-septembre-2018-mutzig","status":"publish","type":"page","link":"https:\/\/www.quetzalma.org\/?page_id=6410","title":{"rendered":"F\u00eate de la Bi\u00e8re\u00a0 &#8211;\u00a0 dimanche 2 septembre 2018 Mutzig"},"content":{"rendered":"<div class=\"pdfprnt-buttons pdfprnt-buttons-page pdfprnt-top-right\"><a href=\"https:\/\/www.quetzalma.org\/index.php?rest_route=%2Fwp%2Fv2%2Fpages%2F6410&print=pdf\" class=\"pdfprnt-button pdfprnt-button-pdf\" target=\"_blank\" ><img decoding=\"async\" src=\"https:\/\/www.quetzalma.org\/wp-content\/plugins\/pdf-print\/images\/pdf.png\" alt=\"image_pdf\" title=\"Afficher le PDF\" \/><\/a><a href=\"https:\/\/www.quetzalma.org\/index.php?rest_route=%2Fwp%2Fv2%2Fpages%2F6410&print=print\" class=\"pdfprnt-button pdfprnt-button-print\" target=\"_blank\" ><img decoding=\"async\" src=\"https:\/\/www.quetzalma.org\/wp-content\/plugins\/pdf-print\/images\/print.png\" alt=\"image_print\" title=\"Contenu imprim\u00e9\" \/><\/a><\/div><div class=\"description clearfix\">\n<p>Le premier dimanche du mois de septembre, la ville rend hommage \u00e0 cette boisson qui a longtemps fait tourner l&rsquo;\u00e9conomie locale : la bi\u00e8re.<\/p>\n<p>Mousses et ambiance seront de la partie perp\u00e9tuant ainsi le souvenir du pass\u00e9 brassicole autour de la fontaine de la bi\u00e8re.<\/p>\n<\/div>\n<p><a href=\"https:\/\/www.quetzalma.org\/?attachment_id=6307\" rel=\"attachment wp-att-6307\"><img loading=\"lazy\" decoding=\"async\" class=\"wp-image-6307 alignnone\" src=\"https:\/\/www.quetzalma.org\/wp-content\/uploads\/2018\/09\/MUTZ4-1024x684.jpg\" alt=\"\" width=\"395\" height=\"263\" srcset=\"https:\/\/www.quetzalma.org\/wp-content\/uploads\/2018\/09\/MUTZ4-1024x684.jpg 1024w, https:\/\/www.quetzalma.org\/wp-content\/uploads\/2018\/09\/MUTZ4-300x201.jpg 300w, https:\/\/www.quetzalma.org\/wp-content\/uploads\/2018\/09\/MUTZ4-768x513.jpg 768w, https:\/\/www.quetzalma.org\/wp-content\/uploads\/2018\/09\/MUTZ4-150x100.jpg 150w\" sizes=\"auto, (max-width: 395px) 100vw, 395px\" \/>\u00a0 \u00a0 \u00a0 \u00a0 \u00a0 \u00a0 \u00a0 \u00a0<\/a><a href=\"https:\/\/www.quetzalma.org\/?attachment_id=6308\" rel=\"attachment wp-att-6308\"><img loading=\"lazy\" decoding=\"async\" class=\"wp-image-6308 alignnone\" src=\"https:\/\/www.quetzalma.org\/wp-content\/uploads\/2018\/09\/MUTZ5-1024x796.jpg\" alt=\"\" width=\"341\" height=\"265\" srcset=\"https:\/\/www.quetzalma.org\/wp-content\/uploads\/2018\/09\/MUTZ5-1024x796.jpg 1024w, https:\/\/www.quetzalma.org\/wp-content\/uploads\/2018\/09\/MUTZ5-300x233.jpg 300w, https:\/\/www.quetzalma.org\/wp-content\/uploads\/2018\/09\/MUTZ5-768x597.jpg 768w, https:\/\/www.quetzalma.org\/wp-content\/uploads\/2018\/09\/MUTZ5-150x117.jpg 150w\" sizes=\"auto, (max-width: 341px) 100vw, 341px\" \/><\/a><\/p>\n<p><a href=\"https:\/\/www.quetzalma.org\/?attachment_id=6309\" rel=\"attachment wp-att-6309\"><img loading=\"lazy\" decoding=\"async\" class=\"wp-image-6309 alignnone\" src=\"https:\/\/www.quetzalma.org\/wp-content\/uploads\/2018\/09\/MUTZ6-1024x741.jpg\" alt=\"\" width=\"406\" height=\"294\" srcset=\"https:\/\/www.quetzalma.org\/wp-content\/uploads\/2018\/09\/MUTZ6-1024x741.jpg 1024w, https:\/\/www.quetzalma.org\/wp-content\/uploads\/2018\/09\/MUTZ6-300x217.jpg 300w, https:\/\/www.quetzalma.org\/wp-content\/uploads\/2018\/09\/MUTZ6-768x556.jpg 768w, https:\/\/www.quetzalma.org\/wp-content\/uploads\/2018\/09\/MUTZ6-150x109.jpg 150w\" sizes=\"auto, (max-width: 406px) 100vw, 406px\" \/>\u00a0 \u00a0 \u00a0 \u00a0 \u00a0 \u00a0 \u00a0 \u00a0 \u00a0 \u00a0 \u00a0 \u00a0<\/a><a href=\"https:\/\/www.quetzalma.org\/?attachment_id=6310\" rel=\"attachment wp-att-6310\"><img loading=\"lazy\" decoding=\"async\" class=\"wp-image-6310 alignnone\" src=\"https:\/\/www.quetzalma.org\/wp-content\/uploads\/2018\/09\/MUTZ7-1024x993.jpg\" alt=\"\" width=\"301\" height=\"292\" srcset=\"https:\/\/www.quetzalma.org\/wp-content\/uploads\/2018\/09\/MUTZ7-1024x993.jpg 1024w, https:\/\/www.quetzalma.org\/wp-content\/uploads\/2018\/09\/MUTZ7-300x291.jpg 300w, https:\/\/www.quetzalma.org\/wp-content\/uploads\/2018\/09\/MUTZ7-768x745.jpg 768w, https:\/\/www.quetzalma.org\/wp-content\/uploads\/2018\/09\/MUTZ7-150x145.jpg 150w\" sizes=\"auto, (max-width: 301px) 100vw, 301px\" \/><\/a><\/p>\n<p>&nbsp;<\/p>\n<p>Des petites sp\u00e9cialit\u00e9s bien app\u00e9tissantes ont \u00e9t\u00e9 pr\u00e9par\u00e9es<\/p>\n<p><a href=\"https:\/\/www.quetzalma.org\/?attachment_id=6304\" rel=\"attachment wp-att-6304\"><img loading=\"lazy\" decoding=\"async\" class=\"wp-image-6304 alignnone\" src=\"https:\/\/www.quetzalma.org\/wp-content\/uploads\/2018\/09\/MUTZ1-1024x789.jpg\" alt=\"\" width=\"380\" height=\"292\" srcset=\"https:\/\/www.quetzalma.org\/wp-content\/uploads\/2018\/09\/MUTZ1-1024x789.jpg 1024w, https:\/\/www.quetzalma.org\/wp-content\/uploads\/2018\/09\/MUTZ1-300x231.jpg 300w, https:\/\/www.quetzalma.org\/wp-content\/uploads\/2018\/09\/MUTZ1-768x592.jpg 768w, https:\/\/www.quetzalma.org\/wp-content\/uploads\/2018\/09\/MUTZ1-150x116.jpg 150w\" sizes=\"auto, (max-width: 380px) 100vw, 380px\" \/><\/a><span style=\"font-family: Ubuntu;\">\u00a0 \u00a0 <\/span><a href=\"https:\/\/www.quetzalma.org\/?attachment_id=6305\" rel=\"attachment wp-att-6305\"><img loading=\"lazy\" decoding=\"async\" class=\"wp-image-6305 alignnone\" src=\"https:\/\/www.quetzalma.org\/wp-content\/uploads\/2018\/09\/MUTZ2-1024x551.jpg\" alt=\"\" width=\"397\" height=\"214\" srcset=\"https:\/\/www.quetzalma.org\/wp-content\/uploads\/2018\/09\/MUTZ2-1024x551.jpg 1024w, https:\/\/www.quetzalma.org\/wp-content\/uploads\/2018\/09\/MUTZ2-300x161.jpg 300w, https:\/\/www.quetzalma.org\/wp-content\/uploads\/2018\/09\/MUTZ2-768x413.jpg 768w, https:\/\/www.quetzalma.org\/wp-content\/uploads\/2018\/09\/MUTZ2-150x81.jpg 150w\" sizes=\"auto, (max-width: 397px) 100vw, 397px\" \/><\/a><\/p>\n<div class=\"description clearfix\">\n<p>\u00a0 \u00a0 \u00a0 \u00a0 \u00a0 \u00a0 \u00a0 \u00a0 \u00a0 \u00a0 \u00a0 \u00a0 \u00a0 \u00a0 \u00a0 \u00a0 \u00a0 \u00a0 \u00a0 \u00a0 \u00a0 \u00a0 \u00a0 \u00a0 \u00a0 \u00a0 \u00a0 \u00a0 \u00a0 \u00a0 \u00a0 \u00a0 \u00a0 \u00a0 \u00a0 \u00a0 \u00a0 \u00a0 \u00a0 \u00a0 \u00a0miam, miam, c&rsquo;\u00e9tait d\u00e9licieux <span style=\"text-decoration: underline;\">!<\/span><\/p>\n<p><img loading=\"lazy\" decoding=\"async\" class=\"wp-image-6306 aligncenter\" src=\"https:\/\/www.quetzalma.org\/wp-content\/uploads\/2018\/09\/MUTZ3-1024x706.jpg\" alt=\"\" width=\"380\" height=\"262\" srcset=\"https:\/\/www.quetzalma.org\/wp-content\/uploads\/2018\/09\/MUTZ3-1024x706.jpg 1024w, https:\/\/www.quetzalma.org\/wp-content\/uploads\/2018\/09\/MUTZ3-300x207.jpg 300w, https:\/\/www.quetzalma.org\/wp-content\/uploads\/2018\/09\/MUTZ3-768x529.jpg 768w, https:\/\/www.quetzalma.org\/wp-content\/uploads\/2018\/09\/MUTZ3-150x103.jpg 150w\" sizes=\"auto, (max-width: 380px) 100vw, 380px\" \/><\/p>\n<p>&nbsp;<\/p>\n<p>Animations au Centre ville de Mutzig de 10h \u00e0 18h :<\/p>\n<p><a href=\"https:\/\/www.quetzalma.org\/?attachment_id=6311\" rel=\"attachment wp-att-6311\"><img loading=\"lazy\" decoding=\"async\" class=\"wp-image-6311 alignnone\" src=\"https:\/\/www.quetzalma.org\/wp-content\/uploads\/2018\/09\/MUTZ8-1024x721.jpg\" alt=\"\" width=\"399\" height=\"281\" srcset=\"https:\/\/www.quetzalma.org\/wp-content\/uploads\/2018\/09\/MUTZ8-1024x721.jpg 1024w, https:\/\/www.quetzalma.org\/wp-content\/uploads\/2018\/09\/MUTZ8-300x211.jpg 300w, https:\/\/www.quetzalma.org\/wp-content\/uploads\/2018\/09\/MUTZ8-768x541.jpg 768w, https:\/\/www.quetzalma.org\/wp-content\/uploads\/2018\/09\/MUTZ8-150x106.jpg 150w, https:\/\/www.quetzalma.org\/wp-content\/uploads\/2018\/09\/MUTZ8.jpg 2032w\" sizes=\"auto, (max-width: 399px) 100vw, 399px\" \/><\/a>\u00a0 \u00a0 \u00a0 \u00a0\u00a0<a href=\"https:\/\/www.quetzalma.org\/?attachment_id=6312\" rel=\"attachment wp-att-6312\"><img loading=\"lazy\" decoding=\"async\" class=\"wp-image-6312 alignnone\" src=\"https:\/\/www.quetzalma.org\/wp-content\/uploads\/2018\/09\/MUTZ9-1024x800.jpg\" alt=\"\" width=\"364\" height=\"285\" srcset=\"https:\/\/www.quetzalma.org\/wp-content\/uploads\/2018\/09\/MUTZ9-1024x800.jpg 1024w, https:\/\/www.quetzalma.org\/wp-content\/uploads\/2018\/09\/MUTZ9-300x234.jpg 300w, https:\/\/www.quetzalma.org\/wp-content\/uploads\/2018\/09\/MUTZ9-768x600.jpg 768w, https:\/\/www.quetzalma.org\/wp-content\/uploads\/2018\/09\/MUTZ9-150x117.jpg 150w\" sizes=\"auto, (max-width: 364px) 100vw, 364px\" \/><\/a><\/p>\n<p>Stand artisanat avec promotion de notre soir\u00e9e celtique<\/p>\n<p>&nbsp;<\/p>\n<p><a href=\"https:\/\/www.quetzalma.org\/?attachment_id=6313\" rel=\"attachment wp-att-6313\"><img loading=\"lazy\" decoding=\"async\" class=\"wp-image-6313 alignnone\" src=\"https:\/\/www.quetzalma.org\/wp-content\/uploads\/2018\/09\/MUTZ11-1024x649.jpg\" alt=\"\" width=\"393\" height=\"250\" srcset=\"https:\/\/www.quetzalma.org\/wp-content\/uploads\/2018\/09\/MUTZ11-1024x649.jpg 1024w, https:\/\/www.quetzalma.org\/wp-content\/uploads\/2018\/09\/MUTZ11-300x190.jpg 300w, https:\/\/www.quetzalma.org\/wp-content\/uploads\/2018\/09\/MUTZ11-768x487.jpg 768w, https:\/\/www.quetzalma.org\/wp-content\/uploads\/2018\/09\/MUTZ11-150x95.jpg 150w\" sizes=\"auto, (max-width: 393px) 100vw, 393px\" \/><\/a>\u00a0 \u00a0 \u00a0<a href=\"https:\/\/www.quetzalma.org\/?attachment_id=6314\" rel=\"attachment wp-att-6314\"><img loading=\"lazy\" decoding=\"async\" class=\"wp-image-6314 alignnone\" src=\"https:\/\/www.quetzalma.org\/wp-content\/uploads\/2018\/09\/MUTZ12-1024x684.jpg\" alt=\"\" width=\"375\" height=\"251\" srcset=\"https:\/\/www.quetzalma.org\/wp-content\/uploads\/2018\/09\/MUTZ12-1024x684.jpg 1024w, https:\/\/www.quetzalma.org\/wp-content\/uploads\/2018\/09\/MUTZ12-300x201.jpg 300w, https:\/\/www.quetzalma.org\/wp-content\/uploads\/2018\/09\/MUTZ12-768x513.jpg 768w, https:\/\/www.quetzalma.org\/wp-content\/uploads\/2018\/09\/MUTZ12-150x100.jpg 150w\" sizes=\"auto, (max-width: 375px) 100vw, 375px\" \/><\/a><\/p>\n<p>Tiphaine et Myke, charmant couple particuli\u00e8rement sensible \u00e0 la noble cause que nous d\u00e9fendons ardemment\u00a0<img decoding=\"async\" src=\"https:\/\/www.quetzalma.org\/wp-content\/plugins\/wp-edit\/plugins\/emoticons\/img\/smiley-kiss.gif\" \/><\/p>\n<p><a href=\"https:\/\/www.quetzalma.org\/?attachment_id=6315\" rel=\"attachment wp-att-6315\"><br \/>\n<img loading=\"lazy\" decoding=\"async\" class=\"wp-image-6315 aligncenter\" src=\"https:\/\/www.quetzalma.org\/wp-content\/uploads\/2018\/09\/MUTZ13-1024x864.jpg\" alt=\"\" width=\"410\" height=\"346\" srcset=\"https:\/\/www.quetzalma.org\/wp-content\/uploads\/2018\/09\/MUTZ13-1024x864.jpg 1024w, https:\/\/www.quetzalma.org\/wp-content\/uploads\/2018\/09\/MUTZ13-300x253.jpg 300w, https:\/\/www.quetzalma.org\/wp-content\/uploads\/2018\/09\/MUTZ13-768x648.jpg 768w, https:\/\/www.quetzalma.org\/wp-content\/uploads\/2018\/09\/MUTZ13-150x127.jpg 150w\" sizes=\"auto, (max-width: 410px) 100vw, 410px\" \/><\/a><\/p>\n<\/div>\n","protected":false},"excerpt":{"rendered":"<p>Le premier dimanche du mois de septembre, la ville rend hommage \u00e0 cette boisson qui a longtemps fait tourner l&rsquo;\u00e9conomie locale : la bi\u00e8re. Mousses\u2026<\/p>\n<p class=\"continue-reading-button\"> <a class=\"continue-reading-link\" href=\"https:\/\/www.quetzalma.org\/?page_id=6410\">Lire la suite<i class=\"crycon-right-dir\"><\/i><\/a><\/p>\n","protected":false},"author":1,"featured_media":0,"parent":4745,"menu_order":15,"comment_status":"closed","ping_status":"closed","template":"","meta":{"footnotes":""},"class_list":["post-6410","page","type-page","status-publish","hentry"],"_links":{"self":[{"href":"https:\/\/www.quetzalma.org\/index.php?rest_route=\/wp\/v2\/pages\/6410","targetHints":{"allow":["GET"]}}],"collection":[{"href":"https:\/\/www.quetzalma.org\/index.php?rest_route=\/wp\/v2\/pages"}],"about":[{"href":"https:\/\/www.quetzalma.org\/index.php?rest_route=\/wp\/v2\/types\/page"}],"author":[{"embeddable":true,"href":"https:\/\/www.quetzalma.org\/index.php?rest_route=\/wp\/v2\/users\/1"}],"replies":[{"embeddable":true,"href":"https:\/\/www.quetzalma.org\/index.php?rest_route=%2Fwp%2Fv2%2Fcomments&post=6410"}],"version-history":[{"count":2,"href":"https:\/\/www.quetzalma.org\/index.php?rest_route=\/wp\/v2\/pages\/6410\/revisions"}],"predecessor-version":[{"id":6412,"href":"https:\/\/www.quetzalma.org\/index.php?rest_route=\/wp\/v2\/pages\/6410\/revisions\/6412"}],"up":[{"embeddable":true,"href":"https:\/\/www.quetzalma.org\/index.php?rest_route=\/wp\/v2\/pages\/4745"}],"wp:attachment":[{"href":"https:\/\/www.quetzalma.org\/index.php?rest_route=%2Fwp%2Fv2%2Fmedia&parent=6410"}],"curies":[{"name":"wp","href":"https:\/\/api.w.org\/{rel}","templated":true}]}}