{"id":6679,"date":"2018-11-30T16:07:32","date_gmt":"2018-11-30T15:07:32","guid":{"rendered":"http:\/\/www.quetzalma.org\/?p=6679"},"modified":"2019-01-01T12:25:58","modified_gmt":"2019-01-01T11:25:58","slug":"marche-de-noel-montagnard-dabo-samedi-24-et-dimanche-25-novembre-2018","status":"publish","type":"page","link":"https:\/\/www.quetzalma.org\/?page_id=6679","title":{"rendered":"March\u00e9 de No\u00ebl Montagnard- Dabo samedi 24 et dimanche 25 novembre 2018"},"content":{"rendered":"<div class=\"pdfprnt-buttons pdfprnt-buttons-page pdfprnt-top-right\"><a href=\"https:\/\/www.quetzalma.org\/index.php?rest_route=%2Fwp%2Fv2%2Fpages%2F6679&print=pdf\" class=\"pdfprnt-button pdfprnt-button-pdf\" target=\"_blank\" ><img decoding=\"async\" src=\"https:\/\/www.quetzalma.org\/wp-content\/plugins\/pdf-print\/images\/pdf.png\" alt=\"image_pdf\" title=\"Afficher le PDF\" \/><\/a><a href=\"https:\/\/www.quetzalma.org\/index.php?rest_route=%2Fwp%2Fv2%2Fpages%2F6679&print=print\" class=\"pdfprnt-button pdfprnt-button-print\" target=\"_blank\" ><img decoding=\"async\" src=\"https:\/\/www.quetzalma.org\/wp-content\/plugins\/pdf-print\/images\/print.png\" alt=\"image_print\" title=\"Contenu imprim\u00e9\" \/><\/a><\/div><div class=\"description clearfix\">\n<p class=\"nom_fiche\"><span style=\"font-size: 10pt;\">Organis\u00e9 par Pays de Dabo-Animations, c<\/span><span style=\"font-family: georgia, palatino, serif;\"><span style=\"font-size: 10pt;\">e\u00a0march\u00e9 de No\u00ebl montagnard s&rsquo;est distingu\u00e9 par ses produits de No\u00ebl et du festif :\u00a0Artisanat, des produits du terroir, du champagne, des vins,\u00a0vin chaud, jus d&rsquo;orange chaud, bi\u00e8re de No\u00ebl et autres Maennele et Bredle.<\/span><\/span><\/p>\n<p><span style=\"font-family: georgia, palatino, serif; font-size: 10pt;\">Au c\u0153ur des Vosges mosellanes, le myst\u00e9rieux Rocher de Dabo surplombe la vall\u00e9e de la Zorn, de ses 664 m\u00e8tres d\u2019altitude, il domine le plateau lorrain au loin. Les routes et les chemins qui m\u00e8nent dans cette contr\u00e9e serpentent dans les montagnes et les vall\u00e9es.<\/span><\/p>\n<div class=\"teaserContent\">\n<div class=\"GEVT-goodies\">\n<p>&nbsp;<\/p>\n<\/div>\n<\/div>\n<h1><img loading=\"lazy\" decoding=\"async\" class=\"wp-image-6736 alignnone\" src=\"https:\/\/www.quetzalma.org\/wp-content\/uploads\/2018\/11\/STAND-DABO-1-1024x684.jpg\" alt=\"\" width=\"396\" height=\"265\" srcset=\"https:\/\/www.quetzalma.org\/wp-content\/uploads\/2018\/11\/STAND-DABO-1-1024x684.jpg 1024w, https:\/\/www.quetzalma.org\/wp-content\/uploads\/2018\/11\/STAND-DABO-1-300x201.jpg 300w, https:\/\/www.quetzalma.org\/wp-content\/uploads\/2018\/11\/STAND-DABO-1-768x513.jpg 768w, https:\/\/www.quetzalma.org\/wp-content\/uploads\/2018\/11\/STAND-DABO-1-150x100.jpg 150w\" sizes=\"auto, (max-width: 396px) 100vw, 396px\" \/>\u00a0 \u00a0 \u00a0\u00a0\u00a0<a href=\"https:\/\/www.quetzalma.org\/?attachment_id=6749\" rel=\"attachment wp-att-6749\"><img loading=\"lazy\" decoding=\"async\" class=\"wp-image-6749 alignnone\" src=\"https:\/\/www.quetzalma.org\/wp-content\/uploads\/2018\/11\/Stand.jpg\" alt=\"\" width=\"199\" height=\"265\" srcset=\"https:\/\/www.quetzalma.org\/wp-content\/uploads\/2018\/11\/Stand.jpg 597w, https:\/\/www.quetzalma.org\/wp-content\/uploads\/2018\/11\/Stand-225x300.jpg 225w, https:\/\/www.quetzalma.org\/wp-content\/uploads\/2018\/11\/Stand-113x150.jpg 113w\" sizes=\"auto, (max-width: 199px) 100vw, 199px\" \/><\/a><\/h1>\n<p><span style=\"font-family: georgia, palatino, serif; font-size: 10pt;\">Un march\u00e9 de No\u00ebl montagnard, cette p\u00e9riode magique, o\u00f9 l&rsquo;air m\u00eame est myst\u00e9rieusement charg\u00e9 de quelque chose d&rsquo;ind\u00e9finissable, de subtil, une ambiance\u00a0bien vonviviale \u00e0 la tomb\u00e9e de la nuit, les illuminations dans la for\u00eat &#8230;.\u00a0<\/span><\/p>\n<div class=\"teaserContent\">\n<div class=\"GEVT-goodies\"><span style=\"font-family: georgia, palatino, serif; font-size: 10pt;\">L\u2019atmosph\u00e8re y est \u00e9trange, particuli\u00e8re. Ici, l\u2019on p\u00e9n\u00e8tre dans un monde de dragons, de brigands, de fant\u00f4mes et de farfadets.<\/span><\/div>\n<div class=\"GEVT-goodies\">\n<p><span style=\"font-family: georgia, palatino, serif; font-size: 10pt;\">Les contes et les l\u00e9gendes hantent les lieux depuis des si\u00e8cles, m\u00eame si les \u00eatres mal\u00e9fiques ont \u00e9t\u00e9 combattus par des h\u00e9ros d\u2019un autre \u00e2ge.<\/span><span style=\"font-family: georgia, palatino, serif; font-size: 10pt;\">Dimanche, toute l&rsquo;\u00e9quipe \u00e9tait costum\u00e9e pour notre plus grand plaisir.\u00a0<\/span><\/p>\n<\/div>\n<\/div>\n<div class=\"description clearfix\">\n<p><span style=\"font-family: georgia, palatino, serif; font-size: 10pt;\">On y a go\u00fbt\u00e9 une Ziweld\u00fcppet, une soupe aux potirons et aux marrons servie depuis un chaudron chauff\u00e9 au feu de bois; une tartine du b\u00fbcheron pr\u00e9par\u00e9e devant nous avec du pain de campagne.<\/span><\/p>\n<p><span style=\"font-family: georgia, palatino, serif; font-size: 10pt;\">On a grill\u00e9 des tranches de lard sur une chandelle incandescente, et on s&rsquo;est laiss\u00e9 tenter par la nouveaut\u00e9 , la Dabiflette maison!<\/span><\/p>\n<\/div>\n<p>&nbsp;<\/p>\n<h1><a href=\"https:\/\/www.quetzalma.org\/?attachment_id=6742\" rel=\"attachment wp-att-6742\"><img loading=\"lazy\" decoding=\"async\" class=\"alignleft size-large wp-image-6742\" src=\"https:\/\/www.quetzalma.org\/wp-content\/uploads\/2018\/11\/STAND-DABO1.jpg\" alt=\"\" width=\"1\" height=\"1\" \/><\/a><\/h1>\n<h1><a href=\"https:\/\/www.quetzalma.org\/?attachment_id=6740\" rel=\"attachment wp-att-6740\"><img loading=\"lazy\" decoding=\"async\" class=\"wp-image-6740 alignleft\" src=\"https:\/\/www.quetzalma.org\/wp-content\/uploads\/2018\/11\/STAND-DABO-1024x684.jpg\" alt=\"\" width=\"395\" height=\"264\" \/><\/a><a href=\"https:\/\/www.quetzalma.org\/?attachment_id=6743\" rel=\"attachment wp-att-6743\"><img loading=\"lazy\" decoding=\"async\" class=\"alignleft size-large wp-image-6743\" src=\"https:\/\/www.quetzalma.org\/wp-content\/uploads\/2018\/11\/STAND-DABO1-1.jpg\" alt=\"\" width=\"1\" height=\"1\" \/><\/a><\/h1>\n<h1 id=\"nom_entite_fiche_lei\" class=\"nom_fiche\"><span style=\"font-size: 10pt;\"><a href=\"https:\/\/www.quetzalma.org\/?attachment_id=6707\" rel=\"attachment wp-att-6707\"><img loading=\"lazy\" decoding=\"async\" class=\"wp-image-6707 alignnone\" src=\"https:\/\/www.quetzalma.org\/wp-content\/uploads\/2018\/11\/1DABO-1024x684.jpg\" alt=\"\" width=\"395\" height=\"264\" srcset=\"https:\/\/www.quetzalma.org\/wp-content\/uploads\/2018\/11\/1DABO-1024x684.jpg 1024w, https:\/\/www.quetzalma.org\/wp-content\/uploads\/2018\/11\/1DABO-300x201.jpg 300w, https:\/\/www.quetzalma.org\/wp-content\/uploads\/2018\/11\/1DABO-768x513.jpg 768w, https:\/\/www.quetzalma.org\/wp-content\/uploads\/2018\/11\/1DABO-150x100.jpg 150w\" sizes=\"auto, (max-width: 395px) 100vw, 395px\" \/>\u00a0\u00a0<\/a><a href=\"https:\/\/www.quetzalma.org\/?attachment_id=6708\" rel=\"attachment wp-att-6708\"><img loading=\"lazy\" decoding=\"async\" class=\"wp-image-6708 alignnone\" src=\"https:\/\/www.quetzalma.org\/wp-content\/uploads\/2018\/11\/2DABO-1024x684.jpg\" alt=\"\" width=\"395\" height=\"264\" srcset=\"https:\/\/www.quetzalma.org\/wp-content\/uploads\/2018\/11\/2DABO-1024x684.jpg 1024w, https:\/\/www.quetzalma.org\/wp-content\/uploads\/2018\/11\/2DABO-300x201.jpg 300w, https:\/\/www.quetzalma.org\/wp-content\/uploads\/2018\/11\/2DABO-768x513.jpg 768w, https:\/\/www.quetzalma.org\/wp-content\/uploads\/2018\/11\/2DABO-150x100.jpg 150w\" sizes=\"auto, (max-width: 395px) 100vw, 395px\" \/><\/a><\/span><\/h1>\n<h1><img loading=\"lazy\" decoding=\"async\" class=\"wp-image-6709 alignnone\" src=\"https:\/\/www.quetzalma.org\/wp-content\/uploads\/2018\/11\/3DABO-1024x684.jpg\" alt=\"\" width=\"395\" height=\"264\" srcset=\"https:\/\/www.quetzalma.org\/wp-content\/uploads\/2018\/11\/3DABO-1024x684.jpg 1024w, https:\/\/www.quetzalma.org\/wp-content\/uploads\/2018\/11\/3DABO-300x201.jpg 300w, https:\/\/www.quetzalma.org\/wp-content\/uploads\/2018\/11\/3DABO-768x513.jpg 768w, https:\/\/www.quetzalma.org\/wp-content\/uploads\/2018\/11\/3DABO-150x100.jpg 150w\" sizes=\"auto, (max-width: 395px) 100vw, 395px\" \/>\u00a0<a href=\"https:\/\/www.quetzalma.org\/?attachment_id=6710\" rel=\"attachment wp-att-6710\"><img loading=\"lazy\" decoding=\"async\" class=\"wp-image-6710 alignnone\" src=\"https:\/\/www.quetzalma.org\/wp-content\/uploads\/2018\/11\/4DABO-1024x684.jpg\" alt=\"\" width=\"395\" height=\"265\" srcset=\"https:\/\/www.quetzalma.org\/wp-content\/uploads\/2018\/11\/4DABO-1024x684.jpg 1024w, https:\/\/www.quetzalma.org\/wp-content\/uploads\/2018\/11\/4DABO-300x201.jpg 300w, https:\/\/www.quetzalma.org\/wp-content\/uploads\/2018\/11\/4DABO-768x513.jpg 768w, https:\/\/www.quetzalma.org\/wp-content\/uploads\/2018\/11\/4DABO-150x100.jpg 150w\" sizes=\"auto, (max-width: 395px) 100vw, 395px\" \/><\/a><\/h1>\n<h1><img loading=\"lazy\" decoding=\"async\" class=\"alignnone wp-image-6713\" src=\"https:\/\/www.quetzalma.org\/wp-content\/uploads\/2018\/11\/6DABO-1024x684.jpg\" alt=\"\" width=\"395\" height=\"264\" srcset=\"https:\/\/www.quetzalma.org\/wp-content\/uploads\/2018\/11\/6DABO-1024x684.jpg 1024w, https:\/\/www.quetzalma.org\/wp-content\/uploads\/2018\/11\/6DABO-300x201.jpg 300w, https:\/\/www.quetzalma.org\/wp-content\/uploads\/2018\/11\/6DABO-768x513.jpg 768w, https:\/\/www.quetzalma.org\/wp-content\/uploads\/2018\/11\/6DABO-150x100.jpg 150w\" sizes=\"auto, (max-width: 395px) 100vw, 395px\" \/>\u00a0<a href=\"https:\/\/www.quetzalma.org\/?attachment_id=6714\" rel=\"attachment wp-att-6714\"><img loading=\"lazy\" decoding=\"async\" class=\"alignnone wp-image-6714\" src=\"https:\/\/www.quetzalma.org\/wp-content\/uploads\/2018\/11\/7DABO-1024x684.jpg\" alt=\"\" width=\"395\" height=\"264\" srcset=\"https:\/\/www.quetzalma.org\/wp-content\/uploads\/2018\/11\/7DABO-1024x684.jpg 1024w, https:\/\/www.quetzalma.org\/wp-content\/uploads\/2018\/11\/7DABO-300x201.jpg 300w, https:\/\/www.quetzalma.org\/wp-content\/uploads\/2018\/11\/7DABO-768x513.jpg 768w, https:\/\/www.quetzalma.org\/wp-content\/uploads\/2018\/11\/7DABO-150x100.jpg 150w\" sizes=\"auto, (max-width: 395px) 100vw, 395px\" \/><\/a><\/h1>\n<h1><img loading=\"lazy\" decoding=\"async\" class=\"alignnone wp-image-6715\" src=\"https:\/\/www.quetzalma.org\/wp-content\/uploads\/2018\/11\/8DABO-1024x684.jpg\" alt=\"\" width=\"390\" height=\"261\" srcset=\"https:\/\/www.quetzalma.org\/wp-content\/uploads\/2018\/11\/8DABO-1024x684.jpg 1024w, https:\/\/www.quetzalma.org\/wp-content\/uploads\/2018\/11\/8DABO-300x201.jpg 300w, https:\/\/www.quetzalma.org\/wp-content\/uploads\/2018\/11\/8DABO-768x513.jpg 768w, https:\/\/www.quetzalma.org\/wp-content\/uploads\/2018\/11\/8DABO-150x100.jpg 150w\" sizes=\"auto, (max-width: 390px) 100vw, 390px\" \/>\u00a0\u00a0<a href=\"https:\/\/www.quetzalma.org\/?attachment_id=6718\" rel=\"attachment wp-att-6718\"><img loading=\"lazy\" decoding=\"async\" class=\"alignnone wp-image-6718\" src=\"https:\/\/www.quetzalma.org\/wp-content\/uploads\/2018\/11\/11DABO-1024x684.jpg\" alt=\"\" width=\"390\" height=\"261\" srcset=\"https:\/\/www.quetzalma.org\/wp-content\/uploads\/2018\/11\/11DABO-1024x684.jpg 1024w, https:\/\/www.quetzalma.org\/wp-content\/uploads\/2018\/11\/11DABO-300x201.jpg 300w, https:\/\/www.quetzalma.org\/wp-content\/uploads\/2018\/11\/11DABO-768x513.jpg 768w, https:\/\/www.quetzalma.org\/wp-content\/uploads\/2018\/11\/11DABO-150x100.jpg 150w\" sizes=\"auto, (max-width: 390px) 100vw, 390px\" \/><\/a><\/h1>\n<h1>\u00a0 \u00a0 \u00a0 \u00a0 \u00a0\u00a0<img loading=\"lazy\" decoding=\"async\" class=\"wp-image-6717 alignnone\" src=\"https:\/\/www.quetzalma.org\/wp-content\/uploads\/2018\/11\/10DABO-578x1024.png\" alt=\"\" width=\"234\" height=\"415\" srcset=\"https:\/\/www.quetzalma.org\/wp-content\/uploads\/2018\/11\/10DABO-578x1024.png 578w, https:\/\/www.quetzalma.org\/wp-content\/uploads\/2018\/11\/10DABO-169x300.png 169w, https:\/\/www.quetzalma.org\/wp-content\/uploads\/2018\/11\/10DABO-85x150.png 85w, https:\/\/www.quetzalma.org\/wp-content\/uploads\/2018\/11\/10DABO.png 608w\" sizes=\"auto, (max-width: 234px) 100vw, 234px\" \/>\u00a0 \u00a0 \u00a0 \u00a0 \u00a0 \u00a0 \u00a0 \u00a0<img loading=\"lazy\" decoding=\"async\" class=\"wp-image-6716 alignnone\" src=\"https:\/\/www.quetzalma.org\/wp-content\/uploads\/2018\/11\/9DABO-e1543432351838-684x1024.jpg\" alt=\"\" width=\"274\" height=\"410\" srcset=\"https:\/\/www.quetzalma.org\/wp-content\/uploads\/2018\/11\/9DABO-e1543432351838-684x1024.jpg 684w, https:\/\/www.quetzalma.org\/wp-content\/uploads\/2018\/11\/9DABO-e1543432351838-201x300.jpg 201w, https:\/\/www.quetzalma.org\/wp-content\/uploads\/2018\/11\/9DABO-e1543432351838-768x1149.jpg 768w, https:\/\/www.quetzalma.org\/wp-content\/uploads\/2018\/11\/9DABO-e1543432351838-100x150.jpg 100w, https:\/\/www.quetzalma.org\/wp-content\/uploads\/2018\/11\/9DABO-e1543432351838.jpg 2000w\" sizes=\"auto, (max-width: 274px) 100vw, 274px\" \/><\/h1>\n<\/div>\n<p>&nbsp;<\/p>\n<div class=\"epyt-video-wrapper\"><iframe loading=\"lazy\"  id=\"_ytid_88587\"  width=\"900\" height=\"506\"  data-origwidth=\"900\" data-origheight=\"506\" src=\"https:\/\/www.youtube.com\/embed\/A0n1YcvkmNU?enablejsapi=1&#038;autoplay=0&#038;cc_load_policy=0&#038;cc_lang_pref=&#038;iv_load_policy=1&#038;loop=0&#038;rel=1&#038;fs=1&#038;playsinline=0&#038;autohide=2&#038;theme=dark&#038;color=red&#038;controls=1&#038;disablekb=0&#038;\" class=\"__youtube_prefs__  epyt-is-override  no-lazyload\" title=\"YouTube player\"  allow=\"fullscreen; accelerometer; autoplay; clipboard-write; encrypted-media; gyroscope; picture-in-picture; web-share\" referrerpolicy=\"strict-origin-when-cross-origin\" allowfullscreen data-no-lazy=\"1\" data-skipgform_ajax_framebjll=\"\"><\/iframe><\/div>\n<p><a href=\"https:\/\/www.quetzalma.org\/?attachment_id=6719\" rel=\"attachment wp-att-6719\"><img loading=\"lazy\" decoding=\"async\" class=\"wp-image-6719 alignnone\" src=\"https:\/\/www.quetzalma.org\/wp-content\/uploads\/2018\/11\/12DABO-1024x684.jpg\" alt=\"\" width=\"395\" height=\"264\" srcset=\"https:\/\/www.quetzalma.org\/wp-content\/uploads\/2018\/11\/12DABO-1024x684.jpg 1024w, https:\/\/www.quetzalma.org\/wp-content\/uploads\/2018\/11\/12DABO-300x201.jpg 300w, https:\/\/www.quetzalma.org\/wp-content\/uploads\/2018\/11\/12DABO-768x513.jpg 768w, https:\/\/www.quetzalma.org\/wp-content\/uploads\/2018\/11\/12DABO-150x100.jpg 150w\" sizes=\"auto, (max-width: 395px) 100vw, 395px\" \/>\u00a0\u00a0<\/a><a href=\"https:\/\/www.quetzalma.org\/?attachment_id=6720\" rel=\"attachment wp-att-6720\"><img loading=\"lazy\" decoding=\"async\" class=\"wp-image-6720 alignnone\" src=\"https:\/\/www.quetzalma.org\/wp-content\/uploads\/2018\/11\/13DABO-1024x684.jpg\" alt=\"\" width=\"395\" height=\"263\" srcset=\"https:\/\/www.quetzalma.org\/wp-content\/uploads\/2018\/11\/13DABO-1024x684.jpg 1024w, https:\/\/www.quetzalma.org\/wp-content\/uploads\/2018\/11\/13DABO-300x201.jpg 300w, https:\/\/www.quetzalma.org\/wp-content\/uploads\/2018\/11\/13DABO-768x513.jpg 768w, https:\/\/www.quetzalma.org\/wp-content\/uploads\/2018\/11\/13DABO-150x100.jpg 150w\" sizes=\"auto, (max-width: 395px) 100vw, 395px\" \/><\/a><\/p>\n<p>&nbsp;<\/p>\n<h1><img loading=\"lazy\" decoding=\"async\" class=\"wp-image-6730 alignnone\" src=\"https:\/\/www.quetzalma.org\/wp-content\/uploads\/2018\/11\/17DABO-1024x742.jpg\" alt=\"\" width=\"380\" height=\"275\" srcset=\"https:\/\/www.quetzalma.org\/wp-content\/uploads\/2018\/11\/17DABO-1024x742.jpg 1024w, https:\/\/www.quetzalma.org\/wp-content\/uploads\/2018\/11\/17DABO-300x217.jpg 300w, https:\/\/www.quetzalma.org\/wp-content\/uploads\/2018\/11\/17DABO-768x557.jpg 768w, https:\/\/www.quetzalma.org\/wp-content\/uploads\/2018\/11\/17DABO-150x109.jpg 150w\" sizes=\"auto, (max-width: 380px) 100vw, 380px\" \/>\u00a0<img loading=\"lazy\" decoding=\"async\" class=\"alignnone wp-image-6731\" style=\"font-size: 2.526em;\" src=\"https:\/\/www.quetzalma.org\/wp-content\/uploads\/2018\/11\/18DABO-1024x684.jpg\" alt=\"\" width=\"410\" height=\"274\" srcset=\"https:\/\/www.quetzalma.org\/wp-content\/uploads\/2018\/11\/18DABO-1024x684.jpg 1024w, https:\/\/www.quetzalma.org\/wp-content\/uploads\/2018\/11\/18DABO-300x201.jpg 300w, https:\/\/www.quetzalma.org\/wp-content\/uploads\/2018\/11\/18DABO-768x513.jpg 768w, https:\/\/www.quetzalma.org\/wp-content\/uploads\/2018\/11\/18DABO-150x100.jpg 150w\" sizes=\"auto, (max-width: 410px) 100vw, 410px\" \/><\/h1>\n<p>&nbsp;<\/p>\n<div class=\"epyt-video-wrapper\"><iframe loading=\"lazy\"  id=\"_ytid_37059\"  width=\"900\" height=\"506\"  data-origwidth=\"900\" data-origheight=\"506\" src=\"https:\/\/www.youtube.com\/embed\/HdDLKH8v-m8?enablejsapi=1&#038;autoplay=0&#038;cc_load_policy=0&#038;cc_lang_pref=&#038;iv_load_policy=1&#038;loop=0&#038;rel=1&#038;fs=1&#038;playsinline=0&#038;autohide=2&#038;theme=dark&#038;color=red&#038;controls=1&#038;disablekb=0&#038;\" class=\"__youtube_prefs__  epyt-is-override  no-lazyload\" title=\"YouTube player\"  allow=\"fullscreen; accelerometer; autoplay; clipboard-write; encrypted-media; gyroscope; picture-in-picture; web-share\" referrerpolicy=\"strict-origin-when-cross-origin\" allowfullscreen data-no-lazy=\"1\" data-skipgform_ajax_framebjll=\"\"><\/iframe><\/div>\n<p><span style=\"font-family: 'Yanone Kaffeesatz Regular'; font-size: 2.526em;\">\u00a0<\/span><\/p>\n<h1><\/h1>\n<div class=\"description clearfix\">\n<p>&nbsp;<\/p>\n<\/div>\n","protected":false},"excerpt":{"rendered":"<p>Organis\u00e9 par Pays de Dabo-Animations, ce\u00a0march\u00e9 de No\u00ebl montagnard s&rsquo;est distingu\u00e9 par ses produits de No\u00ebl et du festif :\u00a0Artisanat, des produits du terroir, du\u2026<\/p>\n<p class=\"continue-reading-button\"> <a class=\"continue-reading-link\" href=\"https:\/\/www.quetzalma.org\/?page_id=6679\">Lire la suite<i class=\"crycon-right-dir\"><\/i><\/a><\/p>\n","protected":false},"author":1,"featured_media":6720,"parent":4745,"menu_order":20,"comment_status":"closed","ping_status":"open","template":"","meta":{"footnotes":""},"class_list":["post-6679","page","type-page","status-publish","has-post-thumbnail","hentry"],"_links":{"self":[{"href":"https:\/\/www.quetzalma.org\/index.php?rest_route=\/wp\/v2\/pages\/6679","targetHints":{"allow":["GET"]}}],"collection":[{"href":"https:\/\/www.quetzalma.org\/index.php?rest_route=\/wp\/v2\/pages"}],"about":[{"href":"https:\/\/www.quetzalma.org\/index.php?rest_route=\/wp\/v2\/types\/page"}],"author":[{"embeddable":true,"href":"https:\/\/www.quetzalma.org\/index.php?rest_route=\/wp\/v2\/users\/1"}],"replies":[{"embeddable":true,"href":"https:\/\/www.quetzalma.org\/index.php?rest_route=%2Fwp%2Fv2%2Fcomments&post=6679"}],"version-history":[{"count":5,"href":"https:\/\/www.quetzalma.org\/index.php?rest_route=\/wp\/v2\/pages\/6679\/revisions"}],"predecessor-version":[{"id":6753,"href":"https:\/\/www.quetzalma.org\/index.php?rest_route=\/wp\/v2\/pages\/6679\/revisions\/6753"}],"up":[{"embeddable":true,"href":"https:\/\/www.quetzalma.org\/index.php?rest_route=\/wp\/v2\/pages\/4745"}],"wp:featuredmedia":[{"embeddable":true,"href":"https:\/\/www.quetzalma.org\/index.php?rest_route=\/wp\/v2\/media\/6720"}],"wp:attachment":[{"href":"https:\/\/www.quetzalma.org\/index.php?rest_route=%2Fwp%2Fv2%2Fmedia&parent=6679"}],"curies":[{"name":"wp","href":"https:\/\/api.w.org\/{rel}","templated":true}]}}