{"id":6800,"date":"2018-12-10T22:05:18","date_gmt":"2018-12-10T21:05:18","guid":{"rendered":"http:\/\/www.quetzalma.org\/?page_id=6800"},"modified":"2018-12-10T22:07:55","modified_gmt":"2018-12-10T21:07:55","slug":"citrouille-en-fete-samedi-20-octobre-et-dimanche-21-octobre-2018-masevaux","status":"publish","type":"page","link":"https:\/\/www.quetzalma.org\/?page_id=6800","title":{"rendered":"Citrouille en F\u00eate  \u2013  samedi 20 octobre et dimanche 21 octobre 2018 Masevaux"},"content":{"rendered":"<div class=\"pdfprnt-buttons pdfprnt-buttons-page pdfprnt-top-right\"><a href=\"https:\/\/www.quetzalma.org\/index.php?rest_route=%2Fwp%2Fv2%2Fpages%2F6800&print=pdf\" class=\"pdfprnt-button pdfprnt-button-pdf\" target=\"_blank\" ><img decoding=\"async\" src=\"https:\/\/www.quetzalma.org\/wp-content\/plugins\/pdf-print\/images\/pdf.png\" alt=\"image_pdf\" title=\"Afficher le PDF\" \/><\/a><a href=\"https:\/\/www.quetzalma.org\/index.php?rest_route=%2Fwp%2Fv2%2Fpages%2F6800&print=print\" class=\"pdfprnt-button pdfprnt-button-print\" target=\"_blank\" ><img decoding=\"async\" src=\"https:\/\/www.quetzalma.org\/wp-content\/plugins\/pdf-print\/images\/print.png\" alt=\"image_print\" title=\"Contenu imprim\u00e9\" \/><\/a><\/div><div>\n<div class=\"block_content\">\n<p><span style=\"font-family: Ubuntu;\">1820Un excellent week-end \u00e0 Masevaux, journ\u00e9es ensoleill\u00e9es, animations pour petits et grands\u00a0<\/span><img decoding=\"async\" src=\"https:\/\/www.quetzalma.org\/wp-content\/plugins\/wp-edit\/plugins\/emoticons\/img\/smiley-kiss.gif\" \/><\/p>\n<div>\n<div class=\"clearboth\"><span style=\"font-family: Ubuntu;\">Grande f\u00eate traditionnelle dans les rues de la ville avec march\u00e9 artisanal et du terroir, animations et d\u00e9corations.<\/span><\/div>\n<div><span style=\"font-family: Ubuntu;\">et &#8230; petit plus , restauration sur place \u00e0 base de citrouille (bi\u00e8re \u00e0 la citrouille, soupe de potirons\u2026)\u00a0<\/span><\/div>\n<div><\/div>\n<\/div>\n<div><\/div>\n<\/div>\n<\/div>\n<p><a href=\"https:\/\/www.quetzalma.org\/?attachment_id=6606\" rel=\"attachment wp-att-6606\">\u00a0 \u00a0 \u00a0 \u00a0 \u00a0 \u00a0 \u00a0 \u00a0 \u00a0 \u00a0 \u00a0 \u00a0 \u00a0 \u00a0 \u00a0 \u00a0 \u00a0 \u00a0 \u00a0 \u00a0 \u00a0 \u00a0 \u00a0 \u00a0\u00a0<img loading=\"lazy\" decoding=\"async\" class=\"wp-image-6606 alignnone\" src=\"https:\/\/www.quetzalma.org\/wp-content\/uploads\/2018\/11\/deco7-1024x684.jpg\" alt=\"\" width=\"450\" height=\"300\" srcset=\"https:\/\/www.quetzalma.org\/wp-content\/uploads\/2018\/11\/deco7-1024x684.jpg 1024w, https:\/\/www.quetzalma.org\/wp-content\/uploads\/2018\/11\/deco7-300x201.jpg 300w, https:\/\/www.quetzalma.org\/wp-content\/uploads\/2018\/11\/deco7-768x513.jpg 768w, https:\/\/www.quetzalma.org\/wp-content\/uploads\/2018\/11\/deco7-150x100.jpg 150w\" sizes=\"auto, (max-width: 450px) 100vw, 450px\" \/><\/a><\/p>\n<p><strong><span style=\"font-family: Ubuntu;\">Place des Alli\u00e9s, la place principale de Masevaux o\u00f9 se d\u00e9roule les manifestations<\/span><\/strong><\/p>\n<p><a href=\"https:\/\/www.quetzalma.org\/?attachment_id=6593\" rel=\"attachment wp-att-6593\"><img loading=\"lazy\" decoding=\"async\" class=\"wp-image-6593 alignnone\" src=\"https:\/\/www.quetzalma.org\/wp-content\/uploads\/2018\/10\/place-des-alli\u00e9s--1024x803.jpg\" alt=\"\" width=\"374\" height=\"293\" srcset=\"https:\/\/www.quetzalma.org\/wp-content\/uploads\/2018\/10\/place-des-alli\u00e9s--1024x803.jpg 1024w, https:\/\/www.quetzalma.org\/wp-content\/uploads\/2018\/10\/place-des-alli\u00e9s--300x235.jpg 300w, https:\/\/www.quetzalma.org\/wp-content\/uploads\/2018\/10\/place-des-alli\u00e9s--768x603.jpg 768w, https:\/\/www.quetzalma.org\/wp-content\/uploads\/2018\/10\/place-des-alli\u00e9s--150x118.jpg 150w\" sizes=\"auto, (max-width: 374px) 100vw, 374px\" \/><\/a><a style=\"color: #00b200;\" href=\"https:\/\/www.quetzalma.org\/?attachment_id=6575\" rel=\"attachment wp-att-6575\">\u00a0 \u00a0 \u00a0 \u00a0 \u00a0<img loading=\"lazy\" decoding=\"async\" class=\"wp-image-6575 alignnone\" src=\"https:\/\/www.quetzalma.org\/wp-content\/uploads\/2018\/10\/fontaine3-1024x773.jpg\" alt=\"\" width=\"384\" height=\"290\" srcset=\"https:\/\/www.quetzalma.org\/wp-content\/uploads\/2018\/10\/fontaine3-1024x773.jpg 1024w, https:\/\/www.quetzalma.org\/wp-content\/uploads\/2018\/10\/fontaine3-300x226.jpg 300w, https:\/\/www.quetzalma.org\/wp-content\/uploads\/2018\/10\/fontaine3-768x580.jpg 768w, https:\/\/www.quetzalma.org\/wp-content\/uploads\/2018\/10\/fontaine3-150x113.jpg 150w\" sizes=\"auto, (max-width: 384px) 100vw, 384px\" \/><\/a><\/p>\n<div>\n<div><\/div>\n<div><a href=\"https:\/\/www.quetzalma.org\/?attachment_id=6576\" rel=\"attachment wp-att-6576\"><img loading=\"lazy\" decoding=\"async\" class=\"wp-image-6576 alignnone\" src=\"https:\/\/www.quetzalma.org\/wp-content\/uploads\/2018\/10\/fontaine4-1024x684.jpg\" alt=\"\" width=\"390\" height=\"261\" srcset=\"https:\/\/www.quetzalma.org\/wp-content\/uploads\/2018\/10\/fontaine4-1024x684.jpg 1024w, https:\/\/www.quetzalma.org\/wp-content\/uploads\/2018\/10\/fontaine4-300x201.jpg 300w, https:\/\/www.quetzalma.org\/wp-content\/uploads\/2018\/10\/fontaine4-768x513.jpg 768w, https:\/\/www.quetzalma.org\/wp-content\/uploads\/2018\/10\/fontaine4-150x100.jpg 150w\" sizes=\"auto, (max-width: 390px) 100vw, 390px\" \/>\u00a0\u00a0\u00a0\u00a0\u00a0<\/a><a href=\"https:\/\/www.quetzalma.org\/?attachment_id=6578\" rel=\"attachment wp-att-6578\"><img loading=\"lazy\" decoding=\"async\" class=\"wp-image-6578 alignnone\" src=\"https:\/\/www.quetzalma.org\/wp-content\/uploads\/2018\/10\/fontaine6-1024x684.jpg\" alt=\"\" width=\"391\" height=\"261\" srcset=\"https:\/\/www.quetzalma.org\/wp-content\/uploads\/2018\/10\/fontaine6-1024x684.jpg 1024w, https:\/\/www.quetzalma.org\/wp-content\/uploads\/2018\/10\/fontaine6-300x201.jpg 300w, https:\/\/www.quetzalma.org\/wp-content\/uploads\/2018\/10\/fontaine6-768x513.jpg 768w, https:\/\/www.quetzalma.org\/wp-content\/uploads\/2018\/10\/fontaine6-150x100.jpg 150w\" sizes=\"auto, (max-width: 391px) 100vw, 391px\" \/><\/a><\/div>\n<div><strong>Notre stand sur la place principale ..<\/strong><\/div>\n<p><img loading=\"lazy\" decoding=\"async\" class=\"wp-image-6601 alignleft\" src=\"https:\/\/www.quetzalma.org\/wp-content\/uploads\/2018\/11\/stand2-e1541519893770-768x1024.jpg\" alt=\"\" width=\"325\" height=\"433\" srcset=\"https:\/\/www.quetzalma.org\/wp-content\/uploads\/2018\/11\/stand2-e1541519893770-768x1024.jpg 768w, https:\/\/www.quetzalma.org\/wp-content\/uploads\/2018\/11\/stand2-e1541519893770-225x300.jpg 225w, https:\/\/www.quetzalma.org\/wp-content\/uploads\/2018\/11\/stand2-e1541519893770-113x150.jpg 113w\" sizes=\"auto, (max-width: 325px) 100vw, 325px\" \/><a href=\"https:\/\/www.quetzalma.org\/?attachment_id=6598\" rel=\"attachment wp-att-6598\">\u00a0\u00a0 \u00a0 \u00a0 \u00a0 \u00a0 \u00a0 \u00a0 \u00a0 \u00a0 \u00a0 \u00a0 \u00a0<img loading=\"lazy\" decoding=\"async\" class=\"wp-image-6598 alignnone\" src=\"https:\/\/www.quetzalma.org\/wp-content\/uploads\/2018\/10\/stand4-855x1024.jpg\" alt=\"\" width=\"363\" height=\"435\" srcset=\"https:\/\/www.quetzalma.org\/wp-content\/uploads\/2018\/10\/stand4-855x1024.jpg 855w, https:\/\/www.quetzalma.org\/wp-content\/uploads\/2018\/10\/stand4-251x300.jpg 251w, https:\/\/www.quetzalma.org\/wp-content\/uploads\/2018\/10\/stand4-768x919.jpg 768w, https:\/\/www.quetzalma.org\/wp-content\/uploads\/2018\/10\/stand4-125x150.jpg 125w, https:\/\/www.quetzalma.org\/wp-content\/uploads\/2018\/10\/stand4.jpg 1578w\" sizes=\"auto, (max-width: 363px) 100vw, 363px\" \/><\/a><\/p>\n<div><a href=\"https:\/\/www.quetzalma.org\/?attachment_id=6602\" rel=\"attachment wp-att-6602\">\u00a0 \u00a0 \u00a0 \u00a0 \u00a0 \u00a0 \u00a0 \u00a0 \u00a0 \u00a0 \u00a0 \u00a0 \u00a0 \u00a0 \u00a0 \u00a0 \u00a0 \u00a0 \u00a0 \u00a0 \u00a0 \u00a0 \u00a0 \u00a0 \u00a0 \u00a0 \u00a0\u00a0<img loading=\"lazy\" decoding=\"async\" class=\"wp-image-6602 alignnone\" src=\"https:\/\/www.quetzalma.org\/wp-content\/uploads\/2018\/11\/stand3-1024x684.jpg\" alt=\"\" width=\"454\" height=\"303\" srcset=\"https:\/\/www.quetzalma.org\/wp-content\/uploads\/2018\/11\/stand3-1024x684.jpg 1024w, https:\/\/www.quetzalma.org\/wp-content\/uploads\/2018\/11\/stand3-300x201.jpg 300w, https:\/\/www.quetzalma.org\/wp-content\/uploads\/2018\/11\/stand3-768x513.jpg 768w, https:\/\/www.quetzalma.org\/wp-content\/uploads\/2018\/11\/stand3-150x100.jpg 150w\" sizes=\"auto, (max-width: 454px) 100vw, 454px\" \/><\/a><\/div>\n<div><strong>Les superbes d\u00e9corations sur le th\u00e8me de la citrouille<\/strong><\/div>\n<div><\/div>\n<div><a href=\"https:\/\/www.quetzalma.org\/?attachment_id=6580\" rel=\"attachment wp-att-6580\"><img loading=\"lazy\" decoding=\"async\" class=\"wp-image-6580 alignnone\" src=\"https:\/\/www.quetzalma.org\/wp-content\/uploads\/2018\/10\/citrouilles-1024x892.jpg\" alt=\"\" width=\"325\" height=\"283\" srcset=\"https:\/\/www.quetzalma.org\/wp-content\/uploads\/2018\/10\/citrouilles-1024x892.jpg 1024w, https:\/\/www.quetzalma.org\/wp-content\/uploads\/2018\/10\/citrouilles-300x261.jpg 300w, https:\/\/www.quetzalma.org\/wp-content\/uploads\/2018\/10\/citrouilles-768x669.jpg 768w, https:\/\/www.quetzalma.org\/wp-content\/uploads\/2018\/10\/citrouilles-150x131.jpg 150w\" sizes=\"auto, (max-width: 325px) 100vw, 325px\" \/>\u00a0<\/a><a href=\"https:\/\/www.quetzalma.org\/?attachment_id=6583\" rel=\"attachment wp-att-6583\"><img loading=\"lazy\" decoding=\"async\" class=\"wp-image-6583 alignnone\" src=\"https:\/\/www.quetzalma.org\/wp-content\/uploads\/2018\/10\/deco3-912x1024.jpg\" alt=\"\" width=\"251\" height=\"281\" srcset=\"https:\/\/www.quetzalma.org\/wp-content\/uploads\/2018\/10\/deco3-912x1024.jpg 912w, https:\/\/www.quetzalma.org\/wp-content\/uploads\/2018\/10\/deco3-267x300.jpg 267w, https:\/\/www.quetzalma.org\/wp-content\/uploads\/2018\/10\/deco3-768x862.jpg 768w, https:\/\/www.quetzalma.org\/wp-content\/uploads\/2018\/10\/deco3-134x150.jpg 134w, https:\/\/www.quetzalma.org\/wp-content\/uploads\/2018\/10\/deco3.jpg 1934w\" sizes=\"auto, (max-width: 251px) 100vw, 251px\" \/>\u00a0 <\/a><a href=\"https:\/\/www.quetzalma.org\/?attachment_id=6608\" rel=\"attachment wp-att-6608\"><img loading=\"lazy\" decoding=\"async\" class=\"wp-image-6608 alignnone\" src=\"https:\/\/www.quetzalma.org\/wp-content\/uploads\/2018\/11\/deco6-743x1024.jpg\" alt=\"\" width=\"205\" height=\"282\" srcset=\"https:\/\/www.quetzalma.org\/wp-content\/uploads\/2018\/11\/deco6-743x1024.jpg 743w, https:\/\/www.quetzalma.org\/wp-content\/uploads\/2018\/11\/deco6-218x300.jpg 218w, https:\/\/www.quetzalma.org\/wp-content\/uploads\/2018\/11\/deco6-768x1058.jpg 768w, https:\/\/www.quetzalma.org\/wp-content\/uploads\/2018\/11\/deco6-109x150.jpg 109w, https:\/\/www.quetzalma.org\/wp-content\/uploads\/2018\/11\/deco6.jpg 1406w\" sizes=\"auto, (max-width: 205px) 100vw, 205px\" \/><\/a><\/div>\n<div><img loading=\"lazy\" decoding=\"async\" class=\"wp-image-6581 alignnone\" src=\"https:\/\/www.quetzalma.org\/wp-content\/uploads\/2018\/10\/deco1-1024x777.jpg\" alt=\"\" width=\"264\" height=\"200\" srcset=\"https:\/\/www.quetzalma.org\/wp-content\/uploads\/2018\/10\/deco1-1024x777.jpg 1024w, https:\/\/www.quetzalma.org\/wp-content\/uploads\/2018\/10\/deco1-300x228.jpg 300w, https:\/\/www.quetzalma.org\/wp-content\/uploads\/2018\/10\/deco1-768x583.jpg 768w, https:\/\/www.quetzalma.org\/wp-content\/uploads\/2018\/10\/deco1-150x114.jpg 150w\" sizes=\"auto, (max-width: 264px) 100vw, 264px\" \/>\u00a0<img loading=\"lazy\" decoding=\"async\" class=\"wp-image-6585 alignnone\" src=\"https:\/\/www.quetzalma.org\/wp-content\/uploads\/2018\/10\/deco5-1024x877.jpg\" alt=\"\" width=\"235\" height=\"201\" srcset=\"https:\/\/www.quetzalma.org\/wp-content\/uploads\/2018\/10\/deco5-1024x877.jpg 1024w, https:\/\/www.quetzalma.org\/wp-content\/uploads\/2018\/10\/deco5-300x257.jpg 300w, https:\/\/www.quetzalma.org\/wp-content\/uploads\/2018\/10\/deco5-768x658.jpg 768w, https:\/\/www.quetzalma.org\/wp-content\/uploads\/2018\/10\/deco5-150x128.jpg 150w\" sizes=\"auto, (max-width: 235px) 100vw, 235px\" \/>\u00a0\u00a0<img loading=\"lazy\" decoding=\"async\" class=\"wp-image-6584 alignnone\" src=\"https:\/\/www.quetzalma.org\/wp-content\/uploads\/2018\/10\/deco4-1024x719.jpg\" alt=\"\" width=\"284\" height=\"199\" srcset=\"https:\/\/www.quetzalma.org\/wp-content\/uploads\/2018\/10\/deco4-1024x719.jpg 1024w, https:\/\/www.quetzalma.org\/wp-content\/uploads\/2018\/10\/deco4-300x211.jpg 300w, https:\/\/www.quetzalma.org\/wp-content\/uploads\/2018\/10\/deco4-768x539.jpg 768w, https:\/\/www.quetzalma.org\/wp-content\/uploads\/2018\/10\/deco4-150x105.jpg 150w\" sizes=\"auto, (max-width: 284px) 100vw, 284px\" \/><\/div>\n<\/div>\n<div><\/div>\n<div><\/div>\n<div><a href=\"https:\/\/www.quetzalma.org\/?attachment_id=6588\" rel=\"attachment wp-att-6588\"><img loading=\"lazy\" decoding=\"async\" class=\"wp-image-6588 alignnone\" src=\"https:\/\/www.quetzalma.org\/wp-content\/uploads\/2018\/10\/deco8-1024x684.jpg\" alt=\"\" width=\"345\" height=\"231\" srcset=\"https:\/\/www.quetzalma.org\/wp-content\/uploads\/2018\/10\/deco8-1024x684.jpg 1024w, https:\/\/www.quetzalma.org\/wp-content\/uploads\/2018\/10\/deco8-300x201.jpg 300w, https:\/\/www.quetzalma.org\/wp-content\/uploads\/2018\/10\/deco8-768x513.jpg 768w, https:\/\/www.quetzalma.org\/wp-content\/uploads\/2018\/10\/deco8-150x100.jpg 150w\" sizes=\"auto, (max-width: 345px) 100vw, 345px\" \/>\u00a0 \u00a0\u00a0<\/a><a href=\"https:\/\/www.quetzalma.org\/?attachment_id=6588\" rel=\"attachment wp-att-6588\">\u00a0<\/a><a href=\"https:\/\/www.quetzalma.org\/?attachment_id=6589\" rel=\"attachment wp-att-6589\"><img loading=\"lazy\" decoding=\"async\" class=\" wp-image-6589 alignnone\" src=\"https:\/\/www.quetzalma.org\/wp-content\/uploads\/2018\/10\/deco9-1024x545.jpg\" alt=\"\" width=\"432\" height=\"229\" srcset=\"https:\/\/www.quetzalma.org\/wp-content\/uploads\/2018\/10\/deco9-1024x545.jpg 1024w, https:\/\/www.quetzalma.org\/wp-content\/uploads\/2018\/10\/deco9-300x160.jpg 300w, https:\/\/www.quetzalma.org\/wp-content\/uploads\/2018\/10\/deco9-768x409.jpg 768w, https:\/\/www.quetzalma.org\/wp-content\/uploads\/2018\/10\/deco9-150x80.jpg 150w\" sizes=\"auto, (max-width: 432px) 100vw, 432px\" \/><\/a><\/div>\n<div><\/div>\n<div><strong>Jeux et activit\u00e9s pour nos plus jeunes : glissades &#8211; atelier de maquillage &#8211; p\u00eache miraculeuse &#8211; balades en\u00a0 poney<\/strong><\/div>\n<div><\/div>\n<div>\n<div><a href=\"https:\/\/www.quetzalma.org\/?attachment_id=6591\" rel=\"attachment wp-att-6591\"><img loading=\"lazy\" decoding=\"async\" class=\"wp-image-6591 alignnone\" src=\"https:\/\/www.quetzalma.org\/wp-content\/uploads\/2018\/10\/jeux2-1024x753.jpg\" alt=\"\" width=\"310\" height=\"228\" srcset=\"https:\/\/www.quetzalma.org\/wp-content\/uploads\/2018\/10\/jeux2-1024x753.jpg 1024w, https:\/\/www.quetzalma.org\/wp-content\/uploads\/2018\/10\/jeux2-300x221.jpg 300w, https:\/\/www.quetzalma.org\/wp-content\/uploads\/2018\/10\/jeux2-768x565.jpg 768w, https:\/\/www.quetzalma.org\/wp-content\/uploads\/2018\/10\/jeux2-150x110.jpg 150w\" sizes=\"auto, (max-width: 310px) 100vw, 310px\" \/>\u00a0 \u00a0 \u00a0 \u00a0 \u00a0 \u00a0 \u00a0 \u00a0 \u00a0 \u00a0 \u00a0 \u00a0 \u00a0 \u00a0 \u00a0 \u00a0 \u00a0 \u00a0 \u00a0\u00a0<\/a>\u00a0<a href=\"https:\/\/www.quetzalma.org\/?attachment_id=6609\" rel=\"attachment wp-att-6609\"><img loading=\"lazy\" decoding=\"async\" class=\"wp-image-6609 alignnone\" src=\"https:\/\/www.quetzalma.org\/wp-content\/uploads\/2018\/11\/maquillage-1024x703.jpg\" alt=\"\" width=\"333\" height=\"229\" srcset=\"https:\/\/www.quetzalma.org\/wp-content\/uploads\/2018\/11\/maquillage-1024x703.jpg 1024w, https:\/\/www.quetzalma.org\/wp-content\/uploads\/2018\/11\/maquillage-300x206.jpg 300w, https:\/\/www.quetzalma.org\/wp-content\/uploads\/2018\/11\/maquillage-768x527.jpg 768w, https:\/\/www.quetzalma.org\/wp-content\/uploads\/2018\/11\/maquillage-150x103.jpg 150w\" sizes=\"auto, (max-width: 333px) 100vw, 333px\" \/><\/a><\/div>\n<div><\/div>\n<p><a href=\"https:\/\/www.quetzalma.org\/?attachment_id=6610\" rel=\"attachment wp-att-6610\"><br \/>\n<img loading=\"lazy\" decoding=\"async\" class=\"wp-image-6610 aligncenter\" src=\"https:\/\/www.quetzalma.org\/wp-content\/uploads\/2018\/11\/jeux1-1024x491.jpg\" alt=\"\" width=\"442\" height=\"212\" srcset=\"https:\/\/www.quetzalma.org\/wp-content\/uploads\/2018\/11\/jeux1-1024x491.jpg 1024w, https:\/\/www.quetzalma.org\/wp-content\/uploads\/2018\/11\/jeux1-300x144.jpg 300w, https:\/\/www.quetzalma.org\/wp-content\/uploads\/2018\/11\/jeux1-768x368.jpg 768w, https:\/\/www.quetzalma.org\/wp-content\/uploads\/2018\/11\/jeux1-150x72.jpg 150w\" sizes=\"auto, (max-width: 442px) 100vw, 442px\" \/><\/a><\/p>\n<div><a href=\"https:\/\/www.quetzalma.org\/?attachment_id=6595\" rel=\"attachment wp-att-6595\"><img loading=\"lazy\" decoding=\"async\" class=\"wp-image-6595 alignnone\" src=\"https:\/\/www.quetzalma.org\/wp-content\/uploads\/2018\/10\/poneys1-1024x1020.jpg\" alt=\"\" width=\"344\" height=\"343\" srcset=\"https:\/\/www.quetzalma.org\/wp-content\/uploads\/2018\/10\/poneys1-1024x1020.jpg 1024w, https:\/\/www.quetzalma.org\/wp-content\/uploads\/2018\/10\/poneys1-150x150.jpg 150w, https:\/\/www.quetzalma.org\/wp-content\/uploads\/2018\/10\/poneys1-300x300.jpg 300w, https:\/\/www.quetzalma.org\/wp-content\/uploads\/2018\/10\/poneys1-768x765.jpg 768w, https:\/\/www.quetzalma.org\/wp-content\/uploads\/2018\/10\/poneys1.jpg 2007w\" sizes=\"auto, (max-width: 344px) 100vw, 344px\" \/>\u00a0 \u00a0 \u00a0 \u00a0<\/a><a href=\"https:\/\/www.quetzalma.org\/?attachment_id=6596\" rel=\"attachment wp-att-6596\"><img loading=\"lazy\" decoding=\"async\" class=\"wp-image-6596 alignnone\" src=\"https:\/\/www.quetzalma.org\/wp-content\/uploads\/2018\/10\/poneys2-1024x885.jpg\" alt=\"\" width=\"395\" height=\"342\" srcset=\"https:\/\/www.quetzalma.org\/wp-content\/uploads\/2018\/10\/poneys2-1024x885.jpg 1024w, https:\/\/www.quetzalma.org\/wp-content\/uploads\/2018\/10\/poneys2-300x259.jpg 300w, https:\/\/www.quetzalma.org\/wp-content\/uploads\/2018\/10\/poneys2-768x663.jpg 768w, https:\/\/www.quetzalma.org\/wp-content\/uploads\/2018\/10\/poneys2-150x130.jpg 150w\" sizes=\"auto, (max-width: 395px) 100vw, 395px\" \/><\/a><\/div>\n<div><\/div>\n<div>\u00a0 \u00a0 \u00a0 \u00a0 \u00a0 \u00a0 \u00a0 \u00a0 \u00a0 \u00a0 \u00a0 \u00a0 \u00a0 \u00a0 \u00a0 \u00a0 \u00a0 \u00a0 \u00a0 \u00a0 \u00a0 \u00a0 \u00a0 \u00a0 \u00a0 \u00a0 \u00a0 \u00a0 \u00a0 \u00a0 \u00a0 \u00a0 \u00a0 \u00a0 \u00a0<strong> \u00a0 \u00a0 \u00a0Ap\u00e9ritif concert par les Celtic Ried&rsquo;s Pipers<\/strong><\/div>\n<div><\/div>\n<div><a href=\"https:\/\/www.quetzalma.org\/?attachment_id=6611\" rel=\"attachment wp-att-6611\">\u00a0 \u00a0 \u00a0 \u00a0 \u00a0 \u00a0 \u00a0 \u00a0 \u00a0 \u00a0 \u00a0 \u00a0 \u00a0 \u00a0 \u00a0 \u00a0 \u00a0 \u00a0 \u00a0 \u00a0 \u00a0 \u00a0 \u00a0 \u00a0 \u00a0 \u00a0 \u00a0 \u00a0\u00a0<img loading=\"lazy\" decoding=\"async\" class=\"wp-image-6611 alignnone\" src=\"https:\/\/www.quetzalma.org\/wp-content\/uploads\/2018\/11\/Celtic-Rieds-Pipers1-1024x684.jpg\" alt=\"\" width=\"455\" height=\"304\" srcset=\"https:\/\/www.quetzalma.org\/wp-content\/uploads\/2018\/11\/Celtic-Rieds-Pipers1-1024x684.jpg 1024w, https:\/\/www.quetzalma.org\/wp-content\/uploads\/2018\/11\/Celtic-Rieds-Pipers1-300x201.jpg 300w, https:\/\/www.quetzalma.org\/wp-content\/uploads\/2018\/11\/Celtic-Rieds-Pipers1-768x513.jpg 768w, https:\/\/www.quetzalma.org\/wp-content\/uploads\/2018\/11\/Celtic-Rieds-Pipers1-150x100.jpg 150w\" sizes=\"auto, (max-width: 455px) 100vw, 455px\" \/><\/a><\/div>\n<div><\/div>\n<div>https:\/\/youtu.be\/HboaWyeXB8U<\/div>\n<div>https:\/\/youtu.be\/plT_pSpvgxM<\/div>\n<div><strong><span style=\"font-family: Ubuntu;\">Soir\u00e9e musicale anim\u00e9e par l&rsquo;orchestre Osmoz et bouquet final le F<\/span>eu d&rsquo;Artifice<\/strong><\/div>\n<div>https:\/\/youtu.be\/dxTqZOEcZCY<\/div>\n<div><\/div>\n<div><\/div>\n<\/div>\n","protected":false},"excerpt":{"rendered":"<p>1820Un excellent week-end \u00e0 Masevaux, journ\u00e9es ensoleill\u00e9es, animations pour petits et grands\u00a0 Grande f\u00eate traditionnelle dans les rues de la ville avec march\u00e9 artisanal et\u2026<\/p>\n<p class=\"continue-reading-button\"> <a class=\"continue-reading-link\" href=\"https:\/\/www.quetzalma.org\/?page_id=6800\">Lire la suite<i class=\"crycon-right-dir\"><\/i><\/a><\/p>\n","protected":false},"author":1,"featured_media":0,"parent":4745,"menu_order":18,"comment_status":"closed","ping_status":"closed","template":"","meta":{"footnotes":""},"class_list":["post-6800","page","type-page","status-publish","hentry"],"_links":{"self":[{"href":"https:\/\/www.quetzalma.org\/index.php?rest_route=\/wp\/v2\/pages\/6800","targetHints":{"allow":["GET"]}}],"collection":[{"href":"https:\/\/www.quetzalma.org\/index.php?rest_route=\/wp\/v2\/pages"}],"about":[{"href":"https:\/\/www.quetzalma.org\/index.php?rest_route=\/wp\/v2\/types\/page"}],"author":[{"embeddable":true,"href":"https:\/\/www.quetzalma.org\/index.php?rest_route=\/wp\/v2\/users\/1"}],"replies":[{"embeddable":true,"href":"https:\/\/www.quetzalma.org\/index.php?rest_route=%2Fwp%2Fv2%2Fcomments&post=6800"}],"version-history":[{"count":5,"href":"https:\/\/www.quetzalma.org\/index.php?rest_route=\/wp\/v2\/pages\/6800\/revisions"}],"predecessor-version":[{"id":6810,"href":"https:\/\/www.quetzalma.org\/index.php?rest_route=\/wp\/v2\/pages\/6800\/revisions\/6810"}],"up":[{"embeddable":true,"href":"https:\/\/www.quetzalma.org\/index.php?rest_route=\/wp\/v2\/pages\/4745"}],"wp:attachment":[{"href":"https:\/\/www.quetzalma.org\/index.php?rest_route=%2Fwp%2Fv2%2Fmedia&parent=6800"}],"curies":[{"name":"wp","href":"https:\/\/api.w.org\/{rel}","templated":true}]}}