{"id":6844,"date":"2018-12-16T00:12:52","date_gmt":"2018-12-15T23:12:52","guid":{"rendered":"http:\/\/www.quetzalma.org\/?p=6844"},"modified":"2019-01-22T01:12:10","modified_gmt":"2019-01-22T00:12:10","slug":"marche-de-noel-mutzig-les-samedi-15-et-dimanche-16-decembre-2018","status":"publish","type":"page","link":"https:\/\/www.quetzalma.org\/?page_id=6844","title":{"rendered":"March\u00e9 de No\u00ebl &#8211; Mutzig les samedi 15 et dimanche 16 d\u00e9cembre 2018"},"content":{"rendered":"<div class=\"pdfprnt-buttons pdfprnt-buttons-page pdfprnt-top-right\"><a href=\"https:\/\/www.quetzalma.org\/index.php?rest_route=%2Fwp%2Fv2%2Fpages%2F6844&print=pdf\" class=\"pdfprnt-button pdfprnt-button-pdf\" target=\"_blank\" ><img decoding=\"async\" src=\"https:\/\/www.quetzalma.org\/wp-content\/plugins\/pdf-print\/images\/pdf.png\" alt=\"image_pdf\" title=\"Afficher le PDF\" \/><\/a><a href=\"https:\/\/www.quetzalma.org\/index.php?rest_route=%2Fwp%2Fv2%2Fpages%2F6844&print=print\" class=\"pdfprnt-button pdfprnt-button-print\" target=\"_blank\" ><img decoding=\"async\" src=\"https:\/\/www.quetzalma.org\/wp-content\/plugins\/pdf-print\/images\/print.png\" alt=\"image_print\" title=\"Contenu imprim\u00e9\" \/><\/a><\/div><div class=\"description clearfix\">\n<p class=\"share_div\" data-media=\"https:\/\/www.jds.fr\/medias\/image\/0-07787600-1480066819-57927-685-0.jpg\"><span style=\"font-family: georgia, palatino, serif;\">Blottis dans nos cabanons en bois nous proposons avec ferveur et fiert\u00e9 notre artisanat.<\/span><\/p>\n<\/div>\n<div data-media=\"https:\/\/www.jds.fr\/medias\/image\/0-07787600-1480066819-57927-685-0.jpg\"><\/div>\n<div data-media=\"https:\/\/www.jds.fr\/medias\/image\/0-07787600-1480066819-57927-685-0.jpg\"><a href=\"https:\/\/www.quetzalma.org\/?attachment_id=6846\" rel=\"attachment wp-att-6846\"><img loading=\"lazy\" decoding=\"async\" class=\"wp-image-6846 alignnone\" src=\"https:\/\/www.quetzalma.org\/wp-content\/uploads\/2018\/12\/MUTZ2-1024x684.jpg\" alt=\"\" width=\"390\" height=\"261\" srcset=\"https:\/\/www.quetzalma.org\/wp-content\/uploads\/2018\/12\/MUTZ2-1024x684.jpg 1024w, https:\/\/www.quetzalma.org\/wp-content\/uploads\/2018\/12\/MUTZ2-300x201.jpg 300w, https:\/\/www.quetzalma.org\/wp-content\/uploads\/2018\/12\/MUTZ2-768x513.jpg 768w, https:\/\/www.quetzalma.org\/wp-content\/uploads\/2018\/12\/MUTZ2-150x100.jpg 150w\" sizes=\"auto, (max-width: 390px) 100vw, 390px\" \/>\u00a0\u00a0\u00a0\u00a0<\/a><a href=\"https:\/\/www.quetzalma.org\/?attachment_id=6846\" rel=\"attachment wp-att-6846\"><img loading=\"lazy\" decoding=\"async\" class=\"alignnone wp-image-6847\" src=\"https:\/\/www.quetzalma.org\/wp-content\/uploads\/2018\/12\/MUTZ3-1024x684.jpg\" alt=\"\" width=\"390\" height=\"261\" srcset=\"https:\/\/www.quetzalma.org\/wp-content\/uploads\/2018\/12\/MUTZ3-1024x684.jpg 1024w, https:\/\/www.quetzalma.org\/wp-content\/uploads\/2018\/12\/MUTZ3-300x201.jpg 300w, https:\/\/www.quetzalma.org\/wp-content\/uploads\/2018\/12\/MUTZ3-768x513.jpg 768w, https:\/\/www.quetzalma.org\/wp-content\/uploads\/2018\/12\/MUTZ3-150x100.jpg 150w\" sizes=\"auto, (max-width: 390px) 100vw, 390px\" \/><\/a><\/div>\n<div class=\"share_div\" data-media=\"https:\/\/www.jds.fr\/medias\/image\/0-07787600-1480066819-57927-685-0.jpg\">\n<p>&nbsp;<\/p>\n<p><span style=\"font-family: georgia, palatino, serif;\">Un village de no\u00ebl, reconstitu\u00e9 avec soin, go\u00fbt, \u00e9motion et authenticit\u00e9; un march\u00e9 alsacien de deux jours&#8230;<\/span><\/p>\n<p><a style=\"color: #00b200;\" href=\"https:\/\/www.quetzalma.org\/?attachment_id=6857\" rel=\"attachment wp-att-6857\"><img loading=\"lazy\" decoding=\"async\" class=\"wp-image-6857 alignnone\" src=\"https:\/\/www.quetzalma.org\/wp-content\/uploads\/2018\/12\/MUTZ12-1024x801.jpg\" alt=\"\" width=\"363\" height=\"284\" srcset=\"https:\/\/www.quetzalma.org\/wp-content\/uploads\/2018\/12\/MUTZ12-1024x801.jpg 1024w, https:\/\/www.quetzalma.org\/wp-content\/uploads\/2018\/12\/MUTZ12-300x235.jpg 300w, https:\/\/www.quetzalma.org\/wp-content\/uploads\/2018\/12\/MUTZ12-768x600.jpg 768w, https:\/\/www.quetzalma.org\/wp-content\/uploads\/2018\/12\/MUTZ12-150x117.jpg 150w\" sizes=\"auto, (max-width: 363px) 100vw, 363px\" \/><\/a><a href=\"https:\/\/www.quetzalma.org\/?attachment_id=6857\" rel=\"attachment wp-att-6857\">\u00a0<\/a><span style=\"font-family: Ubuntu;\">\u00a0<a href=\"https:\/\/www.quetzalma.org\/?attachment_id=6859\" rel=\"attachment wp-att-6859\"><img loading=\"lazy\" decoding=\"async\" class=\"wp-image-6859 alignnone\" src=\"https:\/\/www.quetzalma.org\/wp-content\/uploads\/2018\/12\/MUTZ14-1024x684.jpg\" alt=\"\" width=\"423\" height=\"282\" srcset=\"https:\/\/www.quetzalma.org\/wp-content\/uploads\/2018\/12\/MUTZ14-1024x684.jpg 1024w, https:\/\/www.quetzalma.org\/wp-content\/uploads\/2018\/12\/MUTZ14-300x201.jpg 300w, https:\/\/www.quetzalma.org\/wp-content\/uploads\/2018\/12\/MUTZ14-768x513.jpg 768w, https:\/\/www.quetzalma.org\/wp-content\/uploads\/2018\/12\/MUTZ14-150x100.jpg 150w\" sizes=\"auto, (max-width: 423px) 100vw, 423px\" \/><\/a><\/span><\/p>\n<p><a href=\"https:\/\/www.quetzalma.org\/?attachment_id=6849\" rel=\"attachment wp-att-6849\">\u00a0 \u00a0 \u00a0 \u00a0 \u00a0 \u00a0 \u00a0 \u00a0 \u00a0 \u00a0 \u00a0 \u00a0 \u00a0 \u00a0 \u00a0 \u00a0 \u00a0 \u00a0 \u00a0 \u00a0 \u00a0 \u00a0 \u00a0 \u00a0 \u00a0 \u00a0 \u00a0 \u00a0 \u00a0 \u00a0 \u00a0 \u00a0 \u00a0 \u00a0 \u00a0 \u00a0\u00a0<img loading=\"lazy\" decoding=\"async\" class=\"wp-image-6849 alignnone\" src=\"https:\/\/www.quetzalma.org\/wp-content\/uploads\/2018\/12\/MUTZ5-586x1024.jpg\" alt=\"\" width=\"315\" height=\"550\" srcset=\"https:\/\/www.quetzalma.org\/wp-content\/uploads\/2018\/12\/MUTZ5-586x1024.jpg 586w, https:\/\/www.quetzalma.org\/wp-content\/uploads\/2018\/12\/MUTZ5-172x300.jpg 172w, https:\/\/www.quetzalma.org\/wp-content\/uploads\/2018\/12\/MUTZ5-768x1342.jpg 768w, https:\/\/www.quetzalma.org\/wp-content\/uploads\/2018\/12\/MUTZ5-86x150.jpg 86w, https:\/\/www.quetzalma.org\/wp-content\/uploads\/2018\/12\/MUTZ5.jpg 1549w\" sizes=\"auto, (max-width: 315px) 100vw, 315px\" \/><\/a><\/p>\n<p>&nbsp;<\/p>\n<p><span style=\"font-family: georgia, palatino, serif;\">Chaque ann\u00e9e, la commune de Mutzig offre de nombreuses animations pendant la p\u00e9riode de l&rsquo;Avent :<\/span><\/p>\n<p><span style=\"font-family: georgia, palatino, serif;\"> march\u00e9 de No\u00ebl, spectacles, chasse aux tr\u00e9sors&#8230; sont organis\u00e9s pour le plaisir de toute la famille !<\/span><\/p>\n<\/div>\n<p>&nbsp;<\/p>\n<p class=\"share_div\" data-media=\"https:\/\/www.jds.fr\/medias\/image\/0-07787600-1480066819-57927-685-0.jpg\"><a href=\"https:\/\/www.quetzalma.org\/?attachment_id=6850\" rel=\"attachment wp-att-6850\"><img loading=\"lazy\" decoding=\"async\" class=\"wp-image-6850 alignnone\" src=\"https:\/\/www.quetzalma.org\/wp-content\/uploads\/2018\/12\/MUTZ6-1024x987.jpg\" alt=\"\" width=\"386\" height=\"371\" srcset=\"https:\/\/www.quetzalma.org\/wp-content\/uploads\/2018\/12\/MUTZ6-1024x987.jpg 1024w, https:\/\/www.quetzalma.org\/wp-content\/uploads\/2018\/12\/MUTZ6-300x289.jpg 300w, https:\/\/www.quetzalma.org\/wp-content\/uploads\/2018\/12\/MUTZ6-768x741.jpg 768w, https:\/\/www.quetzalma.org\/wp-content\/uploads\/2018\/12\/MUTZ6-150x145.jpg 150w\" sizes=\"auto, (max-width: 386px) 100vw, 386px\" \/>\u00a0 \u00a0 \u00a0 \u00a0 \u00a0 \u00a0<\/a><a href=\"https:\/\/www.quetzalma.org\/?attachment_id=6851\" rel=\"attachment wp-att-6851\"><img loading=\"lazy\" decoding=\"async\" class=\"wp-image-6851 alignnone\" src=\"https:\/\/www.quetzalma.org\/wp-content\/uploads\/2018\/12\/MUTZ7-1002x1024.jpg\" alt=\"\" width=\"366\" height=\"375\" srcset=\"https:\/\/www.quetzalma.org\/wp-content\/uploads\/2018\/12\/MUTZ7-1002x1024.jpg 1002w, https:\/\/www.quetzalma.org\/wp-content\/uploads\/2018\/12\/MUTZ7-293x300.jpg 293w, https:\/\/www.quetzalma.org\/wp-content\/uploads\/2018\/12\/MUTZ7-768x785.jpg 768w, https:\/\/www.quetzalma.org\/wp-content\/uploads\/2018\/12\/MUTZ7-147x150.jpg 147w, https:\/\/www.quetzalma.org\/wp-content\/uploads\/2018\/12\/MUTZ7.jpg 1916w\" sizes=\"auto, (max-width: 366px) 100vw, 366px\" \/><\/a><\/p>\n<p><a href=\"https:\/\/www.quetzalma.org\/?attachment_id=6858\" rel=\"attachment wp-att-6858\"><img loading=\"lazy\" decoding=\"async\" class=\"wp-image-6858 alignnone\" src=\"https:\/\/www.quetzalma.org\/wp-content\/uploads\/2018\/12\/MUTZ13-1024x684.jpg\" alt=\"\" width=\"390\" height=\"261\" srcset=\"https:\/\/www.quetzalma.org\/wp-content\/uploads\/2018\/12\/MUTZ13-1024x684.jpg 1024w, https:\/\/www.quetzalma.org\/wp-content\/uploads\/2018\/12\/MUTZ13-300x201.jpg 300w, https:\/\/www.quetzalma.org\/wp-content\/uploads\/2018\/12\/MUTZ13-768x513.jpg 768w, https:\/\/www.quetzalma.org\/wp-content\/uploads\/2018\/12\/MUTZ13-150x100.jpg 150w\" sizes=\"auto, (max-width: 390px) 100vw, 390px\" \/>\u00a0 \u00a0\u00a0<\/a><a href=\"https:\/\/www.quetzalma.org\/?attachment_id=6860\" rel=\"attachment wp-att-6860\"><img loading=\"lazy\" decoding=\"async\" class=\"wp-image-6860 alignnone\" src=\"https:\/\/www.quetzalma.org\/wp-content\/uploads\/2018\/12\/MUTZ15-1024x684.jpg\" alt=\"\" width=\"390\" height=\"261\" srcset=\"https:\/\/www.quetzalma.org\/wp-content\/uploads\/2018\/12\/MUTZ15-1024x684.jpg 1024w, https:\/\/www.quetzalma.org\/wp-content\/uploads\/2018\/12\/MUTZ15-300x201.jpg 300w, https:\/\/www.quetzalma.org\/wp-content\/uploads\/2018\/12\/MUTZ15-768x513.jpg 768w, https:\/\/www.quetzalma.org\/wp-content\/uploads\/2018\/12\/MUTZ15-150x100.jpg 150w\" sizes=\"auto, (max-width: 390px) 100vw, 390px\" \/><\/a><\/p>\n<p>P\u00e8re No\u00ebl avec son \u00e2ne et ses lutins distribuent des friandises ..<\/p>\n<div data-media=\"https:\/\/www.jds.fr\/medias\/image\/0-07787600-1480066819-57927-685-0.jpg\"><a href=\"https:\/\/www.quetzalma.org\/?attachment_id=6861\" rel=\"attachment wp-att-6861\"><br \/>\n<img loading=\"lazy\" decoding=\"async\" class=\"wp-image-6861 aligncenter\" src=\"https:\/\/www.quetzalma.org\/wp-content\/uploads\/2018\/12\/MUTZ16-1024x950.jpg\" alt=\"\" width=\"390\" height=\"362\" srcset=\"https:\/\/www.quetzalma.org\/wp-content\/uploads\/2018\/12\/MUTZ16-1024x950.jpg 1024w, https:\/\/www.quetzalma.org\/wp-content\/uploads\/2018\/12\/MUTZ16-300x278.jpg 300w, https:\/\/www.quetzalma.org\/wp-content\/uploads\/2018\/12\/MUTZ16-768x713.jpg 768w, https:\/\/www.quetzalma.org\/wp-content\/uploads\/2018\/12\/MUTZ16-150x139.jpg 150w\" sizes=\"auto, (max-width: 390px) 100vw, 390px\" \/><\/a><\/div>\n<div data-media=\"https:\/\/www.jds.fr\/medias\/image\/0-07787600-1480066819-57927-685-0.jpg\"><\/div>\n<div data-media=\"https:\/\/www.jds.fr\/medias\/image\/0-07787600-1480066819-57927-685-0.jpg\">La cr\u00e8che vivante, les animaux, et &#8230; un lama ! viendrait-il de l\u00e0-bas ?<img decoding=\"async\" src=\"https:\/\/www.quetzalma.org\/wp-content\/plugins\/wp-edit\/plugins\/emoticons\/img\/smiley-smile.gif\" \/><\/div>\n<div data-media=\"https:\/\/www.jds.fr\/medias\/image\/0-07787600-1480066819-57927-685-0.jpg\"><\/div>\n<div data-media=\"https:\/\/www.jds.fr\/medias\/image\/0-07787600-1480066819-57927-685-0.jpg\">\u00a0\u00a0<a href=\"https:\/\/www.quetzalma.org\/?attachment_id=6852\" rel=\"attachment wp-att-6852\"><img loading=\"lazy\" decoding=\"async\" class=\"wp-image-6852 alignnone\" src=\"https:\/\/www.quetzalma.org\/wp-content\/uploads\/2018\/12\/MUTZ8-1024x684.jpg\" alt=\"\" width=\"391\" height=\"261\" srcset=\"https:\/\/www.quetzalma.org\/wp-content\/uploads\/2018\/12\/MUTZ8-1024x684.jpg 1024w, https:\/\/www.quetzalma.org\/wp-content\/uploads\/2018\/12\/MUTZ8-300x201.jpg 300w, https:\/\/www.quetzalma.org\/wp-content\/uploads\/2018\/12\/MUTZ8-768x513.jpg 768w, https:\/\/www.quetzalma.org\/wp-content\/uploads\/2018\/12\/MUTZ8-150x100.jpg 150w\" sizes=\"auto, (max-width: 391px) 100vw, 391px\" \/>\u00a0\u00a0<\/a><a href=\"https:\/\/www.quetzalma.org\/?attachment_id=6854\" rel=\"attachment wp-att-6854\"><img loading=\"lazy\" decoding=\"async\" class=\"wp-image-6854 alignnone\" src=\"https:\/\/www.quetzalma.org\/wp-content\/uploads\/2018\/12\/MUTZ10-1024x684.jpg\" alt=\"\" width=\"390\" height=\"261\" srcset=\"https:\/\/www.quetzalma.org\/wp-content\/uploads\/2018\/12\/MUTZ10-1024x684.jpg 1024w, https:\/\/www.quetzalma.org\/wp-content\/uploads\/2018\/12\/MUTZ10-300x201.jpg 300w, https:\/\/www.quetzalma.org\/wp-content\/uploads\/2018\/12\/MUTZ10-768x513.jpg 768w, https:\/\/www.quetzalma.org\/wp-content\/uploads\/2018\/12\/MUTZ10-150x100.jpg 150w\" sizes=\"auto, (max-width: 390px) 100vw, 390px\" \/><\/a><\/div>\n<div data-media=\"https:\/\/www.jds.fr\/medias\/image\/0-07787600-1480066819-57927-685-0.jpg\"><\/div>\n<div data-media=\"https:\/\/www.jds.fr\/medias\/image\/0-07787600-1480066819-57927-685-0.jpg\"><\/div>\n<div data-media=\"https:\/\/www.jds.fr\/medias\/image\/0-07787600-1480066819-57927-685-0.jpg\"><\/div>\n<div data-media=\"https:\/\/www.jds.fr\/medias\/image\/0-07787600-1480066819-57927-685-0.jpg\"><\/div>\n","protected":false},"excerpt":{"rendered":"<p>Blottis dans nos cabanons en bois nous proposons avec ferveur et fiert\u00e9 notre artisanat. \u00a0\u00a0\u00a0\u00a0 &nbsp; Un village de no\u00ebl, reconstitu\u00e9 avec soin, go\u00fbt, \u00e9motion\u2026<\/p>\n<p class=\"continue-reading-button\"> <a class=\"continue-reading-link\" href=\"https:\/\/www.quetzalma.org\/?page_id=6844\">Lire la suite<i class=\"crycon-right-dir\"><\/i><\/a><\/p>\n","protected":false},"author":1,"featured_media":6861,"parent":4745,"menu_order":22,"comment_status":"closed","ping_status":"open","template":"","meta":{"footnotes":""},"class_list":["post-6844","page","type-page","status-publish","has-post-thumbnail","hentry"],"_links":{"self":[{"href":"https:\/\/www.quetzalma.org\/index.php?rest_route=\/wp\/v2\/pages\/6844","targetHints":{"allow":["GET"]}}],"collection":[{"href":"https:\/\/www.quetzalma.org\/index.php?rest_route=\/wp\/v2\/pages"}],"about":[{"href":"https:\/\/www.quetzalma.org\/index.php?rest_route=\/wp\/v2\/types\/page"}],"author":[{"embeddable":true,"href":"https:\/\/www.quetzalma.org\/index.php?rest_route=\/wp\/v2\/users\/1"}],"replies":[{"embeddable":true,"href":"https:\/\/www.quetzalma.org\/index.php?rest_route=%2Fwp%2Fv2%2Fcomments&post=6844"}],"version-history":[{"count":5,"href":"https:\/\/www.quetzalma.org\/index.php?rest_route=\/wp\/v2\/pages\/6844\/revisions"}],"predecessor-version":[{"id":6868,"href":"https:\/\/www.quetzalma.org\/index.php?rest_route=\/wp\/v2\/pages\/6844\/revisions\/6868"}],"up":[{"embeddable":true,"href":"https:\/\/www.quetzalma.org\/index.php?rest_route=\/wp\/v2\/pages\/4745"}],"wp:featuredmedia":[{"embeddable":true,"href":"https:\/\/www.quetzalma.org\/index.php?rest_route=\/wp\/v2\/media\/6861"}],"wp:attachment":[{"href":"https:\/\/www.quetzalma.org\/index.php?rest_route=%2Fwp%2Fv2%2Fmedia&parent=6844"}],"curies":[{"name":"wp","href":"https:\/\/api.w.org\/{rel}","templated":true}]}}