{"id":6955,"date":"2019-03-25T15:17:24","date_gmt":"2019-03-25T14:17:24","guid":{"rendered":"http:\/\/www.quetzalma.org\/?p=6955"},"modified":"2020-01-19T15:19:44","modified_gmt":"2020-01-19T14:19:44","slug":"leo-rojas-bientot-a-plobsheim-en-alsace-6-avril-2019-a-plobsheim","status":"publish","type":"page","link":"https:\/\/www.quetzalma.org\/?page_id=6955","title":{"rendered":"Leo ROJAS de retour en Alsace .. samedi 6 avril 2019 \u00e0 Plobsheim"},"content":{"rendered":"<div class=\"pdfprnt-buttons pdfprnt-buttons-page pdfprnt-top-right\"><a href=\"https:\/\/www.quetzalma.org\/index.php?rest_route=%2Fwp%2Fv2%2Fpages%2F6955&print=pdf\" class=\"pdfprnt-button pdfprnt-button-pdf\" target=\"_blank\" ><img decoding=\"async\" src=\"https:\/\/www.quetzalma.org\/wp-content\/plugins\/pdf-print\/images\/pdf.png\" alt=\"image_pdf\" title=\"Afficher le PDF\" \/><\/a><a href=\"https:\/\/www.quetzalma.org\/index.php?rest_route=%2Fwp%2Fv2%2Fpages%2F6955&print=print\" class=\"pdfprnt-button pdfprnt-button-print\" target=\"_blank\" ><img decoding=\"async\" src=\"https:\/\/www.quetzalma.org\/wp-content\/plugins\/pdf-print\/images\/print.png\" alt=\"image_print\" title=\"Contenu imprim\u00e9\" \/><\/a><\/div><p><a href=\"https:\/\/www.quetzalma.org\/?attachment_id=6959\" rel=\"attachment wp-att-6959\"><img loading=\"lazy\" decoding=\"async\" class=\"wp-image-6959 aligncenter\" src=\"https:\/\/www.quetzalma.org\/wp-content\/uploads\/2019\/02\/affiche-Leo.png\" alt=\"\" width=\"440\" height=\"632\" srcset=\"https:\/\/www.quetzalma.org\/wp-content\/uploads\/2019\/02\/affiche-Leo.png 611w, https:\/\/www.quetzalma.org\/wp-content\/uploads\/2019\/02\/affiche-Leo-209x300.png 209w, https:\/\/www.quetzalma.org\/wp-content\/uploads\/2019\/02\/affiche-Leo-105x150.png 105w\" sizes=\"auto, (max-width: 440px) 100vw, 440px\" \/><\/a><\/p>\n<div class=\"epyt-video-wrapper\"><iframe loading=\"lazy\"  id=\"_ytid_42400\"  width=\"900\" height=\"506\"  data-origwidth=\"900\" data-origheight=\"506\" src=\"https:\/\/www.youtube.com\/embed\/xhHqhkYOT08?enablejsapi=1&#038;autoplay=0&#038;cc_load_policy=0&#038;cc_lang_pref=&#038;iv_load_policy=1&#038;loop=0&#038;rel=1&#038;fs=1&#038;playsinline=0&#038;autohide=2&#038;theme=dark&#038;color=red&#038;controls=1&#038;disablekb=0&#038;\" class=\"__youtube_prefs__  epyt-is-override  no-lazyload\" title=\"YouTube player\"  allow=\"fullscreen; accelerometer; autoplay; clipboard-write; encrypted-media; gyroscope; picture-in-picture; web-share\" referrerpolicy=\"strict-origin-when-cross-origin\" allowfullscreen data-no-lazy=\"1\" data-skipgform_ajax_framebjll=\"\"><\/iframe><\/div>\n<p>Chers amis, chers membres, chers sympathisants,<\/p>\n<p><span style=\"font-family: Ubuntu;\">Assistez \u00e0 un concert in\u00e9dit de Leo Rojas, \u00e0 nouveau parmi nous, c\u2019est le virtuose de la fl\u00fbte de pan, vainqueur de l&rsquo;\u00e9mission Super Talent 2011 en Allemagne avec le titre \u00ab\u00a0der Einsame Hirte\u00a0\u00bb.<\/span><\/p>\n<div class=\"text_exposed_show\">\n<p>Assistez \u00e0 un concert de Julio&amp;Co, musiciens de l&rsquo;association qui interpr\u00e9teront la traditionnelle musique andine.<\/p>\n<p>Buvette, restauration sur place, vente d&rsquo;artisanat typique fait main.<br \/>\nAfter .. soir\u00e9e dansante.<\/p>\n<p>Billet 25\u20ac, billetterie sur Helloasso, possibilit\u00e9 de r\u00e9servation directe.<br \/>\n<a href=\"https:\/\/www.helloasso.com\/?fbclid=IwAR3owEnkf3WikLJyyLRJI2GPjDT6F-cTB7wjxNcZQEqqv9cjhmIxScjenOo\" target=\"_blank\" rel=\"noopener nofollow noreferrer\" data-ft=\"{&quot;tn&quot;:&quot;-U&quot;}\" data-lynx-mode=\"async\" data-lynx-uri=\"https:\/\/l.facebook.com\/l.php?u=https%3A%2F%2Fwww.helloasso.com%2F%3Ffbclid%3DIwAR3owEnkf3WikLJyyLRJI2GPjDT6F-cTB7wjxNcZQEqqv9cjhmIxScjenOo&amp;h=AT1RU5cQMmtzD5ch2q2p9bxJ3LdU_xZnyDS95iMQuReaKSfaKgeFYgme8f4hE-jNumdzne0PbQkRmomLYeUyLB11lJhljnAH6lOm5RZyS-XE050rgR9u0P3DuZ3cXN4wdSj4LzwhRwFMjx-nJKgHs9Ky5yfZn-44DCI8mvTPlbAYrcaHTz7P5OaJGrW0HM7lDjNiFJzyAllQ8-LydWVaMd9qYikANH58QdyCUbYj7_kWvtehv-SqrTejACzRZuCYSL7Y72z-uXfYs7ws8Rzz0AudmLCJGmXzGWr9bxr9WMRNgNHGxtSSHHjld4EaQviKoh-Dl-1nq3bGFprFWUkPz32KGmn6_rgCG7fG3OVAIKkT_j5yuNC1hXGOQzmUK4HEsxKpggPAgeMqMkbE3SveH8y5h-EVH4Wv2IEOMZrCOq6QyJvYBtwpbSAyFmF8gwyngxaiSL7Q3kciimpIktKCPGhhOReL3RInpsFhhABgD0d-b7YvD6Ch7k6UFD81Ksi4Jl3L3I-Sxr6btN1autIheXlAHbQor_kOLTmQAtlFlTYFYMrI5RMAXGkWHZ7PDlDNa8vF7aZ8KqAfJ41E2fcy2HSVYOd38KfYa9zRDxr4w6LJmPvORlaNuG5Ju9ebRNmknBg3B5zR\">https:\/\/www.helloasso.com\/<\/a>\u2026\/\u2026\/evenements\/concert-leo-rojas-1<\/p>\n<p>Au plaisir de vous rencontrer<br \/>\nCordialement<br \/>\nL&rsquo; Equipe Quetzalma<\/p>\n<p>&nbsp;<\/p>\n<\/div>\n<p><strong>Plan alentours de Plobsheim<\/strong><\/p>\n<p>&nbsp;<\/p>\n<p><a href=\"https:\/\/www.quetzalma.org\/?attachment_id=6941\" rel=\"attachment wp-att-6941\"><img loading=\"lazy\" decoding=\"async\" class=\"alignleft wp-image-6941\" src=\"https:\/\/www.quetzalma.org\/wp-content\/uploads\/2019\/01\/Autour-de-Plobsheim.jpg\" alt=\"\" width=\"410\" height=\"272\" srcset=\"https:\/\/www.quetzalma.org\/wp-content\/uploads\/2019\/01\/Autour-de-Plobsheim.jpg 960w, https:\/\/www.quetzalma.org\/wp-content\/uploads\/2019\/01\/Autour-de-Plobsheim-300x199.jpg 300w, https:\/\/www.quetzalma.org\/wp-content\/uploads\/2019\/01\/Autour-de-Plobsheim-768x510.jpg 768w, https:\/\/www.quetzalma.org\/wp-content\/uploads\/2019\/01\/Autour-de-Plobsheim-150x100.jpg 150w\" sizes=\"auto, (max-width: 410px) 100vw, 410px\" \/><\/a><\/p>\n","protected":false},"excerpt":{"rendered":"<p>Chers amis, chers membres, chers sympathisants, Assistez \u00e0 un concert in\u00e9dit de Leo Rojas, \u00e0 nouveau parmi nous, c\u2019est le virtuose de la fl\u00fbte de\u2026<\/p>\n<p class=\"continue-reading-button\"> <a class=\"continue-reading-link\" href=\"https:\/\/www.quetzalma.org\/?page_id=6955\">Lire la suite<i class=\"crycon-right-dir\"><\/i><\/a><\/p>\n","protected":false},"author":1,"featured_media":6959,"parent":6887,"menu_order":3,"comment_status":"closed","ping_status":"open","template":"","meta":{"footnotes":""},"class_list":["post-6955","page","type-page","status-publish","has-post-thumbnail","hentry"],"_links":{"self":[{"href":"https:\/\/www.quetzalma.org\/index.php?rest_route=\/wp\/v2\/pages\/6955","targetHints":{"allow":["GET"]}}],"collection":[{"href":"https:\/\/www.quetzalma.org\/index.php?rest_route=\/wp\/v2\/pages"}],"about":[{"href":"https:\/\/www.quetzalma.org\/index.php?rest_route=\/wp\/v2\/types\/page"}],"author":[{"embeddable":true,"href":"https:\/\/www.quetzalma.org\/index.php?rest_route=\/wp\/v2\/users\/1"}],"replies":[{"embeddable":true,"href":"https:\/\/www.quetzalma.org\/index.php?rest_route=%2Fwp%2Fv2%2Fcomments&post=6955"}],"version-history":[{"count":5,"href":"https:\/\/www.quetzalma.org\/index.php?rest_route=\/wp\/v2\/pages\/6955\/revisions"}],"predecessor-version":[{"id":7604,"href":"https:\/\/www.quetzalma.org\/index.php?rest_route=\/wp\/v2\/pages\/6955\/revisions\/7604"}],"up":[{"embeddable":true,"href":"https:\/\/www.quetzalma.org\/index.php?rest_route=\/wp\/v2\/pages\/6887"}],"wp:featuredmedia":[{"embeddable":true,"href":"https:\/\/www.quetzalma.org\/index.php?rest_route=\/wp\/v2\/media\/6959"}],"wp:attachment":[{"href":"https:\/\/www.quetzalma.org\/index.php?rest_route=%2Fwp%2Fv2%2Fmedia&parent=6955"}],"curies":[{"name":"wp","href":"https:\/\/api.w.org\/{rel}","templated":true}]}}