{"id":7023,"date":"2019-04-11T16:40:26","date_gmt":"2019-04-11T15:40:26","guid":{"rendered":"http:\/\/www.quetzalma.org\/?p=7023"},"modified":"2020-01-19T14:36:14","modified_gmt":"2020-01-19T13:36:14","slug":"retour-journee-mondiale-syndrome-de-down-21-mars-2019","status":"publish","type":"page","link":"https:\/\/www.quetzalma.org\/?page_id=7023","title":{"rendered":"Retour Journ\u00e9e mondiale Syndrome de Down 21 mars 2019 Photos et videos"},"content":{"rendered":"<div class=\"pdfprnt-buttons pdfprnt-buttons-page pdfprnt-top-right\"><a href=\"https:\/\/www.quetzalma.org\/index.php?rest_route=%2Fwp%2Fv2%2Fpages%2F7023&print=pdf\" class=\"pdfprnt-button pdfprnt-button-pdf\" target=\"_blank\" ><img decoding=\"async\" src=\"https:\/\/www.quetzalma.org\/wp-content\/plugins\/pdf-print\/images\/pdf.png\" alt=\"image_pdf\" title=\"Afficher le PDF\" \/><\/a><a href=\"https:\/\/www.quetzalma.org\/index.php?rest_route=%2Fwp%2Fv2%2Fpages%2F7023&print=print\" class=\"pdfprnt-button pdfprnt-button-print\" target=\"_blank\" ><img decoding=\"async\" src=\"https:\/\/www.quetzalma.org\/wp-content\/plugins\/pdf-print\/images\/print.png\" alt=\"image_print\" title=\"Contenu imprim\u00e9\" \/><\/a><\/div><p>Retour de notre partenaire p\u00e9ruvien Pasitos de Esperanza.<\/p>\n<p><span style=\"font-family: georgia, palatino, serif; color: #0000ff; font-size: 10pt;\">Sachons accepter la diff\u00e9rence, porter un autre regard sur l&rsquo;handicap.<\/span><\/p>\n<p><span style=\"font-family: georgia, palatino, serif; color: #0000ff; font-size: 10pt;\">L&rsquo;handicap n\u2019est ni une tare ni une maladie contagieuse !\u00a0C\u2019est la vie !<\/span><\/p>\n<p><span style=\"font-family: georgia, palatino, serif; font-size: 10pt;\">Un \u00e9v\u00e9nement grandiose pour \u00ab la journ\u00e9e mondiale du syndrome de Down \u00bb dans le district d&rsquo;Independecia.<\/span><\/p>\n<p><span style=\"font-family: georgia, palatino, serif; font-size: 10pt;\">Vous pouvez voir tous les meilleurs moments qui ont \u00e9t\u00e9 v\u00e9cus dans cette f\u00eate inoubliable.<\/span><\/p>\n<p><span style=\"font-family: georgia, palatino, serif; font-size: 10pt;\">Merci \u00e0 l&rsquo;\u00e9quipe de fitness, aux entra\u00eeneurs, \u00e0 la fabuleuse \u00e9quipe de danseurs, aux musiciens et \u00e0<span class=\"textexposedshow\">\u00a0toute l&rsquo;\u00e9quipe qui a particip\u00e9 \u00e0 cette journ\u00e9e par les jeux, les animations et des cadeaux.<\/span><\/span><\/p>\n<p><span style=\"font-family: georgia, palatino, serif; font-size: 10pt;\">Le bonheur qui se refl\u00e8te sur le\u00a0visage des enfants et des parents nous dit tout.\u00a0<\/span><br \/>\n<span style=\"font-family: georgia, palatino, serif; font-size: 10pt;\">Un jour important pour toutes les familles dont le membre est une personne atteinte du syndrome de Down, beaucoup d&rsquo;\u00e9motion.\u00a0<\/span><\/p>\n<p><a href=\"https:\/\/youtu.be\/6VCNjE7NnbI\">https:\/\/youtu.be\/6VCNjE7NnbI<\/a><\/p>\n<p><span style=\"font-family: georgia, palatino, serif; font-size: 10pt;\">\u00a0 \u00a0 \u00a0 \u00a0 \u00a0 <\/span><\/p>\n<p><span style=\"font-family: georgia, palatino, serif; font-size: 10pt;\">\u00a0 \u00a0Princesita Zinnia\u00a0 \u00a0 \u00a0 \u00a0 \u00a0 \u00a0 \u00a0 \u00a0 \u00a0 \u00a0 \u00a0 \u00a0 \u00a0 \u00a0 \u00a0 \u00a0 \u00a0 \u00a0 \u00a0 \u00a0 \u00a0 \u00a0 \u00a0 \u00a0 \u00a0 \u00a0 \u00a0 \u00a0 \u00a0 \u00a0 \u00a0 \u00a0 \u00a0 \u00a0 \u00a0 \u00a0 \u00a0Zinnia entour\u00e9e de ses parents Katia et Ebert\u00a0 \u00a0\u00a0<\/span><\/p>\n<p><a href=\"https:\/\/www.quetzalma.org\/?attachment_id=7024\" rel=\"attachment wp-att-7024\"><br \/>\n<img loading=\"lazy\" decoding=\"async\" class=\"wp-image-7024 alignnone\" src=\"https:\/\/www.quetzalma.org\/wp-content\/uploads\/2019\/04\/Zinnia.jpg\" alt=\"\" width=\"283\" height=\"255\" srcset=\"https:\/\/www.quetzalma.org\/wp-content\/uploads\/2019\/04\/Zinnia.jpg 932w, https:\/\/www.quetzalma.org\/wp-content\/uploads\/2019\/04\/Zinnia-300x269.jpg 300w, https:\/\/www.quetzalma.org\/wp-content\/uploads\/2019\/04\/Zinnia-768x690.jpg 768w, https:\/\/www.quetzalma.org\/wp-content\/uploads\/2019\/04\/Zinnia-150x135.jpg 150w\" sizes=\"auto, (max-width: 283px) 100vw, 283px\" \/>\u00a0 \u00a0 \u00a0 \u00a0 \u00a0 \u00a0\u00a0\u00a0\u00a0<\/a><a href=\"https:\/\/www.quetzalma.org\/?attachment_id=7027\" rel=\"attachment wp-att-7027\"><img loading=\"lazy\" decoding=\"async\" class=\"wp-image-7027 alignnone\" src=\"https:\/\/www.quetzalma.org\/wp-content\/uploads\/2019\/04\/defil\u00e9-2.jpg\" alt=\"\" width=\"368\" height=\"245\" srcset=\"https:\/\/www.quetzalma.org\/wp-content\/uploads\/2019\/04\/defil\u00e9-2.jpg 1280w, https:\/\/www.quetzalma.org\/wp-content\/uploads\/2019\/04\/defil\u00e9-2-300x199.jpg 300w, https:\/\/www.quetzalma.org\/wp-content\/uploads\/2019\/04\/defil\u00e9-2-768x510.jpg 768w, https:\/\/www.quetzalma.org\/wp-content\/uploads\/2019\/04\/defil\u00e9-2-1024x680.jpg 1024w, https:\/\/www.quetzalma.org\/wp-content\/uploads\/2019\/04\/defil\u00e9-2-150x100.jpg 150w\" sizes=\"auto, (max-width: 368px) 100vw, 368px\" \/><\/a><\/p>\n<p>&nbsp;<\/p>\n<p>&nbsp;<\/p>\n<p><a href=\"https:\/\/www.quetzalma.org\/?attachment_id=7026\" rel=\"attachment wp-att-7026\"><img loading=\"lazy\" decoding=\"async\" class=\"wp-image-7026 alignnone\" src=\"https:\/\/www.quetzalma.org\/wp-content\/uploads\/2019\/04\/defil\u00e9-1.jpg\" alt=\"\" width=\"370\" height=\"245\" srcset=\"https:\/\/www.quetzalma.org\/wp-content\/uploads\/2019\/04\/defil\u00e9-1.jpg 1280w, https:\/\/www.quetzalma.org\/wp-content\/uploads\/2019\/04\/defil\u00e9-1-300x199.jpg 300w, https:\/\/www.quetzalma.org\/wp-content\/uploads\/2019\/04\/defil\u00e9-1-768x510.jpg 768w, https:\/\/www.quetzalma.org\/wp-content\/uploads\/2019\/04\/defil\u00e9-1-1024x680.jpg 1024w, https:\/\/www.quetzalma.org\/wp-content\/uploads\/2019\/04\/defil\u00e9-1-150x100.jpg 150w\" sizes=\"auto, (max-width: 370px) 100vw, 370px\" \/>\u00a0 \u00a0 \u00a0 \u00a0\u00a0\u00a0<\/a><a href=\"https:\/\/www.quetzalma.org\/?attachment_id=7028\" rel=\"attachment wp-att-7028\"><img loading=\"lazy\" decoding=\"async\" class=\"wp-image-7028 alignnone\" src=\"https:\/\/www.quetzalma.org\/wp-content\/uploads\/2019\/04\/d\u00e9fil\u00e9-5.jpg\" alt=\"\" width=\"382\" height=\"245\" srcset=\"https:\/\/www.quetzalma.org\/wp-content\/uploads\/2019\/04\/d\u00e9fil\u00e9-5.jpg 1280w, https:\/\/www.quetzalma.org\/wp-content\/uploads\/2019\/04\/d\u00e9fil\u00e9-5-300x192.jpg 300w, https:\/\/www.quetzalma.org\/wp-content\/uploads\/2019\/04\/d\u00e9fil\u00e9-5-768x491.jpg 768w, https:\/\/www.quetzalma.org\/wp-content\/uploads\/2019\/04\/d\u00e9fil\u00e9-5-1024x655.jpg 1024w, https:\/\/www.quetzalma.org\/wp-content\/uploads\/2019\/04\/d\u00e9fil\u00e9-5-150x96.jpg 150w\" sizes=\"auto, (max-width: 382px) 100vw, 382px\" \/><\/a><\/p>\n<p>Une journ\u00e9e bien remplie, des animations pour petits et grands : sport, danse, musique &#8230;.<\/p>\n<p><a href=\"https:\/\/www.quetzalma.org\/?attachment_id=7032\" rel=\"attachment wp-att-7032\"><img loading=\"lazy\" decoding=\"async\" class=\"wp-image-7032 alignnone\" src=\"https:\/\/www.quetzalma.org\/wp-content\/uploads\/2019\/04\/7.jpg\" alt=\"\" width=\"376\" height=\"250\" srcset=\"https:\/\/www.quetzalma.org\/wp-content\/uploads\/2019\/04\/7.jpg 1280w, https:\/\/www.quetzalma.org\/wp-content\/uploads\/2019\/04\/7-300x199.jpg 300w, https:\/\/www.quetzalma.org\/wp-content\/uploads\/2019\/04\/7-768x510.jpg 768w, https:\/\/www.quetzalma.org\/wp-content\/uploads\/2019\/04\/7-1024x680.jpg 1024w, https:\/\/www.quetzalma.org\/wp-content\/uploads\/2019\/04\/7-150x100.jpg 150w\" sizes=\"auto, (max-width: 376px) 100vw, 376px\" \/>\u00a0\u00a0<\/a><a href=\"https:\/\/www.quetzalma.org\/?attachment_id=7033\" rel=\"attachment wp-att-7033\"><img loading=\"lazy\" decoding=\"async\" class=\"alignleft wp-image-7033\" src=\"https:\/\/www.quetzalma.org\/wp-content\/uploads\/2019\/04\/8.jpg\" alt=\"\" width=\"383\" height=\"254\" srcset=\"https:\/\/www.quetzalma.org\/wp-content\/uploads\/2019\/04\/8.jpg 1280w, https:\/\/www.quetzalma.org\/wp-content\/uploads\/2019\/04\/8-300x199.jpg 300w, https:\/\/www.quetzalma.org\/wp-content\/uploads\/2019\/04\/8-768x510.jpg 768w, https:\/\/www.quetzalma.org\/wp-content\/uploads\/2019\/04\/8-1024x680.jpg 1024w, https:\/\/www.quetzalma.org\/wp-content\/uploads\/2019\/04\/8-150x100.jpg 150w\" sizes=\"auto, (max-width: 383px) 100vw, 383px\" \/><\/a><\/p>\n<p><a href=\"https:\/\/www.quetzalma.org\/?attachment_id=7034\" rel=\"attachment wp-att-7034\"><img loading=\"lazy\" decoding=\"async\" class=\"wp-image-7034 alignnone\" src=\"https:\/\/www.quetzalma.org\/wp-content\/uploads\/2019\/04\/13.jpg\" alt=\"\" width=\"385\" height=\"250\" srcset=\"https:\/\/www.quetzalma.org\/wp-content\/uploads\/2019\/04\/13.jpg 1280w, https:\/\/www.quetzalma.org\/wp-content\/uploads\/2019\/04\/13-300x195.jpg 300w, https:\/\/www.quetzalma.org\/wp-content\/uploads\/2019\/04\/13-768x498.jpg 768w, https:\/\/www.quetzalma.org\/wp-content\/uploads\/2019\/04\/13-1024x664.jpg 1024w, https:\/\/www.quetzalma.org\/wp-content\/uploads\/2019\/04\/13-150x97.jpg 150w\" sizes=\"auto, (max-width: 385px) 100vw, 385px\" \/>\u00a0 \u00a0 \u00a0 \u00a0\u00a0<\/a><a href=\"https:\/\/www.quetzalma.org\/?attachment_id=7031\" rel=\"attachment wp-att-7031\"><img loading=\"lazy\" decoding=\"async\" class=\"wp-image-7031 alignnone\" src=\"https:\/\/www.quetzalma.org\/wp-content\/uploads\/2019\/04\/6.jpg\" alt=\"\" width=\"374\" height=\"248\" srcset=\"https:\/\/www.quetzalma.org\/wp-content\/uploads\/2019\/04\/6.jpg 1280w, https:\/\/www.quetzalma.org\/wp-content\/uploads\/2019\/04\/6-300x199.jpg 300w, https:\/\/www.quetzalma.org\/wp-content\/uploads\/2019\/04\/6-768x510.jpg 768w, https:\/\/www.quetzalma.org\/wp-content\/uploads\/2019\/04\/6-1024x680.jpg 1024w, https:\/\/www.quetzalma.org\/wp-content\/uploads\/2019\/04\/6-150x100.jpg 150w\" sizes=\"auto, (max-width: 374px) 100vw, 374px\" \/><\/a><\/p>\n<p><a href=\"https:\/\/www.quetzalma.org\/?attachment_id=7039\" rel=\"attachment wp-att-7039\">\u00a0 \u00a0<\/a><a href=\"https:\/\/www.quetzalma.org\/?attachment_id=7037\" rel=\"attachment wp-att-7037\"><img loading=\"lazy\" decoding=\"async\" class=\"wp-image-7037 alignnone\" src=\"https:\/\/www.quetzalma.org\/wp-content\/uploads\/2019\/04\/3.jpg\" alt=\"\" width=\"383\" height=\"246\" srcset=\"https:\/\/www.quetzalma.org\/wp-content\/uploads\/2019\/04\/3.jpg 1280w, https:\/\/www.quetzalma.org\/wp-content\/uploads\/2019\/04\/3-300x192.jpg 300w, https:\/\/www.quetzalma.org\/wp-content\/uploads\/2019\/04\/3-768x492.jpg 768w, https:\/\/www.quetzalma.org\/wp-content\/uploads\/2019\/04\/3-1024x656.jpg 1024w, https:\/\/www.quetzalma.org\/wp-content\/uploads\/2019\/04\/3-150x96.jpg 150w\" sizes=\"auto, (max-width: 383px) 100vw, 383px\" \/>\u00a0 \u00a0\u00a0\u00a0<\/a><a href=\"https:\/\/www.quetzalma.org\/?attachment_id=7038\" rel=\"attachment wp-att-7038\"><img loading=\"lazy\" decoding=\"async\" class=\"wp-image-7038 alignnone\" src=\"https:\/\/www.quetzalma.org\/wp-content\/uploads\/2019\/04\/8-1.jpg\" alt=\"\" width=\"369\" height=\"245\" srcset=\"https:\/\/www.quetzalma.org\/wp-content\/uploads\/2019\/04\/8-1.jpg 1280w, https:\/\/www.quetzalma.org\/wp-content\/uploads\/2019\/04\/8-1-300x199.jpg 300w, https:\/\/www.quetzalma.org\/wp-content\/uploads\/2019\/04\/8-1-768x510.jpg 768w, https:\/\/www.quetzalma.org\/wp-content\/uploads\/2019\/04\/8-1-1024x680.jpg 1024w, https:\/\/www.quetzalma.org\/wp-content\/uploads\/2019\/04\/8-1-150x100.jpg 150w\" sizes=\"auto, (max-width: 369px) 100vw, 369px\" \/><\/a><\/p>\n<p>&nbsp;<\/p>\n<p><a href=\"https:\/\/www.quetzalma.org\/?attachment_id=7041\" rel=\"attachment wp-att-7041\">\u00a0 \u00a0 \u00a0<img loading=\"lazy\" decoding=\"async\" class=\"wp-image-7041 alignnone\" src=\"https:\/\/www.quetzalma.org\/wp-content\/uploads\/2019\/04\/6-1.jpg\" alt=\"\" width=\"386\" height=\"256\" srcset=\"https:\/\/www.quetzalma.org\/wp-content\/uploads\/2019\/04\/6-1.jpg 1280w, https:\/\/www.quetzalma.org\/wp-content\/uploads\/2019\/04\/6-1-300x199.jpg 300w, https:\/\/www.quetzalma.org\/wp-content\/uploads\/2019\/04\/6-1-768x510.jpg 768w, https:\/\/www.quetzalma.org\/wp-content\/uploads\/2019\/04\/6-1-1024x680.jpg 1024w, https:\/\/www.quetzalma.org\/wp-content\/uploads\/2019\/04\/6-1-150x100.jpg 150w\" sizes=\"auto, (max-width: 386px) 100vw, 386px\" \/>\u00a0 \u00a0 \u00a0 \u00a0 \u00a0 \u00a0 \u00a0 \u00a0 \u00a0 \u00a0 \u00a0\u00a0<\/a><a href=\"https:\/\/www.quetzalma.org\/?attachment_id=7036\" rel=\"attachment wp-att-7036\"><img loading=\"lazy\" decoding=\"async\" class=\"wp-image-7036 alignnone\" src=\"https:\/\/www.quetzalma.org\/wp-content\/uploads\/2019\/04\/7-1.jpg\" alt=\"\" width=\"280\" height=\"253\" srcset=\"https:\/\/www.quetzalma.org\/wp-content\/uploads\/2019\/04\/7-1.jpg 836w, https:\/\/www.quetzalma.org\/wp-content\/uploads\/2019\/04\/7-1-300x271.jpg 300w, https:\/\/www.quetzalma.org\/wp-content\/uploads\/2019\/04\/7-1-768x694.jpg 768w, https:\/\/www.quetzalma.org\/wp-content\/uploads\/2019\/04\/7-1-150x135.jpg 150w\" sizes=\"auto, (max-width: 280px) 100vw, 280px\" \/><\/a><\/p>\n<p><a href=\"https:\/\/www.quetzalma.org\/?attachment_id=7042\" rel=\"attachment wp-att-7042\">\u00a0 \u00a0\u00a0<img loading=\"lazy\" decoding=\"async\" class=\"wp-image-7042 alignnone\" src=\"https:\/\/www.quetzalma.org\/wp-content\/uploads\/2019\/04\/3-1.jpg\" alt=\"\" width=\"366\" height=\"238\" srcset=\"https:\/\/www.quetzalma.org\/wp-content\/uploads\/2019\/04\/3-1.jpg 1280w, https:\/\/www.quetzalma.org\/wp-content\/uploads\/2019\/04\/3-1-300x195.jpg 300w, https:\/\/www.quetzalma.org\/wp-content\/uploads\/2019\/04\/3-1-768x500.jpg 768w, https:\/\/www.quetzalma.org\/wp-content\/uploads\/2019\/04\/3-1-1024x667.jpg 1024w, https:\/\/www.quetzalma.org\/wp-content\/uploads\/2019\/04\/3-1-150x98.jpg 150w\" sizes=\"auto, (max-width: 366px) 100vw, 366px\" \/>\u00a0\u00a0<\/a><a href=\"https:\/\/www.quetzalma.org\/?attachment_id=7043\" rel=\"attachment wp-att-7043\"><img loading=\"lazy\" decoding=\"async\" class=\"alignleft wp-image-7043\" src=\"https:\/\/www.quetzalma.org\/wp-content\/uploads\/2019\/04\/6-2.jpg\" alt=\"\" width=\"373\" height=\"241\" srcset=\"https:\/\/www.quetzalma.org\/wp-content\/uploads\/2019\/04\/6-2.jpg 1280w, https:\/\/www.quetzalma.org\/wp-content\/uploads\/2019\/04\/6-2-300x194.jpg 300w, https:\/\/www.quetzalma.org\/wp-content\/uploads\/2019\/04\/6-2-768x496.jpg 768w, https:\/\/www.quetzalma.org\/wp-content\/uploads\/2019\/04\/6-2-1024x662.jpg 1024w, https:\/\/www.quetzalma.org\/wp-content\/uploads\/2019\/04\/6-2-150x97.jpg 150w\" sizes=\"auto, (max-width: 373px) 100vw, 373px\" \/><\/a><\/p>\n<p><a href=\"https:\/\/www.quetzalma.org\/?attachment_id=7048\" rel=\"attachment wp-att-7048\">\u00a0 \u00a0<img loading=\"lazy\" decoding=\"async\" class=\"wp-image-7048 alignnone\" src=\"https:\/\/www.quetzalma.org\/wp-content\/uploads\/2019\/04\/4.jpg\" alt=\"\" width=\"364\" height=\"242\" srcset=\"https:\/\/www.quetzalma.org\/wp-content\/uploads\/2019\/04\/4.jpg 1280w, https:\/\/www.quetzalma.org\/wp-content\/uploads\/2019\/04\/4-300x199.jpg 300w, https:\/\/www.quetzalma.org\/wp-content\/uploads\/2019\/04\/4-768x510.jpg 768w, https:\/\/www.quetzalma.org\/wp-content\/uploads\/2019\/04\/4-1024x680.jpg 1024w, https:\/\/www.quetzalma.org\/wp-content\/uploads\/2019\/04\/4-150x100.jpg 150w\" sizes=\"auto, (max-width: 364px) 100vw, 364px\" \/>\u00a0 \u00a0 \u00a0 \u00a0\u00a0\u00a0<\/a><a href=\"https:\/\/www.quetzalma.org\/?attachment_id=7049\" rel=\"attachment wp-att-7049\"><img loading=\"lazy\" decoding=\"async\" class=\"wp-image-7049 alignnone\" src=\"https:\/\/www.quetzalma.org\/wp-content\/uploads\/2019\/04\/5.jpg\" alt=\"\" width=\"367\" height=\"243\" srcset=\"https:\/\/www.quetzalma.org\/wp-content\/uploads\/2019\/04\/5.jpg 1280w, https:\/\/www.quetzalma.org\/wp-content\/uploads\/2019\/04\/5-300x199.jpg 300w, https:\/\/www.quetzalma.org\/wp-content\/uploads\/2019\/04\/5-768x510.jpg 768w, https:\/\/www.quetzalma.org\/wp-content\/uploads\/2019\/04\/5-1024x680.jpg 1024w, https:\/\/www.quetzalma.org\/wp-content\/uploads\/2019\/04\/5-150x100.jpg 150w\" sizes=\"auto, (max-width: 367px) 100vw, 367px\" \/><\/a><a href=\"https:\/\/www.quetzalma.org\/?attachment_id=7047\" rel=\"attachment wp-att-7047\">\u00a0<\/a><\/p>\n<p>&nbsp;<\/p>\n<p><a href=\"https:\/\/www.quetzalma.org\/?attachment_id=7047\" rel=\"attachment wp-att-7047\">\u00a0 \u00a0 \u00a0 \u00a0 \u00a0 \u00a0 \u00a0 \u00a0 \u00a0 \u00a0 \u00a0 \u00a0 \u00a0 \u00a0 \u00a0 \u00a0 \u00a0 \u00a0 \u00a0\u00a0<img loading=\"lazy\" decoding=\"async\" class=\"wp-image-7047 alignnone\" src=\"https:\/\/www.quetzalma.org\/wp-content\/uploads\/2019\/04\/3-2.jpg\" alt=\"\" width=\"582\" height=\"382\" srcset=\"https:\/\/www.quetzalma.org\/wp-content\/uploads\/2019\/04\/3-2.jpg 1280w, https:\/\/www.quetzalma.org\/wp-content\/uploads\/2019\/04\/3-2-300x197.jpg 300w, https:\/\/www.quetzalma.org\/wp-content\/uploads\/2019\/04\/3-2-768x504.jpg 768w, https:\/\/www.quetzalma.org\/wp-content\/uploads\/2019\/04\/3-2-1024x672.jpg 1024w, https:\/\/www.quetzalma.org\/wp-content\/uploads\/2019\/04\/3-2-150x98.jpg 150w\" sizes=\"auto, (max-width: 582px) 100vw, 582px\" \/><\/a><\/p>\n<p>&nbsp;<\/p>\n<p><span style=\"color: #993366;\">Quetzalma sponsor exclusif de cet \u00e9v\u00e9nement !<\/span><\/p>\n<p><span style=\"color: #993366;\">Merci \u00e0 tous nos sympathisants !\u00a0<\/span><br \/>\n<span style=\"color: #993366;\">Merci pour votre soutien, merci pour votre confiance !<\/span><\/p>\n<p><span style=\"color: #993366;\">Votre participation \u00e0 nos \u00e9v\u00e9nements, vos visites \u00e0 nos stands lors de nos march\u00e9s, vos achats d\u2019artisanat, vos dons, vos cartes\u00a0<\/span><span style=\"color: #993366;\">de membre, toutes ces actions sont la cl\u00e9 de nos r\u00e9ussites.<\/span><\/p>\n<p>&nbsp;<\/p>\n<p>&nbsp;<\/p>\n<p>&nbsp;<\/p>\n<p>&nbsp;<\/p>\n","protected":false},"excerpt":{"rendered":"<p>Retour de notre partenaire p\u00e9ruvien Pasitos de Esperanza. Sachons accepter la diff\u00e9rence, porter un autre regard sur l&rsquo;handicap. L&rsquo;handicap n\u2019est ni une tare ni une\u2026<\/p>\n<p class=\"continue-reading-button\"> <a class=\"continue-reading-link\" href=\"https:\/\/www.quetzalma.org\/?page_id=7023\">Lire la suite<i class=\"crycon-right-dir\"><\/i><\/a><\/p>\n","protected":false},"author":1,"featured_media":7036,"parent":7579,"menu_order":2,"comment_status":"closed","ping_status":"open","template":"","meta":{"footnotes":""},"class_list":["post-7023","page","type-page","status-publish","has-post-thumbnail","hentry"],"_links":{"self":[{"href":"https:\/\/www.quetzalma.org\/index.php?rest_route=\/wp\/v2\/pages\/7023","targetHints":{"allow":["GET"]}}],"collection":[{"href":"https:\/\/www.quetzalma.org\/index.php?rest_route=\/wp\/v2\/pages"}],"about":[{"href":"https:\/\/www.quetzalma.org\/index.php?rest_route=\/wp\/v2\/types\/page"}],"author":[{"embeddable":true,"href":"https:\/\/www.quetzalma.org\/index.php?rest_route=\/wp\/v2\/users\/1"}],"replies":[{"embeddable":true,"href":"https:\/\/www.quetzalma.org\/index.php?rest_route=%2Fwp%2Fv2%2Fcomments&post=7023"}],"version-history":[{"count":5,"href":"https:\/\/www.quetzalma.org\/index.php?rest_route=\/wp\/v2\/pages\/7023\/revisions"}],"predecessor-version":[{"id":7249,"href":"https:\/\/www.quetzalma.org\/index.php?rest_route=\/wp\/v2\/pages\/7023\/revisions\/7249"}],"up":[{"embeddable":true,"href":"https:\/\/www.quetzalma.org\/index.php?rest_route=\/wp\/v2\/pages\/7579"}],"wp:featuredmedia":[{"embeddable":true,"href":"https:\/\/www.quetzalma.org\/index.php?rest_route=\/wp\/v2\/media\/7036"}],"wp:attachment":[{"href":"https:\/\/www.quetzalma.org\/index.php?rest_route=%2Fwp%2Fv2%2Fmedia&parent=7023"}],"curies":[{"name":"wp","href":"https:\/\/api.w.org\/{rel}","templated":true}]}}