{"id":7189,"date":"2019-07-10T21:57:40","date_gmt":"2019-07-10T20:57:40","guid":{"rendered":"http:\/\/www.quetzalma.org\/?p=7189"},"modified":"2019-09-09T00:00:56","modified_gmt":"2019-09-08T23:00:56","slug":"fete-du-cheval-samedi-6-juillet-et-dimanche-7-juillet-2019-triembach-au-val","status":"publish","type":"page","link":"https:\/\/www.quetzalma.org\/?page_id=7189","title":{"rendered":"F\u00eate du Cheval &#8211; Samedi 6 juillet et Dimanche 7 juillet 2019 Triembach Au Val"},"content":{"rendered":"<div class=\"pdfprnt-buttons pdfprnt-buttons-page pdfprnt-top-right\"><a href=\"https:\/\/www.quetzalma.org\/index.php?rest_route=%2Fwp%2Fv2%2Fpages%2F7189&print=pdf\" class=\"pdfprnt-button pdfprnt-button-pdf\" target=\"_blank\" ><img decoding=\"async\" src=\"https:\/\/www.quetzalma.org\/wp-content\/plugins\/pdf-print\/images\/pdf.png\" alt=\"image_pdf\" title=\"Afficher le PDF\" \/><\/a><a href=\"https:\/\/www.quetzalma.org\/index.php?rest_route=%2Fwp%2Fv2%2Fpages%2F7189&print=print\" class=\"pdfprnt-button pdfprnt-button-print\" target=\"_blank\" ><img decoding=\"async\" src=\"https:\/\/www.quetzalma.org\/wp-content\/plugins\/pdf-print\/images\/print.png\" alt=\"image_print\" title=\"Contenu imprim\u00e9\" \/><\/a><\/div><p>Le Val de Vill\u00e9 est situ\u00e9 en plein coeur de l&rsquo;Alsace et du Massif Vosgien (50 km au Sud de Strasbourg). P<span style=\"font-family: Ubuntu;\">ort\u00e9 par son slogan \u00ab\u00a0100% nature\u00a0\u00bb, le\u00a0Val de Vill\u00e9\u00a0entretient une qualit\u00e9 de vie exceptionnelle, dans un environnement vert pr\u00e9serv\u00e9, avec un engagement fort dans le d\u00e9veloppement durable, c&rsquo;est le paradis des promeneurs.<\/span><\/p>\n<p>Triembach-au-Val entour\u00e9 de coteaux est l&rsquo;un des 18 villages de cette vall\u00e9e.<\/p>\n<p><a href=\"https:\/\/www.quetzalma.org\/?attachment_id=7191\" rel=\"attachment wp-att-7191\"><img loading=\"lazy\" decoding=\"async\" class=\"wp-image-7191 alignnone\" src=\"https:\/\/www.quetzalma.org\/wp-content\/uploads\/2019\/07\/12TRIEMBAHC19-1.jpg\" alt=\"\" width=\"455\" height=\"239\" srcset=\"https:\/\/www.quetzalma.org\/wp-content\/uploads\/2019\/07\/12TRIEMBAHC19-1.jpg 5973w, https:\/\/www.quetzalma.org\/wp-content\/uploads\/2019\/07\/12TRIEMBAHC19-1-300x158.jpg 300w, https:\/\/www.quetzalma.org\/wp-content\/uploads\/2019\/07\/12TRIEMBAHC19-1-768x405.jpg 768w, https:\/\/www.quetzalma.org\/wp-content\/uploads\/2019\/07\/12TRIEMBAHC19-1-1024x540.jpg 1024w, https:\/\/www.quetzalma.org\/wp-content\/uploads\/2019\/07\/12TRIEMBAHC19-1-150x79.jpg 150w\" sizes=\"auto, (max-width: 455px) 100vw, 455px\" \/><\/a>\u00a0 \u00a0\u00a0<a href=\"https:\/\/www.quetzalma.org\/?attachment_id=7192\" rel=\"attachment wp-att-7192\"><img loading=\"lazy\" decoding=\"async\" class=\"alignright wp-image-7192\" src=\"https:\/\/www.quetzalma.org\/wp-content\/uploads\/2019\/07\/14TRIEMBACH19.jpg\" alt=\"\" width=\"435\" height=\"290\" srcset=\"https:\/\/www.quetzalma.org\/wp-content\/uploads\/2019\/07\/14TRIEMBACH19.jpg 6000w, https:\/\/www.quetzalma.org\/wp-content\/uploads\/2019\/07\/14TRIEMBACH19-300x200.jpg 300w, https:\/\/www.quetzalma.org\/wp-content\/uploads\/2019\/07\/14TRIEMBACH19-768x512.jpg 768w, https:\/\/www.quetzalma.org\/wp-content\/uploads\/2019\/07\/14TRIEMBACH19-1024x683.jpg 1024w, https:\/\/www.quetzalma.org\/wp-content\/uploads\/2019\/07\/14TRIEMBACH19-150x100.jpg 150w\" sizes=\"auto, (max-width: 435px) 100vw, 435px\" \/><\/a><\/p>\n<p>&nbsp;<\/p>\n<p>&nbsp;<\/p>\n<p>&nbsp;<\/p>\n<p>&nbsp;<\/p>\n<p>&nbsp;<\/p>\n<p>&nbsp;<\/p>\n<p>&nbsp;<\/p>\n<p>&nbsp;<\/p>\n<p>&nbsp;<\/p>\n<p>Oh !! je sens une odeur que j&rsquo;affectionne &#8230;\u00a0 \u00a0 \u00a0 \u00a0 \u00a0 \u00a0 \u00a0 \u00a0 \u00a0 \u00a0 \u00a0 \u00a0 \u00a0 \u00a0 \u00a0 \u00a0 \u00a0 \u00a0 \u00a0 \u00a0 \u00a0Mais &#8230;. c&rsquo;est l&rsquo;heure du repas &#8230;<\/p>\n<p><a href=\"https:\/\/www.quetzalma.org\/?attachment_id=7194\" rel=\"attachment wp-att-7194\"><img loading=\"lazy\" decoding=\"async\" class=\"wp-image-7194 alignnone\" src=\"https:\/\/www.quetzalma.org\/wp-content\/uploads\/2019\/07\/3TRIEMBACH19.jpg\" alt=\"\" width=\"390\" height=\"260\" srcset=\"https:\/\/www.quetzalma.org\/wp-content\/uploads\/2019\/07\/3TRIEMBACH19.jpg 6000w, https:\/\/www.quetzalma.org\/wp-content\/uploads\/2019\/07\/3TRIEMBACH19-300x200.jpg 300w, https:\/\/www.quetzalma.org\/wp-content\/uploads\/2019\/07\/3TRIEMBACH19-768x512.jpg 768w, https:\/\/www.quetzalma.org\/wp-content\/uploads\/2019\/07\/3TRIEMBACH19-1024x683.jpg 1024w, https:\/\/www.quetzalma.org\/wp-content\/uploads\/2019\/07\/3TRIEMBACH19-150x100.jpg 150w\" sizes=\"auto, (max-width: 390px) 100vw, 390px\" \/>\u00a0\u00a0\u00a0<\/a>\u00a0\u00a0<a href=\"https:\/\/www.quetzalma.org\/?attachment_id=7195\" rel=\"attachment wp-att-7195\"><img loading=\"lazy\" decoding=\"async\" class=\"alignnone wp-image-7195\" src=\"https:\/\/www.quetzalma.org\/wp-content\/uploads\/2019\/07\/1TRIEMBACH19.jpg\" alt=\"\" width=\"390\" height=\"260\" srcset=\"https:\/\/www.quetzalma.org\/wp-content\/uploads\/2019\/07\/1TRIEMBACH19.jpg 6000w, https:\/\/www.quetzalma.org\/wp-content\/uploads\/2019\/07\/1TRIEMBACH19-300x200.jpg 300w, https:\/\/www.quetzalma.org\/wp-content\/uploads\/2019\/07\/1TRIEMBACH19-768x512.jpg 768w, https:\/\/www.quetzalma.org\/wp-content\/uploads\/2019\/07\/1TRIEMBACH19-1024x683.jpg 1024w, https:\/\/www.quetzalma.org\/wp-content\/uploads\/2019\/07\/1TRIEMBACH19-150x100.jpg 150w\" sizes=\"auto, (max-width: 390px) 100vw, 390px\" \/><\/a><\/p>\n<p>J&rsquo;arrive !!\u00a0Comme je suis heureuse ce week-end, libert\u00e9 ch\u00e9rie&#8230; je vais, je viens, j&rsquo;ai des copains,\u00a0 \u00a0 \u00a0 \u00a0 \u00a0 \u00a0 \u00a0 \u00a0 \u00a0 \u00a0 \u00a0 \u00a0 \u00a0 \u00a0 \u00a0 \u00a0 \u00a0 \u00a0 \u00a0 \u00a0 \u00a0 \u00a0 \u00a0 \u00a0 \u00a0 \u00a0 \u00a0 \u00a0 \u00a0 on se ballade, on s&rsquo;amuse&#8230;<\/p>\n<p><a href=\"https:\/\/www.quetzalma.org\/?attachment_id=7193\" rel=\"attachment wp-att-7193\"><img loading=\"lazy\" decoding=\"async\" class=\"wp-image-7193 aligncenter\" src=\"https:\/\/www.quetzalma.org\/wp-content\/uploads\/2019\/07\/6TRIEMBAHC19.jpg\" alt=\"\" width=\"395\" height=\"295\" srcset=\"https:\/\/www.quetzalma.org\/wp-content\/uploads\/2019\/07\/6TRIEMBAHC19.jpg 5362w, https:\/\/www.quetzalma.org\/wp-content\/uploads\/2019\/07\/6TRIEMBAHC19-300x224.jpg 300w, https:\/\/www.quetzalma.org\/wp-content\/uploads\/2019\/07\/6TRIEMBAHC19-768x573.jpg 768w, https:\/\/www.quetzalma.org\/wp-content\/uploads\/2019\/07\/6TRIEMBAHC19-1024x764.jpg 1024w, https:\/\/www.quetzalma.org\/wp-content\/uploads\/2019\/07\/6TRIEMBAHC19-150x112.jpg 150w\" sizes=\"auto, (max-width: 395px) 100vw, 395px\" \/><\/a><\/p>\n<p>&nbsp;<\/p>\n<p>Organis\u00e9e sur deux jours par\u00a0<span style=\"font-family: Ubuntu;\">les Cavaliers du r\u00eave:\u00a0<\/span><span style=\"font-family: Ubuntu;\">son, lumi\u00e8res et feu, spectacle diurne et animations \u00e9questres.<\/span><\/p>\n<p><span style=\"font-family: Ubuntu;\">A cette occasion, les Cavaliers du r\u00eave associ\u00e9s \u00e0 l&rsquo;ASC St Pierre-Bois Triembach-au-Val ont eu le plaisir de nous pr\u00e9senter\u00a0deux spectacles : \u00ab\u00a0Robin des bois\u00a0\u00bb et \u00ab\u00a0Les r\u00eaves d&rsquo;Emilie\u00a0\u00bb.<\/span><\/p>\n<div class=\"description clearfix\">\n<p>Pour\u00a0\u00ab\u00a0Robin des bois\u00a0\u00bb, cascades et tirs \u00e0 l&rsquo;arc ont rythm\u00e9 cette animation compos\u00e9e d&rsquo;une trentaine de chevaux et d&rsquo;une cinquantaine de figurants.<\/p>\n<p>Dans\u00a0\u00ab\u00a0Les r\u00eaves d&rsquo;Emilie\u00a0\u00bb, lumi\u00e8re et feu ont contribu\u00e9 \u00e0 la f\u00e9erie de la voltige de nuit.<\/p>\n<\/div>\n<p><a href=\"https:\/\/www.quetzalma.org\/?attachment_id=7196\" rel=\"attachment wp-att-7196\"><img loading=\"lazy\" decoding=\"async\" class=\"wp-image-7196 alignnone\" src=\"https:\/\/www.quetzalma.org\/wp-content\/uploads\/2019\/07\/15TRIEMBAHC19.jpg\" alt=\"\" width=\"377\" height=\"222\" srcset=\"https:\/\/www.quetzalma.org\/wp-content\/uploads\/2019\/07\/15TRIEMBAHC19.jpg 5543w, https:\/\/www.quetzalma.org\/wp-content\/uploads\/2019\/07\/15TRIEMBAHC19-300x176.jpg 300w, https:\/\/www.quetzalma.org\/wp-content\/uploads\/2019\/07\/15TRIEMBAHC19-768x452.jpg 768w, https:\/\/www.quetzalma.org\/wp-content\/uploads\/2019\/07\/15TRIEMBAHC19-1024x602.jpg 1024w, https:\/\/www.quetzalma.org\/wp-content\/uploads\/2019\/07\/15TRIEMBAHC19-150x88.jpg 150w\" sizes=\"auto, (max-width: 377px) 100vw, 377px\" \/>\u00a0<\/a><a href=\"https:\/\/www.quetzalma.org\/?attachment_id=7197\" rel=\"attachment wp-att-7197\">\u00a0\u00a0<\/a><a href=\"https:\/\/www.quetzalma.org\/?attachment_id=7205\" rel=\"attachment wp-att-7205\"><img loading=\"lazy\" decoding=\"async\" class=\"wp-image-7205 alignnone\" src=\"https:\/\/www.quetzalma.org\/wp-content\/uploads\/2019\/07\/18TRIEMBAHC19-1.jpg\" alt=\"\" width=\"412\" height=\"220\" srcset=\"https:\/\/www.quetzalma.org\/wp-content\/uploads\/2019\/07\/18TRIEMBAHC19-1.jpg 5633w, https:\/\/www.quetzalma.org\/wp-content\/uploads\/2019\/07\/18TRIEMBAHC19-1-300x160.jpg 300w, https:\/\/www.quetzalma.org\/wp-content\/uploads\/2019\/07\/18TRIEMBAHC19-1-768x409.jpg 768w, https:\/\/www.quetzalma.org\/wp-content\/uploads\/2019\/07\/18TRIEMBAHC19-1-1024x545.jpg 1024w, https:\/\/www.quetzalma.org\/wp-content\/uploads\/2019\/07\/18TRIEMBAHC19-1-150x80.jpg 150w\" sizes=\"auto, (max-width: 412px) 100vw, 412px\" \/><\/a><\/p>\n<div class=\"description clearfix\">\n<p><a href=\"https:\/\/www.quetzalma.org\/?attachment_id=7199\" rel=\"attachment wp-att-7199\"><img loading=\"lazy\" decoding=\"async\" class=\"wp-image-7199 alignnone\" src=\"https:\/\/www.quetzalma.org\/wp-content\/uploads\/2019\/07\/19TRIEMBAHC19.jpg\" alt=\"\" width=\"395\" height=\"197\" srcset=\"https:\/\/www.quetzalma.org\/wp-content\/uploads\/2019\/07\/19TRIEMBAHC19.jpg 5322w, https:\/\/www.quetzalma.org\/wp-content\/uploads\/2019\/07\/19TRIEMBAHC19-300x149.jpg 300w, https:\/\/www.quetzalma.org\/wp-content\/uploads\/2019\/07\/19TRIEMBAHC19-768x381.jpg 768w, https:\/\/www.quetzalma.org\/wp-content\/uploads\/2019\/07\/19TRIEMBAHC19-1024x508.jpg 1024w, https:\/\/www.quetzalma.org\/wp-content\/uploads\/2019\/07\/19TRIEMBAHC19-150x74.jpg 150w\" sizes=\"auto, (max-width: 395px) 100vw, 395px\" \/>\u00a0\u00a0<\/a><a href=\"https:\/\/www.quetzalma.org\/?attachment_id=7199\" rel=\"attachment wp-att-7199\"><img loading=\"lazy\" decoding=\"async\" class=\"wp-image-7199 alignnone\" src=\"https:\/\/www.quetzalma.org\/wp-content\/uploads\/2019\/07\/19TRIEMBAHC19.jpg\" alt=\"\" width=\"397\" height=\"197\" srcset=\"https:\/\/www.quetzalma.org\/wp-content\/uploads\/2019\/07\/19TRIEMBAHC19.jpg 5322w, https:\/\/www.quetzalma.org\/wp-content\/uploads\/2019\/07\/19TRIEMBAHC19-300x149.jpg 300w, https:\/\/www.quetzalma.org\/wp-content\/uploads\/2019\/07\/19TRIEMBAHC19-768x381.jpg 768w, https:\/\/www.quetzalma.org\/wp-content\/uploads\/2019\/07\/19TRIEMBAHC19-1024x508.jpg 1024w, https:\/\/www.quetzalma.org\/wp-content\/uploads\/2019\/07\/19TRIEMBAHC19-150x74.jpg 150w\" sizes=\"auto, (max-width: 397px) 100vw, 397px\" \/><\/a><\/p>\n<\/div>\n<p><a href=\"https:\/\/www.quetzalma.org\/?attachment_id=7200\" rel=\"attachment wp-att-7200\"><img loading=\"lazy\" decoding=\"async\" class=\"wp-image-7200 alignnone\" src=\"https:\/\/www.quetzalma.org\/wp-content\/uploads\/2019\/07\/20TRIEMBAHC19.jpg\" alt=\"\" width=\"419\" height=\"247\" srcset=\"https:\/\/www.quetzalma.org\/wp-content\/uploads\/2019\/07\/20TRIEMBAHC19.jpg 5000w, https:\/\/www.quetzalma.org\/wp-content\/uploads\/2019\/07\/20TRIEMBAHC19-300x177.jpg 300w, https:\/\/www.quetzalma.org\/wp-content\/uploads\/2019\/07\/20TRIEMBAHC19-768x452.jpg 768w, https:\/\/www.quetzalma.org\/wp-content\/uploads\/2019\/07\/20TRIEMBAHC19-1024x603.jpg 1024w, https:\/\/www.quetzalma.org\/wp-content\/uploads\/2019\/07\/20TRIEMBAHC19-150x88.jpg 150w\" sizes=\"auto, (max-width: 419px) 100vw, 419px\" \/>\u00a0\u00a0<\/a><a href=\"https:\/\/www.quetzalma.org\/?attachment_id=7202\" rel=\"attachment wp-att-7202\"><img loading=\"lazy\" decoding=\"async\" class=\"wp-image-7202 alignnone\" src=\"https:\/\/www.quetzalma.org\/wp-content\/uploads\/2019\/07\/22TRIEMBACH19.jpg\" alt=\"\" width=\"372\" height=\"248\" srcset=\"https:\/\/www.quetzalma.org\/wp-content\/uploads\/2019\/07\/22TRIEMBACH19.jpg 6000w, https:\/\/www.quetzalma.org\/wp-content\/uploads\/2019\/07\/22TRIEMBACH19-300x200.jpg 300w, https:\/\/www.quetzalma.org\/wp-content\/uploads\/2019\/07\/22TRIEMBACH19-768x512.jpg 768w, https:\/\/www.quetzalma.org\/wp-content\/uploads\/2019\/07\/22TRIEMBACH19-1024x683.jpg 1024w, https:\/\/www.quetzalma.org\/wp-content\/uploads\/2019\/07\/22TRIEMBACH19-150x100.jpg 150w\" sizes=\"auto, (max-width: 372px) 100vw, 372px\" \/><\/a><\/p>\n<p>&nbsp;<\/p>\n<p>Felipe, un fier cavalier et un super organisateur !<\/p>\n<p>Nous tenons \u00e0 le remercier et \u00e0 le f\u00e9liciter pour l\u2019organisation qui comme d\u2019habitude \u00e9tait au top.<img decoding=\"async\" src=\"https:\/\/www.quetzalma.org\/wp-content\/plugins\/wp-edit\/plugins\/emoticons\/img\/smiley-embarassed.gif\" \/><\/p>\n<p><a href=\"https:\/\/www.quetzalma.org\/?attachment_id=7203\" rel=\"attachment wp-att-7203\"><img loading=\"lazy\" decoding=\"async\" class=\"wp-image-7203 alignnone\" src=\"https:\/\/www.quetzalma.org\/wp-content\/uploads\/2019\/07\/23TRIEMBACH19.jpg\" alt=\"\" width=\"393\" height=\"262\" srcset=\"https:\/\/www.quetzalma.org\/wp-content\/uploads\/2019\/07\/23TRIEMBACH19.jpg 6000w, https:\/\/www.quetzalma.org\/wp-content\/uploads\/2019\/07\/23TRIEMBACH19-300x200.jpg 300w, https:\/\/www.quetzalma.org\/wp-content\/uploads\/2019\/07\/23TRIEMBACH19-768x512.jpg 768w, https:\/\/www.quetzalma.org\/wp-content\/uploads\/2019\/07\/23TRIEMBACH19-1024x683.jpg 1024w, https:\/\/www.quetzalma.org\/wp-content\/uploads\/2019\/07\/23TRIEMBACH19-150x100.jpg 150w\" sizes=\"auto, (max-width: 393px) 100vw, 393px\" \/>\u00a0 \u00a0\u00a0<\/a><a href=\"https:\/\/www.quetzalma.org\/?attachment_id=7201\" rel=\"attachment wp-att-7201\"><img loading=\"lazy\" decoding=\"async\" class=\"wp-image-7201 alignnone\" src=\"https:\/\/www.quetzalma.org\/wp-content\/uploads\/2019\/07\/21TRIEMBAHC19.jpg\" alt=\"\" width=\"385\" height=\"261\" srcset=\"https:\/\/www.quetzalma.org\/wp-content\/uploads\/2019\/07\/21TRIEMBAHC19.jpg 4370w, https:\/\/www.quetzalma.org\/wp-content\/uploads\/2019\/07\/21TRIEMBAHC19-300x204.jpg 300w, https:\/\/www.quetzalma.org\/wp-content\/uploads\/2019\/07\/21TRIEMBAHC19-768x522.jpg 768w, https:\/\/www.quetzalma.org\/wp-content\/uploads\/2019\/07\/21TRIEMBAHC19-1024x696.jpg 1024w, https:\/\/www.quetzalma.org\/wp-content\/uploads\/2019\/07\/21TRIEMBAHC19-150x102.jpg 150w\" sizes=\"auto, (max-width: 385px) 100vw, 385px\" \/><\/a><\/p>\n<p>&nbsp;<\/p>\n<p>&nbsp;<\/p>\n<p>&nbsp;<\/p>\n<p>&nbsp;<\/p>\n<p>&nbsp;<\/p>\n<p>&nbsp;<\/p>\n<p>&nbsp;<\/p>\n<p>&nbsp;<\/p>\n<p>&nbsp;<\/p>\n<p>&nbsp;<\/p>\n<p>&nbsp;<\/p>\n<p>&nbsp;<\/p>\n<p>&nbsp;<\/p>\n<p>&nbsp;<\/p>\n<p>&nbsp;<\/p>\n<p>&nbsp;<\/p>\n<p>&nbsp;<\/p>\n<p>&nbsp;<\/p>\n<p>&nbsp;<\/p>\n<p>&nbsp;<\/p>\n<p>&nbsp;<\/p>\n<p>&nbsp;<\/p>\n<p>&nbsp;<\/p>\n<p>&nbsp;<\/p>\n<p>&nbsp;<\/p>\n<p>&nbsp;<\/p>\n","protected":false},"excerpt":{"rendered":"<p>Le Val de Vill\u00e9 est situ\u00e9 en plein coeur de l&rsquo;Alsace et du Massif Vosgien (50 km au Sud de Strasbourg). Port\u00e9 par son slogan\u2026<\/p>\n<p class=\"continue-reading-button\"> <a class=\"continue-reading-link\" href=\"https:\/\/www.quetzalma.org\/?page_id=7189\">Lire la suite<i class=\"crycon-right-dir\"><\/i><\/a><\/p>\n","protected":false},"author":1,"featured_media":7201,"parent":7002,"menu_order":4,"comment_status":"closed","ping_status":"open","template":"","meta":{"footnotes":""},"class_list":["post-7189","page","type-page","status-publish","has-post-thumbnail","hentry"],"_links":{"self":[{"href":"https:\/\/www.quetzalma.org\/index.php?rest_route=\/wp\/v2\/pages\/7189","targetHints":{"allow":["GET"]}}],"collection":[{"href":"https:\/\/www.quetzalma.org\/index.php?rest_route=\/wp\/v2\/pages"}],"about":[{"href":"https:\/\/www.quetzalma.org\/index.php?rest_route=\/wp\/v2\/types\/page"}],"author":[{"embeddable":true,"href":"https:\/\/www.quetzalma.org\/index.php?rest_route=\/wp\/v2\/users\/1"}],"replies":[{"embeddable":true,"href":"https:\/\/www.quetzalma.org\/index.php?rest_route=%2Fwp%2Fv2%2Fcomments&post=7189"}],"version-history":[{"count":4,"href":"https:\/\/www.quetzalma.org\/index.php?rest_route=\/wp\/v2\/pages\/7189\/revisions"}],"predecessor-version":[{"id":7214,"href":"https:\/\/www.quetzalma.org\/index.php?rest_route=\/wp\/v2\/pages\/7189\/revisions\/7214"}],"up":[{"embeddable":true,"href":"https:\/\/www.quetzalma.org\/index.php?rest_route=\/wp\/v2\/pages\/7002"}],"wp:featuredmedia":[{"embeddable":true,"href":"https:\/\/www.quetzalma.org\/index.php?rest_route=\/wp\/v2\/media\/7201"}],"wp:attachment":[{"href":"https:\/\/www.quetzalma.org\/index.php?rest_route=%2Fwp%2Fv2%2Fmedia&parent=7189"}],"curies":[{"name":"wp","href":"https:\/\/api.w.org\/{rel}","templated":true}]}}