{"id":7251,"date":"2019-08-31T01:13:31","date_gmt":"2019-08-31T00:13:31","guid":{"rendered":"http:\/\/www.quetzalma.org\/?p=7251"},"modified":"2019-11-05T14:53:48","modified_gmt":"2019-11-05T13:53:48","slug":"fete-de-la-choucroute-dimanche-25-aout-2019-geispolsheim","status":"publish","type":"page","link":"https:\/\/www.quetzalma.org\/?page_id=7251","title":{"rendered":"F\u00eate de la Choucroute &#8211; Dimanche 25 ao\u00fbt 2019 Geispolsheim"},"content":{"rendered":"<div class=\"pdfprnt-buttons pdfprnt-buttons-page pdfprnt-top-right\"><a href=\"https:\/\/www.quetzalma.org\/index.php?rest_route=%2Fwp%2Fv2%2Fpages%2F7251&print=pdf\" class=\"pdfprnt-button pdfprnt-button-pdf\" target=\"_blank\" ><img decoding=\"async\" src=\"https:\/\/www.quetzalma.org\/wp-content\/plugins\/pdf-print\/images\/pdf.png\" alt=\"image_pdf\" title=\"Afficher le PDF\" \/><\/a><a href=\"https:\/\/www.quetzalma.org\/index.php?rest_route=%2Fwp%2Fv2%2Fpages%2F7251&print=print\" class=\"pdfprnt-button pdfprnt-button-print\" target=\"_blank\" ><img decoding=\"async\" src=\"https:\/\/www.quetzalma.org\/wp-content\/plugins\/pdf-print\/images\/print.png\" alt=\"image_print\" title=\"Contenu imprim\u00e9\" \/><\/a><\/div><p>Chaque ann\u00e9e, la choucroute est \u00e0 l&rsquo;honneur pour sa traditionnelle f\u00eate.<br \/>\nLa reine du jour : la choucroute garnie, pr\u00e9par\u00e9e et mijot\u00e9e sur place, est simplement un pur r\u00e9gal. Des stands de d\u00e9gustations de variantes de choucroute \u00e9taient install\u00e9s dans une cour ouverte. Les buvettes dans les rues permettaient aussi de d\u00e9guster ce plat typiquement alsacien.<\/p>\n<div class=\"text_exposed_show\">\n<p>Outre les d\u00e9gustations, la f\u00eate proposait un march\u00e9 tout au long de la journ\u00e9e, art, artisanat,terroir, tradition.<\/p>\n<p>Dans l&rsquo;apr\u00e8s-midi, un grand cort\u00e8ge sur le th\u00e8me \u00ab\u00a0M\u00e9tiers et activit\u00e9s d&rsquo;ext\u00e9rieur \u00e0 travers les saisons\u00a0\u00bb s&rsquo;est \u00e9lanc\u00e9 dans les rues pour le plus grand plaisir des visiteurs, petits et grands.<\/p>\n<\/div>\n<p><a href=\"https:\/\/www.quetzalma.org\/?attachment_id=7252\" rel=\"attachment wp-att-7252\"><img loading=\"lazy\" decoding=\"async\" class=\"wp-image-7252 alignnone\" src=\"https:\/\/www.quetzalma.org\/wp-content\/uploads\/2019\/08\/GEIS1-300x257.jpg\" alt=\"\" width=\"273\" height=\"234\" srcset=\"https:\/\/www.quetzalma.org\/wp-content\/uploads\/2019\/08\/GEIS1-300x257.jpg 300w, https:\/\/www.quetzalma.org\/wp-content\/uploads\/2019\/08\/GEIS1-768x659.jpg 768w, https:\/\/www.quetzalma.org\/wp-content\/uploads\/2019\/08\/GEIS1-1024x879.jpg 1024w, https:\/\/www.quetzalma.org\/wp-content\/uploads\/2019\/08\/GEIS1-150x129.jpg 150w\" sizes=\"auto, (max-width: 273px) 100vw, 273px\" \/>\u00a0\u00a0<\/a><a href=\"https:\/\/www.quetzalma.org\/?attachment_id=7253\" rel=\"attachment wp-att-7253\"><img loading=\"lazy\" decoding=\"async\" class=\"wp-image-7253 alignnone\" src=\"https:\/\/www.quetzalma.org\/wp-content\/uploads\/2019\/08\/GEIS2-300x256.jpg\" alt=\"\" width=\"273\" height=\"233\" srcset=\"https:\/\/www.quetzalma.org\/wp-content\/uploads\/2019\/08\/GEIS2-300x256.jpg 300w, https:\/\/www.quetzalma.org\/wp-content\/uploads\/2019\/08\/GEIS2-768x655.jpg 768w, https:\/\/www.quetzalma.org\/wp-content\/uploads\/2019\/08\/GEIS2-1024x874.jpg 1024w, https:\/\/www.quetzalma.org\/wp-content\/uploads\/2019\/08\/GEIS2-150x128.jpg 150w\" sizes=\"auto, (max-width: 273px) 100vw, 273px\" \/><\/a><a href=\"https:\/\/www.quetzalma.org\/?attachment_id=7252\" rel=\"attachment wp-att-7252\">\u00a0<\/a><a href=\"https:\/\/www.quetzalma.org\/?attachment_id=7254\" rel=\"attachment wp-att-7254\"><img loading=\"lazy\" decoding=\"async\" class=\"wp-image-7254 alignnone\" src=\"https:\/\/www.quetzalma.org\/wp-content\/uploads\/2019\/08\/GEIS4-283x300.jpg\" alt=\"\" width=\"240\" height=\"255\" srcset=\"https:\/\/www.quetzalma.org\/wp-content\/uploads\/2019\/08\/GEIS4-283x300.jpg 283w, https:\/\/www.quetzalma.org\/wp-content\/uploads\/2019\/08\/GEIS4-768x814.jpg 768w, https:\/\/www.quetzalma.org\/wp-content\/uploads\/2019\/08\/GEIS4-966x1024.jpg 966w, https:\/\/www.quetzalma.org\/wp-content\/uploads\/2019\/08\/GEIS4-142x150.jpg 142w\" sizes=\"auto, (max-width: 240px) 100vw, 240px\" \/><\/a><\/p>\n<p>&nbsp;<\/p>\n<p><a href=\"https:\/\/www.quetzalma.org\/?attachment_id=7255\" rel=\"attachment wp-att-7255\"><img loading=\"lazy\" decoding=\"async\" class=\"wp-image-7255 alignnone\" src=\"https:\/\/www.quetzalma.org\/wp-content\/uploads\/2019\/08\/GEIS5-300x200.jpg\" alt=\"\" width=\"284\" height=\"189\" srcset=\"https:\/\/www.quetzalma.org\/wp-content\/uploads\/2019\/08\/GEIS5-300x200.jpg 300w, https:\/\/www.quetzalma.org\/wp-content\/uploads\/2019\/08\/GEIS5-768x512.jpg 768w, https:\/\/www.quetzalma.org\/wp-content\/uploads\/2019\/08\/GEIS5-1024x683.jpg 1024w, https:\/\/www.quetzalma.org\/wp-content\/uploads\/2019\/08\/GEIS5-150x100.jpg 150w\" sizes=\"auto, (max-width: 284px) 100vw, 284px\" \/>\u00a0\u00a0<\/a><a href=\"https:\/\/www.quetzalma.org\/?attachment_id=7256\" rel=\"attachment wp-att-7256\"><img loading=\"lazy\" decoding=\"async\" class=\"wp-image-7256 alignnone\" src=\"https:\/\/www.quetzalma.org\/wp-content\/uploads\/2019\/08\/GEIS7-300x227.jpg\" alt=\"\" width=\"253\" height=\"191\" srcset=\"https:\/\/www.quetzalma.org\/wp-content\/uploads\/2019\/08\/GEIS7-300x227.jpg 300w, https:\/\/www.quetzalma.org\/wp-content\/uploads\/2019\/08\/GEIS7-768x582.jpg 768w, https:\/\/www.quetzalma.org\/wp-content\/uploads\/2019\/08\/GEIS7-1024x776.jpg 1024w, https:\/\/www.quetzalma.org\/wp-content\/uploads\/2019\/08\/GEIS7-150x114.jpg 150w\" sizes=\"auto, (max-width: 253px) 100vw, 253px\" \/><\/a><a href=\"https:\/\/www.quetzalma.org\/?attachment_id=7255\" rel=\"attachment wp-att-7255\">\u00a0\u00a0<\/a><a href=\"https:\/\/www.quetzalma.org\/?attachment_id=7257\" rel=\"attachment wp-att-7257\"><img loading=\"lazy\" decoding=\"async\" class=\"wp-image-7257 alignnone\" src=\"https:\/\/www.quetzalma.org\/wp-content\/uploads\/2019\/08\/GEIS8.jpg\" alt=\"\" width=\"248\" height=\"193\" srcset=\"https:\/\/www.quetzalma.org\/wp-content\/uploads\/2019\/08\/GEIS8.jpg 5104w, https:\/\/www.quetzalma.org\/wp-content\/uploads\/2019\/08\/GEIS8-300x233.jpg 300w, https:\/\/www.quetzalma.org\/wp-content\/uploads\/2019\/08\/GEIS8-768x597.jpg 768w, https:\/\/www.quetzalma.org\/wp-content\/uploads\/2019\/08\/GEIS8-1024x795.jpg 1024w, https:\/\/www.quetzalma.org\/wp-content\/uploads\/2019\/08\/GEIS8-150x117.jpg 150w\" sizes=\"auto, (max-width: 248px) 100vw, 248px\" \/><\/a><\/p>\n<p>&nbsp;<\/p>\n<p><a href=\"https:\/\/www.quetzalma.org\/?attachment_id=7279\" rel=\"attachment wp-att-7279\"><img loading=\"lazy\" decoding=\"async\" class=\"wp-image-7279 alignnone\" src=\"https:\/\/www.quetzalma.org\/wp-content\/uploads\/2019\/08\/GEIS9-1.jpg\" alt=\"\" width=\"284\" height=\"258\" srcset=\"https:\/\/www.quetzalma.org\/wp-content\/uploads\/2019\/08\/GEIS9-1.jpg 4116w, https:\/\/www.quetzalma.org\/wp-content\/uploads\/2019\/08\/GEIS9-1-300x272.jpg 300w, https:\/\/www.quetzalma.org\/wp-content\/uploads\/2019\/08\/GEIS9-1-768x697.jpg 768w, https:\/\/www.quetzalma.org\/wp-content\/uploads\/2019\/08\/GEIS9-1-1024x930.jpg 1024w, https:\/\/www.quetzalma.org\/wp-content\/uploads\/2019\/08\/GEIS9-1-150x136.jpg 150w\" sizes=\"auto, (max-width: 284px) 100vw, 284px\" \/>\u00a0\u00a0\u00a0\u00a0\u00a0<\/a><a style=\"color: #00b200;\" href=\"https:\/\/www.quetzalma.org\/?attachment_id=7259\" rel=\"attachment wp-att-7259\"><img loading=\"lazy\" decoding=\"async\" class=\"wp-image-7259 alignnone\" src=\"https:\/\/www.quetzalma.org\/wp-content\/uploads\/2019\/08\/GEIS10.jpg\" alt=\"\" width=\"494\" height=\"259\" srcset=\"https:\/\/www.quetzalma.org\/wp-content\/uploads\/2019\/08\/GEIS10.jpg 5682w, https:\/\/www.quetzalma.org\/wp-content\/uploads\/2019\/08\/GEIS10-300x158.jpg 300w, https:\/\/www.quetzalma.org\/wp-content\/uploads\/2019\/08\/GEIS10-768x404.jpg 768w, https:\/\/www.quetzalma.org\/wp-content\/uploads\/2019\/08\/GEIS10-1024x538.jpg 1024w, https:\/\/www.quetzalma.org\/wp-content\/uploads\/2019\/08\/GEIS10-150x79.jpg 150w\" sizes=\"auto, (max-width: 494px) 100vw, 494px\" \/><\/a><\/p>\n<p>&nbsp;<\/p>\n<p>&nbsp;<\/p>\n<p><a href=\"https:\/\/www.quetzalma.org\/?attachment_id=7260\" rel=\"attachment wp-att-7260\">\u00a0 \u00a0<img loading=\"lazy\" decoding=\"async\" class=\"wp-image-7260 alignnone\" src=\"https:\/\/www.quetzalma.org\/wp-content\/uploads\/2019\/08\/GEIS11-300x200.jpg\" alt=\"\" width=\"344\" height=\"229\" srcset=\"https:\/\/www.quetzalma.org\/wp-content\/uploads\/2019\/08\/GEIS11-300x200.jpg 300w, https:\/\/www.quetzalma.org\/wp-content\/uploads\/2019\/08\/GEIS11-768x512.jpg 768w, https:\/\/www.quetzalma.org\/wp-content\/uploads\/2019\/08\/GEIS11-1024x683.jpg 1024w, https:\/\/www.quetzalma.org\/wp-content\/uploads\/2019\/08\/GEIS11-150x100.jpg 150w\" sizes=\"auto, (max-width: 344px) 100vw, 344px\" \/>\u00a0 \u00a0 \u00a0 \u00a0 \u00a0 \u00a0 \u00a0 \u00a0 \u00a0 \u00a0 \u00a0 \u00a0 \u00a0 \u00a0<\/a><a style=\"color: #00b200;\" href=\"https:\/\/www.quetzalma.org\/?attachment_id=7263\" rel=\"attachment wp-att-7263\"><img loading=\"lazy\" decoding=\"async\" class=\"wp-image-7263 alignnone\" src=\"https:\/\/www.quetzalma.org\/wp-content\/uploads\/2019\/08\/GEIS15-300x200.jpg\" alt=\"\" width=\"340\" height=\"226\" srcset=\"https:\/\/www.quetzalma.org\/wp-content\/uploads\/2019\/08\/GEIS15-300x200.jpg 300w, https:\/\/www.quetzalma.org\/wp-content\/uploads\/2019\/08\/GEIS15-768x512.jpg 768w, https:\/\/www.quetzalma.org\/wp-content\/uploads\/2019\/08\/GEIS15-1024x683.jpg 1024w, https:\/\/www.quetzalma.org\/wp-content\/uploads\/2019\/08\/GEIS15-150x100.jpg 150w\" sizes=\"auto, (max-width: 340px) 100vw, 340px\" \/>\u00a0<\/a><\/p>\n<p>&nbsp;<\/p>\n<p><a href=\"https:\/\/www.quetzalma.org\/?attachment_id=7263\" rel=\"attachment wp-att-7263\">\u00a0 \u00a0 \u00a0\u00a0<\/a><a href=\"https:\/\/www.quetzalma.org\/?attachment_id=7262\" rel=\"attachment wp-att-7262\"><img loading=\"lazy\" decoding=\"async\" class=\"wp-image-7262 alignnone\" src=\"https:\/\/www.quetzalma.org\/wp-content\/uploads\/2019\/08\/GEIS14-300x216.jpg\" alt=\"\" width=\"324\" height=\"233\" srcset=\"https:\/\/www.quetzalma.org\/wp-content\/uploads\/2019\/08\/GEIS14-300x216.jpg 300w, https:\/\/www.quetzalma.org\/wp-content\/uploads\/2019\/08\/GEIS14-768x553.jpg 768w, https:\/\/www.quetzalma.org\/wp-content\/uploads\/2019\/08\/GEIS14-1024x737.jpg 1024w, https:\/\/www.quetzalma.org\/wp-content\/uploads\/2019\/08\/GEIS14-150x108.jpg 150w\" sizes=\"auto, (max-width: 324px) 100vw, 324px\" \/>\u00a0 \u00a0 \u00a0 \u00a0 \u00a0 \u00a0 \u00a0 \u00a0<img loading=\"lazy\" decoding=\"async\" class=\"wp-image-7261 alignnone\" src=\"https:\/\/www.quetzalma.org\/wp-content\/uploads\/2019\/08\/GEIS12-300x176.jpg\" alt=\"\" width=\"398\" height=\"234\" srcset=\"https:\/\/www.quetzalma.org\/wp-content\/uploads\/2019\/08\/GEIS12-300x176.jpg 300w, https:\/\/www.quetzalma.org\/wp-content\/uploads\/2019\/08\/GEIS12-768x450.jpg 768w, https:\/\/www.quetzalma.org\/wp-content\/uploads\/2019\/08\/GEIS12-1024x600.jpg 1024w, https:\/\/www.quetzalma.org\/wp-content\/uploads\/2019\/08\/GEIS12-150x88.jpg 150w\" sizes=\"auto, (max-width: 398px) 100vw, 398px\" \/><\/a><\/p>\n<p>&nbsp;<\/p>\n<p><a href=\"https:\/\/www.quetzalma.org\/?attachment_id=7264\" rel=\"attachment wp-att-7264\"><img loading=\"lazy\" decoding=\"async\" class=\"wp-image-7264 alignnone\" src=\"https:\/\/www.quetzalma.org\/wp-content\/uploads\/2019\/08\/GEIS17.jpg\" alt=\"\" width=\"207\" height=\"212\" srcset=\"https:\/\/www.quetzalma.org\/wp-content\/uploads\/2019\/08\/GEIS17.jpg 3841w, https:\/\/www.quetzalma.org\/wp-content\/uploads\/2019\/08\/GEIS17-293x300.jpg 293w, https:\/\/www.quetzalma.org\/wp-content\/uploads\/2019\/08\/GEIS17-768x786.jpg 768w, https:\/\/www.quetzalma.org\/wp-content\/uploads\/2019\/08\/GEIS17-1000x1024.jpg 1000w, https:\/\/www.quetzalma.org\/wp-content\/uploads\/2019\/08\/GEIS17-147x150.jpg 147w\" sizes=\"auto, (max-width: 207px) 100vw, 207px\" \/>\u00a0\u00a0<\/a><a href=\"https:\/\/www.quetzalma.org\/?attachment_id=7265\" rel=\"attachment wp-att-7265\"><img loading=\"lazy\" decoding=\"async\" class=\"wp-image-7265 alignnone\" src=\"https:\/\/www.quetzalma.org\/wp-content\/uploads\/2019\/08\/GEIS20.jpg\" alt=\"\" width=\"316\" height=\"211\" srcset=\"https:\/\/www.quetzalma.org\/wp-content\/uploads\/2019\/08\/GEIS20.jpg 6000w, https:\/\/www.quetzalma.org\/wp-content\/uploads\/2019\/08\/GEIS20-300x200.jpg 300w, https:\/\/www.quetzalma.org\/wp-content\/uploads\/2019\/08\/GEIS20-768x512.jpg 768w, https:\/\/www.quetzalma.org\/wp-content\/uploads\/2019\/08\/GEIS20-1024x683.jpg 1024w, https:\/\/www.quetzalma.org\/wp-content\/uploads\/2019\/08\/GEIS20-150x100.jpg 150w\" sizes=\"auto, (max-width: 316px) 100vw, 316px\" \/><\/a><a href=\"https:\/\/www.quetzalma.org\/?attachment_id=7264\" rel=\"attachment wp-att-7264\">\u00a0\u00a0<\/a><a href=\"https:\/\/www.quetzalma.org\/?attachment_id=7266\" rel=\"attachment wp-att-7266\"><img loading=\"lazy\" decoding=\"async\" class=\"wp-image-7266 alignnone\" src=\"https:\/\/www.quetzalma.org\/wp-content\/uploads\/2019\/08\/GEIS21.jpg\" alt=\"\" width=\"262\" height=\"210\" srcset=\"https:\/\/www.quetzalma.org\/wp-content\/uploads\/2019\/08\/GEIS21.jpg 4714w, https:\/\/www.quetzalma.org\/wp-content\/uploads\/2019\/08\/GEIS21-300x240.jpg 300w, https:\/\/www.quetzalma.org\/wp-content\/uploads\/2019\/08\/GEIS21-768x615.jpg 768w, https:\/\/www.quetzalma.org\/wp-content\/uploads\/2019\/08\/GEIS21-1024x820.jpg 1024w, https:\/\/www.quetzalma.org\/wp-content\/uploads\/2019\/08\/GEIS21-150x120.jpg 150w\" sizes=\"auto, (max-width: 262px) 100vw, 262px\" \/><\/a><\/p>\n<div class=\"text_exposed_show\">\n<p>&nbsp;<\/p>\n<p><a href=\"https:\/\/www.quetzalma.org\/?attachment_id=7267\" rel=\"attachment wp-att-7267\"><img loading=\"lazy\" decoding=\"async\" class=\"wp-image-7267 alignnone\" src=\"https:\/\/www.quetzalma.org\/wp-content\/uploads\/2019\/08\/GEIS22.jpg\" alt=\"\" width=\"235\" height=\"187\" srcset=\"https:\/\/www.quetzalma.org\/wp-content\/uploads\/2019\/08\/GEIS22.jpg 4466w, https:\/\/www.quetzalma.org\/wp-content\/uploads\/2019\/08\/GEIS22-300x238.jpg 300w, https:\/\/www.quetzalma.org\/wp-content\/uploads\/2019\/08\/GEIS22-768x609.jpg 768w, https:\/\/www.quetzalma.org\/wp-content\/uploads\/2019\/08\/GEIS22-1024x812.jpg 1024w, https:\/\/www.quetzalma.org\/wp-content\/uploads\/2019\/08\/GEIS22-150x119.jpg 150w\" sizes=\"auto, (max-width: 235px) 100vw, 235px\" \/>\u00a0<\/a><a href=\"https:\/\/www.quetzalma.org\/?attachment_id=7268\" rel=\"attachment wp-att-7268\"><img loading=\"lazy\" decoding=\"async\" class=\"wp-image-7268 alignnone\" src=\"https:\/\/www.quetzalma.org\/wp-content\/uploads\/2019\/08\/GEIS23.jpg\" alt=\"\" width=\"278\" height=\"185\" srcset=\"https:\/\/www.quetzalma.org\/wp-content\/uploads\/2019\/08\/GEIS23.jpg 6000w, https:\/\/www.quetzalma.org\/wp-content\/uploads\/2019\/08\/GEIS23-300x200.jpg 300w, https:\/\/www.quetzalma.org\/wp-content\/uploads\/2019\/08\/GEIS23-768x512.jpg 768w, https:\/\/www.quetzalma.org\/wp-content\/uploads\/2019\/08\/GEIS23-1024x683.jpg 1024w, https:\/\/www.quetzalma.org\/wp-content\/uploads\/2019\/08\/GEIS23-150x100.jpg 150w\" sizes=\"auto, (max-width: 278px) 100vw, 278px\" \/>\u00a0<\/a><a href=\"https:\/\/www.quetzalma.org\/?attachment_id=7269\" rel=\"attachment wp-att-7269\"><img loading=\"lazy\" decoding=\"async\" class=\"wp-image-7269 alignnone\" src=\"https:\/\/www.quetzalma.org\/wp-content\/uploads\/2019\/08\/GEIS24.jpg\" alt=\"\" width=\"278\" height=\"185\" srcset=\"https:\/\/www.quetzalma.org\/wp-content\/uploads\/2019\/08\/GEIS24.jpg 6000w, https:\/\/www.quetzalma.org\/wp-content\/uploads\/2019\/08\/GEIS24-300x200.jpg 300w, https:\/\/www.quetzalma.org\/wp-content\/uploads\/2019\/08\/GEIS24-768x512.jpg 768w, https:\/\/www.quetzalma.org\/wp-content\/uploads\/2019\/08\/GEIS24-1024x683.jpg 1024w, https:\/\/www.quetzalma.org\/wp-content\/uploads\/2019\/08\/GEIS24-150x100.jpg 150w\" sizes=\"auto, (max-width: 278px) 100vw, 278px\" \/><\/a><\/p>\n<p>&nbsp;<\/p>\n<p><a href=\"https:\/\/www.quetzalma.org\/?attachment_id=7270\" rel=\"attachment wp-att-7270\"><img loading=\"lazy\" decoding=\"async\" class=\"wp-image-7270 alignnone\" src=\"https:\/\/www.quetzalma.org\/wp-content\/uploads\/2019\/08\/GEIS25.jpg\" alt=\"\" width=\"344\" height=\"229\" srcset=\"https:\/\/www.quetzalma.org\/wp-content\/uploads\/2019\/08\/GEIS25.jpg 6000w, https:\/\/www.quetzalma.org\/wp-content\/uploads\/2019\/08\/GEIS25-300x200.jpg 300w, https:\/\/www.quetzalma.org\/wp-content\/uploads\/2019\/08\/GEIS25-768x512.jpg 768w, https:\/\/www.quetzalma.org\/wp-content\/uploads\/2019\/08\/GEIS25-1024x683.jpg 1024w, https:\/\/www.quetzalma.org\/wp-content\/uploads\/2019\/08\/GEIS25-150x100.jpg 150w\" sizes=\"auto, (max-width: 344px) 100vw, 344px\" \/>\u00a0 <\/a><a href=\"https:\/\/www.quetzalma.org\/?attachment_id=7271\" rel=\"attachment wp-att-7271\"><img loading=\"lazy\" decoding=\"async\" class=\"wp-image-7271 alignnone\" src=\"https:\/\/www.quetzalma.org\/wp-content\/uploads\/2019\/08\/GEIS26.jpg\" alt=\"\" width=\"216\" height=\"228\" srcset=\"https:\/\/www.quetzalma.org\/wp-content\/uploads\/2019\/08\/GEIS26.jpg 3181w, https:\/\/www.quetzalma.org\/wp-content\/uploads\/2019\/08\/GEIS26-285x300.jpg 285w, https:\/\/www.quetzalma.org\/wp-content\/uploads\/2019\/08\/GEIS26-768x807.jpg 768w, https:\/\/www.quetzalma.org\/wp-content\/uploads\/2019\/08\/GEIS26-974x1024.jpg 974w, https:\/\/www.quetzalma.org\/wp-content\/uploads\/2019\/08\/GEIS26-143x150.jpg 143w\" sizes=\"auto, (max-width: 216px) 100vw, 216px\" \/><\/a><a href=\"https:\/\/www.quetzalma.org\/?attachment_id=7270\" rel=\"attachment wp-att-7270\">\u00a0<\/a><a href=\"https:\/\/www.quetzalma.org\/?attachment_id=7272\" rel=\"attachment wp-att-7272\">\u00a0 \u00a0<\/a><a href=\"https:\/\/www.quetzalma.org\/?attachment_id=7272\" rel=\"attachment wp-att-7272\"><img loading=\"lazy\" decoding=\"async\" class=\"wp-image-7272 alignnone\" src=\"https:\/\/www.quetzalma.org\/wp-content\/uploads\/2019\/08\/GEIS27.jpg\" alt=\"\" width=\"211\" height=\"229\" \/><\/a><\/p>\n<p>&nbsp;<\/p>\n<p><a href=\"https:\/\/www.quetzalma.org\/?attachment_id=7273\" rel=\"attachment wp-att-7273\"><img loading=\"lazy\" decoding=\"async\" class=\"wp-image-7273 alignnone\" src=\"https:\/\/www.quetzalma.org\/wp-content\/uploads\/2019\/08\/GEIS28.jpg\" alt=\"\" width=\"293\" height=\"195\" srcset=\"https:\/\/www.quetzalma.org\/wp-content\/uploads\/2019\/08\/GEIS28.jpg 6000w, https:\/\/www.quetzalma.org\/wp-content\/uploads\/2019\/08\/GEIS28-300x200.jpg 300w, https:\/\/www.quetzalma.org\/wp-content\/uploads\/2019\/08\/GEIS28-768x512.jpg 768w, https:\/\/www.quetzalma.org\/wp-content\/uploads\/2019\/08\/GEIS28-1024x683.jpg 1024w, https:\/\/www.quetzalma.org\/wp-content\/uploads\/2019\/08\/GEIS28-150x100.jpg 150w\" sizes=\"auto, (max-width: 293px) 100vw, 293px\" \/>\u00a0\u00a0<\/a><a href=\"https:\/\/www.quetzalma.org\/?attachment_id=7277\" rel=\"attachment wp-att-7277\"><img loading=\"lazy\" decoding=\"async\" class=\"wp-image-7277 alignnone\" src=\"https:\/\/www.quetzalma.org\/wp-content\/uploads\/2019\/08\/GEIS29.jpg\" alt=\"\" width=\"242\" height=\"197\" srcset=\"https:\/\/www.quetzalma.org\/wp-content\/uploads\/2019\/08\/GEIS29.jpg 4598w, https:\/\/www.quetzalma.org\/wp-content\/uploads\/2019\/08\/GEIS29-300x245.jpg 300w, https:\/\/www.quetzalma.org\/wp-content\/uploads\/2019\/08\/GEIS29-768x627.jpg 768w, https:\/\/www.quetzalma.org\/wp-content\/uploads\/2019\/08\/GEIS29-1024x836.jpg 1024w, https:\/\/www.quetzalma.org\/wp-content\/uploads\/2019\/08\/GEIS29-150x122.jpg 150w\" sizes=\"auto, (max-width: 242px) 100vw, 242px\" \/>\u00a0\u00a0<\/a><a href=\"https:\/\/www.quetzalma.org\/?attachment_id=7278\" rel=\"attachment wp-att-7278\"><img loading=\"lazy\" decoding=\"async\" class=\"wp-image-7278 alignnone\" src=\"https:\/\/www.quetzalma.org\/wp-content\/uploads\/2019\/08\/GEIS30.jpg\" alt=\"\" width=\"245\" height=\"196\" srcset=\"https:\/\/www.quetzalma.org\/wp-content\/uploads\/2019\/08\/GEIS30.jpg 4633w, https:\/\/www.quetzalma.org\/wp-content\/uploads\/2019\/08\/GEIS30-300x241.jpg 300w, https:\/\/www.quetzalma.org\/wp-content\/uploads\/2019\/08\/GEIS30-768x616.jpg 768w, https:\/\/www.quetzalma.org\/wp-content\/uploads\/2019\/08\/GEIS30-1024x822.jpg 1024w, https:\/\/www.quetzalma.org\/wp-content\/uploads\/2019\/08\/GEIS30-150x120.jpg 150w\" sizes=\"auto, (max-width: 245px) 100vw, 245px\" \/><\/a><\/p>\n<p>&nbsp;<\/p>\n<p>Une belle journ\u00e9e, chaude et ensoleill\u00e9e, le thermom\u00e8tre a grimp\u00e9 jusqu&rsquo;\u00e0 31\u00b0.<\/p>\n<\/div>\n","protected":false},"excerpt":{"rendered":"<p>Chaque ann\u00e9e, la choucroute est \u00e0 l&rsquo;honneur pour sa traditionnelle f\u00eate. La reine du jour : la choucroute garnie, pr\u00e9par\u00e9e et mijot\u00e9e sur place, est\u2026<\/p>\n<p class=\"continue-reading-button\"> <a class=\"continue-reading-link\" href=\"https:\/\/www.quetzalma.org\/?page_id=7251\">Lire la suite<i class=\"crycon-right-dir\"><\/i><\/a><\/p>\n","protected":false},"author":1,"featured_media":0,"parent":7002,"menu_order":5,"comment_status":"closed","ping_status":"open","template":"","meta":{"footnotes":""},"class_list":["post-7251","page","type-page","status-publish","hentry"],"_links":{"self":[{"href":"https:\/\/www.quetzalma.org\/index.php?rest_route=\/wp\/v2\/pages\/7251","targetHints":{"allow":["GET"]}}],"collection":[{"href":"https:\/\/www.quetzalma.org\/index.php?rest_route=\/wp\/v2\/pages"}],"about":[{"href":"https:\/\/www.quetzalma.org\/index.php?rest_route=\/wp\/v2\/types\/page"}],"author":[{"embeddable":true,"href":"https:\/\/www.quetzalma.org\/index.php?rest_route=\/wp\/v2\/users\/1"}],"replies":[{"embeddable":true,"href":"https:\/\/www.quetzalma.org\/index.php?rest_route=%2Fwp%2Fv2%2Fcomments&post=7251"}],"version-history":[{"count":1,"href":"https:\/\/www.quetzalma.org\/index.php?rest_route=\/wp\/v2\/pages\/7251\/revisions"}],"predecessor-version":[{"id":7280,"href":"https:\/\/www.quetzalma.org\/index.php?rest_route=\/wp\/v2\/pages\/7251\/revisions\/7280"}],"up":[{"embeddable":true,"href":"https:\/\/www.quetzalma.org\/index.php?rest_route=\/wp\/v2\/pages\/7002"}],"wp:attachment":[{"href":"https:\/\/www.quetzalma.org\/index.php?rest_route=%2Fwp%2Fv2%2Fmedia&parent=7251"}],"curies":[{"name":"wp","href":"https:\/\/api.w.org\/{rel}","templated":true}]}}