{"id":7700,"date":"2020-01-31T13:55:33","date_gmt":"2020-01-31T12:55:33","guid":{"rendered":"http:\/\/www.quetzalma.org\/?page_id=7700"},"modified":"2020-04-10T13:45:56","modified_gmt":"2020-04-10T12:45:56","slug":"soiree-latino-6-juin-2020-llapaku-et-sin-fronteras","status":"publish","type":"page","link":"https:\/\/www.quetzalma.org\/?page_id=7700","title":{"rendered":"Soir\u00e9e Latino 6 juin 2020 Llapaku et Sin Fronteras &#8211; Annulation Covid19"},"content":{"rendered":"<div class=\"pdfprnt-buttons pdfprnt-buttons-page pdfprnt-top-right\"><a href=\"https:\/\/www.quetzalma.org\/index.php?rest_route=%2Fwp%2Fv2%2Fpages%2F7700&print=pdf\" class=\"pdfprnt-button pdfprnt-button-pdf\" target=\"_blank\" ><img decoding=\"async\" src=\"https:\/\/www.quetzalma.org\/wp-content\/plugins\/pdf-print\/images\/pdf.png\" alt=\"image_pdf\" title=\"Afficher le PDF\" \/><\/a><a href=\"https:\/\/www.quetzalma.org\/index.php?rest_route=%2Fwp%2Fv2%2Fpages%2F7700&print=print\" class=\"pdfprnt-button pdfprnt-button-print\" target=\"_blank\" ><img decoding=\"async\" src=\"https:\/\/www.quetzalma.org\/wp-content\/plugins\/pdf-print\/images\/print.png\" alt=\"image_print\" title=\"Contenu imprim\u00e9\" \/><\/a><\/div><h3><strong><span style=\"font-size: 12pt;\">Spectacle, ballet, d\u00eener &#8230;<\/span><\/strong><\/h3>\n<p><span style=\"font-family: georgia, palatino, serif;\">Llapaku, un groupe de musiciens originaires de Bolivie pr\u00e9sente une musique acoustique andine \u00e9pur\u00e9e, <\/span><span style=\"font-family: georgia, palatino, serif;\">fine et puissante avec plein d&rsquo;\u00e9nergie naturelle des instruments \u00e0 vents, \u00e0 cordes et percussions. <\/span><\/p>\n<p><span style=\"font-family: georgia, palatino, serif;\">Le Ballet Sin Fronteras diffuse la culture bolivienne au travers de ses danses folkloriques. <\/span><\/p>\n<p><span style=\"font-family: georgia, palatino, serif;\">Animation Julio &amp; Co, soir\u00e9e festive dansante.<\/span><\/p>\n<div>Artisanat et Tombola.<\/div>\n<div><\/div>\n<div><\/div>\n<div><\/div>\n<div><\/div>\n<div><a href=\"https:\/\/www.quetzalma.org\/?attachment_id=7550\" rel=\"attachment wp-att-7550\"><img loading=\"lazy\" decoding=\"async\" class=\"wp-image-7550 alignnone\" src=\"https:\/\/www.quetzalma.org\/wp-content\/uploads\/2020\/01\/Diapositive1.jpg\" alt=\"\" width=\"395\" height=\"559\" srcset=\"https:\/\/www.quetzalma.org\/wp-content\/uploads\/2020\/01\/Diapositive1.jpg 794w, https:\/\/www.quetzalma.org\/wp-content\/uploads\/2020\/01\/Diapositive1-212x300.jpg 212w, https:\/\/www.quetzalma.org\/wp-content\/uploads\/2020\/01\/Diapositive1-768x1086.jpg 768w, https:\/\/www.quetzalma.org\/wp-content\/uploads\/2020\/01\/Diapositive1-724x1024.jpg 724w, https:\/\/www.quetzalma.org\/wp-content\/uploads\/2020\/01\/Diapositive1-106x150.jpg 106w\" sizes=\"auto, (max-width: 395px) 100vw, 395px\" \/>\u00a0 <\/a><a href=\"https:\/\/www.quetzalma.org\/?attachment_id=7551\" rel=\"attachment wp-att-7551\"><img loading=\"lazy\" decoding=\"async\" class=\"wp-image-7551 alignnone\" src=\"https:\/\/www.quetzalma.org\/wp-content\/uploads\/2020\/01\/Diapositive2.jpg\" alt=\"\" width=\"395\" height=\"559\" srcset=\"https:\/\/www.quetzalma.org\/wp-content\/uploads\/2020\/01\/Diapositive2.jpg 794w, https:\/\/www.quetzalma.org\/wp-content\/uploads\/2020\/01\/Diapositive2-212x300.jpg 212w, https:\/\/www.quetzalma.org\/wp-content\/uploads\/2020\/01\/Diapositive2-768x1086.jpg 768w, https:\/\/www.quetzalma.org\/wp-content\/uploads\/2020\/01\/Diapositive2-724x1024.jpg 724w, https:\/\/www.quetzalma.org\/wp-content\/uploads\/2020\/01\/Diapositive2-106x150.jpg 106w\" sizes=\"auto, (max-width: 395px) 100vw, 395px\" \/><\/a><\/div>\n","protected":false},"excerpt":{"rendered":"<p>Spectacle, ballet, d\u00eener &#8230; Llapaku, un groupe de musiciens originaires de Bolivie pr\u00e9sente une musique acoustique andine \u00e9pur\u00e9e, fine et puissante avec plein d&rsquo;\u00e9nergie naturelle\u2026<\/p>\n<p class=\"continue-reading-button\"> <a class=\"continue-reading-link\" href=\"https:\/\/www.quetzalma.org\/?page_id=7700\">Lire la suite<i class=\"crycon-right-dir\"><\/i><\/a><\/p>\n","protected":false},"author":1,"featured_media":7550,"parent":7565,"menu_order":1,"comment_status":"closed","ping_status":"closed","template":"","meta":{"footnotes":""},"class_list":["post-7700","page","type-page","status-publish","has-post-thumbnail","hentry"],"_links":{"self":[{"href":"https:\/\/www.quetzalma.org\/index.php?rest_route=\/wp\/v2\/pages\/7700","targetHints":{"allow":["GET"]}}],"collection":[{"href":"https:\/\/www.quetzalma.org\/index.php?rest_route=\/wp\/v2\/pages"}],"about":[{"href":"https:\/\/www.quetzalma.org\/index.php?rest_route=\/wp\/v2\/types\/page"}],"author":[{"embeddable":true,"href":"https:\/\/www.quetzalma.org\/index.php?rest_route=\/wp\/v2\/users\/1"}],"replies":[{"embeddable":true,"href":"https:\/\/www.quetzalma.org\/index.php?rest_route=%2Fwp%2Fv2%2Fcomments&post=7700"}],"version-history":[{"count":2,"href":"https:\/\/www.quetzalma.org\/index.php?rest_route=\/wp\/v2\/pages\/7700\/revisions"}],"predecessor-version":[{"id":7744,"href":"https:\/\/www.quetzalma.org\/index.php?rest_route=\/wp\/v2\/pages\/7700\/revisions\/7744"}],"up":[{"embeddable":true,"href":"https:\/\/www.quetzalma.org\/index.php?rest_route=\/wp\/v2\/pages\/7565"}],"wp:featuredmedia":[{"embeddable":true,"href":"https:\/\/www.quetzalma.org\/index.php?rest_route=\/wp\/v2\/media\/7550"}],"wp:attachment":[{"href":"https:\/\/www.quetzalma.org\/index.php?rest_route=%2Fwp%2Fv2%2Fmedia&parent=7700"}],"curies":[{"name":"wp","href":"https:\/\/api.w.org\/{rel}","templated":true}]}}