{"id":7755,"date":"2020-05-11T11:58:41","date_gmt":"2020-05-11T10:58:41","guid":{"rendered":"http:\/\/www.quetzalma.org\/?page_id=7755"},"modified":"2021-05-26T13:25:09","modified_gmt":"2021-05-26T12:25:09","slug":"journee-mondiale-du-syndrome-de-down-20-mars-2020-lima-annulation-covid19","status":"publish","type":"page","link":"https:\/\/www.quetzalma.org\/?page_id=7755","title":{"rendered":"Journ\u00e9e Mondiale du Syndrome de Down 20 mars 2020 Lima * Annulation COVID19"},"content":{"rendered":"<div class=\"pdfprnt-buttons pdfprnt-buttons-page pdfprnt-top-right\"><a href=\"https:\/\/www.quetzalma.org\/index.php?rest_route=%2Fwp%2Fv2%2Fpages%2F7755&print=pdf\" class=\"pdfprnt-button pdfprnt-button-pdf\" target=\"_blank\" ><img decoding=\"async\" src=\"https:\/\/www.quetzalma.org\/wp-content\/plugins\/pdf-print\/images\/pdf.png\" alt=\"image_pdf\" title=\"Afficher le PDF\" \/><\/a><a href=\"https:\/\/www.quetzalma.org\/index.php?rest_route=%2Fwp%2Fv2%2Fpages%2F7755&print=print\" class=\"pdfprnt-button pdfprnt-button-print\" target=\"_blank\" ><img decoding=\"async\" src=\"https:\/\/www.quetzalma.org\/wp-content\/plugins\/pdf-print\/images\/print.png\" alt=\"image_print\" title=\"Contenu imprim\u00e9\" \/><\/a><\/div><p>Comme vous vous en doutiez peut \u00eatre, dans le contexte actuel de propagation du Coronavirus COVID-19, cet \u00e9v\u00e9nement a \u00e9t\u00e9 annul\u00e9.<\/p>\n<p>Dans le cadre du dispositif mis en place par le gourvernement pour freiner la propagation du coronavirus, il est judicieux\u00a0 de respecter les consignes en prenant toutes les mesures necessaires dans l&rsquo;inter\u00eat g\u00e9n\u00e9ral.<\/p>\n<div class=\"gs\">\n<div class=\"\">\n<div id=\":17r\" class=\"ii gt adO\">\n<div id=\":17q\" class=\"a3s aXjCH \">\n<div dir=\"ltr\">\n<div>\n<div id=\"m_4286166192058411680gmail-:o9\">\n<div id=\"m_4286166192058411680gmail-:o8\">\n<div dir=\"ltr\"><\/div>\n<\/div>\n<\/div>\n<\/div>\n<div>\n<div dir=\"ltr\" data-smartmail=\"gmail_signature\">\n<div dir=\"ltr\">\n<div dir=\"ltr\">\n<div dir=\"ltr\">\n<div dir=\"ltr\">\n<div dir=\"ltr\">\n<div dir=\"ltr\">\n<div dir=\"ltr\">\n<div dir=\"ltr\">\n<div><strong><span style=\"color: #800000;\">Journ\u00e9e Mondiale du Syndrome de Down 20 mars 2020 Lima * Annulation<\/span> <span style=\"color: #800000;\">COVID19<\/span><\/strong><\/div>\n<div><\/div>\n<\/div>\n<\/div>\n<\/div>\n<\/div>\n<\/div>\n<\/div>\n<\/div>\n<\/div>\n<\/div>\n<\/div>\n<\/div>\n<\/div>\n<\/div>\n<\/div>\n<\/div>\n<p>L&rsquo;intention est de sensibiliser le public \u00e0 la dignit\u00e9, au m\u00e9rite, et de montrer \u00e0 quel point ces belles personnes peuvent \u00eatre pr\u00e9cieuses.<\/p>\n<p>Par leur contribution, \u00e0 travers un spectacle, elles nous d\u00e9montrerons les talents des diff\u00e9rentes expressions artistiques qu&rsquo;elles\u00a0peuvent ex\u00e9cuter.<\/p>\n<p>Pour Pasitos de Esperanza, il est tr\u00e8s important de c\u00e9l\u00e9brer cette journ\u00e9e. Cette initiative est n\u00e9e avec la naissance de Zinnia Loayza, atteinte de trisomie 21, elle est une jeune fille maintenant ag\u00e9e de 16 ans, la mascotte de l&rsquo;institution.<\/p>\n<p>&nbsp;<\/p>\n<p><a href=\"https:\/\/www.quetzalma.org\/?attachment_id=7717\" rel=\"attachment wp-att-7717\"><img loading=\"lazy\" decoding=\"async\" class=\"size-full wp-image-7717 alignnone\" src=\"https:\/\/www.quetzalma.org\/wp-content\/uploads\/2020\/02\/Evenement-20-mars-2020-Journ\u00e9e-Mondiale-Syndrome-de-Down.jpg\" alt=\"\" width=\"1280\" height=\"720\" srcset=\"https:\/\/www.quetzalma.org\/wp-content\/uploads\/2020\/02\/Evenement-20-mars-2020-Journ\u00e9e-Mondiale-Syndrome-de-Down.jpg 1280w, https:\/\/www.quetzalma.org\/wp-content\/uploads\/2020\/02\/Evenement-20-mars-2020-Journ\u00e9e-Mondiale-Syndrome-de-Down-300x169.jpg 300w, https:\/\/www.quetzalma.org\/wp-content\/uploads\/2020\/02\/Evenement-20-mars-2020-Journ\u00e9e-Mondiale-Syndrome-de-Down-1024x576.jpg 1024w, https:\/\/www.quetzalma.org\/wp-content\/uploads\/2020\/02\/Evenement-20-mars-2020-Journ\u00e9e-Mondiale-Syndrome-de-Down-768x432.jpg 768w, https:\/\/www.quetzalma.org\/wp-content\/uploads\/2020\/02\/Evenement-20-mars-2020-Journ\u00e9e-Mondiale-Syndrome-de-Down-150x84.jpg 150w\" sizes=\"auto, (max-width: 1280px) 100vw, 1280px\" \/><\/a><\/p>\n<p>&nbsp;<\/p>\n<p>&#8211; Le rassemblement aura lieu \u00e0 la Place de la Femme en face de la Municipalit\u00e9 d\u2019Independencia de 8h \u00e0 9h du matin.<\/p>\n<p>&#8211; Des Teeshirts et des casquettes seront remis aux 150 premiers participants.<br \/>\n&#8211; Des banderoles faisant r\u00e9f\u00e9rence \u00e0 la Journ\u00e9e Internationale des personnes atteintes du Syndrome de Down seront distribu\u00e9es.<br \/>\n&#8211; D\u00e8s 9 heures du matin, se fera l\u2019entr\u00e9e de tous les assistants au local de la ligue de volley, o\u00f9 se d\u00e9roulera tout le programme.<br \/>\n&#8211; La presse est convoqu\u00e9e parce qu\u2019il s\u2019agit d\u2019un \u00e9v\u00e9nement de niveau mondial.<br \/>\n&#8211; Les prix seront remis \u00e0 tous les gagnants de chaque discipline.<br \/>\n&#8211; Des entra\u00eeneurs de l\u2019IPD (Institut p\u00e9ruvien du sport) seront pr\u00e9sents pour diriger un a\u00e9rothon, un festival sportif.<br \/>\n&#8211; Un jury qualifi\u00e9 participera et choisira les meilleures prestations dans les domaines de la musique, de la danse et de la peinture.<\/p>\n<p>Ce sera une f\u00eate inoubliable pour les jeunes, ils le m\u00e9ritent bien !<img decoding=\"async\" src=\"https:\/\/www.quetzalma.org\/wp-content\/plugins\/wp-edit\/plugins\/emoticons\/img\/smiley-kiss.gif\" \/><\/p>\n<p>C&rsquo;est un immense plaisir pour Quetzalma d&rsquo;\u00eatre le sponsor exclusif de cet \u00e9v\u00e9nement !<img decoding=\"async\" src=\"https:\/\/www.quetzalma.org\/wp-content\/plugins\/wp-edit\/plugins\/emoticons\/img\/smiley-embarassed.gif\" \/><\/p>\n<p><a href=\"https:\/\/www.quetzalma.org\/?attachment_id=7725\" rel=\"attachment wp-att-7725\"><img loading=\"lazy\" decoding=\"async\" class=\"wp-image-7725 alignnone\" src=\"https:\/\/www.quetzalma.org\/wp-content\/uploads\/2020\/02\/Image4.jpg\" alt=\"\" width=\"384\" height=\"264\" srcset=\"https:\/\/www.quetzalma.org\/wp-content\/uploads\/2020\/02\/Image4.jpg 1414w, https:\/\/www.quetzalma.org\/wp-content\/uploads\/2020\/02\/Image4-300x206.jpg 300w, https:\/\/www.quetzalma.org\/wp-content\/uploads\/2020\/02\/Image4-1024x704.jpg 1024w, https:\/\/www.quetzalma.org\/wp-content\/uploads\/2020\/02\/Image4-768x528.jpg 768w, https:\/\/www.quetzalma.org\/wp-content\/uploads\/2020\/02\/Image4-150x103.jpg 150w\" sizes=\"auto, (max-width: 384px) 100vw, 384px\" \/>\u00a0 <\/a><a href=\"https:\/\/www.quetzalma.org\/?attachment_id=7722\" rel=\"attachment wp-att-7722\"><img loading=\"lazy\" decoding=\"async\" class=\"wp-image-7722 alignnone\" src=\"https:\/\/www.quetzalma.org\/wp-content\/uploads\/2020\/02\/Image1.jpg\" alt=\"\" width=\"397\" height=\"260\" srcset=\"https:\/\/www.quetzalma.org\/wp-content\/uploads\/2020\/02\/Image1.jpg 709w, https:\/\/www.quetzalma.org\/wp-content\/uploads\/2020\/02\/Image1-300x197.jpg 300w, https:\/\/www.quetzalma.org\/wp-content\/uploads\/2020\/02\/Image1-150x98.jpg 150w\" sizes=\"auto, (max-width: 397px) 100vw, 397px\" \/>\u00a0\u00a0<\/a><\/p>\n<p><a href=\"https:\/\/www.quetzalma.org\/?attachment_id=7723\" rel=\"attachment wp-att-7723\">\u00a0 \u00a0 \u00a0 \u00a0 \u00a0 \u00a0 \u00a0 \u00a0 \u00a0 \u00a0 \u00a0 \u00a0 \u00a0 \u00a0 \u00a0 \u00a0 \u00a0 \u00a0 \u00a0 \u00a0 \u00a0 \u00a0 \u00a0 \u00a0 \u00a0 \u00a0 \u00a0 \u00a0 \u00a0 \u00a0 \u00a0 \u00a0 \u00a0 \u00a0 \u00a0 \u00a0 \u00a0 \u00a0 \u00a0 \u00a0<img loading=\"lazy\" decoding=\"async\" class=\"wp-image-7723 alignnone\" src=\"https:\/\/www.quetzalma.org\/wp-content\/uploads\/2020\/02\/Image2.jpg\" alt=\"\" width=\"277\" height=\"375\" srcset=\"https:\/\/www.quetzalma.org\/wp-content\/uploads\/2020\/02\/Image2.jpg 680w, https:\/\/www.quetzalma.org\/wp-content\/uploads\/2020\/02\/Image2-221x300.jpg 221w, https:\/\/www.quetzalma.org\/wp-content\/uploads\/2020\/02\/Image2-111x150.jpg 111w\" sizes=\"auto, (max-width: 277px) 100vw, 277px\" \/><\/a><\/p>\n","protected":false},"excerpt":{"rendered":"<p>Comme vous vous en doutiez peut \u00eatre, dans le contexte actuel de propagation du Coronavirus COVID-19, cet \u00e9v\u00e9nement a \u00e9t\u00e9 annul\u00e9. Dans le cadre du\u2026<\/p>\n<p class=\"continue-reading-button\"> <a class=\"continue-reading-link\" href=\"https:\/\/www.quetzalma.org\/?page_id=7755\">Lire la suite<i class=\"crycon-right-dir\"><\/i><\/a><\/p>\n","protected":false},"author":1,"featured_media":0,"parent":8023,"menu_order":2,"comment_status":"closed","ping_status":"closed","template":"","meta":{"footnotes":""},"class_list":["post-7755","page","type-page","status-publish","hentry"],"_links":{"self":[{"href":"https:\/\/www.quetzalma.org\/index.php?rest_route=\/wp\/v2\/pages\/7755","targetHints":{"allow":["GET"]}}],"collection":[{"href":"https:\/\/www.quetzalma.org\/index.php?rest_route=\/wp\/v2\/pages"}],"about":[{"href":"https:\/\/www.quetzalma.org\/index.php?rest_route=\/wp\/v2\/types\/page"}],"author":[{"embeddable":true,"href":"https:\/\/www.quetzalma.org\/index.php?rest_route=\/wp\/v2\/users\/1"}],"replies":[{"embeddable":true,"href":"https:\/\/www.quetzalma.org\/index.php?rest_route=%2Fwp%2Fv2%2Fcomments&post=7755"}],"version-history":[{"count":1,"href":"https:\/\/www.quetzalma.org\/index.php?rest_route=\/wp\/v2\/pages\/7755\/revisions"}],"predecessor-version":[{"id":7756,"href":"https:\/\/www.quetzalma.org\/index.php?rest_route=\/wp\/v2\/pages\/7755\/revisions\/7756"}],"up":[{"embeddable":true,"href":"https:\/\/www.quetzalma.org\/index.php?rest_route=\/wp\/v2\/pages\/8023"}],"wp:attachment":[{"href":"https:\/\/www.quetzalma.org\/index.php?rest_route=%2Fwp%2Fv2%2Fmedia&parent=7755"}],"curies":[{"name":"wp","href":"https:\/\/api.w.org\/{rel}","templated":true}]}}