{"id":883,"date":"2015-12-07T14:37:43","date_gmt":"2015-12-07T13:37:43","guid":{"rendered":"http:\/\/www.quetzalma.org\/?page_id=883"},"modified":"2020-01-18T20:17:45","modified_gmt":"2020-01-18T19:17:45","slug":"annee-2015","status":"publish","type":"page","link":"https:\/\/www.quetzalma.org\/?page_id=883","title":{"rendered":"Ann\u00e9e 2015"},"content":{"rendered":"<div class=\"pdfprnt-buttons pdfprnt-buttons-page pdfprnt-top-right\"><a href=\"https:\/\/www.quetzalma.org\/index.php?rest_route=%2Fwp%2Fv2%2Fpages%2F883&print=pdf\" class=\"pdfprnt-button pdfprnt-button-pdf\" target=\"_blank\" ><img decoding=\"async\" src=\"https:\/\/www.quetzalma.org\/wp-content\/plugins\/pdf-print\/images\/pdf.png\" alt=\"image_pdf\" title=\"Afficher le PDF\" \/><\/a><a href=\"https:\/\/www.quetzalma.org\/index.php?rest_route=%2Fwp%2Fv2%2Fpages%2F883&print=print\" class=\"pdfprnt-button pdfprnt-button-print\" target=\"_blank\" ><img decoding=\"async\" src=\"https:\/\/www.quetzalma.org\/wp-content\/plugins\/pdf-print\/images\/print.png\" alt=\"image_print\" title=\"Contenu imprim\u00e9\" \/><\/a><\/div><p>Voici toutes les manifestations de l&rsquo;ann\u00e9e 2015 :<\/p>\n<p>&nbsp;<\/p>\n<ul>\n<li><a href=\"https:\/\/www.quetzalma.org\/?page_id=305\">March\u00e9 de P\u00e2ques de Wasselonne du 08 mars 2015<\/a><\/li>\n<li><a href=\"https:\/\/www.quetzalma.org\/?page_id=301\">March\u00e9 de P\u00e2ques de Benfeld du 06 avril 2015<\/a><\/li>\n<li><a href=\"https:\/\/www.quetzalma.org\/?page_id=341\">F\u00eate de l&rsquo;Europe du 16 mai 2015<\/a><\/li>\n<li><a href=\"https:\/\/www.quetzalma.org\/?page_id=348\">March\u00e9 de Schnersheim du 17 mai 2015<\/a><\/li>\n<li><a href=\"https:\/\/www.quetzalma.org\/?page_id=385\">F\u00eate franco-allemande du Pont du 07 et 08 juin 2015<\/a><\/li>\n<li><a href=\"https:\/\/www.quetzalma.org\/?page_id=405\">Grande Mosqu\u00e9e de Strasbourg du 07 juin 2015<\/a><\/li>\n<li><a href=\"https:\/\/www.quetzalma.org\/?page_id=424\">F\u00eate du Cheval \u00e0 Triembach-au-Val du 05 juillet 2015<\/a><\/li>\n<li><a href=\"https:\/\/www.quetzalma.org\/?page_id=484\">March\u00e9 des Cr\u00e9ateurs de Vill\u00e9 du 18 juillet 2015<\/a><\/li>\n<li><a href=\"https:\/\/www.quetzalma.org\/?page_id=502\">Messti de Romanswiller du 26 juillet 2015<\/a><\/li>\n<li><a href=\"https:\/\/www.quetzalma.org\/?page_id=529\">March\u00e9 de Molsheim du 01 ao\u00fbt 2015<\/a><\/li>\n<li><a href=\"https:\/\/www.quetzalma.org\/?page_id=555\">March\u00e9 de Kogenheim du 23 ao\u00fbt 2015<\/a><\/li>\n<li><a href=\"https:\/\/www.quetzalma.org\/?page_id=611\">F\u00eate du Houblon de Ohlungen du 30 ao\u00fbt 2015<\/a><\/li>\n<li><a href=\"https:\/\/www.quetzalma.org\/?page_id=571\">F\u00eate des R\u00e9coltes d&rsquo;Antan de Hindisheim du 06 septembre 2015<\/a><\/li>\n<li><a href=\"https:\/\/www.quetzalma.org\/?page_id=607\">F\u00eate de la Choucroute de Meistratzheim du 13 septembre 2015<\/a><\/li>\n<li><a href=\"https:\/\/www.quetzalma.org\/?page_id=656\">March\u00e9 de Lipsheim du 20 septembre 2015<\/a><\/li>\n<li><a href=\"https:\/\/www.quetzalma.org\/?page_id=661\">Rentr\u00e9e des Associations de Strasbourg du 26 &amp; 27 septembre 2015<\/a><\/li>\n<li><a href=\"https:\/\/www.quetzalma.org\/?page_id=858\">March\u00e9 de Bourgheim du 07 novembre 2015<\/a><\/li>\n<li><a href=\"https:\/\/www.quetzalma.org\/?page_id=905\">March\u00e9 de la Saint Nicolas Kogenheim du 05 d\u00e9cembre 2015<\/a><\/li>\n<li><a href=\"https:\/\/www.quetzalma.org\/?page_id=910\">March\u00e9 de No\u00ebl Plobsheim du 06 d\u00e9cembre 2015<\/a><\/li>\n<li><a href=\"https:\/\/www.quetzalma.org\/?page_id=926\">March\u00e9 de No\u00ebl Meistratzheim du 13 d\u00e9cembre 2015<\/a><\/li>\n<li><a href=\"https:\/\/www.quetzalma.org\/?page_id=1040\">NOEL DU PARTAGE &#8211; March\u00e9 de Strasbourg les 06, 07 et 23 d\u00e9cembre 2015<\/a><\/li>\n<li><a href=\"https:\/\/www.quetzalma.org\/?page_id=1063\">March\u00e9 de No\u00ebl d&rsquo;Obernai du 19 au 24 d\u00e9cembre 2015<\/a><\/li>\n<li><a href=\"https:\/\/www.quetzalma.org\/?page_id=1065\">March\u00e9 de No\u00ebl de Kaltenhouse du 20 d\u00e9cembre 2015<\/a><\/li>\n<\/ul>\n<p>&nbsp;<\/p>\n","protected":false},"excerpt":{"rendered":"<p>Voici toutes les manifestations de l&rsquo;ann\u00e9e 2015 : &nbsp; March\u00e9 de P\u00e2ques de Wasselonne du 08 mars 2015 March\u00e9 de P\u00e2ques de Benfeld du 06\u2026<\/p>\n<p class=\"continue-reading-button\"> <a class=\"continue-reading-link\" href=\"https:\/\/www.quetzalma.org\/?page_id=883\">Lire la suite<i class=\"crycon-right-dir\"><\/i><\/a><\/p>\n","protected":false},"author":1,"featured_media":0,"parent":309,"menu_order":1,"comment_status":"closed","ping_status":"closed","template":"","meta":{"footnotes":""},"class_list":["post-883","page","type-page","status-publish","hentry"],"_links":{"self":[{"href":"https:\/\/www.quetzalma.org\/index.php?rest_route=\/wp\/v2\/pages\/883","targetHints":{"allow":["GET"]}}],"collection":[{"href":"https:\/\/www.quetzalma.org\/index.php?rest_route=\/wp\/v2\/pages"}],"about":[{"href":"https:\/\/www.quetzalma.org\/index.php?rest_route=\/wp\/v2\/types\/page"}],"author":[{"embeddable":true,"href":"https:\/\/www.quetzalma.org\/index.php?rest_route=\/wp\/v2\/users\/1"}],"replies":[{"embeddable":true,"href":"https:\/\/www.quetzalma.org\/index.php?rest_route=%2Fwp%2Fv2%2Fcomments&post=883"}],"version-history":[{"count":5,"href":"https:\/\/www.quetzalma.org\/index.php?rest_route=\/wp\/v2\/pages\/883\/revisions"}],"predecessor-version":[{"id":5346,"href":"https:\/\/www.quetzalma.org\/index.php?rest_route=\/wp\/v2\/pages\/883\/revisions\/5346"}],"up":[{"embeddable":true,"href":"https:\/\/www.quetzalma.org\/index.php?rest_route=\/wp\/v2\/pages\/309"}],"wp:attachment":[{"href":"https:\/\/www.quetzalma.org\/index.php?rest_route=%2Fwp%2Fv2%2Fmedia&parent=883"}],"curies":[{"name":"wp","href":"https:\/\/api.w.org\/{rel}","templated":true}]}}