{"id":926,"date":"2015-12-15T16:40:24","date_gmt":"2015-12-15T15:40:24","guid":{"rendered":"http:\/\/www.quetzalma.org\/?page_id=926"},"modified":"2015-12-15T16:40:59","modified_gmt":"2015-12-15T15:40:59","slug":"marche-de-noel-meistratzheim-13-decembre-2015","status":"publish","type":"page","link":"https:\/\/www.quetzalma.org\/?page_id=926","title":{"rendered":"March\u00e9 de No\u00ebl Meistratzheim 13 d\u00e9cembre 2015"},"content":{"rendered":"<div class=\"pdfprnt-buttons pdfprnt-buttons-page pdfprnt-top-right\"><a href=\"https:\/\/www.quetzalma.org\/index.php?rest_route=%2Fwp%2Fv2%2Fpages%2F926&print=pdf\" class=\"pdfprnt-button pdfprnt-button-pdf\" target=\"_blank\" ><img decoding=\"async\" src=\"https:\/\/www.quetzalma.org\/wp-content\/plugins\/pdf-print\/images\/pdf.png\" alt=\"image_pdf\" title=\"Afficher le PDF\" \/><\/a><a href=\"https:\/\/www.quetzalma.org\/index.php?rest_route=%2Fwp%2Fv2%2Fpages%2F926&print=print\" class=\"pdfprnt-button pdfprnt-button-print\" target=\"_blank\" ><img decoding=\"async\" src=\"https:\/\/www.quetzalma.org\/wp-content\/plugins\/pdf-print\/images\/print.png\" alt=\"image_print\" title=\"Contenu imprim\u00e9\" \/><\/a><\/div><p>Quetzalma \u00e9tait pr\u00e9sente le dimanche 13 d\u00e9cembre sur le coquet march\u00e9 artisanal qui s\u2019est tenu sur le parvis de l\u2019\u00e9glise \u00e0 Meistratzheim.<\/p>\n<p><img loading=\"lazy\" decoding=\"async\" class=\"size-medium wp-image-919 alignnone\" src=\"https:\/\/www.quetzalma.org\/wp-content\/uploads\/2015\/12\/Meistratzheim-131215-2-300x224.jpg\" alt=\"Meistratzheim 131215 2\" width=\"300\" height=\"224\" srcset=\"https:\/\/www.quetzalma.org\/wp-content\/uploads\/2015\/12\/Meistratzheim-131215-2-300x224.jpg 300w, https:\/\/www.quetzalma.org\/wp-content\/uploads\/2015\/12\/Meistratzheim-131215-2-768x574.jpg 768w, https:\/\/www.quetzalma.org\/wp-content\/uploads\/2015\/12\/Meistratzheim-131215-2-1024x765.jpg 1024w, https:\/\/www.quetzalma.org\/wp-content\/uploads\/2015\/12\/Meistratzheim-131215-2-150x112.jpg 150w\" sizes=\"auto, (max-width: 300px) 100vw, 300px\" \/> <img loading=\"lazy\" decoding=\"async\" class=\"size-medium wp-image-923 alignnone\" src=\"https:\/\/www.quetzalma.org\/wp-content\/uploads\/2015\/12\/Meistratzheim-131215-6-300x223.jpg\" alt=\"Meistratzheim 131215 6\" width=\"300\" height=\"223\" srcset=\"https:\/\/www.quetzalma.org\/wp-content\/uploads\/2015\/12\/Meistratzheim-131215-6-300x223.jpg 300w, https:\/\/www.quetzalma.org\/wp-content\/uploads\/2015\/12\/Meistratzheim-131215-6-768x570.jpg 768w, https:\/\/www.quetzalma.org\/wp-content\/uploads\/2015\/12\/Meistratzheim-131215-6-1024x760.jpg 1024w, https:\/\/www.quetzalma.org\/wp-content\/uploads\/2015\/12\/Meistratzheim-131215-6-150x111.jpg 150w\" sizes=\"auto, (max-width: 300px) 100vw, 300px\" \/><\/p>\n<p>Un tr\u00e8s beau concert a eu lieu en l\u2019Eglise Saint-Andr\u00e9\u00a0: \u00ab American Christmas Songs \u00bb. S\u2019il a certes drain\u00e9 beaucoup de monde, c\u2019est tout autre chose qu\u2019attendaient impatiemment les petits visiteurs\u00a0: la venue du \u00ab\u00a0Christkindel\u00a0\u00bb accompagn\u00e9e du P\u00e8re Fouettard\u00a0!<\/p>\n<p><img loading=\"lazy\" decoding=\"async\" class=\"aligncenter size-medium wp-image-918\" src=\"https:\/\/www.quetzalma.org\/wp-content\/uploads\/2015\/12\/Meistratzheim-131215-1-300x224.jpg\" alt=\"Meistratzheim 131215 1\" width=\"300\" height=\"224\" srcset=\"https:\/\/www.quetzalma.org\/wp-content\/uploads\/2015\/12\/Meistratzheim-131215-1-300x224.jpg 300w, https:\/\/www.quetzalma.org\/wp-content\/uploads\/2015\/12\/Meistratzheim-131215-1-768x574.jpg 768w, https:\/\/www.quetzalma.org\/wp-content\/uploads\/2015\/12\/Meistratzheim-131215-1-1024x765.jpg 1024w, https:\/\/www.quetzalma.org\/wp-content\/uploads\/2015\/12\/Meistratzheim-131215-1-150x112.jpg 150w\" sizes=\"auto, (max-width: 300px) 100vw, 300px\" \/><\/p>\n<p>Ce dernier semble cependant s\u2019\u00eatre transform\u00e9 pour l\u2019occasion en gentil P\u00e8re-No\u00ebl, pour le plus grand plaisir de&#8230; notre Pr\u00e9sidente\u00a0!<\/p>\n<p><img loading=\"lazy\" decoding=\"async\" class=\"aligncenter size-medium wp-image-924\" src=\"https:\/\/www.quetzalma.org\/wp-content\/uploads\/2015\/12\/Meistratzheim-131215-7-300x172.jpg\" alt=\"Meistratzheim 131215 7\" width=\"300\" height=\"172\" srcset=\"https:\/\/www.quetzalma.org\/wp-content\/uploads\/2015\/12\/Meistratzheim-131215-7-300x172.jpg 300w, https:\/\/www.quetzalma.org\/wp-content\/uploads\/2015\/12\/Meistratzheim-131215-7-768x440.jpg 768w, https:\/\/www.quetzalma.org\/wp-content\/uploads\/2015\/12\/Meistratzheim-131215-7-1024x587.jpg 1024w, https:\/\/www.quetzalma.org\/wp-content\/uploads\/2015\/12\/Meistratzheim-131215-7-150x86.jpg 150w\" sizes=\"auto, (max-width: 300px) 100vw, 300px\" \/><\/p>\n<p>Mais \u00e0 voir le sourire des gar\u00e7ons de notre \u00e9quipe, on dirait que c\u2019est plut\u00f4t la pr\u00e9sence du \u00ab\u00a0Christkindel\u00a0\u00bb qui a fait sensation sur le stand de Quetzalma\u00a0! En tout cas, il semble que nous ayons \u00e9t\u00e9 tous bien sages\u00a0;).<\/p>\n<p><img loading=\"lazy\" decoding=\"async\" class=\"aligncenter size-medium wp-image-921\" src=\"https:\/\/www.quetzalma.org\/wp-content\/uploads\/2015\/12\/Meistratzheim-131215-4-300x224.jpg\" alt=\"Meistratzheim 131215 4\" width=\"300\" height=\"224\" srcset=\"https:\/\/www.quetzalma.org\/wp-content\/uploads\/2015\/12\/Meistratzheim-131215-4-300x224.jpg 300w, https:\/\/www.quetzalma.org\/wp-content\/uploads\/2015\/12\/Meistratzheim-131215-4-768x574.jpg 768w, https:\/\/www.quetzalma.org\/wp-content\/uploads\/2015\/12\/Meistratzheim-131215-4-1024x765.jpg 1024w, https:\/\/www.quetzalma.org\/wp-content\/uploads\/2015\/12\/Meistratzheim-131215-4-150x112.jpg 150w\" sizes=\"auto, (max-width: 300px) 100vw, 300px\" \/><\/p>\n<p>Merci \u00e0 tous nos aimables visiteurs (certains diurnes, d\u2019autres nocturnes) pour leur int\u00e9r\u00eat pour nos pi\u00e8ces d\u2019artisanat et nos projets ainsi que pour leur soutien.<\/p>\n<p><img loading=\"lazy\" decoding=\"async\" class=\"size-medium wp-image-922 alignnone\" src=\"https:\/\/www.quetzalma.org\/wp-content\/uploads\/2015\/12\/Meistratzheim-131215-5-300x224.jpg\" alt=\"Meistratzheim 131215 5\" width=\"300\" height=\"224\" srcset=\"https:\/\/www.quetzalma.org\/wp-content\/uploads\/2015\/12\/Meistratzheim-131215-5-300x224.jpg 300w, https:\/\/www.quetzalma.org\/wp-content\/uploads\/2015\/12\/Meistratzheim-131215-5-768x574.jpg 768w, https:\/\/www.quetzalma.org\/wp-content\/uploads\/2015\/12\/Meistratzheim-131215-5-1024x765.jpg 1024w, https:\/\/www.quetzalma.org\/wp-content\/uploads\/2015\/12\/Meistratzheim-131215-5-150x112.jpg 150w\" sizes=\"auto, (max-width: 300px) 100vw, 300px\" \/> <img loading=\"lazy\" decoding=\"async\" class=\"size-medium wp-image-920 alignnone\" src=\"https:\/\/www.quetzalma.org\/wp-content\/uploads\/2015\/12\/Meistratzheim-131215-3-300x224.jpg\" alt=\"Meistratzheim 131215 3\" width=\"300\" height=\"224\" srcset=\"https:\/\/www.quetzalma.org\/wp-content\/uploads\/2015\/12\/Meistratzheim-131215-3-300x224.jpg 300w, https:\/\/www.quetzalma.org\/wp-content\/uploads\/2015\/12\/Meistratzheim-131215-3-768x574.jpg 768w, https:\/\/www.quetzalma.org\/wp-content\/uploads\/2015\/12\/Meistratzheim-131215-3-1024x765.jpg 1024w, https:\/\/www.quetzalma.org\/wp-content\/uploads\/2015\/12\/Meistratzheim-131215-3-150x112.jpg 150w\" sizes=\"auto, (max-width: 300px) 100vw, 300px\" \/><\/p>\n","protected":false},"excerpt":{"rendered":"<p>Quetzalma \u00e9tait pr\u00e9sente le dimanche 13 d\u00e9cembre sur le coquet march\u00e9 artisanal qui s\u2019est tenu sur le parvis de l\u2019\u00e9glise \u00e0 Meistratzheim. Un tr\u00e8s beau\u2026<\/p>\n<p class=\"continue-reading-button\"> <a class=\"continue-reading-link\" href=\"https:\/\/www.quetzalma.org\/?page_id=926\">Lire la suite<i class=\"crycon-right-dir\"><\/i><\/a><\/p>\n","protected":false},"author":1,"featured_media":0,"parent":883,"menu_order":19,"comment_status":"closed","ping_status":"closed","template":"","meta":{"footnotes":""},"class_list":["post-926","page","type-page","status-publish","hentry"],"_links":{"self":[{"href":"https:\/\/www.quetzalma.org\/index.php?rest_route=\/wp\/v2\/pages\/926","targetHints":{"allow":["GET"]}}],"collection":[{"href":"https:\/\/www.quetzalma.org\/index.php?rest_route=\/wp\/v2\/pages"}],"about":[{"href":"https:\/\/www.quetzalma.org\/index.php?rest_route=\/wp\/v2\/types\/page"}],"author":[{"embeddable":true,"href":"https:\/\/www.quetzalma.org\/index.php?rest_route=\/wp\/v2\/users\/1"}],"replies":[{"embeddable":true,"href":"https:\/\/www.quetzalma.org\/index.php?rest_route=%2Fwp%2Fv2%2Fcomments&post=926"}],"version-history":[{"count":1,"href":"https:\/\/www.quetzalma.org\/index.php?rest_route=\/wp\/v2\/pages\/926\/revisions"}],"predecessor-version":[{"id":927,"href":"https:\/\/www.quetzalma.org\/index.php?rest_route=\/wp\/v2\/pages\/926\/revisions\/927"}],"up":[{"embeddable":true,"href":"https:\/\/www.quetzalma.org\/index.php?rest_route=\/wp\/v2\/pages\/883"}],"wp:attachment":[{"href":"https:\/\/www.quetzalma.org\/index.php?rest_route=%2Fwp%2Fv2%2Fmedia&parent=926"}],"curies":[{"name":"wp","href":"https:\/\/api.w.org\/{rel}","templated":true}]}}